{"id":188,"date":"2021-04-15T19:27:08","date_gmt":"2021-04-15T19:27:08","guid":{"rendered":"https:\/\/virtaustekniikka.fi\/testi_wp_fi\/?page_id=188"},"modified":"2025-05-01T17:42:05","modified_gmt":"2025-05-01T17:42:05","slug":"yritys","status":"publish","type":"page","link":"https:\/\/virtaustekniikka.fi\/en\/yritys\/","title":{"rendered":"Company"},"content":{"rendered":"<h2>Suomen Virtaustekniikka Oy<\/h2>\n\n\n\n<p>Somen Virtaustekniikka Oy is a company specialized in wholesale and retail of industrial tools. Our main market areas are Finland and other Nordic countries.<br><br>Our promises are excellent customer service, unique technology, high quality and competitive pricing.<\/p>\n\n\n\n<p><\/p>\n\n\n\n<p>Suomen Virtaustekniikka Oy<br>Aronkatu 18<br>15300 Lahti<\/p>\n\n\n\n<p>Tel. +358 44 987 6230<br><br>Email:&nbsp;<a href=\"mailto:virtaustekniikka.fi\">info@virtaustekniikka.fi<\/a><\/p>\n\n\n\n<p>Facebook: <a href=\"https:\/\/www.facebook.com\/Virtaustekniikka\/\" target=\"_blank\" rel=\"noreferrer noopener\">www.facebook.com\/virtaustekniikka<\/a><br>Instagram: <a href=\"https:\/\/www.instagram.com\/virtaustekniikka\/\" target=\"_blank\" rel=\"noreferrer noopener\">www.instagram.com\/virtaustekniikka<\/a><\/p>\n\n\n\n<p><a href=\"https:\/\/virtaustekniikka.fi\/en\/yritys\/tietosuojaseloste\/\">Privacy Statement<\/a><\/p>","protected":false},"excerpt":{"rendered":"<p>Suomen Virtaustekniikka Oy Suomen Virtaustekniikka Oy on&nbsp;teollisuusty\u00f6kalujen&nbsp;maahantuontiin sek\u00e4&nbsp;tukku- ja v\u00e4hitt\u00e4ismyyntiin erikoistunut yritys. P\u00e4\u00e4markkina-alueitamme ovat Suomi ja muut pohjoismaat. Yrityksemme toiminnan keskeisi\u00e4 p\u00e4\u00e4m\u00e4\u00e4ri\u00e4 ovat erinomainen asiakaspalvelu,&nbsp;ainutlaatuinen teknologia, korkea laatu ja mahdollisimman edullinen hintataso. Suomen Virtaustekniikka OyAronkatu 1815300 Lahti Puh.&nbsp;044 987 6230 S\u00e4hk\u00f6posti:&nbsp;info@virtaustekniikka.fi Facebook: www.facebook.com\/virtaustekniikkaInstagram: www.instagram.com\/virtaustekniikka Tietosuojaseloste<\/p>","protected":false},"author":1,"featured_media":0,"parent":0,"menu_order":6,"comment_status":"closed","ping_status":"closed","template":"","meta":{"footnotes":""},"class_list":{"1":"page","2":"type-page","3":"status-publish","4":"hentry"},"yoast_head":"<!-- This site is optimized with the Yoast SEO plugin v27.1.1 - https:\/\/yoast.com\/product\/yoast-seo-wordpress\/ -->\n<title>Yritys - Suomen Virtaustekniikka Oy<\/title>\n<meta name=\"robots\" content=\"index, follow, max-snippet:-1, max-image-preview:large, max-video-preview:-1\" \/>\n<link rel=\"canonical\" href=\"https:\/\/virtaustekniikka.fi\/en\/yritys\/\" \/>\n<meta property=\"og:locale\" content=\"en_GB\" \/>\n<meta property=\"og:type\" content=\"article\" \/>\n<meta property=\"og:title\" content=\"Yritys - Suomen Virtaustekniikka Oy\" \/>\n<meta property=\"og:description\" content=\"Suomen Virtaustekniikka Oy Suomen Virtaustekniikka Oy on&nbsp;teollisuusty\u00f6kalujen&nbsp;maahantuontiin sek\u00e4&nbsp;tukku- ja v\u00e4hitt\u00e4ismyyntiin erikoistunut yritys. P\u00e4\u00e4markkina-alueitamme ovat Suomi ja muut pohjoismaat. Yrityksemme toiminnan keskeisi\u00e4 p\u00e4\u00e4m\u00e4\u00e4ri\u00e4 ovat erinomainen asiakaspalvelu,&nbsp;ainutlaatuinen teknologia, korkea laatu ja mahdollisimman edullinen hintataso. Suomen Virtaustekniikka OyAronkatu 1815300 Lahti Puh.&nbsp;044 987 6230 S\u00e4hk\u00f6posti:&nbsp;info@virtaustekniikka.fi Facebook: www.facebook.com\/virtaustekniikkaInstagram: www.instagram.com\/virtaustekniikka Tietosuojaseloste\" \/>\n<meta property=\"og:url\" content=\"https:\/\/virtaustekniikka.fi\/en\/yritys\/\" \/>\n<meta property=\"og:site_name\" content=\"Suomen Virtaustekniikka Oy\" \/>\n<meta property=\"article:publisher\" content=\"https:\/\/www.facebook.com\/Virtaustekniikka\" \/>\n<meta property=\"article:modified_time\" content=\"2025-05-01T17:42:05+00:00\" \/>\n<meta name=\"twitter:card\" content=\"summary_large_image\" \/>\n<meta name=\"twitter:site\" content=\"@Virtaustekniikk\" \/>\n<meta name=\"twitter:label1\" content=\"Estimated reading time\" \/>\n\t<meta name=\"twitter:data1\" content=\"1 minute\" \/>\n<script type=\"application\/ld+json\" class=\"yoast-schema-graph\">{\"@context\":\"https:\/\/schema.org\",\"@graph\":[{\"@type\":\"WebPage\",\"@id\":\"https:\/\/virtaustekniikka.fi\/yritys\/\",\"url\":\"https:\/\/virtaustekniikka.fi\/yritys\/\",\"name\":\"Yritys - Suomen Virtaustekniikka Oy\",\"isPartOf\":{\"@id\":\"https:\/\/virtaustekniikka.fi\/#website\"},\"datePublished\":\"2021-04-15T19:27:08+00:00\",\"dateModified\":\"2025-05-01T17:42:05+00:00\",\"breadcrumb\":{\"@id\":\"https:\/\/virtaustekniikka.fi\/yritys\/#breadcrumb\"},\"inLanguage\":\"en-GB\",\"potentialAction\":[{\"@type\":\"ReadAction\",\"target\":[\"https:\/\/virtaustekniikka.fi\/yritys\/\"]}]},{\"@type\":\"BreadcrumbList\",\"@id\":\"https:\/\/virtaustekniikka.fi\/yritys\/#breadcrumb\",\"itemListElement\":[{\"@type\":\"ListItem\",\"position\":1,\"name\":\"Etusivu\",\"item\":\"https:\/\/virtaustekniikka.fi\/\"},{\"@type\":\"ListItem\",\"position\":2,\"name\":\"Yritys\"}]},{\"@type\":\"WebSite\",\"@id\":\"https:\/\/virtaustekniikka.fi\/#website\",\"url\":\"https:\/\/virtaustekniikka.fi\/\",\"name\":\"Suomen Virtaustekniikka Oy\",\"description\":\"Paineilmatuotteita tuotannon tehostamiseen\",\"publisher\":{\"@id\":\"https:\/\/virtaustekniikka.fi\/#organization\"},\"potentialAction\":[{\"@type\":\"SearchAction\",\"target\":{\"@type\":\"EntryPoint\",\"urlTemplate\":\"https:\/\/virtaustekniikka.fi\/?s={search_term_string}\"},\"query-input\":{\"@type\":\"PropertyValueSpecification\",\"valueRequired\":true,\"valueName\":\"search_term_string\"}}],\"inLanguage\":\"en-GB\"},{\"@type\":\"Organization\",\"@id\":\"https:\/\/virtaustekniikka.fi\/#organization\",\"name\":\"Suomen Virtaustekniikka Oy\",\"url\":\"https:\/\/virtaustekniikka.fi\/\",\"logo\":{\"@type\":\"ImageObject\",\"inLanguage\":\"en-GB\",\"@id\":\"https:\/\/virtaustekniikka.fi\/#\/schema\/logo\/image\/\",\"url\":\"https:\/\/virtaustekniikka.fi\/wp-content\/uploads\/2022\/05\/LOGO2.jpg\",\"contentUrl\":\"https:\/\/virtaustekniikka.fi\/wp-content\/uploads\/2022\/05\/LOGO2.jpg\",\"width\":1000,\"height\":185,\"caption\":\"Suomen Virtaustekniikka Oy\"},\"image\":{\"@id\":\"https:\/\/virtaustekniikka.fi\/#\/schema\/logo\/image\/\"},\"sameAs\":[\"https:\/\/www.facebook.com\/Virtaustekniikka\",\"https:\/\/x.com\/Virtaustekniikk\",\"https:\/\/www.instagram.com\/virtaustekniikka\/\",\"https:\/\/www.linkedin.com\/company\/16270124\",\"https:\/\/www.youtube.com\/channel\/UCe0JNbsWIp8_ve7R2i8_egA\"]}]}<\/script>\n<!-- \/ Yoast SEO plugin. -->","yoast_head_json":{"title":"Yritys - Suomen Virtaustekniikka Oy","robots":{"index":"index","follow":"follow","max-snippet":"max-snippet:-1","max-image-preview":"max-image-preview:large","max-video-preview":"max-video-preview:-1"},"canonical":"https:\/\/virtaustekniikka.fi\/en\/yritys\/","og_locale":"en_GB","og_type":"article","og_title":"Yritys - Suomen Virtaustekniikka Oy","og_description":"Suomen Virtaustekniikka Oy Suomen Virtaustekniikka Oy on&nbsp;teollisuusty\u00f6kalujen&nbsp;maahantuontiin sek\u00e4&nbsp;tukku- ja v\u00e4hitt\u00e4ismyyntiin erikoistunut yritys. P\u00e4\u00e4markkina-alueitamme ovat Suomi ja muut pohjoismaat. Yrityksemme toiminnan keskeisi\u00e4 p\u00e4\u00e4m\u00e4\u00e4ri\u00e4 ovat erinomainen asiakaspalvelu,&nbsp;ainutlaatuinen teknologia, korkea laatu ja mahdollisimman edullinen hintataso. Suomen Virtaustekniikka OyAronkatu 1815300 Lahti Puh.&nbsp;044 987 6230 S\u00e4hk\u00f6posti:&nbsp;info@virtaustekniikka.fi Facebook: www.facebook.com\/virtaustekniikkaInstagram: www.instagram.com\/virtaustekniikka Tietosuojaseloste","og_url":"https:\/\/virtaustekniikka.fi\/en\/yritys\/","og_site_name":"Suomen Virtaustekniikka Oy","article_publisher":"https:\/\/www.facebook.com\/Virtaustekniikka","article_modified_time":"2025-05-01T17:42:05+00:00","twitter_card":"summary_large_image","twitter_site":"@Virtaustekniikk","twitter_misc":{"Estimated reading time":"1 minute"},"schema":{"@context":"https:\/\/schema.org","@graph":[{"@type":"WebPage","@id":"https:\/\/virtaustekniikka.fi\/yritys\/","url":"https:\/\/virtaustekniikka.fi\/yritys\/","name":"Yritys - Suomen Virtaustekniikka Oy","isPartOf":{"@id":"https:\/\/virtaustekniikka.fi\/#website"},"datePublished":"2021-04-15T19:27:08+00:00","dateModified":"2025-05-01T17:42:05+00:00","breadcrumb":{"@id":"https:\/\/virtaustekniikka.fi\/yritys\/#breadcrumb"},"inLanguage":"en-GB","potentialAction":[{"@type":"ReadAction","target":["https:\/\/virtaustekniikka.fi\/yritys\/"]}]},{"@type":"BreadcrumbList","@id":"https:\/\/virtaustekniikka.fi\/yritys\/#breadcrumb","itemListElement":[{"@type":"ListItem","position":1,"name":"Etusivu","item":"https:\/\/virtaustekniikka.fi\/"},{"@type":"ListItem","position":2,"name":"Yritys"}]},{"@type":"WebSite","@id":"https:\/\/virtaustekniikka.fi\/#website","url":"https:\/\/virtaustekniikka.fi\/","name":"Suomen Virtaustekniikka Oy","description":"Paineilmatuotteita tuotannon tehostamiseen","publisher":{"@id":"https:\/\/virtaustekniikka.fi\/#organization"},"potentialAction":[{"@type":"SearchAction","target":{"@type":"EntryPoint","urlTemplate":"https:\/\/virtaustekniikka.fi\/?s={search_term_string}"},"query-input":{"@type":"PropertyValueSpecification","valueRequired":true,"valueName":"search_term_string"}}],"inLanguage":"en-GB"},{"@type":"Organization","@id":"https:\/\/virtaustekniikka.fi\/#organization","name":"Suomen Virtaustekniikka Oy","url":"https:\/\/virtaustekniikka.fi\/","logo":{"@type":"ImageObject","inLanguage":"en-GB","@id":"https:\/\/virtaustekniikka.fi\/#\/schema\/logo\/image\/","url":"https:\/\/virtaustekniikka.fi\/wp-content\/uploads\/2022\/05\/LOGO2.jpg","contentUrl":"https:\/\/virtaustekniikka.fi\/wp-content\/uploads\/2022\/05\/LOGO2.jpg","width":1000,"height":185,"caption":"Suomen Virtaustekniikka Oy"},"image":{"@id":"https:\/\/virtaustekniikka.fi\/#\/schema\/logo\/image\/"},"sameAs":["https:\/\/www.facebook.com\/Virtaustekniikka","https:\/\/x.com\/Virtaustekniikk","https:\/\/www.instagram.com\/virtaustekniikka\/","https:\/\/www.linkedin.com\/company\/16270124","https:\/\/www.youtube.com\/channel\/UCe0JNbsWIp8_ve7R2i8_egA"]}]}},"jetpack_sharing_enabled":true,"_links":{"self":[{"href":"https:\/\/virtaustekniikka.fi\/en\/wp-json\/wp\/v2\/pages\/188","targetHints":{"allow":["GET"]}}],"collection":[{"href":"https:\/\/virtaustekniikka.fi\/en\/wp-json\/wp\/v2\/pages"}],"about":[{"href":"https:\/\/virtaustekniikka.fi\/en\/wp-json\/wp\/v2\/types\/page"}],"author":[{"embeddable":true,"href":"https:\/\/virtaustekniikka.fi\/en\/wp-json\/wp\/v2\/users\/1"}],"replies":[{"embeddable":true,"href":"https:\/\/virtaustekniikka.fi\/en\/wp-json\/wp\/v2\/comments?post=188"}],"version-history":[{"count":14,"href":"https:\/\/virtaustekniikka.fi\/en\/wp-json\/wp\/v2\/pages\/188\/revisions"}],"predecessor-version":[{"id":2836,"href":"https:\/\/virtaustekniikka.fi\/en\/wp-json\/wp\/v2\/pages\/188\/revisions\/2836"}],"wp:attachment":[{"href":"https:\/\/virtaustekniikka.fi\/en\/wp-json\/wp\/v2\/media?parent=188"}],"curies":[{"name":"wp","href":"https:\/\/api.w.org\/{rel}","templated":true}]}}