{"id":2,"date":"2021-04-13T15:36:13","date_gmt":"2021-04-13T15:36:13","guid":{"rendered":"https:\/\/virtaustekniikka.fi\/testi_wp_fi\/?page_id=2"},"modified":"2025-05-01T17:42:33","modified_gmt":"2025-05-01T17:42:33","slug":"tilaukset","status":"publish","type":"page","link":"https:\/\/virtaustekniikka.fi\/en\/tilaukset\/","title":{"rendered":"Orders"},"content":{"rendered":"<p><\/p>\n\n\n\n<h2>Orders<\/h2>Orders and quote requests can be sent by email, contact form or by phone.<br>We try to answer all messages asap.<\/p>\n\n\n\n<p>We are pleased to tell you more about our products and assist you with your projects.<\/p>\n\n\n\n<p>Suomen Virtaustekniikka Oy<br>Aronkatu 18<br>15300 Lahti<\/p>\n\n\n\n<p>Tel.\u00a0+358 44\u00a0987 6230<br><br>Email:&nbsp;<a href=\"mailto:virtaustekniikka.fi\">info@virtaustekniikka.fi<\/a><\/p>\n\n\n\n<p>Facebook: <a href=\"http:\/\/www.facebook.com\/virtaustekniikka\">www.facebook.com\/virtaustekniikka<\/a><\/p>\n\n\n\n<p>Instagram: <a href=\"https:\/\/www.instagram.com\/virtaustekniikka\/\" target=\"_blank\" rel=\"noreferrer noopener\">www.instagram.com\/virtaustekniikka<\/a><\/p>\n\n\n\n<p><\/p>\n\n\n\n<p><br><\/p>\n\n\n\n<p><\/p>","protected":false},"excerpt":{"rendered":"<p>TilauksetTilaukset, tarjouspyynn\u00f6t&nbsp;ja tuotetiedustelut voidaan&nbsp;l\u00e4hett\u00e4\u00e4 yhteydenottolomakkeella, s\u00e4hk\u00f6postilla tai puhelimitse.Pyrimme vastaamaan kaikkiin&nbsp;yhteydenottoihin saman p\u00e4iv\u00e4n kuluessa. Kerromme mielell\u00e4mme lis\u00e4\u00e4 tuotteistamme ja kartoitamme yhdess\u00e4 parhaiten tarpeisiinne sopivan ratkaisun. Suomen Virtaustekniikka OyAronkatu 1815300 Lahti Puh.&nbsp;044&nbsp;987 6230 S\u00e4hk\u00f6posti:&nbsp;info@virtaustekniikka.fi Facebook: www.facebook.com\/virtaustekniikka Instagram: www.instagram.com\/virtaustekniikka<\/p>","protected":false},"author":1,"featured_media":0,"parent":0,"menu_order":4,"comment_status":"closed","ping_status":"open","template":"","meta":{"footnotes":""},"class_list":{"1":"page","2":"type-page","3":"status-publish","4":"hentry"},"yoast_head":"<!-- This site is optimized with the Yoast SEO plugin v27.1.1 - https:\/\/yoast.com\/product\/yoast-seo-wordpress\/ -->\n<title>Tilaukset - Suomen Virtaustekniikka Oy<\/title>\n<meta name=\"robots\" content=\"index, follow, max-snippet:-1, max-image-preview:large, max-video-preview:-1\" \/>\n<link rel=\"canonical\" href=\"https:\/\/virtaustekniikka.fi\/en\/tilaukset\/\" \/>\n<meta property=\"og:locale\" content=\"en_GB\" \/>\n<meta property=\"og:type\" content=\"article\" \/>\n<meta property=\"og:title\" content=\"Tilaukset - Suomen Virtaustekniikka Oy\" \/>\n<meta property=\"og:description\" content=\"TilauksetTilaukset, tarjouspyynn\u00f6t&nbsp;ja tuotetiedustelut voidaan&nbsp;l\u00e4hett\u00e4\u00e4 yhteydenottolomakkeella, s\u00e4hk\u00f6postilla tai puhelimitse.Pyrimme vastaamaan kaikkiin&nbsp;yhteydenottoihin saman p\u00e4iv\u00e4n kuluessa. Kerromme mielell\u00e4mme lis\u00e4\u00e4 tuotteistamme ja kartoitamme yhdess\u00e4 parhaiten tarpeisiinne sopivan ratkaisun. Suomen Virtaustekniikka OyAronkatu 1815300 Lahti Puh.&nbsp;044&nbsp;987 6230 S\u00e4hk\u00f6posti:&nbsp;info@virtaustekniikka.fi Facebook: www.facebook.com\/virtaustekniikka Instagram: www.instagram.com\/virtaustekniikka\" \/>\n<meta property=\"og:url\" content=\"https:\/\/virtaustekniikka.fi\/en\/tilaukset\/\" \/>\n<meta property=\"og:site_name\" content=\"Suomen Virtaustekniikka Oy\" \/>\n<meta property=\"article:publisher\" content=\"https:\/\/www.facebook.com\/Virtaustekniikka\" \/>\n<meta property=\"article:modified_time\" content=\"2025-05-01T17:42:33+00:00\" \/>\n<meta name=\"twitter:card\" content=\"summary_large_image\" \/>\n<meta name=\"twitter:site\" content=\"@Virtaustekniikk\" \/>\n<meta name=\"twitter:label1\" content=\"Estimated reading time\" \/>\n\t<meta name=\"twitter:data1\" content=\"1 minute\" \/>\n<script type=\"application\/ld+json\" class=\"yoast-schema-graph\">{\"@context\":\"https:\/\/schema.org\",\"@graph\":[{\"@type\":\"WebPage\",\"@id\":\"https:\/\/virtaustekniikka.fi\/tilaukset\/\",\"url\":\"https:\/\/virtaustekniikka.fi\/tilaukset\/\",\"name\":\"Tilaukset - Suomen Virtaustekniikka Oy\",\"isPartOf\":{\"@id\":\"https:\/\/virtaustekniikka.fi\/#website\"},\"datePublished\":\"2021-04-13T15:36:13+00:00\",\"dateModified\":\"2025-05-01T17:42:33+00:00\",\"breadcrumb\":{\"@id\":\"https:\/\/virtaustekniikka.fi\/tilaukset\/#breadcrumb\"},\"inLanguage\":\"en-GB\",\"potentialAction\":[{\"@type\":\"ReadAction\",\"target\":[\"https:\/\/virtaustekniikka.fi\/tilaukset\/\"]}]},{\"@type\":\"BreadcrumbList\",\"@id\":\"https:\/\/virtaustekniikka.fi\/tilaukset\/#breadcrumb\",\"itemListElement\":[{\"@type\":\"ListItem\",\"position\":1,\"name\":\"Etusivu\",\"item\":\"https:\/\/virtaustekniikka.fi\/\"},{\"@type\":\"ListItem\",\"position\":2,\"name\":\"Tilaukset\"}]},{\"@type\":\"WebSite\",\"@id\":\"https:\/\/virtaustekniikka.fi\/#website\",\"url\":\"https:\/\/virtaustekniikka.fi\/\",\"name\":\"Suomen Virtaustekniikka Oy\",\"description\":\"Paineilmatuotteita tuotannon tehostamiseen\",\"publisher\":{\"@id\":\"https:\/\/virtaustekniikka.fi\/#organization\"},\"potentialAction\":[{\"@type\":\"SearchAction\",\"target\":{\"@type\":\"EntryPoint\",\"urlTemplate\":\"https:\/\/virtaustekniikka.fi\/?s={search_term_string}\"},\"query-input\":{\"@type\":\"PropertyValueSpecification\",\"valueRequired\":true,\"valueName\":\"search_term_string\"}}],\"inLanguage\":\"en-GB\"},{\"@type\":\"Organization\",\"@id\":\"https:\/\/virtaustekniikka.fi\/#organization\",\"name\":\"Suomen Virtaustekniikka Oy\",\"url\":\"https:\/\/virtaustekniikka.fi\/\",\"logo\":{\"@type\":\"ImageObject\",\"inLanguage\":\"en-GB\",\"@id\":\"https:\/\/virtaustekniikka.fi\/#\/schema\/logo\/image\/\",\"url\":\"https:\/\/virtaustekniikka.fi\/wp-content\/uploads\/2022\/05\/LOGO2.jpg\",\"contentUrl\":\"https:\/\/virtaustekniikka.fi\/wp-content\/uploads\/2022\/05\/LOGO2.jpg\",\"width\":1000,\"height\":185,\"caption\":\"Suomen Virtaustekniikka Oy\"},\"image\":{\"@id\":\"https:\/\/virtaustekniikka.fi\/#\/schema\/logo\/image\/\"},\"sameAs\":[\"https:\/\/www.facebook.com\/Virtaustekniikka\",\"https:\/\/x.com\/Virtaustekniikk\",\"https:\/\/www.instagram.com\/virtaustekniikka\/\",\"https:\/\/www.linkedin.com\/company\/16270124\",\"https:\/\/www.youtube.com\/channel\/UCe0JNbsWIp8_ve7R2i8_egA\"]}]}<\/script>\n<!-- \/ Yoast SEO plugin. -->","yoast_head_json":{"title":"Tilaukset - Suomen Virtaustekniikka Oy","robots":{"index":"index","follow":"follow","max-snippet":"max-snippet:-1","max-image-preview":"max-image-preview:large","max-video-preview":"max-video-preview:-1"},"canonical":"https:\/\/virtaustekniikka.fi\/en\/tilaukset\/","og_locale":"en_GB","og_type":"article","og_title":"Tilaukset - Suomen Virtaustekniikka Oy","og_description":"TilauksetTilaukset, tarjouspyynn\u00f6t&nbsp;ja tuotetiedustelut voidaan&nbsp;l\u00e4hett\u00e4\u00e4 yhteydenottolomakkeella, s\u00e4hk\u00f6postilla tai puhelimitse.Pyrimme vastaamaan kaikkiin&nbsp;yhteydenottoihin saman p\u00e4iv\u00e4n kuluessa. Kerromme mielell\u00e4mme lis\u00e4\u00e4 tuotteistamme ja kartoitamme yhdess\u00e4 parhaiten tarpeisiinne sopivan ratkaisun. Suomen Virtaustekniikka OyAronkatu 1815300 Lahti Puh.&nbsp;044&nbsp;987 6230 S\u00e4hk\u00f6posti:&nbsp;info@virtaustekniikka.fi Facebook: www.facebook.com\/virtaustekniikka Instagram: www.instagram.com\/virtaustekniikka","og_url":"https:\/\/virtaustekniikka.fi\/en\/tilaukset\/","og_site_name":"Suomen Virtaustekniikka Oy","article_publisher":"https:\/\/www.facebook.com\/Virtaustekniikka","article_modified_time":"2025-05-01T17:42:33+00:00","twitter_card":"summary_large_image","twitter_site":"@Virtaustekniikk","twitter_misc":{"Estimated reading time":"1 minute"},"schema":{"@context":"https:\/\/schema.org","@graph":[{"@type":"WebPage","@id":"https:\/\/virtaustekniikka.fi\/tilaukset\/","url":"https:\/\/virtaustekniikka.fi\/tilaukset\/","name":"Tilaukset - Suomen Virtaustekniikka Oy","isPartOf":{"@id":"https:\/\/virtaustekniikka.fi\/#website"},"datePublished":"2021-04-13T15:36:13+00:00","dateModified":"2025-05-01T17:42:33+00:00","breadcrumb":{"@id":"https:\/\/virtaustekniikka.fi\/tilaukset\/#breadcrumb"},"inLanguage":"en-GB","potentialAction":[{"@type":"ReadAction","target":["https:\/\/virtaustekniikka.fi\/tilaukset\/"]}]},{"@type":"BreadcrumbList","@id":"https:\/\/virtaustekniikka.fi\/tilaukset\/#breadcrumb","itemListElement":[{"@type":"ListItem","position":1,"name":"Etusivu","item":"https:\/\/virtaustekniikka.fi\/"},{"@type":"ListItem","position":2,"name":"Tilaukset"}]},{"@type":"WebSite","@id":"https:\/\/virtaustekniikka.fi\/#website","url":"https:\/\/virtaustekniikka.fi\/","name":"Suomen Virtaustekniikka Oy","description":"Paineilmatuotteita tuotannon tehostamiseen","publisher":{"@id":"https:\/\/virtaustekniikka.fi\/#organization"},"potentialAction":[{"@type":"SearchAction","target":{"@type":"EntryPoint","urlTemplate":"https:\/\/virtaustekniikka.fi\/?s={search_term_string}"},"query-input":{"@type":"PropertyValueSpecification","valueRequired":true,"valueName":"search_term_string"}}],"inLanguage":"en-GB"},{"@type":"Organization","@id":"https:\/\/virtaustekniikka.fi\/#organization","name":"Suomen Virtaustekniikka Oy","url":"https:\/\/virtaustekniikka.fi\/","logo":{"@type":"ImageObject","inLanguage":"en-GB","@id":"https:\/\/virtaustekniikka.fi\/#\/schema\/logo\/image\/","url":"https:\/\/virtaustekniikka.fi\/wp-content\/uploads\/2022\/05\/LOGO2.jpg","contentUrl":"https:\/\/virtaustekniikka.fi\/wp-content\/uploads\/2022\/05\/LOGO2.jpg","width":1000,"height":185,"caption":"Suomen Virtaustekniikka Oy"},"image":{"@id":"https:\/\/virtaustekniikka.fi\/#\/schema\/logo\/image\/"},"sameAs":["https:\/\/www.facebook.com\/Virtaustekniikka","https:\/\/x.com\/Virtaustekniikk","https:\/\/www.instagram.com\/virtaustekniikka\/","https:\/\/www.linkedin.com\/company\/16270124","https:\/\/www.youtube.com\/channel\/UCe0JNbsWIp8_ve7R2i8_egA"]}]}},"jetpack_sharing_enabled":true,"_links":{"self":[{"href":"https:\/\/virtaustekniikka.fi\/en\/wp-json\/wp\/v2\/pages\/2","targetHints":{"allow":["GET"]}}],"collection":[{"href":"https:\/\/virtaustekniikka.fi\/en\/wp-json\/wp\/v2\/pages"}],"about":[{"href":"https:\/\/virtaustekniikka.fi\/en\/wp-json\/wp\/v2\/types\/page"}],"author":[{"embeddable":true,"href":"https:\/\/virtaustekniikka.fi\/en\/wp-json\/wp\/v2\/users\/1"}],"replies":[{"embeddable":true,"href":"https:\/\/virtaustekniikka.fi\/en\/wp-json\/wp\/v2\/comments?post=2"}],"version-history":[{"count":20,"href":"https:\/\/virtaustekniikka.fi\/en\/wp-json\/wp\/v2\/pages\/2\/revisions"}],"predecessor-version":[{"id":2837,"href":"https:\/\/virtaustekniikka.fi\/en\/wp-json\/wp\/v2\/pages\/2\/revisions\/2837"}],"wp:attachment":[{"href":"https:\/\/virtaustekniikka.fi\/en\/wp-json\/wp\/v2\/media?parent=2"}],"curies":[{"name":"wp","href":"https:\/\/api.w.org\/{rel}","templated":true}]}}