{"id":3,"date":"2021-04-13T15:36:13","date_gmt":"2021-04-13T15:36:13","guid":{"rendered":"https:\/\/virtaustekniikka.fi\/testi_wp_fi\/?page_id=3"},"modified":"2025-05-09T18:38:40","modified_gmt":"2025-05-09T18:38:40","slug":"tietosuojaseloste","status":"publish","type":"page","link":"https:\/\/virtaustekniikka.fi\/en\/yritys\/tietosuojaseloste\/","title":{"rendered":"Privacy Statement"},"content":{"rendered":"<h3 class=\"wp-block-heading\"><strong>Suomen Virtaustekniikka Oy:n asiakasrekisterin tietosuojaseloste<\/strong><\/h3>\n\n\n\n<h4 class=\"wp-block-heading\"><strong><br>Rekisterinpit\u00e4j\u00e4<\/strong><\/h4>\n\n\n\n<p>Rekisterinpit\u00e4j\u00e4n\u00e4 toimii Suomen Virtaustekniikka Oy, Y-tunnus 2791262-4<br><\/p>\n\n\n\n<h4 class=\"wp-block-heading\"><strong>Rekisterinpit\u00e4j\u00e4n yhteystiedot<\/strong><\/h4>\n\n\n\n<p>Suomen Virtaustekniikka Oy<br>Aronkatu 18<br>15300 Lahti<br><br>Yhteyshenkil\u00f6: Marko Pulkkinen, 044 9876230, <a href=\"mailto:marko.pulkkinen@virtaustekniikka.fi\">marko.pulkkinen@virtaustekniikka.fi<\/a><br><\/p>\n\n\n\n<h4 class=\"wp-block-heading\"><strong>Rekisterin nimi<\/strong><\/h4>\n\n\n\n<p>Suomen Virtaustekniikka Oy:n asiakasrekisteri.<br><\/p>\n\n\n\n<h4 class=\"wp-block-heading\"><strong>Henkil\u00f6tietojen k\u00e4sittelyn tarkoitus ja peruste<\/strong><\/h4>\n\n\n\n<p>Rekisteriin tallennetaan Suomen Virtaustekniikka Oy:n asiakkaiden ja heid\u00e4n yhteyshenkil\u00f6idens\u00e4 tietoja. Henkil\u00f6tietoja k\u00e4sitell\u00e4\u00e4n tarkoituksissa, jotka liittyv\u00e4t asiakassuhteen hoitamiseen, hallinnointiin ja kehitt\u00e4miseen, palvelujen ja tuotteiden tarjoamiseen, myyntiin ja toimittamiseen sek\u00e4 palvelujen ja tuotteiden kehitt\u00e4miseen ja laskutukseen. Henkil\u00f6tietoja k\u00e4sitell\u00e4\u00e4n my\u00f6s mahdollisten reklamaatioiden ja muiden vaatimusten selvitt\u00e4misen edellytt\u00e4miss\u00e4 tarkoituksissa.<\/p>\n\n\n\n<p>Lis\u00e4ksi henkil\u00f6tietoja k\u00e4sitell\u00e4\u00e4n asiakkaille suunnatussa viestinn\u00e4ss\u00e4 kuten tiedotus- ja uutisointitarkoituksissa, tapahtumakutsujen l\u00e4hett\u00e4misess\u00e4, mielipide- ja markkinatutkimuksissa sek\u00e4 markkinoinnissa, jonka osana henkil\u00f6tietoja k\u00e4sitell\u00e4\u00e4n my\u00f6s suoramarkkinointiin ja s\u00e4hk\u00f6iseen suoramarkkinointiin liittyviss\u00e4 tarkoituksissa.<\/p>\n\n\n\n<p>Asiakkaalla on oikeus kielt\u00e4\u00e4 h\u00e4nelle kohdistettu suoramarkkinointi.<\/p>\n\n\n\n<p>Henkil\u00f6tietojen k\u00e4sittelyn perusteena on rekisterinpit\u00e4j\u00e4n ja asiakkaan v\u00e4linen asiakassuhde, asiakkaan suostumus, asiakkaan antama toimeksianto tai muu asiallinen yhteys.<\/p>\n\n\n\n<p>Rekisterinpit\u00e4j\u00e4 k\u00e4sittelee tietoja itse.<br><\/p>\n\n\n\n<h4 class=\"wp-block-heading\"><strong>Rekisterin tietosis\u00e4lt\u00f6<\/strong><\/h4>\n\n\n\n<p>Rekister\u00f6idyst\u00e4 voidaan tallentaa muun muassa seuraavan kaltaisia tietoja: henkil\u00f6tiedot, kuten nimi, teht\u00e4v\u00e4nimike, ty\u00f6nantajan osoitetiedot, puhelinnumero, s\u00e4hk\u00f6postiosoite ja sen yrityksen nimi, jota henkil\u00f6 edustaa. Lis\u00e4ksi voimme tallentaa myynnillist\u00e4 taustatietoa sek\u00e4 tietoja mm. yhteydenpidosta sek\u00e4 osto- ja tilaushistoriasta.<br><\/p>\n\n\n\n<h4 class=\"wp-block-heading\"><strong>Henkil\u00f6tietojen s\u00e4ilytysaika<\/strong><\/h4>\n\n\n\n<p>Rekisterinpit\u00e4j\u00e4 s\u00e4ilytt\u00e4\u00e4 henkil\u00f6tietoja asiakasrekisteriss\u00e4 kunnes rekister\u00f6idyn ja asiakkaan v\u00e4lisen asiakassuhteen voidaan katsoa p\u00e4\u00e4ttyneen. P\u00e4\u00e4ttymisaika m\u00e4\u00e4ritet\u00e4\u00e4n asiakkaan asiakassopimuksen voimassaolon p\u00e4\u00e4ttymisest\u00e4 tai viimeisimm\u00e4st\u00e4 palvelukontaktista tai yhteydenotosta, johon lis\u00e4t\u00e4\u00e4n viisi vuotta tai kunnes asiakas pyyt\u00e4\u00e4 tiedon poistamista. Laskutusperusteena k\u00e4ytett\u00e4v\u00e4t tiedot s\u00e4ilytet\u00e4\u00e4n kirjanpitolains\u00e4\u00e4d\u00e4nn\u00f6n edellytt\u00e4m\u00e4n ajan.<br><\/p>\n\n\n\n<h4 class=\"wp-block-heading\"><strong>S\u00e4\u00e4nn\u00f6nmukaiset tietol\u00e4hteet<\/strong><\/h4>\n\n\n\n<p>Tietoja saadaan rekister\u00f6idylt\u00e4 itselt\u00e4\u00e4n tai palvelun tilaajalta. Tietoja voidaan saada my\u00f6s viranomaisrekistereist\u00e4 (esim. kaupparekisteri). Lis\u00e4ksi hy\u00f6dynn\u00e4mme verkosta l\u00f6ytyv\u00e4\u00e4 avointa yritysdataa.<br><\/p>\n\n\n\n<h4 class=\"wp-block-heading\"><strong>Tietojen s\u00e4\u00e4nn\u00f6nmukaiset luovutukset<\/strong><\/h4>\n\n\n\n<p>Tietoja ei luovuteta p\u00e4\u00e4s\u00e4\u00e4nt\u00f6isesti kolmansille osapuolille, poikkeuksena laskujen perint\u00e4\u00e4n siirt\u00e4minen ja lakis\u00e4\u00e4teisten tietojen luovutus viranomaiselle.<br><\/p>\n\n\n\n<h4 class=\"wp-block-heading\"><strong>Tietojen siirto Euroopan unionin tai Euroopan talousalueen ulkopuolelle<\/strong><\/h4>\n\n\n\n<p>Tietoja ei luovuteta EU:n tai Euroopan talousalueen ulkopuolelle.<br><\/p>\n\n\n\n<h4 class=\"wp-block-heading\"><strong>Kuvaus rekisterin suojauksen periaatteista<\/strong><\/h4>\n\n\n\n<p>Mahdollinen manuaalinen aineisto s\u00e4ilytet\u00e4\u00e4n lukitussa tilassa, jonne on p\u00e4\u00e4sy vain erikseen nimetyill\u00e4 henkil\u00f6ill\u00e4, joille se on ty\u00f6teht\u00e4vien suorittamisen kannalta v\u00e4ltt\u00e4m\u00e4t\u00f6nt\u00e4.<\/p>\n\n\n\n<p>Digitaaliseen aineistoon on p\u00e4\u00e4sy vain siihen oikeutetun ty\u00f6ntekij\u00e4n henkil\u00f6kohtaisella k\u00e4ytt\u00e4j\u00e4tunnuksella ja salasanalla.<br><\/p>\n\n\n\n<h4 class=\"wp-block-heading\"><strong>Rekister\u00f6idyn oikeudet<\/strong><\/h4>\n\n\n\n<p>EU:n yleisen tietosuoja-asetuksen mukaan henkil\u00f6rekistereihimme rekister\u00f6idyll\u00e4 on erityisi\u00e4 oikeuksia.<\/p>\n\n\n\n<p><strong>1. Rekister\u00f6idyn oikeus saada p\u00e4\u00e4sy tietoihin (tarkastusoikeus)<\/strong><\/p>\n\n\n\n<p>Rekister\u00f6idyll\u00e4 on oikeus tarkastaa, mit\u00e4 h\u00e4nt\u00e4 koskevia tietoja rekisteriin on talletettu. Tarkastusoikeus voidaan ev\u00e4t\u00e4 laissa s\u00e4\u00e4detyin perustein. Tarkastusoikeuden k\u00e4ytt\u00e4minen on l\u00e4ht\u00f6kohtaisesti maksutonta.<\/p>\n\n\n\n<p><strong>2. Rekister\u00f6idyn oikeus vaatia tiedon oikaisemista, poistamista tai k\u00e4sittelyn rajoittamista<\/strong><\/p>\n\n\n\n<p>Rekister\u00f6idyll\u00e4 on oikeus saada oikaistua h\u00e4nt\u00e4 koskeva tieto. Rekister\u00f6idyll\u00e4 on my\u00f6s oikeus vaatia rekisterinpit\u00e4j\u00e4\u00e4 rajoittamaan henkil\u00f6tietojensa k\u00e4sittely\u00e4 esimerkiksi siin\u00e4 tilanteessa, kun rekister\u00f6ity odottaa vastausta tietojensa oikaisemista tai poistamista koskevaan pyynt\u00f6\u00f6n.<\/p>\n\n\n\n<p><strong>3. Rekister\u00f6idyn oikeus siirt\u00e4\u00e4 tiedot j\u00e4rjestelm\u00e4st\u00e4 toiseen<\/strong><\/p>\n\n\n\n<p>Silt\u00e4 osin kuin rekister\u00f6ity on itse toimittanut asiakasrekisteriin tietoja, joita k\u00e4sitell\u00e4\u00e4n rekister\u00f6idyn antaman suostumuksen tai toimeksiannon nojalla, rekister\u00f6idyll\u00e4 on oikeus saada t\u00e4llaiset tiedot itselleen p\u00e4\u00e4s\u00e4\u00e4nt\u00f6isesti koneluettavassa muodossa ja oikeus siirt\u00e4\u00e4 n\u00e4m\u00e4 tiedot toiselle rekisterinpit\u00e4j\u00e4lle.<\/p>\n\n\n\n<p><strong>4. Rekister\u00f6idyn oikeus tehd\u00e4 valitus valvontaviranomaiselle<\/strong><\/p>\n\n\n\n<p>Rekister\u00f6idyll\u00e4 on oikeus tehd\u00e4 valitus toimivaltaiselle valvontaviranomaiselle, jos rekisterinpit\u00e4j\u00e4 ei ole noudattanut toiminnassaan soveltuvaa tietosuojas\u00e4\u00e4ntely\u00e4.<\/p>\n\n\n\n<p><strong>5. Muut oikeudet<\/strong><\/p>\n\n\n\n<p>Mik\u00e4li henkil\u00f6tietoja k\u00e4sitell\u00e4\u00e4n rekister\u00f6idyn suostumukseen perustuen, rekister\u00f6idyll\u00e4 on oikeus peruuttaa suostumuksensa ilmoittamalla t\u00e4st\u00e4 meille.<\/p>\n\n\n\n<p><\/p>\n\n\n\n<p><\/p>\n\n\n\n<p><\/p>\n\n\n\n<p><\/p>\n\n\n\n<p><\/p>","protected":false},"excerpt":{"rendered":"<p>Suomen Virtaustekniikka Oy:n asiakasrekisterin tietosuojaseloste Rekisterinpit\u00e4j\u00e4 Rekisterinpit\u00e4j\u00e4n\u00e4 toimii Suomen Virtaustekniikka Oy, Y-tunnus 2791262-4 Rekisterinpit\u00e4j\u00e4n yhteystiedot Suomen Virtaustekniikka OyAronkatu 1815300 Lahti Yhteyshenkil\u00f6: Marko Pulkkinen, 044 9876230, marko.pulkkinen@virtaustekniikka.fi Rekisterin nimi Suomen Virtaustekniikka Oy:n asiakasrekisteri. Henkil\u00f6tietojen k\u00e4sittelyn tarkoitus ja peruste Rekisteriin tallennetaan Suomen Virtaustekniikka Oy:n asiakkaiden ja heid\u00e4n yhteyshenkil\u00f6idens\u00e4 tietoja. Henkil\u00f6tietoja k\u00e4sitell\u00e4\u00e4n tarkoituksissa, jotka liittyv\u00e4t asiakassuhteen hoitamiseen, hallinnointiin ja kehitt\u00e4miseen, palvelujen ja tuotteiden tarjoamiseen, myyntiin ja toimittamiseen sek\u00e4 palvelujen ja tuotteiden kehitt\u00e4miseen ja laskutukseen. Henkil\u00f6tietoja k\u00e4sitell\u00e4\u00e4n my\u00f6s mahdollisten<\/p>","protected":false},"author":1,"featured_media":0,"parent":188,"menu_order":0,"comment_status":"closed","ping_status":"open","template":"","meta":{"footnotes":""},"class_list":{"1":"page","2":"type-page","3":"status-publish","4":"hentry"},"yoast_head":"<!-- This site is optimized with the Yoast SEO plugin v27.1.1 - https:\/\/yoast.com\/product\/yoast-seo-wordpress\/ -->\n<title>Tietosuojaseloste - Suomen Virtaustekniikka Oy<\/title>\n<meta name=\"robots\" content=\"index, follow, max-snippet:-1, max-image-preview:large, max-video-preview:-1\" \/>\n<link rel=\"canonical\" href=\"https:\/\/virtaustekniikka.fi\/en\/yritys\/tietosuojaseloste\/\" \/>\n<meta property=\"og:locale\" content=\"en_GB\" \/>\n<meta property=\"og:type\" content=\"article\" \/>\n<meta property=\"og:title\" content=\"Tietosuojaseloste - Suomen Virtaustekniikka Oy\" \/>\n<meta property=\"og:description\" content=\"Suomen Virtaustekniikka Oy:n asiakasrekisterin tietosuojaseloste Rekisterinpit\u00e4j\u00e4 Rekisterinpit\u00e4j\u00e4n\u00e4 toimii Suomen Virtaustekniikka Oy, Y-tunnus 2791262-4 Rekisterinpit\u00e4j\u00e4n yhteystiedot Suomen Virtaustekniikka OyAronkatu 1815300 Lahti Yhteyshenkil\u00f6: Marko Pulkkinen, 044 9876230, marko.pulkkinen@virtaustekniikka.fi Rekisterin nimi Suomen Virtaustekniikka Oy:n asiakasrekisteri. Henkil\u00f6tietojen k\u00e4sittelyn tarkoitus ja peruste Rekisteriin tallennetaan Suomen Virtaustekniikka Oy:n asiakkaiden ja heid\u00e4n yhteyshenkil\u00f6idens\u00e4 tietoja. Henkil\u00f6tietoja k\u00e4sitell\u00e4\u00e4n tarkoituksissa, jotka liittyv\u00e4t asiakassuhteen hoitamiseen, hallinnointiin ja kehitt\u00e4miseen, palvelujen ja tuotteiden tarjoamiseen, myyntiin ja toimittamiseen sek\u00e4 palvelujen ja tuotteiden kehitt\u00e4miseen ja laskutukseen. Henkil\u00f6tietoja k\u00e4sitell\u00e4\u00e4n my\u00f6s mahdollisten\" \/>\n<meta property=\"og:url\" content=\"https:\/\/virtaustekniikka.fi\/en\/yritys\/tietosuojaseloste\/\" \/>\n<meta property=\"og:site_name\" content=\"Suomen Virtaustekniikka Oy\" \/>\n<meta property=\"article:publisher\" content=\"https:\/\/www.facebook.com\/Virtaustekniikka\" \/>\n<meta property=\"article:modified_time\" content=\"2025-05-09T18:38:40+00:00\" \/>\n<meta name=\"twitter:card\" content=\"summary_large_image\" \/>\n<meta name=\"twitter:site\" content=\"@Virtaustekniikk\" \/>\n<meta name=\"twitter:label1\" content=\"Estimated reading time\" \/>\n\t<meta name=\"twitter:data1\" content=\"3 minutes\" \/>\n<script type=\"application\/ld+json\" class=\"yoast-schema-graph\">{\"@context\":\"https:\/\/schema.org\",\"@graph\":[{\"@type\":\"WebPage\",\"@id\":\"https:\/\/virtaustekniikka.fi\/yritys\/tietosuojaseloste\/\",\"url\":\"https:\/\/virtaustekniikka.fi\/yritys\/tietosuojaseloste\/\",\"name\":\"Tietosuojaseloste - Suomen Virtaustekniikka Oy\",\"isPartOf\":{\"@id\":\"https:\/\/virtaustekniikka.fi\/#website\"},\"datePublished\":\"2021-04-13T15:36:13+00:00\",\"dateModified\":\"2025-05-09T18:38:40+00:00\",\"breadcrumb\":{\"@id\":\"https:\/\/virtaustekniikka.fi\/yritys\/tietosuojaseloste\/#breadcrumb\"},\"inLanguage\":\"en-GB\",\"potentialAction\":[{\"@type\":\"ReadAction\",\"target\":[\"https:\/\/virtaustekniikka.fi\/yritys\/tietosuojaseloste\/\"]}]},{\"@type\":\"BreadcrumbList\",\"@id\":\"https:\/\/virtaustekniikka.fi\/yritys\/tietosuojaseloste\/#breadcrumb\",\"itemListElement\":[{\"@type\":\"ListItem\",\"position\":1,\"name\":\"Etusivu\",\"item\":\"https:\/\/virtaustekniikka.fi\/\"},{\"@type\":\"ListItem\",\"position\":2,\"name\":\"Yritys\",\"item\":\"https:\/\/virtaustekniikka.fi\/yritys\/\"},{\"@type\":\"ListItem\",\"position\":3,\"name\":\"Tietosuojaseloste\"}]},{\"@type\":\"WebSite\",\"@id\":\"https:\/\/virtaustekniikka.fi\/#website\",\"url\":\"https:\/\/virtaustekniikka.fi\/\",\"name\":\"Suomen Virtaustekniikka Oy\",\"description\":\"Paineilmatuotteita tuotannon tehostamiseen\",\"publisher\":{\"@id\":\"https:\/\/virtaustekniikka.fi\/#organization\"},\"potentialAction\":[{\"@type\":\"SearchAction\",\"target\":{\"@type\":\"EntryPoint\",\"urlTemplate\":\"https:\/\/virtaustekniikka.fi\/?s={search_term_string}\"},\"query-input\":{\"@type\":\"PropertyValueSpecification\",\"valueRequired\":true,\"valueName\":\"search_term_string\"}}],\"inLanguage\":\"en-GB\"},{\"@type\":\"Organization\",\"@id\":\"https:\/\/virtaustekniikka.fi\/#organization\",\"name\":\"Suomen Virtaustekniikka Oy\",\"url\":\"https:\/\/virtaustekniikka.fi\/\",\"logo\":{\"@type\":\"ImageObject\",\"inLanguage\":\"en-GB\",\"@id\":\"https:\/\/virtaustekniikka.fi\/#\/schema\/logo\/image\/\",\"url\":\"https:\/\/virtaustekniikka.fi\/wp-content\/uploads\/2022\/05\/LOGO2.jpg\",\"contentUrl\":\"https:\/\/virtaustekniikka.fi\/wp-content\/uploads\/2022\/05\/LOGO2.jpg\",\"width\":1000,\"height\":185,\"caption\":\"Suomen Virtaustekniikka Oy\"},\"image\":{\"@id\":\"https:\/\/virtaustekniikka.fi\/#\/schema\/logo\/image\/\"},\"sameAs\":[\"https:\/\/www.facebook.com\/Virtaustekniikka\",\"https:\/\/x.com\/Virtaustekniikk\",\"https:\/\/www.instagram.com\/virtaustekniikka\/\",\"https:\/\/www.linkedin.com\/company\/16270124\",\"https:\/\/www.youtube.com\/channel\/UCe0JNbsWIp8_ve7R2i8_egA\"]}]}<\/script>\n<!-- \/ Yoast SEO plugin. -->","yoast_head_json":{"title":"Tietosuojaseloste - Suomen Virtaustekniikka Oy","robots":{"index":"index","follow":"follow","max-snippet":"max-snippet:-1","max-image-preview":"max-image-preview:large","max-video-preview":"max-video-preview:-1"},"canonical":"https:\/\/virtaustekniikka.fi\/en\/yritys\/tietosuojaseloste\/","og_locale":"en_GB","og_type":"article","og_title":"Tietosuojaseloste - Suomen Virtaustekniikka Oy","og_description":"Suomen Virtaustekniikka Oy:n asiakasrekisterin tietosuojaseloste Rekisterinpit\u00e4j\u00e4 Rekisterinpit\u00e4j\u00e4n\u00e4 toimii Suomen Virtaustekniikka Oy, Y-tunnus 2791262-4 Rekisterinpit\u00e4j\u00e4n yhteystiedot Suomen Virtaustekniikka OyAronkatu 1815300 Lahti Yhteyshenkil\u00f6: Marko Pulkkinen, 044 9876230, marko.pulkkinen@virtaustekniikka.fi Rekisterin nimi Suomen Virtaustekniikka Oy:n asiakasrekisteri. Henkil\u00f6tietojen k\u00e4sittelyn tarkoitus ja peruste Rekisteriin tallennetaan Suomen Virtaustekniikka Oy:n asiakkaiden ja heid\u00e4n yhteyshenkil\u00f6idens\u00e4 tietoja. Henkil\u00f6tietoja k\u00e4sitell\u00e4\u00e4n tarkoituksissa, jotka liittyv\u00e4t asiakassuhteen hoitamiseen, hallinnointiin ja kehitt\u00e4miseen, palvelujen ja tuotteiden tarjoamiseen, myyntiin ja toimittamiseen sek\u00e4 palvelujen ja tuotteiden kehitt\u00e4miseen ja laskutukseen. Henkil\u00f6tietoja k\u00e4sitell\u00e4\u00e4n my\u00f6s mahdollisten","og_url":"https:\/\/virtaustekniikka.fi\/en\/yritys\/tietosuojaseloste\/","og_site_name":"Suomen Virtaustekniikka Oy","article_publisher":"https:\/\/www.facebook.com\/Virtaustekniikka","article_modified_time":"2025-05-09T18:38:40+00:00","twitter_card":"summary_large_image","twitter_site":"@Virtaustekniikk","twitter_misc":{"Estimated reading time":"3 minutes"},"schema":{"@context":"https:\/\/schema.org","@graph":[{"@type":"WebPage","@id":"https:\/\/virtaustekniikka.fi\/yritys\/tietosuojaseloste\/","url":"https:\/\/virtaustekniikka.fi\/yritys\/tietosuojaseloste\/","name":"Tietosuojaseloste - Suomen Virtaustekniikka Oy","isPartOf":{"@id":"https:\/\/virtaustekniikka.fi\/#website"},"datePublished":"2021-04-13T15:36:13+00:00","dateModified":"2025-05-09T18:38:40+00:00","breadcrumb":{"@id":"https:\/\/virtaustekniikka.fi\/yritys\/tietosuojaseloste\/#breadcrumb"},"inLanguage":"en-GB","potentialAction":[{"@type":"ReadAction","target":["https:\/\/virtaustekniikka.fi\/yritys\/tietosuojaseloste\/"]}]},{"@type":"BreadcrumbList","@id":"https:\/\/virtaustekniikka.fi\/yritys\/tietosuojaseloste\/#breadcrumb","itemListElement":[{"@type":"ListItem","position":1,"name":"Etusivu","item":"https:\/\/virtaustekniikka.fi\/"},{"@type":"ListItem","position":2,"name":"Yritys","item":"https:\/\/virtaustekniikka.fi\/yritys\/"},{"@type":"ListItem","position":3,"name":"Tietosuojaseloste"}]},{"@type":"WebSite","@id":"https:\/\/virtaustekniikka.fi\/#website","url":"https:\/\/virtaustekniikka.fi\/","name":"Suomen Virtaustekniikka Oy","description":"Paineilmatuotteita tuotannon tehostamiseen","publisher":{"@id":"https:\/\/virtaustekniikka.fi\/#organization"},"potentialAction":[{"@type":"SearchAction","target":{"@type":"EntryPoint","urlTemplate":"https:\/\/virtaustekniikka.fi\/?s={search_term_string}"},"query-input":{"@type":"PropertyValueSpecification","valueRequired":true,"valueName":"search_term_string"}}],"inLanguage":"en-GB"},{"@type":"Organization","@id":"https:\/\/virtaustekniikka.fi\/#organization","name":"Suomen Virtaustekniikka Oy","url":"https:\/\/virtaustekniikka.fi\/","logo":{"@type":"ImageObject","inLanguage":"en-GB","@id":"https:\/\/virtaustekniikka.fi\/#\/schema\/logo\/image\/","url":"https:\/\/virtaustekniikka.fi\/wp-content\/uploads\/2022\/05\/LOGO2.jpg","contentUrl":"https:\/\/virtaustekniikka.fi\/wp-content\/uploads\/2022\/05\/LOGO2.jpg","width":1000,"height":185,"caption":"Suomen Virtaustekniikka Oy"},"image":{"@id":"https:\/\/virtaustekniikka.fi\/#\/schema\/logo\/image\/"},"sameAs":["https:\/\/www.facebook.com\/Virtaustekniikka","https:\/\/x.com\/Virtaustekniikk","https:\/\/www.instagram.com\/virtaustekniikka\/","https:\/\/www.linkedin.com\/company\/16270124","https:\/\/www.youtube.com\/channel\/UCe0JNbsWIp8_ve7R2i8_egA"]}]}},"jetpack_sharing_enabled":true,"_links":{"self":[{"href":"https:\/\/virtaustekniikka.fi\/en\/wp-json\/wp\/v2\/pages\/3","targetHints":{"allow":["GET"]}}],"collection":[{"href":"https:\/\/virtaustekniikka.fi\/en\/wp-json\/wp\/v2\/pages"}],"about":[{"href":"https:\/\/virtaustekniikka.fi\/en\/wp-json\/wp\/v2\/types\/page"}],"author":[{"embeddable":true,"href":"https:\/\/virtaustekniikka.fi\/en\/wp-json\/wp\/v2\/users\/1"}],"replies":[{"embeddable":true,"href":"https:\/\/virtaustekniikka.fi\/en\/wp-json\/wp\/v2\/comments?post=3"}],"version-history":[{"count":7,"href":"https:\/\/virtaustekniikka.fi\/en\/wp-json\/wp\/v2\/pages\/3\/revisions"}],"predecessor-version":[{"id":2839,"href":"https:\/\/virtaustekniikka.fi\/en\/wp-json\/wp\/v2\/pages\/3\/revisions\/2839"}],"up":[{"embeddable":true,"href":"https:\/\/virtaustekniikka.fi\/en\/wp-json\/wp\/v2\/pages\/188"}],"wp:attachment":[{"href":"https:\/\/virtaustekniikka.fi\/en\/wp-json\/wp\/v2\/media?parent=3"}],"curies":[{"name":"wp","href":"https:\/\/api.w.org\/{rel}","templated":true}]}}