{"id":416,"date":"2021-04-25T16:34:16","date_gmt":"2021-04-25T16:34:16","guid":{"rendered":"https:\/\/virtaustekniikka.fi\/testi_wp_fi\/?page_id=416"},"modified":"2022-05-19T07:20:16","modified_gmt":"2022-05-19T07:20:16","slug":"jaahdytys","status":"publish","type":"page","link":"https:\/\/virtaustekniikka.fi\/en\/tuotteet\/jaahdytys\/","title":{"rendered":"Cooling"},"content":{"rendered":"<div data-block-name=\"woocommerce\/product-category\" data-categories=\"[21]\" data-content-visibility=\"{&quot;image&quot;:true,&quot;title&quot;:true,&quot;price&quot;:false,&quot;rating&quot;:true,&quot;button&quot;:false}\" data-rows=\"4\" class=\"wc-block-grid wp-block-product-category wp-block-woocommerce-product-category wc-block-product-category has-3-columns has-multiple-rows\"><ul class=\"wc-block-grid__products\"><li class=\"wc-block-grid__product\">\n\t\t\t\t<a href=\"https:\/\/virtaustekniikka.fi\/en\/product\/tyokalujaahdytin\/\" class=\"wc-block-grid__product-link\">\n\t\t\t\t\t\n\t\t\t\t\t<div class=\"wc-block-grid__product-image\"><img loading=\"lazy\" decoding=\"async\" width=\"300\" height=\"300\" src=\"https:\/\/virtaustekniikka.fi\/wp-content\/uploads\/2021\/04\/Tyokalujaahdytin-1-300x300.jpg\" class=\"attachment-woocommerce_thumbnail size-woocommerce_thumbnail\" alt=\"Ty\u00f6kaluj\u00e4\u00e4hdytin\" srcset=\"https:\/\/virtaustekniikka.fi\/wp-content\/uploads\/2021\/04\/Tyokalujaahdytin-1-300x300.jpg 300w, https:\/\/virtaustekniikka.fi\/wp-content\/uploads\/2021\/04\/Tyokalujaahdytin-1-150x150.jpg 150w, https:\/\/virtaustekniikka.fi\/wp-content\/uploads\/2021\/04\/Tyokalujaahdytin-1-768x768.jpg 768w, https:\/\/virtaustekniikka.fi\/wp-content\/uploads\/2021\/04\/Tyokalujaahdytin-1-12x12.jpg 12w, https:\/\/virtaustekniikka.fi\/wp-content\/uploads\/2021\/04\/Tyokalujaahdytin-1-600x600.jpg 600w, https:\/\/virtaustekniikka.fi\/wp-content\/uploads\/2021\/04\/Tyokalujaahdytin-1-100x100.jpg 100w, https:\/\/virtaustekniikka.fi\/wp-content\/uploads\/2021\/04\/Tyokalujaahdytin-1.jpg 900w\" sizes=\"auto, (max-width: 300px) 100vw, 300px\" \/><\/div>\n\t\t\t\t\t<div class=\"wc-block-grid__product-title\">Ty\u00f6kaluj\u00e4\u00e4hdytin<\/div>\n\t\t\t\t<\/a>\n\t\t\t\t\n\t\t\t\t\n\t\t\t\t\n\t\t\t<\/li><li class=\"wc-block-grid__product\">\n\t\t\t\t<a href=\"https:\/\/virtaustekniikka.fi\/en\/product\/minijaahdytin\/\" class=\"wc-block-grid__product-link\">\n\t\t\t\t\t\n\t\t\t\t\t<div class=\"wc-block-grid__product-image\"><img loading=\"lazy\" decoding=\"async\" width=\"300\" height=\"300\" src=\"https:\/\/virtaustekniikka.fi\/wp-content\/uploads\/2021\/04\/Minijaahdytin-300x300.png\" class=\"attachment-woocommerce_thumbnail size-woocommerce_thumbnail\" alt=\"Minij\u00e4\u00e4hdytin\" srcset=\"https:\/\/virtaustekniikka.fi\/wp-content\/uploads\/2021\/04\/Minijaahdytin-300x300.png 300w, https:\/\/virtaustekniikka.fi\/wp-content\/uploads\/2021\/04\/Minijaahdytin-150x150.png 150w, https:\/\/virtaustekniikka.fi\/wp-content\/uploads\/2021\/04\/Minijaahdytin-768x768.png 768w, https:\/\/virtaustekniikka.fi\/wp-content\/uploads\/2021\/04\/Minijaahdytin-12x12.png 12w, https:\/\/virtaustekniikka.fi\/wp-content\/uploads\/2021\/04\/Minijaahdytin-600x600.png 600w, https:\/\/virtaustekniikka.fi\/wp-content\/uploads\/2021\/04\/Minijaahdytin-100x100.png 100w, https:\/\/virtaustekniikka.fi\/wp-content\/uploads\/2021\/04\/Minijaahdytin.png 900w\" sizes=\"auto, (max-width: 300px) 100vw, 300px\" \/><\/div>\n\t\t\t\t\t<div class=\"wc-block-grid__product-title\">Minij\u00e4\u00e4hdytin<\/div>\n\t\t\t\t<\/a>\n\t\t\t\t\n\t\t\t\t\n\t\t\t\t\n\t\t\t<\/li><li class=\"wc-block-grid__product\">\n\t\t\t\t<a href=\"https:\/\/virtaustekniikka.fi\/en\/product\/saadettava-pistejaahdytin\/\" class=\"wc-block-grid__product-link\">\n\t\t\t\t\t\n\t\t\t\t\t<div class=\"wc-block-grid__product-image\"><img loading=\"lazy\" decoding=\"async\" width=\"300\" height=\"300\" src=\"https:\/\/virtaustekniikka.fi\/wp-content\/uploads\/2021\/04\/Saadettava-pistejaahytin-300x300.jpg\" class=\"attachment-woocommerce_thumbnail size-woocommerce_thumbnail\" alt=\"S\u00e4\u00e4dett\u00e4v\u00e4 pistej\u00e4\u00e4hdytin\" srcset=\"https:\/\/virtaustekniikka.fi\/wp-content\/uploads\/2021\/04\/Saadettava-pistejaahytin-300x300.jpg 300w, https:\/\/virtaustekniikka.fi\/wp-content\/uploads\/2021\/04\/Saadettava-pistejaahytin-150x150.jpg 150w, https:\/\/virtaustekniikka.fi\/wp-content\/uploads\/2021\/04\/Saadettava-pistejaahytin-768x768.jpg 768w, https:\/\/virtaustekniikka.fi\/wp-content\/uploads\/2021\/04\/Saadettava-pistejaahytin-12x12.jpg 12w, https:\/\/virtaustekniikka.fi\/wp-content\/uploads\/2021\/04\/Saadettava-pistejaahytin-600x600.jpg 600w, https:\/\/virtaustekniikka.fi\/wp-content\/uploads\/2021\/04\/Saadettava-pistejaahytin-100x100.jpg 100w, https:\/\/virtaustekniikka.fi\/wp-content\/uploads\/2021\/04\/Saadettava-pistejaahytin.jpg 900w\" sizes=\"auto, (max-width: 300px) 100vw, 300px\" \/><\/div>\n\t\t\t\t\t<div class=\"wc-block-grid__product-title\">S\u00e4\u00e4dett\u00e4v\u00e4 pistej\u00e4\u00e4hdytin<\/div>\n\t\t\t\t<\/a>\n\t\t\t\t\n\t\t\t\t\n\t\t\t\t\n\t\t\t<\/li><li class=\"wc-block-grid__product\">\n\t\t\t\t<a href=\"https:\/\/virtaustekniikka.fi\/en\/product\/kotelojaahdytin\/\" class=\"wc-block-grid__product-link\">\n\t\t\t\t\t\n\t\t\t\t\t<div class=\"wc-block-grid__product-image\"><img loading=\"lazy\" decoding=\"async\" width=\"300\" height=\"300\" src=\"https:\/\/virtaustekniikka.fi\/wp-content\/uploads\/2021\/04\/Kotelojaahdytin-iso-300x300.jpg\" class=\"attachment-woocommerce_thumbnail size-woocommerce_thumbnail\" alt=\"Koteloj\u00e4\u00e4hdytin\" srcset=\"https:\/\/virtaustekniikka.fi\/wp-content\/uploads\/2021\/04\/Kotelojaahdytin-iso-300x300.jpg 300w, https:\/\/virtaustekniikka.fi\/wp-content\/uploads\/2021\/04\/Kotelojaahdytin-iso-150x150.jpg 150w, https:\/\/virtaustekniikka.fi\/wp-content\/uploads\/2021\/04\/Kotelojaahdytin-iso-768x768.jpg 768w, https:\/\/virtaustekniikka.fi\/wp-content\/uploads\/2021\/04\/Kotelojaahdytin-iso-12x12.jpg 12w, https:\/\/virtaustekniikka.fi\/wp-content\/uploads\/2021\/04\/Kotelojaahdytin-iso-600x600.jpg 600w, https:\/\/virtaustekniikka.fi\/wp-content\/uploads\/2021\/04\/Kotelojaahdytin-iso-100x100.jpg 100w, https:\/\/virtaustekniikka.fi\/wp-content\/uploads\/2021\/04\/Kotelojaahdytin-iso.jpg 800w\" sizes=\"auto, (max-width: 300px) 100vw, 300px\" \/><\/div>\n\t\t\t\t\t<div class=\"wc-block-grid__product-title\">Koteloj\u00e4\u00e4hdytin<\/div>\n\t\t\t\t<\/a>\n\t\t\t\t\n\t\t\t\t\n\t\t\t\t\n\t\t\t<\/li><li class=\"wc-block-grid__product\">\n\t\t\t\t<a href=\"https:\/\/virtaustekniikka.fi\/en\/product\/vortex-putki-jaahdyttaa-paineilman-tehokkaasti-ja-edullisesti\/\" class=\"wc-block-grid__product-link\">\n\t\t\t\t\t\n\t\t\t\t\t<div class=\"wc-block-grid__product-image\"><img loading=\"lazy\" decoding=\"async\" width=\"300\" height=\"300\" src=\"https:\/\/virtaustekniikka.fi\/wp-content\/uploads\/2021\/04\/Vortex-putki-keskikoko-300x300.jpg\" class=\"attachment-woocommerce_thumbnail size-woocommerce_thumbnail\" alt=\"Vortex-putki j\u00e4\u00e4hdytykseen\" srcset=\"https:\/\/virtaustekniikka.fi\/wp-content\/uploads\/2021\/04\/Vortex-putki-keskikoko-300x300.jpg 300w, https:\/\/virtaustekniikka.fi\/wp-content\/uploads\/2021\/04\/Vortex-putki-keskikoko-150x150.jpg 150w, https:\/\/virtaustekniikka.fi\/wp-content\/uploads\/2021\/04\/Vortex-putki-keskikoko-768x768.jpg 768w, https:\/\/virtaustekniikka.fi\/wp-content\/uploads\/2021\/04\/Vortex-putki-keskikoko-12x12.jpg 12w, https:\/\/virtaustekniikka.fi\/wp-content\/uploads\/2021\/04\/Vortex-putki-keskikoko-600x600.jpg 600w, https:\/\/virtaustekniikka.fi\/wp-content\/uploads\/2021\/04\/Vortex-putki-keskikoko-100x100.jpg 100w, https:\/\/virtaustekniikka.fi\/wp-content\/uploads\/2021\/04\/Vortex-putki-keskikoko.jpg 900w\" sizes=\"auto, (max-width: 300px) 100vw, 300px\" \/><\/div>\n\t\t\t\t\t<div class=\"wc-block-grid__product-title\">Vortex-putki<\/div>\n\t\t\t\t<\/a>\n\t\t\t\t\n\t\t\t\t\n\t\t\t\t\n\t\t\t<\/li><\/ul><\/div>","protected":false},"excerpt":{"rendered":"","protected":false},"author":1,"featured_media":0,"parent":193,"menu_order":2,"comment_status":"closed","ping_status":"closed","template":"","meta":{"footnotes":""},"class_list":{"1":"page","2":"type-page","3":"status-publish","4":"hentry"},"yoast_head":"<!-- This site is optimized with the Yoast SEO plugin v27.1.1 - https:\/\/yoast.com\/product\/yoast-seo-wordpress\/ -->\n<title>J\u00e4\u00e4hdytys - Suomen Virtaustekniikka Oy<\/title>\n<meta name=\"description\" content=\"Nex Flow paineilmatuotteet tehokkaaseen j\u00e4\u00e4hdytykseen\" \/>\n<meta name=\"robots\" content=\"index, follow, max-snippet:-1, max-image-preview:large, max-video-preview:-1\" \/>\n<link rel=\"canonical\" href=\"https:\/\/virtaustekniikka.fi\/en\/tuotteet\/jaahdytys\/\" \/>\n<meta property=\"og:locale\" content=\"en_GB\" \/>\n<meta property=\"og:type\" content=\"article\" \/>\n<meta property=\"og:title\" content=\"J\u00e4\u00e4hdytys - Suomen Virtaustekniikka Oy\" \/>\n<meta property=\"og:description\" content=\"Nex Flow paineilmatuotteet tehokkaaseen j\u00e4\u00e4hdytykseen\" \/>\n<meta property=\"og:url\" content=\"https:\/\/virtaustekniikka.fi\/en\/tuotteet\/jaahdytys\/\" \/>\n<meta property=\"og:site_name\" content=\"Suomen Virtaustekniikka Oy\" \/>\n<meta property=\"article:publisher\" content=\"https:\/\/www.facebook.com\/Virtaustekniikka\" \/>\n<meta property=\"article:modified_time\" content=\"2022-05-19T07:20:16+00:00\" \/>\n<meta name=\"twitter:card\" content=\"summary_large_image\" \/>\n<meta name=\"twitter:site\" content=\"@Virtaustekniikk\" \/>\n<script type=\"application\/ld+json\" class=\"yoast-schema-graph\">{\"@context\":\"https:\/\/schema.org\",\"@graph\":[{\"@type\":\"WebPage\",\"@id\":\"https:\/\/virtaustekniikka.fi\/tuotteet\/jaahdytys\/\",\"url\":\"https:\/\/virtaustekniikka.fi\/tuotteet\/jaahdytys\/\",\"name\":\"J\u00e4\u00e4hdytys - Suomen Virtaustekniikka Oy\",\"isPartOf\":{\"@id\":\"https:\/\/virtaustekniikka.fi\/#website\"},\"datePublished\":\"2021-04-25T16:34:16+00:00\",\"dateModified\":\"2022-05-19T07:20:16+00:00\",\"description\":\"Nex Flow paineilmatuotteet tehokkaaseen j\u00e4\u00e4hdytykseen\",\"breadcrumb\":{\"@id\":\"https:\/\/virtaustekniikka.fi\/tuotteet\/jaahdytys\/#breadcrumb\"},\"inLanguage\":\"en-GB\",\"potentialAction\":[{\"@type\":\"ReadAction\",\"target\":[\"https:\/\/virtaustekniikka.fi\/tuotteet\/jaahdytys\/\"]}]},{\"@type\":\"BreadcrumbList\",\"@id\":\"https:\/\/virtaustekniikka.fi\/tuotteet\/jaahdytys\/#breadcrumb\",\"itemListElement\":[{\"@type\":\"ListItem\",\"position\":1,\"name\":\"Etusivu\",\"item\":\"https:\/\/virtaustekniikka.fi\/\"},{\"@type\":\"ListItem\",\"position\":2,\"name\":\"TUOTTEET\",\"item\":\"https:\/\/virtaustekniikka.fi\/tuotteet\/\"},{\"@type\":\"ListItem\",\"position\":3,\"name\":\"J\u00e4\u00e4hdytys\"}]},{\"@type\":\"WebSite\",\"@id\":\"https:\/\/virtaustekniikka.fi\/#website\",\"url\":\"https:\/\/virtaustekniikka.fi\/\",\"name\":\"Suomen Virtaustekniikka Oy\",\"description\":\"Paineilmatuotteita tuotannon tehostamiseen\",\"publisher\":{\"@id\":\"https:\/\/virtaustekniikka.fi\/#organization\"},\"potentialAction\":[{\"@type\":\"SearchAction\",\"target\":{\"@type\":\"EntryPoint\",\"urlTemplate\":\"https:\/\/virtaustekniikka.fi\/?s={search_term_string}\"},\"query-input\":{\"@type\":\"PropertyValueSpecification\",\"valueRequired\":true,\"valueName\":\"search_term_string\"}}],\"inLanguage\":\"en-GB\"},{\"@type\":\"Organization\",\"@id\":\"https:\/\/virtaustekniikka.fi\/#organization\",\"name\":\"Suomen Virtaustekniikka Oy\",\"url\":\"https:\/\/virtaustekniikka.fi\/\",\"logo\":{\"@type\":\"ImageObject\",\"inLanguage\":\"en-GB\",\"@id\":\"https:\/\/virtaustekniikka.fi\/#\/schema\/logo\/image\/\",\"url\":\"https:\/\/virtaustekniikka.fi\/wp-content\/uploads\/2022\/05\/LOGO2.jpg\",\"contentUrl\":\"https:\/\/virtaustekniikka.fi\/wp-content\/uploads\/2022\/05\/LOGO2.jpg\",\"width\":1000,\"height\":185,\"caption\":\"Suomen Virtaustekniikka Oy\"},\"image\":{\"@id\":\"https:\/\/virtaustekniikka.fi\/#\/schema\/logo\/image\/\"},\"sameAs\":[\"https:\/\/www.facebook.com\/Virtaustekniikka\",\"https:\/\/x.com\/Virtaustekniikk\",\"https:\/\/www.instagram.com\/virtaustekniikka\/\",\"https:\/\/www.linkedin.com\/company\/16270124\",\"https:\/\/www.youtube.com\/channel\/UCe0JNbsWIp8_ve7R2i8_egA\"]}]}<\/script>\n<!-- \/ Yoast SEO plugin. -->","yoast_head_json":{"title":"J\u00e4\u00e4hdytys - Suomen Virtaustekniikka Oy","description":"Nex Flow paineilmatuotteet tehokkaaseen j\u00e4\u00e4hdytykseen","robots":{"index":"index","follow":"follow","max-snippet":"max-snippet:-1","max-image-preview":"max-image-preview:large","max-video-preview":"max-video-preview:-1"},"canonical":"https:\/\/virtaustekniikka.fi\/en\/tuotteet\/jaahdytys\/","og_locale":"en_GB","og_type":"article","og_title":"J\u00e4\u00e4hdytys - Suomen Virtaustekniikka Oy","og_description":"Nex Flow paineilmatuotteet tehokkaaseen j\u00e4\u00e4hdytykseen","og_url":"https:\/\/virtaustekniikka.fi\/en\/tuotteet\/jaahdytys\/","og_site_name":"Suomen Virtaustekniikka Oy","article_publisher":"https:\/\/www.facebook.com\/Virtaustekniikka","article_modified_time":"2022-05-19T07:20:16+00:00","twitter_card":"summary_large_image","twitter_site":"@Virtaustekniikk","schema":{"@context":"https:\/\/schema.org","@graph":[{"@type":"WebPage","@id":"https:\/\/virtaustekniikka.fi\/tuotteet\/jaahdytys\/","url":"https:\/\/virtaustekniikka.fi\/tuotteet\/jaahdytys\/","name":"J\u00e4\u00e4hdytys - Suomen Virtaustekniikka Oy","isPartOf":{"@id":"https:\/\/virtaustekniikka.fi\/#website"},"datePublished":"2021-04-25T16:34:16+00:00","dateModified":"2022-05-19T07:20:16+00:00","description":"Nex Flow paineilmatuotteet tehokkaaseen j\u00e4\u00e4hdytykseen","breadcrumb":{"@id":"https:\/\/virtaustekniikka.fi\/tuotteet\/jaahdytys\/#breadcrumb"},"inLanguage":"en-GB","potentialAction":[{"@type":"ReadAction","target":["https:\/\/virtaustekniikka.fi\/tuotteet\/jaahdytys\/"]}]},{"@type":"BreadcrumbList","@id":"https:\/\/virtaustekniikka.fi\/tuotteet\/jaahdytys\/#breadcrumb","itemListElement":[{"@type":"ListItem","position":1,"name":"Etusivu","item":"https:\/\/virtaustekniikka.fi\/"},{"@type":"ListItem","position":2,"name":"TUOTTEET","item":"https:\/\/virtaustekniikka.fi\/tuotteet\/"},{"@type":"ListItem","position":3,"name":"J\u00e4\u00e4hdytys"}]},{"@type":"WebSite","@id":"https:\/\/virtaustekniikka.fi\/#website","url":"https:\/\/virtaustekniikka.fi\/","name":"Suomen Virtaustekniikka Oy","description":"Paineilmatuotteita tuotannon tehostamiseen","publisher":{"@id":"https:\/\/virtaustekniikka.fi\/#organization"},"potentialAction":[{"@type":"SearchAction","target":{"@type":"EntryPoint","urlTemplate":"https:\/\/virtaustekniikka.fi\/?s={search_term_string}"},"query-input":{"@type":"PropertyValueSpecification","valueRequired":true,"valueName":"search_term_string"}}],"inLanguage":"en-GB"},{"@type":"Organization","@id":"https:\/\/virtaustekniikka.fi\/#organization","name":"Suomen Virtaustekniikka Oy","url":"https:\/\/virtaustekniikka.fi\/","logo":{"@type":"ImageObject","inLanguage":"en-GB","@id":"https:\/\/virtaustekniikka.fi\/#\/schema\/logo\/image\/","url":"https:\/\/virtaustekniikka.fi\/wp-content\/uploads\/2022\/05\/LOGO2.jpg","contentUrl":"https:\/\/virtaustekniikka.fi\/wp-content\/uploads\/2022\/05\/LOGO2.jpg","width":1000,"height":185,"caption":"Suomen Virtaustekniikka Oy"},"image":{"@id":"https:\/\/virtaustekniikka.fi\/#\/schema\/logo\/image\/"},"sameAs":["https:\/\/www.facebook.com\/Virtaustekniikka","https:\/\/x.com\/Virtaustekniikk","https:\/\/www.instagram.com\/virtaustekniikka\/","https:\/\/www.linkedin.com\/company\/16270124","https:\/\/www.youtube.com\/channel\/UCe0JNbsWIp8_ve7R2i8_egA"]}]}},"jetpack_sharing_enabled":true,"_links":{"self":[{"href":"https:\/\/virtaustekniikka.fi\/en\/wp-json\/wp\/v2\/pages\/416","targetHints":{"allow":["GET"]}}],"collection":[{"href":"https:\/\/virtaustekniikka.fi\/en\/wp-json\/wp\/v2\/pages"}],"about":[{"href":"https:\/\/virtaustekniikka.fi\/en\/wp-json\/wp\/v2\/types\/page"}],"author":[{"embeddable":true,"href":"https:\/\/virtaustekniikka.fi\/en\/wp-json\/wp\/v2\/users\/1"}],"replies":[{"embeddable":true,"href":"https:\/\/virtaustekniikka.fi\/en\/wp-json\/wp\/v2\/comments?post=416"}],"version-history":[{"count":6,"href":"https:\/\/virtaustekniikka.fi\/en\/wp-json\/wp\/v2\/pages\/416\/revisions"}],"predecessor-version":[{"id":1563,"href":"https:\/\/virtaustekniikka.fi\/en\/wp-json\/wp\/v2\/pages\/416\/revisions\/1563"}],"up":[{"embeddable":true,"href":"https:\/\/virtaustekniikka.fi\/en\/wp-json\/wp\/v2\/pages\/193"}],"wp:attachment":[{"href":"https:\/\/virtaustekniikka.fi\/en\/wp-json\/wp\/v2\/media?parent=416"}],"curies":[{"name":"wp","href":"https:\/\/api.w.org\/{rel}","templated":true}]}}