{"id":812,"date":"2021-07-19T15:16:31","date_gmt":"2021-07-19T15:16:31","guid":{"rendered":"https:\/\/virtaustekniikka.fi\/testi_wp_fi\/?page_id=812"},"modified":"2022-01-10T08:55:35","modified_gmt":"2022-01-10T08:55:35","slug":"kopvillkor","status":"publish","type":"page","link":"https:\/\/virtaustekniikka.fi\/en\/natbutik-2\/kopvillkor\/","title":{"rendered":"Tilausehdot"},"content":{"rendered":"<p><strong>Best\u00e4llning<\/strong><br \/>\nBest\u00e4llningar sker via v\u00e5r n\u00e4tbutik <a href=\"https:\/\/virtaustekniikka.fi\/en\/testi_wp_fi\/\">https:\/\/virtaustekniikka.fi\/testi_wp_fi<\/a> eller via e-post. Orderbekr\u00e4ftelse skickas ut till angiven e-postadress n\u00e4r du genomf\u00f6rt ditt k\u00f6p. Detta \u00e4r ett bevis p\u00e5 att vi mottagit din order. Avtal ing\u00e5s n\u00e4r ordern \u00e4r bekr\u00e4ftad. Om n\u00e5got \u00e4r felaktigt i best\u00e4llningen ber vi dig att kontakta oss: <a href=\"mailto:info@flowtechnics.se\">info@flowtechnics.se<\/a>.<br \/>\n<strong><br \/>\nPriser<\/strong><br \/>\nAlla priser \u00e4r angivna exklusive moms.<\/p>\n<p><strong>Leveranss\u00e4tt<\/strong><br \/>\nAlla best\u00e4llningar skickas med PostNord parcel med leverans till angiven adress med 1-2 veckor leveranstid. Fraktkostnaden till Sverige och Danmark \u00e4r fast 196 SEK.<br \/>\n<strong><br \/>\nBetalning<\/strong><br \/>\nVi accepterar betalning i fakturabetalning eller i samarbete med Klarna.<\/p>\n<p><strong>Reklamation<\/strong><br \/>\nVi g\u00f6r v\u00e5rt yttersta f\u00f6r att du som kund ska vara n\u00f6jd med v\u00e5ra produkter. Vi arbetar st\u00e4ndigt med att kunna erbjuda de b\u00e4sta produkterna och den b\u00e4sta servicen. Vi garanterar att de varor du f\u00e5r \u00e4r felfria vid leverans. Om du \u00e4nd\u00e5 inte skulle vara n\u00f6jd och vill reklamera en product, kontakta oss: <a href=\"mailto:info@flowtechnics.se\">info@flowtechnics.se<\/a><\/p>\n<p><strong>Behandling av personuppgifter<\/strong><br \/>\nI samband med din best\u00e4llning godk\u00e4nner du att vi lagrar och anv\u00e4nder dina uppgifter i v\u00e5r verksamhet f\u00f6r att fullf\u00f6lja v\u00e5rt \u00e5tagande gentemot dig. Vi dokumenterar \u00e4ven all kommunikation som vi har med dig via e-post, detta f\u00f6r att tillhandah\u00e5lla den service som du f\u00f6rv\u00e4ntar dig av oss. Nordic Flow Technics kommer inte att l\u00e4mna ut dina personuppgifter till tredje part. Nordic Flow Technics f\u00f6rbeh\u00e5ller sig r\u00e4tten att kommunicera med dig ur marknadsf\u00f6ringssyfte via sms, mail eller post om detta \u00e4r godk\u00e4nt vid best\u00e4llningstillf\u00e4llet. Genom att g\u00f6ra en best\u00e4llning av en tj\u00e4nst och genom registreringen av kunduppgifter i samband d\u00e4rmed, samtycker kunden till att Nordic Flow Technics behandlar uppgifterna f\u00f6r det \u00e4ndam\u00e5l som anges ovan.<\/p>\n<p><strong>Cookies<\/strong><br \/>\nEn cookie \u00e4r en textfil som skickas ifr\u00e5n oss till din dator d\u00e4r den lagras antingen i minnet (session cookies) eller som en liten textfil (textbaserade cookies). Cookies anv\u00e4nds f\u00f6r att lagra inloggningsinformation samt din kundkorg n\u00e4r du surfar runt hos oss. Om din webbl\u00e4sare \u00e4r inst\u00e4lld p\u00e5 att inte acceptera cookies kommer du inte ha m\u00f6jlighet att g\u00f6ra n\u00e5gon best\u00e4llning p\u00e5 v\u00e5r sida. Du kan l\u00e4tt \u00e4ndra detta under inst\u00e4llningar i din webbl\u00e4sare. Observera att vi inte anv\u00e4nder cookies f\u00f6r att spara personlig information om dig.<\/p>\n<p><strong>\u00d6vrigt<\/strong><br \/>\nVi tar tacksamt emot synpunkter och feedback ang\u00e5ende v\u00e5ra tj\u00e4nster och produkter. Vill du komma i kontakt med ansvarig f\u00f6r Nordic Flow Technics n\u00e4tbutik, skicka ett mail till: <a href=\"mailto:info@flowtechnics.se\">info@flowtechnics.se<\/a><\/p>","protected":false},"excerpt":{"rendered":"<p>Best\u00e4llning Best\u00e4llningar sker via v\u00e5r n\u00e4tbutik https:\/\/virtaustekniikka.fi\/testi_wp_fi eller via e-post. Orderbekr\u00e4ftelse skickas ut till angiven e-postadress n\u00e4r du genomf\u00f6rt ditt k\u00f6p. Detta \u00e4r ett bevis p\u00e5 att vi mottagit din order. Avtal ing\u00e5s n\u00e4r ordern \u00e4r bekr\u00e4ftad. Om n\u00e5got \u00e4r felaktigt i best\u00e4llningen ber vi dig att kontakta oss: info@flowtechnics.se. Priser Alla priser \u00e4r angivna exklusive moms. Leveranss\u00e4tt Alla best\u00e4llningar skickas med PostNord parcel med leverans till angiven adress med 1-2 veckor leveranstid. Fraktkostnaden till<\/p>","protected":false},"author":1,"featured_media":0,"parent":823,"menu_order":3,"comment_status":"closed","ping_status":"closed","template":"","meta":{"footnotes":""},"class_list":{"1":"page","2":"type-page","3":"status-publish","4":"hentry"},"yoast_head":"<!-- This site is optimized with the Yoast SEO plugin v27.4 - https:\/\/yoast.com\/product\/yoast-seo-wordpress\/ -->\n<title>Tilausehdot - Suomen Virtaustekniikka Oy<\/title>\n<meta name=\"robots\" content=\"index, follow, max-snippet:-1, max-image-preview:large, max-video-preview:-1\" \/>\n<link rel=\"canonical\" href=\"https:\/\/virtaustekniikka.fi\/en\/natbutik-2\/kopvillkor\/\" \/>\n<meta property=\"og:locale\" content=\"en_GB\" \/>\n<meta property=\"og:type\" content=\"article\" \/>\n<meta property=\"og:title\" content=\"Tilausehdot - Suomen Virtaustekniikka Oy\" \/>\n<meta property=\"og:description\" content=\"Best\u00e4llning Best\u00e4llningar sker via v\u00e5r n\u00e4tbutik https:\/\/virtaustekniikka.fi\/testi_wp_fi eller via e-post. Orderbekr\u00e4ftelse skickas ut till angiven e-postadress n\u00e4r du genomf\u00f6rt ditt k\u00f6p. Detta \u00e4r ett bevis p\u00e5 att vi mottagit din order. Avtal ing\u00e5s n\u00e4r ordern \u00e4r bekr\u00e4ftad. Om n\u00e5got \u00e4r felaktigt i best\u00e4llningen ber vi dig att kontakta oss: info@flowtechnics.se. Priser Alla priser \u00e4r angivna exklusive moms. Leveranss\u00e4tt Alla best\u00e4llningar skickas med PostNord parcel med leverans till angiven adress med 1-2 veckor leveranstid. Fraktkostnaden till\" \/>\n<meta property=\"og:url\" content=\"https:\/\/virtaustekniikka.fi\/en\/natbutik-2\/kopvillkor\/\" \/>\n<meta property=\"og:site_name\" content=\"Suomen Virtaustekniikka Oy\" \/>\n<meta property=\"article:publisher\" content=\"https:\/\/www.facebook.com\/Virtaustekniikka\" \/>\n<meta property=\"article:modified_time\" content=\"2022-01-10T08:55:35+00:00\" \/>\n<meta name=\"twitter:card\" content=\"summary_large_image\" \/>\n<meta name=\"twitter:site\" content=\"@Virtaustekniikk\" \/>\n<meta name=\"twitter:label1\" content=\"Estimated reading time\" \/>\n\t<meta name=\"twitter:data1\" content=\"3 minutes\" \/>\n<script type=\"application\/ld+json\" class=\"yoast-schema-graph\">{\"@context\":\"https:\\\/\\\/schema.org\",\"@graph\":[{\"@type\":\"WebPage\",\"@id\":\"https:\\\/\\\/virtaustekniikka.fi\\\/natbutik-2\\\/kopvillkor\\\/\",\"url\":\"https:\\\/\\\/virtaustekniikka.fi\\\/natbutik-2\\\/kopvillkor\\\/\",\"name\":\"Tilausehdot - Suomen Virtaustekniikka Oy\",\"isPartOf\":{\"@id\":\"https:\\\/\\\/virtaustekniikka.fi\\\/#website\"},\"datePublished\":\"2021-07-19T15:16:31+00:00\",\"dateModified\":\"2022-01-10T08:55:35+00:00\",\"breadcrumb\":{\"@id\":\"https:\\\/\\\/virtaustekniikka.fi\\\/natbutik-2\\\/kopvillkor\\\/#breadcrumb\"},\"inLanguage\":\"en-GB\",\"potentialAction\":[{\"@type\":\"ReadAction\",\"target\":[\"https:\\\/\\\/virtaustekniikka.fi\\\/natbutik-2\\\/kopvillkor\\\/\"]}]},{\"@type\":\"BreadcrumbList\",\"@id\":\"https:\\\/\\\/virtaustekniikka.fi\\\/natbutik-2\\\/kopvillkor\\\/#breadcrumb\",\"itemListElement\":[{\"@type\":\"ListItem\",\"position\":1,\"name\":\"Etusivu\",\"item\":\"https:\\\/\\\/virtaustekniikka.fi\\\/\"},{\"@type\":\"ListItem\",\"position\":2,\"name\":\"Verkkokauppa\",\"item\":\"https:\\\/\\\/virtaustekniikka.fi\\\/natbutik-2\\\/\"},{\"@type\":\"ListItem\",\"position\":3,\"name\":\"Tilausehdot\"}]},{\"@type\":\"WebSite\",\"@id\":\"https:\\\/\\\/virtaustekniikka.fi\\\/#website\",\"url\":\"https:\\\/\\\/virtaustekniikka.fi\\\/\",\"name\":\"Suomen Virtaustekniikka Oy\",\"description\":\"Paineilmatuotteita tuotannon tehostamiseen\",\"publisher\":{\"@id\":\"https:\\\/\\\/virtaustekniikka.fi\\\/#organization\"},\"potentialAction\":[{\"@type\":\"SearchAction\",\"target\":{\"@type\":\"EntryPoint\",\"urlTemplate\":\"https:\\\/\\\/virtaustekniikka.fi\\\/?s={search_term_string}\"},\"query-input\":{\"@type\":\"PropertyValueSpecification\",\"valueRequired\":true,\"valueName\":\"search_term_string\"}}],\"inLanguage\":\"en-GB\"},{\"@type\":\"Organization\",\"@id\":\"https:\\\/\\\/virtaustekniikka.fi\\\/#organization\",\"name\":\"Suomen Virtaustekniikka Oy\",\"url\":\"https:\\\/\\\/virtaustekniikka.fi\\\/\",\"logo\":{\"@type\":\"ImageObject\",\"inLanguage\":\"en-GB\",\"@id\":\"https:\\\/\\\/virtaustekniikka.fi\\\/#\\\/schema\\\/logo\\\/image\\\/\",\"url\":\"https:\\\/\\\/virtaustekniikka.fi\\\/wp-content\\\/uploads\\\/2022\\\/05\\\/LOGO2.jpg\",\"contentUrl\":\"https:\\\/\\\/virtaustekniikka.fi\\\/wp-content\\\/uploads\\\/2022\\\/05\\\/LOGO2.jpg\",\"width\":1000,\"height\":185,\"caption\":\"Suomen Virtaustekniikka Oy\"},\"image\":{\"@id\":\"https:\\\/\\\/virtaustekniikka.fi\\\/#\\\/schema\\\/logo\\\/image\\\/\"},\"sameAs\":[\"https:\\\/\\\/www.facebook.com\\\/Virtaustekniikka\",\"https:\\\/\\\/x.com\\\/Virtaustekniikk\",\"https:\\\/\\\/www.instagram.com\\\/virtaustekniikka\\\/\",\"https:\\\/\\\/www.linkedin.com\\\/company\\\/16270124\",\"https:\\\/\\\/www.youtube.com\\\/channel\\\/UCe0JNbsWIp8_ve7R2i8_egA\"]}]}<\/script>\n<!-- \/ Yoast SEO plugin. -->","yoast_head_json":{"title":"Tilausehdot - Suomen Virtaustekniikka Oy","robots":{"index":"index","follow":"follow","max-snippet":"max-snippet:-1","max-image-preview":"max-image-preview:large","max-video-preview":"max-video-preview:-1"},"canonical":"https:\/\/virtaustekniikka.fi\/en\/natbutik-2\/kopvillkor\/","og_locale":"en_GB","og_type":"article","og_title":"Tilausehdot - Suomen Virtaustekniikka Oy","og_description":"Best\u00e4llning Best\u00e4llningar sker via v\u00e5r n\u00e4tbutik https:\/\/virtaustekniikka.fi\/testi_wp_fi eller via e-post. Orderbekr\u00e4ftelse skickas ut till angiven e-postadress n\u00e4r du genomf\u00f6rt ditt k\u00f6p. Detta \u00e4r ett bevis p\u00e5 att vi mottagit din order. Avtal ing\u00e5s n\u00e4r ordern \u00e4r bekr\u00e4ftad. Om n\u00e5got \u00e4r felaktigt i best\u00e4llningen ber vi dig att kontakta oss: info@flowtechnics.se. Priser Alla priser \u00e4r angivna exklusive moms. Leveranss\u00e4tt Alla best\u00e4llningar skickas med PostNord parcel med leverans till angiven adress med 1-2 veckor leveranstid. Fraktkostnaden till","og_url":"https:\/\/virtaustekniikka.fi\/en\/natbutik-2\/kopvillkor\/","og_site_name":"Suomen Virtaustekniikka Oy","article_publisher":"https:\/\/www.facebook.com\/Virtaustekniikka","article_modified_time":"2022-01-10T08:55:35+00:00","twitter_card":"summary_large_image","twitter_site":"@Virtaustekniikk","twitter_misc":{"Estimated reading time":"3 minutes"},"schema":{"@context":"https:\/\/schema.org","@graph":[{"@type":"WebPage","@id":"https:\/\/virtaustekniikka.fi\/natbutik-2\/kopvillkor\/","url":"https:\/\/virtaustekniikka.fi\/natbutik-2\/kopvillkor\/","name":"Tilausehdot - Suomen Virtaustekniikka Oy","isPartOf":{"@id":"https:\/\/virtaustekniikka.fi\/#website"},"datePublished":"2021-07-19T15:16:31+00:00","dateModified":"2022-01-10T08:55:35+00:00","breadcrumb":{"@id":"https:\/\/virtaustekniikka.fi\/natbutik-2\/kopvillkor\/#breadcrumb"},"inLanguage":"en-GB","potentialAction":[{"@type":"ReadAction","target":["https:\/\/virtaustekniikka.fi\/natbutik-2\/kopvillkor\/"]}]},{"@type":"BreadcrumbList","@id":"https:\/\/virtaustekniikka.fi\/natbutik-2\/kopvillkor\/#breadcrumb","itemListElement":[{"@type":"ListItem","position":1,"name":"Etusivu","item":"https:\/\/virtaustekniikka.fi\/"},{"@type":"ListItem","position":2,"name":"Verkkokauppa","item":"https:\/\/virtaustekniikka.fi\/natbutik-2\/"},{"@type":"ListItem","position":3,"name":"Tilausehdot"}]},{"@type":"WebSite","@id":"https:\/\/virtaustekniikka.fi\/#website","url":"https:\/\/virtaustekniikka.fi\/","name":"Suomen Virtaustekniikka Oy","description":"Paineilmatuotteita tuotannon tehostamiseen","publisher":{"@id":"https:\/\/virtaustekniikka.fi\/#organization"},"potentialAction":[{"@type":"SearchAction","target":{"@type":"EntryPoint","urlTemplate":"https:\/\/virtaustekniikka.fi\/?s={search_term_string}"},"query-input":{"@type":"PropertyValueSpecification","valueRequired":true,"valueName":"search_term_string"}}],"inLanguage":"en-GB"},{"@type":"Organization","@id":"https:\/\/virtaustekniikka.fi\/#organization","name":"Suomen Virtaustekniikka Oy","url":"https:\/\/virtaustekniikka.fi\/","logo":{"@type":"ImageObject","inLanguage":"en-GB","@id":"https:\/\/virtaustekniikka.fi\/#\/schema\/logo\/image\/","url":"https:\/\/virtaustekniikka.fi\/wp-content\/uploads\/2022\/05\/LOGO2.jpg","contentUrl":"https:\/\/virtaustekniikka.fi\/wp-content\/uploads\/2022\/05\/LOGO2.jpg","width":1000,"height":185,"caption":"Suomen Virtaustekniikka Oy"},"image":{"@id":"https:\/\/virtaustekniikka.fi\/#\/schema\/logo\/image\/"},"sameAs":["https:\/\/www.facebook.com\/Virtaustekniikka","https:\/\/x.com\/Virtaustekniikk","https:\/\/www.instagram.com\/virtaustekniikka\/","https:\/\/www.linkedin.com\/company\/16270124","https:\/\/www.youtube.com\/channel\/UCe0JNbsWIp8_ve7R2i8_egA"]}]}},"jetpack_sharing_enabled":true,"_links":{"self":[{"href":"https:\/\/virtaustekniikka.fi\/en\/wp-json\/wp\/v2\/pages\/812","targetHints":{"allow":["GET"]}}],"collection":[{"href":"https:\/\/virtaustekniikka.fi\/en\/wp-json\/wp\/v2\/pages"}],"about":[{"href":"https:\/\/virtaustekniikka.fi\/en\/wp-json\/wp\/v2\/types\/page"}],"author":[{"embeddable":true,"href":"https:\/\/virtaustekniikka.fi\/en\/wp-json\/wp\/v2\/users\/1"}],"replies":[{"embeddable":true,"href":"https:\/\/virtaustekniikka.fi\/en\/wp-json\/wp\/v2\/comments?post=812"}],"version-history":[{"count":8,"href":"https:\/\/virtaustekniikka.fi\/en\/wp-json\/wp\/v2\/pages\/812\/revisions"}],"predecessor-version":[{"id":1468,"href":"https:\/\/virtaustekniikka.fi\/en\/wp-json\/wp\/v2\/pages\/812\/revisions\/1468"}],"up":[{"embeddable":true,"href":"https:\/\/virtaustekniikka.fi\/en\/wp-json\/wp\/v2\/pages\/823"}],"wp:attachment":[{"href":"https:\/\/virtaustekniikka.fi\/en\/wp-json\/wp\/v2\/media?parent=812"}],"curies":[{"name":"wp","href":"https:\/\/api.w.org\/{rel}","templated":true}]}}