{"id":1124,"date":"2022-02-01T13:39:59","date_gmt":"2022-02-01T13:39:59","guid":{"rendered":"https:\/\/virtaustekniikka.fi\/testi_wp_fi\/?post_type=product&#038;p=1124"},"modified":"2024-08-26T05:01:21","modified_gmt":"2024-08-26T05:01:21","slug":"rn-ionisaattoritanko","status":"publish","type":"product","link":"https:\/\/virtaustekniikka.fi\/en\/product\/rn-ionisaattoritanko\/","title":{"rendered":"RN Ionizing Bar"},"content":{"rendered":"<p>The VS Ionizing Bar has all of the typical features that characterize HAUG Ionizing Bars: the reliably and removable plug-and-socket connection System X-2000, the shielded high-voltage cable, the special stainless-steel electrodes and the convenience of being safe to touch. The round construction of the VS Ionizing Bar permits the exact axial adjustment in the direction of travel of the material.<\/p>","protected":false},"excerpt":{"rendered":"<p>The HAUG RN Ionizing Bar is a powerful and rugged piece of equipment. Its construction satisfies all technical requirements and it has proven its value repeatedly in the removal of electrostatic charges during roll, sheet and web (continuous product) processing. Production interfering surface charges can be removed reliably and effectively \u2013 even at high operating speeds.<\/p>\n<p>RN Ionizong Bars are available in lengths from 100 mm to 2134 mm. Contact us and request a quote!<\/p>","protected":false},"featured_media":1125,"template":"","meta":[],"product_brand":[],"product_cat":[34],"product_tag":[49,50],"berocket_brand":[],"class_list":{"0":"post-1124","1":"product","2":"type-product","3":"status-publish","6":"product_cat-staattinen_sahko","7":"product_tag-staattinen-sahko","8":"product_tag-staattisen-sahkon-poisto","10":"first","11":"instock","12":"taxable","13":"shipping-taxable","14":"product-type-simple"},"yoast_head":"<!-- This site is optimized with the Yoast SEO plugin v27.1.1 - https:\/\/yoast.com\/product\/yoast-seo-wordpress\/ -->\n<title>RN Ionisaattoritanko - Suomen Virtaustekniikka Oy<\/title>\n<meta name=\"description\" content=\"HAUG ionisaattoritangolla voidaan poistaa tuotantoa h\u00e4iritsev\u00e4t staattisen s\u00e4hk\u00f6n aiheuttamat pintavaraukset luotettavasti ja tehokkaasti.\" \/>\n<meta name=\"robots\" content=\"index, follow, max-snippet:-1, max-image-preview:large, max-video-preview:-1\" \/>\n<link rel=\"canonical\" href=\"https:\/\/virtaustekniikka.fi\/en\/product\/rn-ionisaattoritanko\/\" \/>\n<meta property=\"og:locale\" content=\"en_GB\" \/>\n<meta property=\"og:type\" content=\"article\" \/>\n<meta property=\"og:title\" content=\"RN Ionisaattoritanko - Suomen Virtaustekniikka Oy\" \/>\n<meta property=\"og:description\" content=\"HAUG ionisaattoritangolla voidaan poistaa tuotantoa h\u00e4iritsev\u00e4t staattisen s\u00e4hk\u00f6n aiheuttamat pintavaraukset luotettavasti ja tehokkaasti.\" \/>\n<meta property=\"og:url\" content=\"https:\/\/virtaustekniikka.fi\/en\/product\/rn-ionisaattoritanko\/\" \/>\n<meta property=\"og:site_name\" content=\"Suomen Virtaustekniikka Oy\" \/>\n<meta property=\"article:publisher\" content=\"https:\/\/www.facebook.com\/Virtaustekniikka\" \/>\n<meta property=\"article:modified_time\" content=\"2024-08-26T05:01:21+00:00\" \/>\n<meta property=\"og:image\" content=\"https:\/\/virtaustekniikka.fi\/wp-content\/uploads\/2022\/02\/rn-ionisaattoritanko.jpg\" \/>\n\t<meta property=\"og:image:width\" content=\"800\" \/>\n\t<meta property=\"og:image:height\" content=\"800\" \/>\n\t<meta property=\"og:image:type\" content=\"image\/jpeg\" \/>\n<meta name=\"twitter:card\" content=\"summary_large_image\" \/>\n<meta name=\"twitter:site\" content=\"@Virtaustekniikk\" \/>\n<script type=\"application\/ld+json\" class=\"yoast-schema-graph\">{\"@context\":\"https:\/\/schema.org\",\"@graph\":[{\"@type\":\"WebPage\",\"@id\":\"https:\/\/virtaustekniikka.fi\/tuote\/rn-ionisaattoritanko\/\",\"url\":\"https:\/\/virtaustekniikka.fi\/tuote\/rn-ionisaattoritanko\/\",\"name\":\"RN Ionisaattoritanko - Suomen Virtaustekniikka Oy\",\"isPartOf\":{\"@id\":\"https:\/\/virtaustekniikka.fi\/#website\"},\"primaryImageOfPage\":{\"@id\":\"https:\/\/virtaustekniikka.fi\/tuote\/rn-ionisaattoritanko\/#primaryimage\"},\"image\":{\"@id\":\"https:\/\/virtaustekniikka.fi\/tuote\/rn-ionisaattoritanko\/#primaryimage\"},\"thumbnailUrl\":\"https:\/\/virtaustekniikka.fi\/wp-content\/uploads\/2022\/02\/rn-ionisaattoritanko.jpg\",\"datePublished\":\"2022-02-01T13:39:59+00:00\",\"dateModified\":\"2024-08-26T05:01:21+00:00\",\"description\":\"HAUG ionisaattoritangolla voidaan poistaa tuotantoa h\u00e4iritsev\u00e4t staattisen s\u00e4hk\u00f6n aiheuttamat pintavaraukset luotettavasti ja tehokkaasti.\",\"breadcrumb\":{\"@id\":\"https:\/\/virtaustekniikka.fi\/tuote\/rn-ionisaattoritanko\/#breadcrumb\"},\"inLanguage\":\"en-GB\",\"potentialAction\":[{\"@type\":\"ReadAction\",\"target\":[\"https:\/\/virtaustekniikka.fi\/tuote\/rn-ionisaattoritanko\/\"]}]},{\"@type\":\"ImageObject\",\"inLanguage\":\"en-GB\",\"@id\":\"https:\/\/virtaustekniikka.fi\/tuote\/rn-ionisaattoritanko\/#primaryimage\",\"url\":\"https:\/\/virtaustekniikka.fi\/wp-content\/uploads\/2022\/02\/rn-ionisaattoritanko.jpg\",\"contentUrl\":\"https:\/\/virtaustekniikka.fi\/wp-content\/uploads\/2022\/02\/rn-ionisaattoritanko.jpg\",\"width\":800,\"height\":800,\"caption\":\"RN ionisaattoritanko\"},{\"@type\":\"BreadcrumbList\",\"@id\":\"https:\/\/virtaustekniikka.fi\/tuote\/rn-ionisaattoritanko\/#breadcrumb\",\"itemListElement\":[{\"@type\":\"ListItem\",\"position\":1,\"name\":\"Etusivu\",\"item\":\"https:\/\/virtaustekniikka.fi\/\"},{\"@type\":\"ListItem\",\"position\":2,\"name\":\"Etusivu\",\"item\":\"https:\/\/virtaustekniikka.fi\/etusivu\/\"},{\"@type\":\"ListItem\",\"position\":3,\"name\":\"RN Ionisaattoritanko\"}]},{\"@type\":\"WebSite\",\"@id\":\"https:\/\/virtaustekniikka.fi\/#website\",\"url\":\"https:\/\/virtaustekniikka.fi\/\",\"name\":\"Suomen Virtaustekniikka Oy\",\"description\":\"Paineilmatuotteita tuotannon tehostamiseen\",\"publisher\":{\"@id\":\"https:\/\/virtaustekniikka.fi\/#organization\"},\"potentialAction\":[{\"@type\":\"SearchAction\",\"target\":{\"@type\":\"EntryPoint\",\"urlTemplate\":\"https:\/\/virtaustekniikka.fi\/?s={search_term_string}\"},\"query-input\":{\"@type\":\"PropertyValueSpecification\",\"valueRequired\":true,\"valueName\":\"search_term_string\"}}],\"inLanguage\":\"en-GB\"},{\"@type\":\"Organization\",\"@id\":\"https:\/\/virtaustekniikka.fi\/#organization\",\"name\":\"Suomen Virtaustekniikka Oy\",\"url\":\"https:\/\/virtaustekniikka.fi\/\",\"logo\":{\"@type\":\"ImageObject\",\"inLanguage\":\"en-GB\",\"@id\":\"https:\/\/virtaustekniikka.fi\/#\/schema\/logo\/image\/\",\"url\":\"https:\/\/virtaustekniikka.fi\/wp-content\/uploads\/2022\/05\/LOGO2.jpg\",\"contentUrl\":\"https:\/\/virtaustekniikka.fi\/wp-content\/uploads\/2022\/05\/LOGO2.jpg\",\"width\":1000,\"height\":185,\"caption\":\"Suomen Virtaustekniikka Oy\"},\"image\":{\"@id\":\"https:\/\/virtaustekniikka.fi\/#\/schema\/logo\/image\/\"},\"sameAs\":[\"https:\/\/www.facebook.com\/Virtaustekniikka\",\"https:\/\/x.com\/Virtaustekniikk\",\"https:\/\/www.instagram.com\/virtaustekniikka\/\",\"https:\/\/www.linkedin.com\/company\/16270124\",\"https:\/\/www.youtube.com\/channel\/UCe0JNbsWIp8_ve7R2i8_egA\"]}]}<\/script>\n<!-- \/ Yoast SEO plugin. -->","yoast_head_json":{"title":"RN Ionisaattoritanko - Suomen Virtaustekniikka Oy","description":"HAUG ionisaattoritangolla voidaan poistaa tuotantoa h\u00e4iritsev\u00e4t staattisen s\u00e4hk\u00f6n aiheuttamat pintavaraukset luotettavasti ja tehokkaasti.","robots":{"index":"index","follow":"follow","max-snippet":"max-snippet:-1","max-image-preview":"max-image-preview:large","max-video-preview":"max-video-preview:-1"},"canonical":"https:\/\/virtaustekniikka.fi\/en\/product\/rn-ionisaattoritanko\/","og_locale":"en_GB","og_type":"article","og_title":"RN Ionisaattoritanko - Suomen Virtaustekniikka Oy","og_description":"HAUG ionisaattoritangolla voidaan poistaa tuotantoa h\u00e4iritsev\u00e4t staattisen s\u00e4hk\u00f6n aiheuttamat pintavaraukset luotettavasti ja tehokkaasti.","og_url":"https:\/\/virtaustekniikka.fi\/en\/product\/rn-ionisaattoritanko\/","og_site_name":"Suomen Virtaustekniikka Oy","article_publisher":"https:\/\/www.facebook.com\/Virtaustekniikka","article_modified_time":"2024-08-26T05:01:21+00:00","og_image":[{"width":800,"height":800,"url":"https:\/\/virtaustekniikka.fi\/wp-content\/uploads\/2022\/02\/rn-ionisaattoritanko.jpg","type":"image\/jpeg"}],"twitter_card":"summary_large_image","twitter_site":"@Virtaustekniikk","schema":{"@context":"https:\/\/schema.org","@graph":[{"@type":"WebPage","@id":"https:\/\/virtaustekniikka.fi\/tuote\/rn-ionisaattoritanko\/","url":"https:\/\/virtaustekniikka.fi\/tuote\/rn-ionisaattoritanko\/","name":"RN Ionisaattoritanko - Suomen Virtaustekniikka Oy","isPartOf":{"@id":"https:\/\/virtaustekniikka.fi\/#website"},"primaryImageOfPage":{"@id":"https:\/\/virtaustekniikka.fi\/tuote\/rn-ionisaattoritanko\/#primaryimage"},"image":{"@id":"https:\/\/virtaustekniikka.fi\/tuote\/rn-ionisaattoritanko\/#primaryimage"},"thumbnailUrl":"https:\/\/virtaustekniikka.fi\/wp-content\/uploads\/2022\/02\/rn-ionisaattoritanko.jpg","datePublished":"2022-02-01T13:39:59+00:00","dateModified":"2024-08-26T05:01:21+00:00","description":"HAUG ionisaattoritangolla voidaan poistaa tuotantoa h\u00e4iritsev\u00e4t staattisen s\u00e4hk\u00f6n aiheuttamat pintavaraukset luotettavasti ja tehokkaasti.","breadcrumb":{"@id":"https:\/\/virtaustekniikka.fi\/tuote\/rn-ionisaattoritanko\/#breadcrumb"},"inLanguage":"en-GB","potentialAction":[{"@type":"ReadAction","target":["https:\/\/virtaustekniikka.fi\/tuote\/rn-ionisaattoritanko\/"]}]},{"@type":"ImageObject","inLanguage":"en-GB","@id":"https:\/\/virtaustekniikka.fi\/tuote\/rn-ionisaattoritanko\/#primaryimage","url":"https:\/\/virtaustekniikka.fi\/wp-content\/uploads\/2022\/02\/rn-ionisaattoritanko.jpg","contentUrl":"https:\/\/virtaustekniikka.fi\/wp-content\/uploads\/2022\/02\/rn-ionisaattoritanko.jpg","width":800,"height":800,"caption":"RN ionisaattoritanko"},{"@type":"BreadcrumbList","@id":"https:\/\/virtaustekniikka.fi\/tuote\/rn-ionisaattoritanko\/#breadcrumb","itemListElement":[{"@type":"ListItem","position":1,"name":"Etusivu","item":"https:\/\/virtaustekniikka.fi\/"},{"@type":"ListItem","position":2,"name":"Etusivu","item":"https:\/\/virtaustekniikka.fi\/etusivu\/"},{"@type":"ListItem","position":3,"name":"RN Ionisaattoritanko"}]},{"@type":"WebSite","@id":"https:\/\/virtaustekniikka.fi\/#website","url":"https:\/\/virtaustekniikka.fi\/","name":"Suomen Virtaustekniikka Oy","description":"Paineilmatuotteita tuotannon tehostamiseen","publisher":{"@id":"https:\/\/virtaustekniikka.fi\/#organization"},"potentialAction":[{"@type":"SearchAction","target":{"@type":"EntryPoint","urlTemplate":"https:\/\/virtaustekniikka.fi\/?s={search_term_string}"},"query-input":{"@type":"PropertyValueSpecification","valueRequired":true,"valueName":"search_term_string"}}],"inLanguage":"en-GB"},{"@type":"Organization","@id":"https:\/\/virtaustekniikka.fi\/#organization","name":"Suomen Virtaustekniikka Oy","url":"https:\/\/virtaustekniikka.fi\/","logo":{"@type":"ImageObject","inLanguage":"en-GB","@id":"https:\/\/virtaustekniikka.fi\/#\/schema\/logo\/image\/","url":"https:\/\/virtaustekniikka.fi\/wp-content\/uploads\/2022\/05\/LOGO2.jpg","contentUrl":"https:\/\/virtaustekniikka.fi\/wp-content\/uploads\/2022\/05\/LOGO2.jpg","width":1000,"height":185,"caption":"Suomen Virtaustekniikka Oy"},"image":{"@id":"https:\/\/virtaustekniikka.fi\/#\/schema\/logo\/image\/"},"sameAs":["https:\/\/www.facebook.com\/Virtaustekniikka","https:\/\/x.com\/Virtaustekniikk","https:\/\/www.instagram.com\/virtaustekniikka\/","https:\/\/www.linkedin.com\/company\/16270124","https:\/\/www.youtube.com\/channel\/UCe0JNbsWIp8_ve7R2i8_egA"]}]}},"jetpack_sharing_enabled":true,"_links":{"self":[{"href":"https:\/\/virtaustekniikka.fi\/en\/wp-json\/wp\/v2\/product\/1124","targetHints":{"allow":["GET"]}}],"collection":[{"href":"https:\/\/virtaustekniikka.fi\/en\/wp-json\/wp\/v2\/product"}],"about":[{"href":"https:\/\/virtaustekniikka.fi\/en\/wp-json\/wp\/v2\/types\/product"}],"wp:featuredmedia":[{"embeddable":true,"href":"https:\/\/virtaustekniikka.fi\/en\/wp-json\/wp\/v2\/media\/1125"}],"wp:attachment":[{"href":"https:\/\/virtaustekniikka.fi\/en\/wp-json\/wp\/v2\/media?parent=1124"}],"wp:term":[{"taxonomy":"product_brand","embeddable":true,"href":"https:\/\/virtaustekniikka.fi\/en\/wp-json\/wp\/v2\/product_brand?post=1124"},{"taxonomy":"product_cat","embeddable":true,"href":"https:\/\/virtaustekniikka.fi\/en\/wp-json\/wp\/v2\/product_cat?post=1124"},{"taxonomy":"product_tag","embeddable":true,"href":"https:\/\/virtaustekniikka.fi\/en\/wp-json\/wp\/v2\/product_tag?post=1124"},{"taxonomy":"berocket_brand","embeddable":true,"href":"https:\/\/virtaustekniikka.fi\/en\/wp-json\/wp\/v2\/berocket_brand?post=1124"}],"curies":[{"name":"wp","href":"https:\/\/api.w.org\/{rel}","templated":true}]}}