{"id":1430,"date":"2022-04-28T21:38:57","date_gmt":"2022-04-28T21:38:57","guid":{"rendered":"https:\/\/virtaustekniikka.fi\/testi_wp_fi\/?post_type=product&#038;p=1430"},"modified":"2022-05-02T13:14:38","modified_gmt":"2022-05-02T13:14:38","slug":"ilmanohjausletkut","status":"publish","type":"product","link":"https:\/\/virtaustekniikka.fi\/en\/product\/ilmanohjausletkut\/","title":{"rendered":"Air hoses"},"content":{"rendered":"<p><a href=\"https:\/\/virtaustekniikka.fi\/wp-admin\/PDFs\/Tyokalujaahdytys.pdf\" target=\"_blank\" rel=\"noopener\"><button class=\"btn btn-warning btn-xs\">Brochure PDF<\/button><\/a>  <a href=\"https:\/\/virtaustekniikka.fi\/en\/hinnasto\/\" target=\"_blank\" rel=\"noopener\"><button class=\"btn btn-primary btn-xs\">Price List<\/button><\/a><\/p>\n<table class=\"tb-prices\">\n<thead>\n<tr>\n<th>REFERENCE<\/th>\n<th>DESCRIPTION<\/th>\n<th><\/th>\n<\/tr>\n<\/thead>\n<tbody>\n<tr class=\"tableizer-firstrow\">\n<td>59001<\/td>\n<td>Letkusarja yhdell\u00e4 ulostulolla<\/td>\n<td style=\"text-align: center;\"><\/td>\n<\/tr>\n<tr>\n<td>59002<\/td>\n<td>Letkusarja kahdella ulostulolla<\/td>\n<td style=\"text-align: center;\"><\/td>\n<\/tr>\n<\/tbody>\n<\/table>","protected":false},"excerpt":{"rendered":"<p>Taipuisilla ilmanohjausletkuilla voidaan ohjata kylm\u00e4 ilma tarkasti kohteeseen. Ilmanohjausketkut sopivat suoraan ty\u00f6kaluj\u00e4\u00e4hdyttimiin sek\u00e4 Vortex-putkien kylm\u00e4\u00e4n p\u00e4\u00e4h\u00e4n tuleviin \u00e4\u00e4nenvaimentimiin. Ilmanohjausletkuja on saatavana yhdell\u00e4 tai kahdella ulostulolla.<\/p>","protected":false},"featured_media":1432,"template":"","meta":[],"product_brand":[],"product_cat":[15],"product_tag":[],"berocket_brand":[],"class_list":{"0":"post-1430","1":"product","2":"type-product","3":"status-publish","6":"product_cat-lisavarusteet","8":"first","9":"instock","10":"taxable","11":"shipping-taxable","12":"product-type-variable"},"yoast_head":"<!-- This site is optimized with the Yoast SEO plugin v27.1.1 - https:\/\/yoast.com\/product\/yoast-seo-wordpress\/ -->\n<title>Ilmanohjausletkut - Suomen Virtaustekniikka Oy<\/title>\n<meta name=\"description\" content=\"Taipuisilla ilamnohjausletkuilla voidaan ohjata kylm\u00e4 ilma tarkasti kohteeseen.\" \/>\n<meta name=\"robots\" content=\"index, follow, max-snippet:-1, max-image-preview:large, max-video-preview:-1\" \/>\n<link rel=\"canonical\" href=\"https:\/\/virtaustekniikka.fi\/en\/product\/ilmanohjausletkut\/\" \/>\n<meta property=\"og:locale\" content=\"en_GB\" \/>\n<meta property=\"og:type\" content=\"article\" \/>\n<meta property=\"og:title\" content=\"Ilmanohjausletkut - Suomen Virtaustekniikka Oy\" \/>\n<meta property=\"og:description\" content=\"Taipuisilla ilamnohjausletkuilla voidaan ohjata kylm\u00e4 ilma tarkasti kohteeseen.\" \/>\n<meta property=\"og:url\" content=\"https:\/\/virtaustekniikka.fi\/en\/product\/ilmanohjausletkut\/\" \/>\n<meta property=\"og:site_name\" content=\"Suomen Virtaustekniikka Oy\" \/>\n<meta property=\"article:publisher\" content=\"https:\/\/www.facebook.com\/Virtaustekniikka\" \/>\n<meta property=\"article:modified_time\" content=\"2022-05-02T13:14:38+00:00\" \/>\n<meta property=\"og:image\" content=\"https:\/\/virtaustekniikka.fi\/wp-content\/uploads\/2022\/04\/Letkusarjat.png\" \/>\n\t<meta property=\"og:image:width\" content=\"545\" \/>\n\t<meta property=\"og:image:height\" content=\"545\" \/>\n\t<meta property=\"og:image:type\" content=\"image\/png\" \/>\n<meta name=\"twitter:card\" content=\"summary_large_image\" \/>\n<meta name=\"twitter:site\" content=\"@Virtaustekniikk\" \/>\n<script type=\"application\/ld+json\" class=\"yoast-schema-graph\">{\"@context\":\"https:\/\/schema.org\",\"@graph\":[{\"@type\":\"WebPage\",\"@id\":\"https:\/\/virtaustekniikka.fi\/tuote\/ilmanohjausletkut\/\",\"url\":\"https:\/\/virtaustekniikka.fi\/tuote\/ilmanohjausletkut\/\",\"name\":\"Ilmanohjausletkut - Suomen Virtaustekniikka Oy\",\"isPartOf\":{\"@id\":\"https:\/\/virtaustekniikka.fi\/#website\"},\"primaryImageOfPage\":{\"@id\":\"https:\/\/virtaustekniikka.fi\/tuote\/ilmanohjausletkut\/#primaryimage\"},\"image\":{\"@id\":\"https:\/\/virtaustekniikka.fi\/tuote\/ilmanohjausletkut\/#primaryimage\"},\"thumbnailUrl\":\"https:\/\/virtaustekniikka.fi\/wp-content\/uploads\/2022\/04\/Letkusarjat.png\",\"datePublished\":\"2022-04-28T21:38:57+00:00\",\"dateModified\":\"2022-05-02T13:14:38+00:00\",\"description\":\"Taipuisilla ilamnohjausletkuilla voidaan ohjata kylm\u00e4 ilma tarkasti kohteeseen.\",\"breadcrumb\":{\"@id\":\"https:\/\/virtaustekniikka.fi\/tuote\/ilmanohjausletkut\/#breadcrumb\"},\"inLanguage\":\"en-GB\",\"potentialAction\":[{\"@type\":\"ReadAction\",\"target\":[\"https:\/\/virtaustekniikka.fi\/tuote\/ilmanohjausletkut\/\"]}]},{\"@type\":\"ImageObject\",\"inLanguage\":\"en-GB\",\"@id\":\"https:\/\/virtaustekniikka.fi\/tuote\/ilmanohjausletkut\/#primaryimage\",\"url\":\"https:\/\/virtaustekniikka.fi\/wp-content\/uploads\/2022\/04\/Letkusarjat.png\",\"contentUrl\":\"https:\/\/virtaustekniikka.fi\/wp-content\/uploads\/2022\/04\/Letkusarjat.png\",\"width\":545,\"height\":545,\"caption\":\"Letkusarjat\"},{\"@type\":\"BreadcrumbList\",\"@id\":\"https:\/\/virtaustekniikka.fi\/tuote\/ilmanohjausletkut\/#breadcrumb\",\"itemListElement\":[{\"@type\":\"ListItem\",\"position\":1,\"name\":\"Etusivu\",\"item\":\"https:\/\/virtaustekniikka.fi\/\"},{\"@type\":\"ListItem\",\"position\":2,\"name\":\"Etusivu\",\"item\":\"https:\/\/virtaustekniikka.fi\/etusivu\/\"},{\"@type\":\"ListItem\",\"position\":3,\"name\":\"Ilmanohjausletkut\"}]},{\"@type\":\"WebSite\",\"@id\":\"https:\/\/virtaustekniikka.fi\/#website\",\"url\":\"https:\/\/virtaustekniikka.fi\/\",\"name\":\"Suomen Virtaustekniikka Oy\",\"description\":\"Paineilmatuotteita tuotannon tehostamiseen\",\"publisher\":{\"@id\":\"https:\/\/virtaustekniikka.fi\/#organization\"},\"potentialAction\":[{\"@type\":\"SearchAction\",\"target\":{\"@type\":\"EntryPoint\",\"urlTemplate\":\"https:\/\/virtaustekniikka.fi\/?s={search_term_string}\"},\"query-input\":{\"@type\":\"PropertyValueSpecification\",\"valueRequired\":true,\"valueName\":\"search_term_string\"}}],\"inLanguage\":\"en-GB\"},{\"@type\":\"Organization\",\"@id\":\"https:\/\/virtaustekniikka.fi\/#organization\",\"name\":\"Suomen Virtaustekniikka Oy\",\"url\":\"https:\/\/virtaustekniikka.fi\/\",\"logo\":{\"@type\":\"ImageObject\",\"inLanguage\":\"en-GB\",\"@id\":\"https:\/\/virtaustekniikka.fi\/#\/schema\/logo\/image\/\",\"url\":\"https:\/\/virtaustekniikka.fi\/wp-content\/uploads\/2022\/05\/LOGO2.jpg\",\"contentUrl\":\"https:\/\/virtaustekniikka.fi\/wp-content\/uploads\/2022\/05\/LOGO2.jpg\",\"width\":1000,\"height\":185,\"caption\":\"Suomen Virtaustekniikka Oy\"},\"image\":{\"@id\":\"https:\/\/virtaustekniikka.fi\/#\/schema\/logo\/image\/\"},\"sameAs\":[\"https:\/\/www.facebook.com\/Virtaustekniikka\",\"https:\/\/x.com\/Virtaustekniikk\",\"https:\/\/www.instagram.com\/virtaustekniikka\/\",\"https:\/\/www.linkedin.com\/company\/16270124\",\"https:\/\/www.youtube.com\/channel\/UCe0JNbsWIp8_ve7R2i8_egA\"]}]}<\/script>\n<!-- \/ Yoast SEO plugin. -->","yoast_head_json":{"title":"Ilmanohjausletkut - Suomen Virtaustekniikka Oy","description":"Taipuisilla ilamnohjausletkuilla voidaan ohjata kylm\u00e4 ilma tarkasti kohteeseen.","robots":{"index":"index","follow":"follow","max-snippet":"max-snippet:-1","max-image-preview":"max-image-preview:large","max-video-preview":"max-video-preview:-1"},"canonical":"https:\/\/virtaustekniikka.fi\/en\/product\/ilmanohjausletkut\/","og_locale":"en_GB","og_type":"article","og_title":"Ilmanohjausletkut - Suomen Virtaustekniikka Oy","og_description":"Taipuisilla ilamnohjausletkuilla voidaan ohjata kylm\u00e4 ilma tarkasti kohteeseen.","og_url":"https:\/\/virtaustekniikka.fi\/en\/product\/ilmanohjausletkut\/","og_site_name":"Suomen Virtaustekniikka Oy","article_publisher":"https:\/\/www.facebook.com\/Virtaustekniikka","article_modified_time":"2022-05-02T13:14:38+00:00","og_image":[{"width":545,"height":545,"url":"https:\/\/virtaustekniikka.fi\/wp-content\/uploads\/2022\/04\/Letkusarjat.png","type":"image\/png"}],"twitter_card":"summary_large_image","twitter_site":"@Virtaustekniikk","schema":{"@context":"https:\/\/schema.org","@graph":[{"@type":"WebPage","@id":"https:\/\/virtaustekniikka.fi\/tuote\/ilmanohjausletkut\/","url":"https:\/\/virtaustekniikka.fi\/tuote\/ilmanohjausletkut\/","name":"Ilmanohjausletkut - Suomen Virtaustekniikka Oy","isPartOf":{"@id":"https:\/\/virtaustekniikka.fi\/#website"},"primaryImageOfPage":{"@id":"https:\/\/virtaustekniikka.fi\/tuote\/ilmanohjausletkut\/#primaryimage"},"image":{"@id":"https:\/\/virtaustekniikka.fi\/tuote\/ilmanohjausletkut\/#primaryimage"},"thumbnailUrl":"https:\/\/virtaustekniikka.fi\/wp-content\/uploads\/2022\/04\/Letkusarjat.png","datePublished":"2022-04-28T21:38:57+00:00","dateModified":"2022-05-02T13:14:38+00:00","description":"Taipuisilla ilamnohjausletkuilla voidaan ohjata kylm\u00e4 ilma tarkasti kohteeseen.","breadcrumb":{"@id":"https:\/\/virtaustekniikka.fi\/tuote\/ilmanohjausletkut\/#breadcrumb"},"inLanguage":"en-GB","potentialAction":[{"@type":"ReadAction","target":["https:\/\/virtaustekniikka.fi\/tuote\/ilmanohjausletkut\/"]}]},{"@type":"ImageObject","inLanguage":"en-GB","@id":"https:\/\/virtaustekniikka.fi\/tuote\/ilmanohjausletkut\/#primaryimage","url":"https:\/\/virtaustekniikka.fi\/wp-content\/uploads\/2022\/04\/Letkusarjat.png","contentUrl":"https:\/\/virtaustekniikka.fi\/wp-content\/uploads\/2022\/04\/Letkusarjat.png","width":545,"height":545,"caption":"Letkusarjat"},{"@type":"BreadcrumbList","@id":"https:\/\/virtaustekniikka.fi\/tuote\/ilmanohjausletkut\/#breadcrumb","itemListElement":[{"@type":"ListItem","position":1,"name":"Etusivu","item":"https:\/\/virtaustekniikka.fi\/"},{"@type":"ListItem","position":2,"name":"Etusivu","item":"https:\/\/virtaustekniikka.fi\/etusivu\/"},{"@type":"ListItem","position":3,"name":"Ilmanohjausletkut"}]},{"@type":"WebSite","@id":"https:\/\/virtaustekniikka.fi\/#website","url":"https:\/\/virtaustekniikka.fi\/","name":"Suomen Virtaustekniikka Oy","description":"Paineilmatuotteita tuotannon tehostamiseen","publisher":{"@id":"https:\/\/virtaustekniikka.fi\/#organization"},"potentialAction":[{"@type":"SearchAction","target":{"@type":"EntryPoint","urlTemplate":"https:\/\/virtaustekniikka.fi\/?s={search_term_string}"},"query-input":{"@type":"PropertyValueSpecification","valueRequired":true,"valueName":"search_term_string"}}],"inLanguage":"en-GB"},{"@type":"Organization","@id":"https:\/\/virtaustekniikka.fi\/#organization","name":"Suomen Virtaustekniikka Oy","url":"https:\/\/virtaustekniikka.fi\/","logo":{"@type":"ImageObject","inLanguage":"en-GB","@id":"https:\/\/virtaustekniikka.fi\/#\/schema\/logo\/image\/","url":"https:\/\/virtaustekniikka.fi\/wp-content\/uploads\/2022\/05\/LOGO2.jpg","contentUrl":"https:\/\/virtaustekniikka.fi\/wp-content\/uploads\/2022\/05\/LOGO2.jpg","width":1000,"height":185,"caption":"Suomen Virtaustekniikka Oy"},"image":{"@id":"https:\/\/virtaustekniikka.fi\/#\/schema\/logo\/image\/"},"sameAs":["https:\/\/www.facebook.com\/Virtaustekniikka","https:\/\/x.com\/Virtaustekniikk","https:\/\/www.instagram.com\/virtaustekniikka\/","https:\/\/www.linkedin.com\/company\/16270124","https:\/\/www.youtube.com\/channel\/UCe0JNbsWIp8_ve7R2i8_egA"]}]}},"jetpack_sharing_enabled":true,"_links":{"self":[{"href":"https:\/\/virtaustekniikka.fi\/en\/wp-json\/wp\/v2\/product\/1430","targetHints":{"allow":["GET"]}}],"collection":[{"href":"https:\/\/virtaustekniikka.fi\/en\/wp-json\/wp\/v2\/product"}],"about":[{"href":"https:\/\/virtaustekniikka.fi\/en\/wp-json\/wp\/v2\/types\/product"}],"wp:featuredmedia":[{"embeddable":true,"href":"https:\/\/virtaustekniikka.fi\/en\/wp-json\/wp\/v2\/media\/1432"}],"wp:attachment":[{"href":"https:\/\/virtaustekniikka.fi\/en\/wp-json\/wp\/v2\/media?parent=1430"}],"wp:term":[{"taxonomy":"product_brand","embeddable":true,"href":"https:\/\/virtaustekniikka.fi\/en\/wp-json\/wp\/v2\/product_brand?post=1430"},{"taxonomy":"product_cat","embeddable":true,"href":"https:\/\/virtaustekniikka.fi\/en\/wp-json\/wp\/v2\/product_cat?post=1430"},{"taxonomy":"product_tag","embeddable":true,"href":"https:\/\/virtaustekniikka.fi\/en\/wp-json\/wp\/v2\/product_tag?post=1430"},{"taxonomy":"berocket_brand","embeddable":true,"href":"https:\/\/virtaustekniikka.fi\/en\/wp-json\/wp\/v2\/berocket_brand?post=1430"}],"curies":[{"name":"wp","href":"https:\/\/api.w.org\/{rel}","templated":true}]}}