{"id":1489,"date":"2022-05-03T12:17:06","date_gmt":"2022-05-03T12:17:06","guid":{"rendered":"https:\/\/virtaustekniikka.fi\/?post_type=product&#038;p=1489"},"modified":"2025-05-30T07:23:23","modified_gmt":"2025-05-30T07:23:23","slug":"sivukiinnityssarja-kotelojaahdyttimelle","status":"publish","type":"product","link":"https:\/\/virtaustekniikka.fi\/en\/product\/sivukiinnityssarja-kotelojaahdyttimelle\/","title":{"rendered":"Side mount kit"},"content":{"rendered":"<p><a href=\"https:\/\/virtaustekniikka.fi\/en\/hinnasto\/\" target=\"_blank\" rel=\"noopener\"><button class=\"btn btn-primary btn-xs\">Price List<\/button><\/a><\/p>\n<p>&nbsp;<\/p>","protected":false},"excerpt":{"rendered":"<p>Cabinet coolers should always be installed in a vertical position. Only then will the IP rating requirements be met and the hot air inside the case can escape through the exhaust routing at the base of the cabinet cooler. If there is not enough space on top of the case, the cabinet cooler can be mounted on the side of the case using a side mounting kit. Suitable for case coolers with a power of 322 W and higher. The side mounting kit is available in 316L stainless steel or aluminum.<\/p>","protected":false},"featured_media":1495,"template":"","meta":[],"product_brand":[],"product_cat":[15],"product_tag":[],"berocket_brand":[],"class_list":{"0":"post-1489","1":"product","2":"type-product","3":"status-publish","6":"product_cat-lisavarusteet","8":"first","9":"instock","10":"taxable","11":"shipping-taxable","12":"product-type-variable"},"yoast_head":"<!-- This site is optimized with the Yoast SEO plugin v27.1.1 - https:\/\/yoast.com\/product\/yoast-seo-wordpress\/ -->\n<title>Sivukiinnityssarja koteloj\u00e4\u00e4hdyttimelle - Suomen Virtaustekniikka Oy<\/title>\n<meta name=\"robots\" content=\"index, follow, max-snippet:-1, max-image-preview:large, max-video-preview:-1\" \/>\n<link rel=\"canonical\" href=\"https:\/\/virtaustekniikka.fi\/en\/product\/sivukiinnityssarja-kotelojaahdyttimelle\/\" \/>\n<meta property=\"og:locale\" content=\"en_GB\" \/>\n<meta property=\"og:type\" content=\"article\" \/>\n<meta property=\"og:title\" content=\"Sivukiinnityssarja koteloj\u00e4\u00e4hdyttimelle - Suomen Virtaustekniikka Oy\" \/>\n<meta property=\"og:description\" content=\"Koteloj\u00e4\u00e4hdyttimet tulee asentaa aina pystyasentoon. Vain silloin t\u00e4yttyy IP-luokituksen vaatimukset ja kotelon sis\u00e4ll\u00e4 oleva kuuma ilma p\u00e4\u00e4see poistumaan koteloj\u00e4\u00e4hdyttumen juuressa olevasta ulosvirtausventtiilist\u00e4. Jos kotelon p\u00e4\u00e4ll\u00e4 ei ole riitt\u00e4v\u00e4sti tilaa niin silloin koteloj\u00e4\u00e4hdytin voidaan asentaa kotelon kylkeen sivukiinnityssarjan avulla. Sopii 322 W ja tehokkaammille koteloj\u00e4\u00e4hdyttimille. Sivukiinnityssarjaa on saatavana 316L ruostumattomasta ter\u00e4ksest\u00e4 tai alumiinista valmistettuna.\" \/>\n<meta property=\"og:url\" content=\"https:\/\/virtaustekniikka.fi\/en\/product\/sivukiinnityssarja-kotelojaahdyttimelle\/\" \/>\n<meta property=\"og:site_name\" content=\"Suomen Virtaustekniikka Oy\" \/>\n<meta property=\"article:publisher\" content=\"https:\/\/www.facebook.com\/Virtaustekniikka\" \/>\n<meta property=\"article:modified_time\" content=\"2025-05-30T07:23:23+00:00\" \/>\n<meta property=\"og:image\" content=\"https:\/\/virtaustekniikka.fi\/wp-content\/uploads\/2022\/05\/sivukiinnityssarjat.png\" \/>\n\t<meta property=\"og:image:width\" content=\"346\" \/>\n\t<meta property=\"og:image:height\" content=\"339\" \/>\n\t<meta property=\"og:image:type\" content=\"image\/png\" \/>\n<meta name=\"twitter:card\" content=\"summary_large_image\" \/>\n<meta name=\"twitter:site\" content=\"@Virtaustekniikk\" \/>\n<script type=\"application\/ld+json\" class=\"yoast-schema-graph\">{\"@context\":\"https:\/\/schema.org\",\"@graph\":[{\"@type\":\"WebPage\",\"@id\":\"https:\/\/virtaustekniikka.fi\/tuote\/sivukiinnityssarja-kotelojaahdyttimelle\/\",\"url\":\"https:\/\/virtaustekniikka.fi\/tuote\/sivukiinnityssarja-kotelojaahdyttimelle\/\",\"name\":\"Sivukiinnityssarja koteloj\u00e4\u00e4hdyttimelle - Suomen Virtaustekniikka Oy\",\"isPartOf\":{\"@id\":\"https:\/\/virtaustekniikka.fi\/#website\"},\"primaryImageOfPage\":{\"@id\":\"https:\/\/virtaustekniikka.fi\/tuote\/sivukiinnityssarja-kotelojaahdyttimelle\/#primaryimage\"},\"image\":{\"@id\":\"https:\/\/virtaustekniikka.fi\/tuote\/sivukiinnityssarja-kotelojaahdyttimelle\/#primaryimage\"},\"thumbnailUrl\":\"https:\/\/virtaustekniikka.fi\/wp-content\/uploads\/2022\/05\/sivukiinnityssarjat.png\",\"datePublished\":\"2022-05-03T12:17:06+00:00\",\"dateModified\":\"2025-05-30T07:23:23+00:00\",\"breadcrumb\":{\"@id\":\"https:\/\/virtaustekniikka.fi\/tuote\/sivukiinnityssarja-kotelojaahdyttimelle\/#breadcrumb\"},\"inLanguage\":\"en-GB\",\"potentialAction\":[{\"@type\":\"ReadAction\",\"target\":[\"https:\/\/virtaustekniikka.fi\/tuote\/sivukiinnityssarja-kotelojaahdyttimelle\/\"]}]},{\"@type\":\"ImageObject\",\"inLanguage\":\"en-GB\",\"@id\":\"https:\/\/virtaustekniikka.fi\/tuote\/sivukiinnityssarja-kotelojaahdyttimelle\/#primaryimage\",\"url\":\"https:\/\/virtaustekniikka.fi\/wp-content\/uploads\/2022\/05\/sivukiinnityssarjat.png\",\"contentUrl\":\"https:\/\/virtaustekniikka.fi\/wp-content\/uploads\/2022\/05\/sivukiinnityssarjat.png\",\"width\":346,\"height\":339},{\"@type\":\"BreadcrumbList\",\"@id\":\"https:\/\/virtaustekniikka.fi\/tuote\/sivukiinnityssarja-kotelojaahdyttimelle\/#breadcrumb\",\"itemListElement\":[{\"@type\":\"ListItem\",\"position\":1,\"name\":\"Etusivu\",\"item\":\"https:\/\/virtaustekniikka.fi\/\"},{\"@type\":\"ListItem\",\"position\":2,\"name\":\"Etusivu\",\"item\":\"https:\/\/virtaustekniikka.fi\/etusivu\/\"},{\"@type\":\"ListItem\",\"position\":3,\"name\":\"Sivukiinnityssarja koteloj\u00e4\u00e4hdyttimelle\"}]},{\"@type\":\"WebSite\",\"@id\":\"https:\/\/virtaustekniikka.fi\/#website\",\"url\":\"https:\/\/virtaustekniikka.fi\/\",\"name\":\"Suomen Virtaustekniikka Oy\",\"description\":\"Paineilmatuotteita tuotannon tehostamiseen\",\"publisher\":{\"@id\":\"https:\/\/virtaustekniikka.fi\/#organization\"},\"potentialAction\":[{\"@type\":\"SearchAction\",\"target\":{\"@type\":\"EntryPoint\",\"urlTemplate\":\"https:\/\/virtaustekniikka.fi\/?s={search_term_string}\"},\"query-input\":{\"@type\":\"PropertyValueSpecification\",\"valueRequired\":true,\"valueName\":\"search_term_string\"}}],\"inLanguage\":\"en-GB\"},{\"@type\":\"Organization\",\"@id\":\"https:\/\/virtaustekniikka.fi\/#organization\",\"name\":\"Suomen Virtaustekniikka Oy\",\"url\":\"https:\/\/virtaustekniikka.fi\/\",\"logo\":{\"@type\":\"ImageObject\",\"inLanguage\":\"en-GB\",\"@id\":\"https:\/\/virtaustekniikka.fi\/#\/schema\/logo\/image\/\",\"url\":\"https:\/\/virtaustekniikka.fi\/wp-content\/uploads\/2022\/05\/LOGO2.jpg\",\"contentUrl\":\"https:\/\/virtaustekniikka.fi\/wp-content\/uploads\/2022\/05\/LOGO2.jpg\",\"width\":1000,\"height\":185,\"caption\":\"Suomen Virtaustekniikka Oy\"},\"image\":{\"@id\":\"https:\/\/virtaustekniikka.fi\/#\/schema\/logo\/image\/\"},\"sameAs\":[\"https:\/\/www.facebook.com\/Virtaustekniikka\",\"https:\/\/x.com\/Virtaustekniikk\",\"https:\/\/www.instagram.com\/virtaustekniikka\/\",\"https:\/\/www.linkedin.com\/company\/16270124\",\"https:\/\/www.youtube.com\/channel\/UCe0JNbsWIp8_ve7R2i8_egA\"]}]}<\/script>\n<!-- \/ Yoast SEO plugin. -->","yoast_head_json":{"title":"Sivukiinnityssarja koteloj\u00e4\u00e4hdyttimelle - Suomen Virtaustekniikka Oy","robots":{"index":"index","follow":"follow","max-snippet":"max-snippet:-1","max-image-preview":"max-image-preview:large","max-video-preview":"max-video-preview:-1"},"canonical":"https:\/\/virtaustekniikka.fi\/en\/product\/sivukiinnityssarja-kotelojaahdyttimelle\/","og_locale":"en_GB","og_type":"article","og_title":"Sivukiinnityssarja koteloj\u00e4\u00e4hdyttimelle - Suomen Virtaustekniikka Oy","og_description":"Koteloj\u00e4\u00e4hdyttimet tulee asentaa aina pystyasentoon. Vain silloin t\u00e4yttyy IP-luokituksen vaatimukset ja kotelon sis\u00e4ll\u00e4 oleva kuuma ilma p\u00e4\u00e4see poistumaan koteloj\u00e4\u00e4hdyttumen juuressa olevasta ulosvirtausventtiilist\u00e4. Jos kotelon p\u00e4\u00e4ll\u00e4 ei ole riitt\u00e4v\u00e4sti tilaa niin silloin koteloj\u00e4\u00e4hdytin voidaan asentaa kotelon kylkeen sivukiinnityssarjan avulla. Sopii 322 W ja tehokkaammille koteloj\u00e4\u00e4hdyttimille. Sivukiinnityssarjaa on saatavana 316L ruostumattomasta ter\u00e4ksest\u00e4 tai alumiinista valmistettuna.","og_url":"https:\/\/virtaustekniikka.fi\/en\/product\/sivukiinnityssarja-kotelojaahdyttimelle\/","og_site_name":"Suomen Virtaustekniikka Oy","article_publisher":"https:\/\/www.facebook.com\/Virtaustekniikka","article_modified_time":"2025-05-30T07:23:23+00:00","og_image":[{"width":346,"height":339,"url":"https:\/\/virtaustekniikka.fi\/wp-content\/uploads\/2022\/05\/sivukiinnityssarjat.png","type":"image\/png"}],"twitter_card":"summary_large_image","twitter_site":"@Virtaustekniikk","schema":{"@context":"https:\/\/schema.org","@graph":[{"@type":"WebPage","@id":"https:\/\/virtaustekniikka.fi\/tuote\/sivukiinnityssarja-kotelojaahdyttimelle\/","url":"https:\/\/virtaustekniikka.fi\/tuote\/sivukiinnityssarja-kotelojaahdyttimelle\/","name":"Sivukiinnityssarja koteloj\u00e4\u00e4hdyttimelle - Suomen Virtaustekniikka Oy","isPartOf":{"@id":"https:\/\/virtaustekniikka.fi\/#website"},"primaryImageOfPage":{"@id":"https:\/\/virtaustekniikka.fi\/tuote\/sivukiinnityssarja-kotelojaahdyttimelle\/#primaryimage"},"image":{"@id":"https:\/\/virtaustekniikka.fi\/tuote\/sivukiinnityssarja-kotelojaahdyttimelle\/#primaryimage"},"thumbnailUrl":"https:\/\/virtaustekniikka.fi\/wp-content\/uploads\/2022\/05\/sivukiinnityssarjat.png","datePublished":"2022-05-03T12:17:06+00:00","dateModified":"2025-05-30T07:23:23+00:00","breadcrumb":{"@id":"https:\/\/virtaustekniikka.fi\/tuote\/sivukiinnityssarja-kotelojaahdyttimelle\/#breadcrumb"},"inLanguage":"en-GB","potentialAction":[{"@type":"ReadAction","target":["https:\/\/virtaustekniikka.fi\/tuote\/sivukiinnityssarja-kotelojaahdyttimelle\/"]}]},{"@type":"ImageObject","inLanguage":"en-GB","@id":"https:\/\/virtaustekniikka.fi\/tuote\/sivukiinnityssarja-kotelojaahdyttimelle\/#primaryimage","url":"https:\/\/virtaustekniikka.fi\/wp-content\/uploads\/2022\/05\/sivukiinnityssarjat.png","contentUrl":"https:\/\/virtaustekniikka.fi\/wp-content\/uploads\/2022\/05\/sivukiinnityssarjat.png","width":346,"height":339},{"@type":"BreadcrumbList","@id":"https:\/\/virtaustekniikka.fi\/tuote\/sivukiinnityssarja-kotelojaahdyttimelle\/#breadcrumb","itemListElement":[{"@type":"ListItem","position":1,"name":"Etusivu","item":"https:\/\/virtaustekniikka.fi\/"},{"@type":"ListItem","position":2,"name":"Etusivu","item":"https:\/\/virtaustekniikka.fi\/etusivu\/"},{"@type":"ListItem","position":3,"name":"Sivukiinnityssarja koteloj\u00e4\u00e4hdyttimelle"}]},{"@type":"WebSite","@id":"https:\/\/virtaustekniikka.fi\/#website","url":"https:\/\/virtaustekniikka.fi\/","name":"Suomen Virtaustekniikka Oy","description":"Paineilmatuotteita tuotannon tehostamiseen","publisher":{"@id":"https:\/\/virtaustekniikka.fi\/#organization"},"potentialAction":[{"@type":"SearchAction","target":{"@type":"EntryPoint","urlTemplate":"https:\/\/virtaustekniikka.fi\/?s={search_term_string}"},"query-input":{"@type":"PropertyValueSpecification","valueRequired":true,"valueName":"search_term_string"}}],"inLanguage":"en-GB"},{"@type":"Organization","@id":"https:\/\/virtaustekniikka.fi\/#organization","name":"Suomen Virtaustekniikka Oy","url":"https:\/\/virtaustekniikka.fi\/","logo":{"@type":"ImageObject","inLanguage":"en-GB","@id":"https:\/\/virtaustekniikka.fi\/#\/schema\/logo\/image\/","url":"https:\/\/virtaustekniikka.fi\/wp-content\/uploads\/2022\/05\/LOGO2.jpg","contentUrl":"https:\/\/virtaustekniikka.fi\/wp-content\/uploads\/2022\/05\/LOGO2.jpg","width":1000,"height":185,"caption":"Suomen Virtaustekniikka Oy"},"image":{"@id":"https:\/\/virtaustekniikka.fi\/#\/schema\/logo\/image\/"},"sameAs":["https:\/\/www.facebook.com\/Virtaustekniikka","https:\/\/x.com\/Virtaustekniikk","https:\/\/www.instagram.com\/virtaustekniikka\/","https:\/\/www.linkedin.com\/company\/16270124","https:\/\/www.youtube.com\/channel\/UCe0JNbsWIp8_ve7R2i8_egA"]}]}},"jetpack_sharing_enabled":true,"_links":{"self":[{"href":"https:\/\/virtaustekniikka.fi\/en\/wp-json\/wp\/v2\/product\/1489","targetHints":{"allow":["GET"]}}],"collection":[{"href":"https:\/\/virtaustekniikka.fi\/en\/wp-json\/wp\/v2\/product"}],"about":[{"href":"https:\/\/virtaustekniikka.fi\/en\/wp-json\/wp\/v2\/types\/product"}],"wp:featuredmedia":[{"embeddable":true,"href":"https:\/\/virtaustekniikka.fi\/en\/wp-json\/wp\/v2\/media\/1495"}],"wp:attachment":[{"href":"https:\/\/virtaustekniikka.fi\/en\/wp-json\/wp\/v2\/media?parent=1489"}],"wp:term":[{"taxonomy":"product_brand","embeddable":true,"href":"https:\/\/virtaustekniikka.fi\/en\/wp-json\/wp\/v2\/product_brand?post=1489"},{"taxonomy":"product_cat","embeddable":true,"href":"https:\/\/virtaustekniikka.fi\/en\/wp-json\/wp\/v2\/product_cat?post=1489"},{"taxonomy":"product_tag","embeddable":true,"href":"https:\/\/virtaustekniikka.fi\/en\/wp-json\/wp\/v2\/product_tag?post=1489"},{"taxonomy":"berocket_brand","embeddable":true,"href":"https:\/\/virtaustekniikka.fi\/en\/wp-json\/wp\/v2\/berocket_brand?post=1489"}],"curies":[{"name":"wp","href":"https:\/\/api.w.org\/{rel}","templated":true}]}}