{"id":1501,"date":"2022-05-03T16:30:40","date_gmt":"2022-05-03T16:30:40","guid":{"rendered":"https:\/\/virtaustekniikka.fi\/?post_type=product&#038;p=1501"},"modified":"2026-01-08T08:32:57","modified_gmt":"2026-01-08T08:32:57","slug":"letkusarja-kotelojaahdyttimelle","status":"publish","type":"product","link":"https:\/\/virtaustekniikka.fi\/en\/product\/letkusarja-kotelojaahdyttimelle\/","title":{"rendered":"Hose Kit for Cabinet Coolers"},"content":{"rendered":"<p><a href=\"https:\/\/virtaustekniikka.fi\/en\/hinnasto\/\" target=\"_blank\" rel=\"noopener\"><button class=\"btn btn-primary btn-xs\">Price List<\/button><\/a><\/p>","protected":false},"excerpt":{"rendered":"<p>Hose Kit for Cabinet Coolers is easy to install for distributing cold air to hottest places inside the cabinet. Holes can be drilled to hose so cold air can spread where it is needed most. Included silencer is to be installed at the end of the hose.<\/p>","protected":false},"featured_media":1502,"template":"","meta":[],"product_brand":[],"product_cat":[15],"product_tag":[],"berocket_brand":[],"class_list":{"0":"post-1501","1":"product","2":"type-product","3":"status-publish","6":"product_cat-lisavarusteet","8":"first","9":"instock","10":"taxable","11":"shipping-taxable","12":"product-type-variable"},"yoast_head":"<!-- This site is optimized with the Yoast SEO plugin v27.1.1 - https:\/\/yoast.com\/product\/yoast-seo-wordpress\/ -->\n<title>Letkusarja koteloj\u00e4\u00e4hdyttimelle - Suomen Virtaustekniikka Oy<\/title>\n<meta name=\"robots\" content=\"index, follow, max-snippet:-1, max-image-preview:large, max-video-preview:-1\" \/>\n<link rel=\"canonical\" href=\"https:\/\/virtaustekniikka.fi\/en\/product\/letkusarja-kotelojaahdyttimelle\/\" \/>\n<meta property=\"og:locale\" content=\"en_GB\" \/>\n<meta property=\"og:type\" content=\"article\" \/>\n<meta property=\"og:title\" content=\"Letkusarja koteloj\u00e4\u00e4hdyttimelle - Suomen Virtaustekniikka Oy\" \/>\n<meta property=\"og:description\" content=\"Koteloj\u00e4\u00e4hdyttimess\u00e4 olevaan kotelon sis\u00e4puolelle tulevaan messinkiputkeen voidaan asentaa kylm\u00e4\u00e4 ilmaa ohjaava letku, jolla kylm\u00e4 ilma voidaan ohjata erityisen kuumiin ja paljon j\u00e4\u00e4hdytyst\u00e4 vaativiin kohteisiin kotelon sis\u00e4ll\u00e4. Letkuun voidaan tehd\u00e4 my\u00f6s reiki\u00e4, jolloin j\u00e4\u00e4hdytysilma saadaan jakautumaan tasaisesti kotelon sis\u00e4lle. Letkussa tulee olla v\u00e4hint\u00e4\u00e4n 6 kpl. 3,2 mm reiki\u00e4, jotta letku ei aiheuttaisi j\u00e4rjestelm\u00e4\u00e4n vastapainetta. Asenna sarjaan kuuluva \u00e4\u00e4nenvaimennin letkun ulostulop\u00e4\u00e4h\u00e4n.\" \/>\n<meta property=\"og:url\" content=\"https:\/\/virtaustekniikka.fi\/en\/product\/letkusarja-kotelojaahdyttimelle\/\" \/>\n<meta property=\"og:site_name\" content=\"Suomen Virtaustekniikka Oy\" \/>\n<meta property=\"article:publisher\" content=\"https:\/\/www.facebook.com\/Virtaustekniikka\" \/>\n<meta property=\"article:modified_time\" content=\"2026-01-08T08:32:57+00:00\" \/>\n<meta property=\"og:image\" content=\"https:\/\/virtaustekniikka.fi\/wp-content\/uploads\/2022\/05\/Letkusarja-69004.jpg\" \/>\n\t<meta property=\"og:image:width\" content=\"800\" \/>\n\t<meta property=\"og:image:height\" content=\"789\" \/>\n\t<meta property=\"og:image:type\" content=\"image\/jpeg\" \/>\n<meta name=\"twitter:card\" content=\"summary_large_image\" \/>\n<meta name=\"twitter:site\" content=\"@Virtaustekniikk\" \/>\n<script type=\"application\/ld+json\" class=\"yoast-schema-graph\">{\"@context\":\"https:\/\/schema.org\",\"@graph\":[{\"@type\":\"WebPage\",\"@id\":\"https:\/\/virtaustekniikka.fi\/tuote\/letkusarja-kotelojaahdyttimelle\/\",\"url\":\"https:\/\/virtaustekniikka.fi\/tuote\/letkusarja-kotelojaahdyttimelle\/\",\"name\":\"Letkusarja koteloj\u00e4\u00e4hdyttimelle - Suomen Virtaustekniikka Oy\",\"isPartOf\":{\"@id\":\"https:\/\/virtaustekniikka.fi\/#website\"},\"primaryImageOfPage\":{\"@id\":\"https:\/\/virtaustekniikka.fi\/tuote\/letkusarja-kotelojaahdyttimelle\/#primaryimage\"},\"image\":{\"@id\":\"https:\/\/virtaustekniikka.fi\/tuote\/letkusarja-kotelojaahdyttimelle\/#primaryimage\"},\"thumbnailUrl\":\"https:\/\/virtaustekniikka.fi\/wp-content\/uploads\/2022\/05\/Letkusarja-69004.jpg\",\"datePublished\":\"2022-05-03T16:30:40+00:00\",\"dateModified\":\"2026-01-08T08:32:57+00:00\",\"breadcrumb\":{\"@id\":\"https:\/\/virtaustekniikka.fi\/tuote\/letkusarja-kotelojaahdyttimelle\/#breadcrumb\"},\"inLanguage\":\"en-GB\",\"potentialAction\":[{\"@type\":\"ReadAction\",\"target\":[\"https:\/\/virtaustekniikka.fi\/tuote\/letkusarja-kotelojaahdyttimelle\/\"]}]},{\"@type\":\"ImageObject\",\"inLanguage\":\"en-GB\",\"@id\":\"https:\/\/virtaustekniikka.fi\/tuote\/letkusarja-kotelojaahdyttimelle\/#primaryimage\",\"url\":\"https:\/\/virtaustekniikka.fi\/wp-content\/uploads\/2022\/05\/Letkusarja-69004.jpg\",\"contentUrl\":\"https:\/\/virtaustekniikka.fi\/wp-content\/uploads\/2022\/05\/Letkusarja-69004.jpg\",\"width\":800,\"height\":789,\"caption\":\"Letkusarja 69004\"},{\"@type\":\"BreadcrumbList\",\"@id\":\"https:\/\/virtaustekniikka.fi\/tuote\/letkusarja-kotelojaahdyttimelle\/#breadcrumb\",\"itemListElement\":[{\"@type\":\"ListItem\",\"position\":1,\"name\":\"Etusivu\",\"item\":\"https:\/\/virtaustekniikka.fi\/\"},{\"@type\":\"ListItem\",\"position\":2,\"name\":\"Etusivu\",\"item\":\"https:\/\/virtaustekniikka.fi\/etusivu\/\"},{\"@type\":\"ListItem\",\"position\":3,\"name\":\"Letkusarja koteloj\u00e4\u00e4hdyttimelle\"}]},{\"@type\":\"WebSite\",\"@id\":\"https:\/\/virtaustekniikka.fi\/#website\",\"url\":\"https:\/\/virtaustekniikka.fi\/\",\"name\":\"Suomen Virtaustekniikka Oy\",\"description\":\"Paineilmatuotteita tuotannon tehostamiseen\",\"publisher\":{\"@id\":\"https:\/\/virtaustekniikka.fi\/#organization\"},\"potentialAction\":[{\"@type\":\"SearchAction\",\"target\":{\"@type\":\"EntryPoint\",\"urlTemplate\":\"https:\/\/virtaustekniikka.fi\/?s={search_term_string}\"},\"query-input\":{\"@type\":\"PropertyValueSpecification\",\"valueRequired\":true,\"valueName\":\"search_term_string\"}}],\"inLanguage\":\"en-GB\"},{\"@type\":\"Organization\",\"@id\":\"https:\/\/virtaustekniikka.fi\/#organization\",\"name\":\"Suomen Virtaustekniikka Oy\",\"url\":\"https:\/\/virtaustekniikka.fi\/\",\"logo\":{\"@type\":\"ImageObject\",\"inLanguage\":\"en-GB\",\"@id\":\"https:\/\/virtaustekniikka.fi\/#\/schema\/logo\/image\/\",\"url\":\"https:\/\/virtaustekniikka.fi\/wp-content\/uploads\/2022\/05\/LOGO2.jpg\",\"contentUrl\":\"https:\/\/virtaustekniikka.fi\/wp-content\/uploads\/2022\/05\/LOGO2.jpg\",\"width\":1000,\"height\":185,\"caption\":\"Suomen Virtaustekniikka Oy\"},\"image\":{\"@id\":\"https:\/\/virtaustekniikka.fi\/#\/schema\/logo\/image\/\"},\"sameAs\":[\"https:\/\/www.facebook.com\/Virtaustekniikka\",\"https:\/\/x.com\/Virtaustekniikk\",\"https:\/\/www.instagram.com\/virtaustekniikka\/\",\"https:\/\/www.linkedin.com\/company\/16270124\",\"https:\/\/www.youtube.com\/channel\/UCe0JNbsWIp8_ve7R2i8_egA\"]}]}<\/script>\n<!-- \/ Yoast SEO plugin. -->","yoast_head_json":{"title":"Letkusarja koteloj\u00e4\u00e4hdyttimelle - Suomen Virtaustekniikka Oy","robots":{"index":"index","follow":"follow","max-snippet":"max-snippet:-1","max-image-preview":"max-image-preview:large","max-video-preview":"max-video-preview:-1"},"canonical":"https:\/\/virtaustekniikka.fi\/en\/product\/letkusarja-kotelojaahdyttimelle\/","og_locale":"en_GB","og_type":"article","og_title":"Letkusarja koteloj\u00e4\u00e4hdyttimelle - Suomen Virtaustekniikka Oy","og_description":"Koteloj\u00e4\u00e4hdyttimess\u00e4 olevaan kotelon sis\u00e4puolelle tulevaan messinkiputkeen voidaan asentaa kylm\u00e4\u00e4 ilmaa ohjaava letku, jolla kylm\u00e4 ilma voidaan ohjata erityisen kuumiin ja paljon j\u00e4\u00e4hdytyst\u00e4 vaativiin kohteisiin kotelon sis\u00e4ll\u00e4. Letkuun voidaan tehd\u00e4 my\u00f6s reiki\u00e4, jolloin j\u00e4\u00e4hdytysilma saadaan jakautumaan tasaisesti kotelon sis\u00e4lle. Letkussa tulee olla v\u00e4hint\u00e4\u00e4n 6 kpl. 3,2 mm reiki\u00e4, jotta letku ei aiheuttaisi j\u00e4rjestelm\u00e4\u00e4n vastapainetta. Asenna sarjaan kuuluva \u00e4\u00e4nenvaimennin letkun ulostulop\u00e4\u00e4h\u00e4n.","og_url":"https:\/\/virtaustekniikka.fi\/en\/product\/letkusarja-kotelojaahdyttimelle\/","og_site_name":"Suomen Virtaustekniikka Oy","article_publisher":"https:\/\/www.facebook.com\/Virtaustekniikka","article_modified_time":"2026-01-08T08:32:57+00:00","og_image":[{"width":800,"height":789,"url":"https:\/\/virtaustekniikka.fi\/wp-content\/uploads\/2022\/05\/Letkusarja-69004.jpg","type":"image\/jpeg"}],"twitter_card":"summary_large_image","twitter_site":"@Virtaustekniikk","schema":{"@context":"https:\/\/schema.org","@graph":[{"@type":"WebPage","@id":"https:\/\/virtaustekniikka.fi\/tuote\/letkusarja-kotelojaahdyttimelle\/","url":"https:\/\/virtaustekniikka.fi\/tuote\/letkusarja-kotelojaahdyttimelle\/","name":"Letkusarja koteloj\u00e4\u00e4hdyttimelle - Suomen Virtaustekniikka Oy","isPartOf":{"@id":"https:\/\/virtaustekniikka.fi\/#website"},"primaryImageOfPage":{"@id":"https:\/\/virtaustekniikka.fi\/tuote\/letkusarja-kotelojaahdyttimelle\/#primaryimage"},"image":{"@id":"https:\/\/virtaustekniikka.fi\/tuote\/letkusarja-kotelojaahdyttimelle\/#primaryimage"},"thumbnailUrl":"https:\/\/virtaustekniikka.fi\/wp-content\/uploads\/2022\/05\/Letkusarja-69004.jpg","datePublished":"2022-05-03T16:30:40+00:00","dateModified":"2026-01-08T08:32:57+00:00","breadcrumb":{"@id":"https:\/\/virtaustekniikka.fi\/tuote\/letkusarja-kotelojaahdyttimelle\/#breadcrumb"},"inLanguage":"en-GB","potentialAction":[{"@type":"ReadAction","target":["https:\/\/virtaustekniikka.fi\/tuote\/letkusarja-kotelojaahdyttimelle\/"]}]},{"@type":"ImageObject","inLanguage":"en-GB","@id":"https:\/\/virtaustekniikka.fi\/tuote\/letkusarja-kotelojaahdyttimelle\/#primaryimage","url":"https:\/\/virtaustekniikka.fi\/wp-content\/uploads\/2022\/05\/Letkusarja-69004.jpg","contentUrl":"https:\/\/virtaustekniikka.fi\/wp-content\/uploads\/2022\/05\/Letkusarja-69004.jpg","width":800,"height":789,"caption":"Letkusarja 69004"},{"@type":"BreadcrumbList","@id":"https:\/\/virtaustekniikka.fi\/tuote\/letkusarja-kotelojaahdyttimelle\/#breadcrumb","itemListElement":[{"@type":"ListItem","position":1,"name":"Etusivu","item":"https:\/\/virtaustekniikka.fi\/"},{"@type":"ListItem","position":2,"name":"Etusivu","item":"https:\/\/virtaustekniikka.fi\/etusivu\/"},{"@type":"ListItem","position":3,"name":"Letkusarja koteloj\u00e4\u00e4hdyttimelle"}]},{"@type":"WebSite","@id":"https:\/\/virtaustekniikka.fi\/#website","url":"https:\/\/virtaustekniikka.fi\/","name":"Suomen Virtaustekniikka Oy","description":"Paineilmatuotteita tuotannon tehostamiseen","publisher":{"@id":"https:\/\/virtaustekniikka.fi\/#organization"},"potentialAction":[{"@type":"SearchAction","target":{"@type":"EntryPoint","urlTemplate":"https:\/\/virtaustekniikka.fi\/?s={search_term_string}"},"query-input":{"@type":"PropertyValueSpecification","valueRequired":true,"valueName":"search_term_string"}}],"inLanguage":"en-GB"},{"@type":"Organization","@id":"https:\/\/virtaustekniikka.fi\/#organization","name":"Suomen Virtaustekniikka Oy","url":"https:\/\/virtaustekniikka.fi\/","logo":{"@type":"ImageObject","inLanguage":"en-GB","@id":"https:\/\/virtaustekniikka.fi\/#\/schema\/logo\/image\/","url":"https:\/\/virtaustekniikka.fi\/wp-content\/uploads\/2022\/05\/LOGO2.jpg","contentUrl":"https:\/\/virtaustekniikka.fi\/wp-content\/uploads\/2022\/05\/LOGO2.jpg","width":1000,"height":185,"caption":"Suomen Virtaustekniikka Oy"},"image":{"@id":"https:\/\/virtaustekniikka.fi\/#\/schema\/logo\/image\/"},"sameAs":["https:\/\/www.facebook.com\/Virtaustekniikka","https:\/\/x.com\/Virtaustekniikk","https:\/\/www.instagram.com\/virtaustekniikka\/","https:\/\/www.linkedin.com\/company\/16270124","https:\/\/www.youtube.com\/channel\/UCe0JNbsWIp8_ve7R2i8_egA"]}]}},"jetpack_sharing_enabled":true,"_links":{"self":[{"href":"https:\/\/virtaustekniikka.fi\/en\/wp-json\/wp\/v2\/product\/1501","targetHints":{"allow":["GET"]}}],"collection":[{"href":"https:\/\/virtaustekniikka.fi\/en\/wp-json\/wp\/v2\/product"}],"about":[{"href":"https:\/\/virtaustekniikka.fi\/en\/wp-json\/wp\/v2\/types\/product"}],"wp:featuredmedia":[{"embeddable":true,"href":"https:\/\/virtaustekniikka.fi\/en\/wp-json\/wp\/v2\/media\/1502"}],"wp:attachment":[{"href":"https:\/\/virtaustekniikka.fi\/en\/wp-json\/wp\/v2\/media?parent=1501"}],"wp:term":[{"taxonomy":"product_brand","embeddable":true,"href":"https:\/\/virtaustekniikka.fi\/en\/wp-json\/wp\/v2\/product_brand?post=1501"},{"taxonomy":"product_cat","embeddable":true,"href":"https:\/\/virtaustekniikka.fi\/en\/wp-json\/wp\/v2\/product_cat?post=1501"},{"taxonomy":"product_tag","embeddable":true,"href":"https:\/\/virtaustekniikka.fi\/en\/wp-json\/wp\/v2\/product_tag?post=1501"},{"taxonomy":"berocket_brand","embeddable":true,"href":"https:\/\/virtaustekniikka.fi\/en\/wp-json\/wp\/v2\/berocket_brand?post=1501"}],"curies":[{"name":"wp","href":"https:\/\/api.w.org\/{rel}","templated":true}]}}