{"id":1524,"date":"2022-05-09T08:14:49","date_gmt":"2022-05-09T08:14:49","guid":{"rendered":"https:\/\/virtaustekniikka.fi\/?post_type=product&#038;p=1524"},"modified":"2025-03-28T12:47:28","modified_gmt":"2025-03-28T12:47:28","slug":"haug-virtalahde","status":"publish","type":"product","link":"https:\/\/virtaustekniikka.fi\/en\/product\/haug-virtalahde\/","title":{"rendered":"Power Supply EN-SL"},"content":{"rendered":"","protected":false},"excerpt":{"rendered":"<p>HAUG EN-SL S-Line Power Supply produces an alternating current of approx. 7 \u2013 8 kVAC. It works ideally with ionizing products, such as Static Bars, Ion Air Knives etc. The EN-SL Power Supply comes with two high-voltage connections. Main on\/off switch with a build-in display light, always lets the user know that the power pack is ready for operation. Available in 115 V or 230 V AC. Contact us and request a quote!<\/p>","protected":false},"featured_media":2825,"template":"","meta":[],"product_brand":[],"product_cat":[34],"product_tag":[59],"berocket_brand":[],"class_list":{"0":"post-1524","1":"product","2":"type-product","3":"status-publish","6":"product_cat-staattinen_sahko","7":"product_tag-ionisaattori-staattinensahko","9":"first","10":"instock","11":"taxable","12":"shipping-taxable","13":"product-type-simple"},"yoast_head":"<!-- This site is optimized with the Yoast SEO plugin v27.1.1 - https:\/\/yoast.com\/product\/yoast-seo-wordpress\/ -->\n<title>HAUG virtal\u00e4hde ionisaattoreille - Suomen Virtaustekniikka Oy<\/title>\n<meta name=\"description\" content=\"HAUG EN-SL virtal\u00e4hde ionisaattoreille tuottaa 7000 - 8000 V korkeaj\u00e4nnitteen staattisen s\u00e4hk\u00f6n poistamiseksi. Virtal\u00e4hteess\u00e4 on kaksi korkeaj\u00e4nniteulostuloa.\" \/>\n<meta name=\"robots\" content=\"index, follow, max-snippet:-1, max-image-preview:large, max-video-preview:-1\" \/>\n<link rel=\"canonical\" href=\"https:\/\/virtaustekniikka.fi\/en\/product\/haug-virtalahde\/\" \/>\n<meta property=\"og:locale\" content=\"en_GB\" \/>\n<meta property=\"og:type\" content=\"article\" \/>\n<meta property=\"og:title\" content=\"HAUG virtal\u00e4hde ionisaattoreille - Suomen Virtaustekniikka Oy\" \/>\n<meta property=\"og:description\" content=\"HAUG EN-SL virtal\u00e4hde ionisaattoreille tuottaa 7000 - 8000 V korkeaj\u00e4nnitteen staattisen s\u00e4hk\u00f6n poistamiseksi. Virtal\u00e4hteess\u00e4 on kaksi korkeaj\u00e4nniteulostuloa.\" \/>\n<meta property=\"og:url\" content=\"https:\/\/virtaustekniikka.fi\/en\/product\/haug-virtalahde\/\" \/>\n<meta property=\"og:site_name\" content=\"Suomen Virtaustekniikka Oy\" \/>\n<meta property=\"article:publisher\" content=\"https:\/\/www.facebook.com\/Virtaustekniikka\" \/>\n<meta property=\"article:modified_time\" content=\"2025-03-28T12:47:28+00:00\" \/>\n<meta property=\"og:image\" content=\"https:\/\/virtaustekniikka.fi\/wp-content\/uploads\/2022\/05\/Nimeton.png\" \/>\n\t<meta property=\"og:image:width\" content=\"662\" \/>\n\t<meta property=\"og:image:height\" content=\"688\" \/>\n\t<meta property=\"og:image:type\" content=\"image\/png\" \/>\n<meta name=\"twitter:card\" content=\"summary_large_image\" \/>\n<meta name=\"twitter:site\" content=\"@Virtaustekniikk\" \/>\n<script type=\"application\/ld+json\" class=\"yoast-schema-graph\">{\"@context\":\"https:\/\/schema.org\",\"@graph\":[{\"@type\":\"WebPage\",\"@id\":\"https:\/\/virtaustekniikka.fi\/tuote\/haug-virtalahde\/\",\"url\":\"https:\/\/virtaustekniikka.fi\/tuote\/haug-virtalahde\/\",\"name\":\"HAUG virtal\u00e4hde ionisaattoreille - Suomen Virtaustekniikka Oy\",\"isPartOf\":{\"@id\":\"https:\/\/virtaustekniikka.fi\/#website\"},\"primaryImageOfPage\":{\"@id\":\"https:\/\/virtaustekniikka.fi\/tuote\/haug-virtalahde\/#primaryimage\"},\"image\":{\"@id\":\"https:\/\/virtaustekniikka.fi\/tuote\/haug-virtalahde\/#primaryimage\"},\"thumbnailUrl\":\"https:\/\/virtaustekniikka.fi\/wp-content\/uploads\/2022\/05\/Nimeton.png\",\"datePublished\":\"2022-05-09T08:14:49+00:00\",\"dateModified\":\"2025-03-28T12:47:28+00:00\",\"description\":\"HAUG EN-SL virtal\u00e4hde ionisaattoreille tuottaa 7000 - 8000 V korkeaj\u00e4nnitteen staattisen s\u00e4hk\u00f6n poistamiseksi. Virtal\u00e4hteess\u00e4 on kaksi korkeaj\u00e4nniteulostuloa.\",\"breadcrumb\":{\"@id\":\"https:\/\/virtaustekniikka.fi\/tuote\/haug-virtalahde\/#breadcrumb\"},\"inLanguage\":\"en-GB\",\"potentialAction\":[{\"@type\":\"ReadAction\",\"target\":[\"https:\/\/virtaustekniikka.fi\/tuote\/haug-virtalahde\/\"]}]},{\"@type\":\"ImageObject\",\"inLanguage\":\"en-GB\",\"@id\":\"https:\/\/virtaustekniikka.fi\/tuote\/haug-virtalahde\/#primaryimage\",\"url\":\"https:\/\/virtaustekniikka.fi\/wp-content\/uploads\/2022\/05\/Nimeton.png\",\"contentUrl\":\"https:\/\/virtaustekniikka.fi\/wp-content\/uploads\/2022\/05\/Nimeton.png\",\"width\":662,\"height\":688},{\"@type\":\"BreadcrumbList\",\"@id\":\"https:\/\/virtaustekniikka.fi\/tuote\/haug-virtalahde\/#breadcrumb\",\"itemListElement\":[{\"@type\":\"ListItem\",\"position\":1,\"name\":\"Etusivu\",\"item\":\"https:\/\/virtaustekniikka.fi\/\"},{\"@type\":\"ListItem\",\"position\":2,\"name\":\"Etusivu\",\"item\":\"https:\/\/virtaustekniikka.fi\/etusivu\/\"},{\"@type\":\"ListItem\",\"position\":3,\"name\":\"Virtal\u00e4hde EN-SL\"}]},{\"@type\":\"WebSite\",\"@id\":\"https:\/\/virtaustekniikka.fi\/#website\",\"url\":\"https:\/\/virtaustekniikka.fi\/\",\"name\":\"Suomen Virtaustekniikka Oy\",\"description\":\"Paineilmatuotteita tuotannon tehostamiseen\",\"publisher\":{\"@id\":\"https:\/\/virtaustekniikka.fi\/#organization\"},\"potentialAction\":[{\"@type\":\"SearchAction\",\"target\":{\"@type\":\"EntryPoint\",\"urlTemplate\":\"https:\/\/virtaustekniikka.fi\/?s={search_term_string}\"},\"query-input\":{\"@type\":\"PropertyValueSpecification\",\"valueRequired\":true,\"valueName\":\"search_term_string\"}}],\"inLanguage\":\"en-GB\"},{\"@type\":\"Organization\",\"@id\":\"https:\/\/virtaustekniikka.fi\/#organization\",\"name\":\"Suomen Virtaustekniikka Oy\",\"url\":\"https:\/\/virtaustekniikka.fi\/\",\"logo\":{\"@type\":\"ImageObject\",\"inLanguage\":\"en-GB\",\"@id\":\"https:\/\/virtaustekniikka.fi\/#\/schema\/logo\/image\/\",\"url\":\"https:\/\/virtaustekniikka.fi\/wp-content\/uploads\/2022\/05\/LOGO2.jpg\",\"contentUrl\":\"https:\/\/virtaustekniikka.fi\/wp-content\/uploads\/2022\/05\/LOGO2.jpg\",\"width\":1000,\"height\":185,\"caption\":\"Suomen Virtaustekniikka Oy\"},\"image\":{\"@id\":\"https:\/\/virtaustekniikka.fi\/#\/schema\/logo\/image\/\"},\"sameAs\":[\"https:\/\/www.facebook.com\/Virtaustekniikka\",\"https:\/\/x.com\/Virtaustekniikk\",\"https:\/\/www.instagram.com\/virtaustekniikka\/\",\"https:\/\/www.linkedin.com\/company\/16270124\",\"https:\/\/www.youtube.com\/channel\/UCe0JNbsWIp8_ve7R2i8_egA\"]}]}<\/script>\n<!-- \/ Yoast SEO plugin. -->","yoast_head_json":{"title":"HAUG virtal\u00e4hde ionisaattoreille - Suomen Virtaustekniikka Oy","description":"HAUG EN-SL virtal\u00e4hde ionisaattoreille tuottaa 7000 - 8000 V korkeaj\u00e4nnitteen staattisen s\u00e4hk\u00f6n poistamiseksi. Virtal\u00e4hteess\u00e4 on kaksi korkeaj\u00e4nniteulostuloa.","robots":{"index":"index","follow":"follow","max-snippet":"max-snippet:-1","max-image-preview":"max-image-preview:large","max-video-preview":"max-video-preview:-1"},"canonical":"https:\/\/virtaustekniikka.fi\/en\/product\/haug-virtalahde\/","og_locale":"en_GB","og_type":"article","og_title":"HAUG virtal\u00e4hde ionisaattoreille - Suomen Virtaustekniikka Oy","og_description":"HAUG EN-SL virtal\u00e4hde ionisaattoreille tuottaa 7000 - 8000 V korkeaj\u00e4nnitteen staattisen s\u00e4hk\u00f6n poistamiseksi. Virtal\u00e4hteess\u00e4 on kaksi korkeaj\u00e4nniteulostuloa.","og_url":"https:\/\/virtaustekniikka.fi\/en\/product\/haug-virtalahde\/","og_site_name":"Suomen Virtaustekniikka Oy","article_publisher":"https:\/\/www.facebook.com\/Virtaustekniikka","article_modified_time":"2025-03-28T12:47:28+00:00","og_image":[{"width":662,"height":688,"url":"https:\/\/virtaustekniikka.fi\/wp-content\/uploads\/2022\/05\/Nimeton.png","type":"image\/png"}],"twitter_card":"summary_large_image","twitter_site":"@Virtaustekniikk","schema":{"@context":"https:\/\/schema.org","@graph":[{"@type":"WebPage","@id":"https:\/\/virtaustekniikka.fi\/tuote\/haug-virtalahde\/","url":"https:\/\/virtaustekniikka.fi\/tuote\/haug-virtalahde\/","name":"HAUG virtal\u00e4hde ionisaattoreille - Suomen Virtaustekniikka Oy","isPartOf":{"@id":"https:\/\/virtaustekniikka.fi\/#website"},"primaryImageOfPage":{"@id":"https:\/\/virtaustekniikka.fi\/tuote\/haug-virtalahde\/#primaryimage"},"image":{"@id":"https:\/\/virtaustekniikka.fi\/tuote\/haug-virtalahde\/#primaryimage"},"thumbnailUrl":"https:\/\/virtaustekniikka.fi\/wp-content\/uploads\/2022\/05\/Nimeton.png","datePublished":"2022-05-09T08:14:49+00:00","dateModified":"2025-03-28T12:47:28+00:00","description":"HAUG EN-SL virtal\u00e4hde ionisaattoreille tuottaa 7000 - 8000 V korkeaj\u00e4nnitteen staattisen s\u00e4hk\u00f6n poistamiseksi. Virtal\u00e4hteess\u00e4 on kaksi korkeaj\u00e4nniteulostuloa.","breadcrumb":{"@id":"https:\/\/virtaustekniikka.fi\/tuote\/haug-virtalahde\/#breadcrumb"},"inLanguage":"en-GB","potentialAction":[{"@type":"ReadAction","target":["https:\/\/virtaustekniikka.fi\/tuote\/haug-virtalahde\/"]}]},{"@type":"ImageObject","inLanguage":"en-GB","@id":"https:\/\/virtaustekniikka.fi\/tuote\/haug-virtalahde\/#primaryimage","url":"https:\/\/virtaustekniikka.fi\/wp-content\/uploads\/2022\/05\/Nimeton.png","contentUrl":"https:\/\/virtaustekniikka.fi\/wp-content\/uploads\/2022\/05\/Nimeton.png","width":662,"height":688},{"@type":"BreadcrumbList","@id":"https:\/\/virtaustekniikka.fi\/tuote\/haug-virtalahde\/#breadcrumb","itemListElement":[{"@type":"ListItem","position":1,"name":"Etusivu","item":"https:\/\/virtaustekniikka.fi\/"},{"@type":"ListItem","position":2,"name":"Etusivu","item":"https:\/\/virtaustekniikka.fi\/etusivu\/"},{"@type":"ListItem","position":3,"name":"Virtal\u00e4hde EN-SL"}]},{"@type":"WebSite","@id":"https:\/\/virtaustekniikka.fi\/#website","url":"https:\/\/virtaustekniikka.fi\/","name":"Suomen Virtaustekniikka Oy","description":"Paineilmatuotteita tuotannon tehostamiseen","publisher":{"@id":"https:\/\/virtaustekniikka.fi\/#organization"},"potentialAction":[{"@type":"SearchAction","target":{"@type":"EntryPoint","urlTemplate":"https:\/\/virtaustekniikka.fi\/?s={search_term_string}"},"query-input":{"@type":"PropertyValueSpecification","valueRequired":true,"valueName":"search_term_string"}}],"inLanguage":"en-GB"},{"@type":"Organization","@id":"https:\/\/virtaustekniikka.fi\/#organization","name":"Suomen Virtaustekniikka Oy","url":"https:\/\/virtaustekniikka.fi\/","logo":{"@type":"ImageObject","inLanguage":"en-GB","@id":"https:\/\/virtaustekniikka.fi\/#\/schema\/logo\/image\/","url":"https:\/\/virtaustekniikka.fi\/wp-content\/uploads\/2022\/05\/LOGO2.jpg","contentUrl":"https:\/\/virtaustekniikka.fi\/wp-content\/uploads\/2022\/05\/LOGO2.jpg","width":1000,"height":185,"caption":"Suomen Virtaustekniikka Oy"},"image":{"@id":"https:\/\/virtaustekniikka.fi\/#\/schema\/logo\/image\/"},"sameAs":["https:\/\/www.facebook.com\/Virtaustekniikka","https:\/\/x.com\/Virtaustekniikk","https:\/\/www.instagram.com\/virtaustekniikka\/","https:\/\/www.linkedin.com\/company\/16270124","https:\/\/www.youtube.com\/channel\/UCe0JNbsWIp8_ve7R2i8_egA"]}]}},"jetpack_sharing_enabled":true,"_links":{"self":[{"href":"https:\/\/virtaustekniikka.fi\/en\/wp-json\/wp\/v2\/product\/1524","targetHints":{"allow":["GET"]}}],"collection":[{"href":"https:\/\/virtaustekniikka.fi\/en\/wp-json\/wp\/v2\/product"}],"about":[{"href":"https:\/\/virtaustekniikka.fi\/en\/wp-json\/wp\/v2\/types\/product"}],"wp:featuredmedia":[{"embeddable":true,"href":"https:\/\/virtaustekniikka.fi\/en\/wp-json\/wp\/v2\/media\/2825"}],"wp:attachment":[{"href":"https:\/\/virtaustekniikka.fi\/en\/wp-json\/wp\/v2\/media?parent=1524"}],"wp:term":[{"taxonomy":"product_brand","embeddable":true,"href":"https:\/\/virtaustekniikka.fi\/en\/wp-json\/wp\/v2\/product_brand?post=1524"},{"taxonomy":"product_cat","embeddable":true,"href":"https:\/\/virtaustekniikka.fi\/en\/wp-json\/wp\/v2\/product_cat?post=1524"},{"taxonomy":"product_tag","embeddable":true,"href":"https:\/\/virtaustekniikka.fi\/en\/wp-json\/wp\/v2\/product_tag?post=1524"},{"taxonomy":"berocket_brand","embeddable":true,"href":"https:\/\/virtaustekniikka.fi\/en\/wp-json\/wp\/v2\/berocket_brand?post=1524"}],"curies":[{"name":"wp","href":"https:\/\/api.w.org\/{rel}","templated":true}]}}