{"id":1669,"date":"2022-11-20T13:42:32","date_gmt":"2022-11-20T13:42:32","guid":{"rendered":"https:\/\/virtaustekniikka.fi\/?post_type=product&#038;p=1669"},"modified":"2024-08-26T04:59:53","modified_gmt":"2024-08-26T04:59:53","slug":"virtalahde-en-8lc","status":"publish","type":"product","link":"https:\/\/virtaustekniikka.fi\/en\/product\/virtalahde-en-8lc\/","title":{"rendered":"Power Supply EN 8 LC"},"content":{"rendered":"","protected":false},"excerpt":{"rendered":"<p>HAUG EN 8 LC power pack supplies voltage to ionizers. The mains voltage is transformed into a 7\u20138 kVAC by a high-voltage transformer. The device has four gas-tight X-2000 high-voltage connections and has been manufactured in accordance with protection type IP 54, protection class I as per VDE.\nEN 8 LC power pack represents the state of the art. The monitoring which is integrated in the secondary area indicates that the partial discharge inception voltage (= start of effect of ionization units \/ ill.1) is too low by making the monitoring LED blink. The compact printed circuit board technology ensures reliability and ease of maintenance. Contact us and request a quote!<\/p>","protected":false},"featured_media":1670,"template":"","meta":[],"product_brand":[],"product_cat":[34],"product_tag":[59],"berocket_brand":[60],"class_list":{"0":"post-1669","1":"product","2":"type-product","3":"status-publish","6":"product_cat-staattinen_sahko","7":"product_tag-ionisaattori-staattinensahko","8":"berocket_brand-haug","10":"first","11":"instock","12":"taxable","13":"shipping-taxable","14":"product-type-simple"},"yoast_head":"<!-- This site is optimized with the Yoast SEO plugin v27.1.1 - https:\/\/yoast.com\/product\/yoast-seo-wordpress\/ -->\n<title>HAUG virtal\u00e4hde ionisaattoreille - Suomen Virtaustekniikka Oy<\/title>\n<meta name=\"description\" content=\"HAUG EN-SL virtal\u00e4hde ionisaattoreille tuottaa 7000 - 8000 V korkeaj\u00e4nnitteen staattisen s\u00e4hk\u00f6n poistamiseksi. Virtal\u00e4hteess\u00e4 on kaksi korkeaj\u00e4nniteulostuloa.\" \/>\n<meta name=\"robots\" content=\"index, follow, max-snippet:-1, max-image-preview:large, max-video-preview:-1\" \/>\n<link rel=\"canonical\" href=\"https:\/\/virtaustekniikka.fi\/en\/product\/virtalahde-en-8lc\/\" \/>\n<meta property=\"og:locale\" content=\"en_GB\" \/>\n<meta property=\"og:type\" content=\"article\" \/>\n<meta property=\"og:title\" content=\"HAUG virtal\u00e4hde ionisaattoreille - Suomen Virtaustekniikka Oy\" \/>\n<meta property=\"og:description\" content=\"HAUG EN-SL virtal\u00e4hde ionisaattoreille tuottaa 7000 - 8000 V korkeaj\u00e4nnitteen staattisen s\u00e4hk\u00f6n poistamiseksi. Virtal\u00e4hteess\u00e4 on kaksi korkeaj\u00e4nniteulostuloa.\" \/>\n<meta property=\"og:url\" content=\"https:\/\/virtaustekniikka.fi\/en\/product\/virtalahde-en-8lc\/\" \/>\n<meta property=\"og:site_name\" content=\"Suomen Virtaustekniikka Oy\" \/>\n<meta property=\"article:publisher\" content=\"https:\/\/www.facebook.com\/Virtaustekniikka\" \/>\n<meta property=\"article:modified_time\" content=\"2024-08-26T04:59:53+00:00\" \/>\n<meta property=\"og:image\" content=\"https:\/\/virtaustekniikka.fi\/wp-content\/uploads\/2022\/11\/EN-8LC-virtalahde.png\" \/>\n\t<meta property=\"og:image:width\" content=\"682\" \/>\n\t<meta property=\"og:image:height\" content=\"685\" \/>\n\t<meta property=\"og:image:type\" content=\"image\/png\" \/>\n<meta name=\"twitter:card\" content=\"summary_large_image\" \/>\n<meta name=\"twitter:site\" content=\"@Virtaustekniikk\" \/>\n<script type=\"application\/ld+json\" class=\"yoast-schema-graph\">{\"@context\":\"https:\/\/schema.org\",\"@graph\":[{\"@type\":\"WebPage\",\"@id\":\"https:\/\/virtaustekniikka.fi\/tuote\/virtalahde-en-8lc\/\",\"url\":\"https:\/\/virtaustekniikka.fi\/tuote\/virtalahde-en-8lc\/\",\"name\":\"HAUG virtal\u00e4hde ionisaattoreille - Suomen Virtaustekniikka Oy\",\"isPartOf\":{\"@id\":\"https:\/\/virtaustekniikka.fi\/#website\"},\"primaryImageOfPage\":{\"@id\":\"https:\/\/virtaustekniikka.fi\/tuote\/virtalahde-en-8lc\/#primaryimage\"},\"image\":{\"@id\":\"https:\/\/virtaustekniikka.fi\/tuote\/virtalahde-en-8lc\/#primaryimage\"},\"thumbnailUrl\":\"https:\/\/virtaustekniikka.fi\/wp-content\/uploads\/2022\/11\/EN-8LC-virtalahde.png\",\"datePublished\":\"2022-11-20T13:42:32+00:00\",\"dateModified\":\"2024-08-26T04:59:53+00:00\",\"description\":\"HAUG EN-SL virtal\u00e4hde ionisaattoreille tuottaa 7000 - 8000 V korkeaj\u00e4nnitteen staattisen s\u00e4hk\u00f6n poistamiseksi. Virtal\u00e4hteess\u00e4 on kaksi korkeaj\u00e4nniteulostuloa.\",\"breadcrumb\":{\"@id\":\"https:\/\/virtaustekniikka.fi\/tuote\/virtalahde-en-8lc\/#breadcrumb\"},\"inLanguage\":\"en-GB\",\"potentialAction\":[{\"@type\":\"ReadAction\",\"target\":[\"https:\/\/virtaustekniikka.fi\/tuote\/virtalahde-en-8lc\/\"]}]},{\"@type\":\"ImageObject\",\"inLanguage\":\"en-GB\",\"@id\":\"https:\/\/virtaustekniikka.fi\/tuote\/virtalahde-en-8lc\/#primaryimage\",\"url\":\"https:\/\/virtaustekniikka.fi\/wp-content\/uploads\/2022\/11\/EN-8LC-virtalahde.png\",\"contentUrl\":\"https:\/\/virtaustekniikka.fi\/wp-content\/uploads\/2022\/11\/EN-8LC-virtalahde.png\",\"width\":682,\"height\":685},{\"@type\":\"BreadcrumbList\",\"@id\":\"https:\/\/virtaustekniikka.fi\/tuote\/virtalahde-en-8lc\/#breadcrumb\",\"itemListElement\":[{\"@type\":\"ListItem\",\"position\":1,\"name\":\"Etusivu\",\"item\":\"https:\/\/virtaustekniikka.fi\/\"},{\"@type\":\"ListItem\",\"position\":2,\"name\":\"Etusivu\",\"item\":\"https:\/\/virtaustekniikka.fi\/etusivu\/\"},{\"@type\":\"ListItem\",\"position\":3,\"name\":\"Virtal\u00e4hde EN 8 LC\"}]},{\"@type\":\"WebSite\",\"@id\":\"https:\/\/virtaustekniikka.fi\/#website\",\"url\":\"https:\/\/virtaustekniikka.fi\/\",\"name\":\"Suomen Virtaustekniikka Oy\",\"description\":\"Paineilmatuotteita tuotannon tehostamiseen\",\"publisher\":{\"@id\":\"https:\/\/virtaustekniikka.fi\/#organization\"},\"potentialAction\":[{\"@type\":\"SearchAction\",\"target\":{\"@type\":\"EntryPoint\",\"urlTemplate\":\"https:\/\/virtaustekniikka.fi\/?s={search_term_string}\"},\"query-input\":{\"@type\":\"PropertyValueSpecification\",\"valueRequired\":true,\"valueName\":\"search_term_string\"}}],\"inLanguage\":\"en-GB\"},{\"@type\":\"Organization\",\"@id\":\"https:\/\/virtaustekniikka.fi\/#organization\",\"name\":\"Suomen Virtaustekniikka Oy\",\"url\":\"https:\/\/virtaustekniikka.fi\/\",\"logo\":{\"@type\":\"ImageObject\",\"inLanguage\":\"en-GB\",\"@id\":\"https:\/\/virtaustekniikka.fi\/#\/schema\/logo\/image\/\",\"url\":\"https:\/\/virtaustekniikka.fi\/wp-content\/uploads\/2022\/05\/LOGO2.jpg\",\"contentUrl\":\"https:\/\/virtaustekniikka.fi\/wp-content\/uploads\/2022\/05\/LOGO2.jpg\",\"width\":1000,\"height\":185,\"caption\":\"Suomen Virtaustekniikka Oy\"},\"image\":{\"@id\":\"https:\/\/virtaustekniikka.fi\/#\/schema\/logo\/image\/\"},\"sameAs\":[\"https:\/\/www.facebook.com\/Virtaustekniikka\",\"https:\/\/x.com\/Virtaustekniikk\",\"https:\/\/www.instagram.com\/virtaustekniikka\/\",\"https:\/\/www.linkedin.com\/company\/16270124\",\"https:\/\/www.youtube.com\/channel\/UCe0JNbsWIp8_ve7R2i8_egA\"]}]}<\/script>\n<!-- \/ Yoast SEO plugin. -->","yoast_head_json":{"title":"HAUG virtal\u00e4hde ionisaattoreille - Suomen Virtaustekniikka Oy","description":"HAUG EN-SL virtal\u00e4hde ionisaattoreille tuottaa 7000 - 8000 V korkeaj\u00e4nnitteen staattisen s\u00e4hk\u00f6n poistamiseksi. Virtal\u00e4hteess\u00e4 on kaksi korkeaj\u00e4nniteulostuloa.","robots":{"index":"index","follow":"follow","max-snippet":"max-snippet:-1","max-image-preview":"max-image-preview:large","max-video-preview":"max-video-preview:-1"},"canonical":"https:\/\/virtaustekniikka.fi\/en\/product\/virtalahde-en-8lc\/","og_locale":"en_GB","og_type":"article","og_title":"HAUG virtal\u00e4hde ionisaattoreille - Suomen Virtaustekniikka Oy","og_description":"HAUG EN-SL virtal\u00e4hde ionisaattoreille tuottaa 7000 - 8000 V korkeaj\u00e4nnitteen staattisen s\u00e4hk\u00f6n poistamiseksi. Virtal\u00e4hteess\u00e4 on kaksi korkeaj\u00e4nniteulostuloa.","og_url":"https:\/\/virtaustekniikka.fi\/en\/product\/virtalahde-en-8lc\/","og_site_name":"Suomen Virtaustekniikka Oy","article_publisher":"https:\/\/www.facebook.com\/Virtaustekniikka","article_modified_time":"2024-08-26T04:59:53+00:00","og_image":[{"width":682,"height":685,"url":"https:\/\/virtaustekniikka.fi\/wp-content\/uploads\/2022\/11\/EN-8LC-virtalahde.png","type":"image\/png"}],"twitter_card":"summary_large_image","twitter_site":"@Virtaustekniikk","schema":{"@context":"https:\/\/schema.org","@graph":[{"@type":"WebPage","@id":"https:\/\/virtaustekniikka.fi\/tuote\/virtalahde-en-8lc\/","url":"https:\/\/virtaustekniikka.fi\/tuote\/virtalahde-en-8lc\/","name":"HAUG virtal\u00e4hde ionisaattoreille - Suomen Virtaustekniikka Oy","isPartOf":{"@id":"https:\/\/virtaustekniikka.fi\/#website"},"primaryImageOfPage":{"@id":"https:\/\/virtaustekniikka.fi\/tuote\/virtalahde-en-8lc\/#primaryimage"},"image":{"@id":"https:\/\/virtaustekniikka.fi\/tuote\/virtalahde-en-8lc\/#primaryimage"},"thumbnailUrl":"https:\/\/virtaustekniikka.fi\/wp-content\/uploads\/2022\/11\/EN-8LC-virtalahde.png","datePublished":"2022-11-20T13:42:32+00:00","dateModified":"2024-08-26T04:59:53+00:00","description":"HAUG EN-SL virtal\u00e4hde ionisaattoreille tuottaa 7000 - 8000 V korkeaj\u00e4nnitteen staattisen s\u00e4hk\u00f6n poistamiseksi. Virtal\u00e4hteess\u00e4 on kaksi korkeaj\u00e4nniteulostuloa.","breadcrumb":{"@id":"https:\/\/virtaustekniikka.fi\/tuote\/virtalahde-en-8lc\/#breadcrumb"},"inLanguage":"en-GB","potentialAction":[{"@type":"ReadAction","target":["https:\/\/virtaustekniikka.fi\/tuote\/virtalahde-en-8lc\/"]}]},{"@type":"ImageObject","inLanguage":"en-GB","@id":"https:\/\/virtaustekniikka.fi\/tuote\/virtalahde-en-8lc\/#primaryimage","url":"https:\/\/virtaustekniikka.fi\/wp-content\/uploads\/2022\/11\/EN-8LC-virtalahde.png","contentUrl":"https:\/\/virtaustekniikka.fi\/wp-content\/uploads\/2022\/11\/EN-8LC-virtalahde.png","width":682,"height":685},{"@type":"BreadcrumbList","@id":"https:\/\/virtaustekniikka.fi\/tuote\/virtalahde-en-8lc\/#breadcrumb","itemListElement":[{"@type":"ListItem","position":1,"name":"Etusivu","item":"https:\/\/virtaustekniikka.fi\/"},{"@type":"ListItem","position":2,"name":"Etusivu","item":"https:\/\/virtaustekniikka.fi\/etusivu\/"},{"@type":"ListItem","position":3,"name":"Virtal\u00e4hde EN 8 LC"}]},{"@type":"WebSite","@id":"https:\/\/virtaustekniikka.fi\/#website","url":"https:\/\/virtaustekniikka.fi\/","name":"Suomen Virtaustekniikka Oy","description":"Paineilmatuotteita tuotannon tehostamiseen","publisher":{"@id":"https:\/\/virtaustekniikka.fi\/#organization"},"potentialAction":[{"@type":"SearchAction","target":{"@type":"EntryPoint","urlTemplate":"https:\/\/virtaustekniikka.fi\/?s={search_term_string}"},"query-input":{"@type":"PropertyValueSpecification","valueRequired":true,"valueName":"search_term_string"}}],"inLanguage":"en-GB"},{"@type":"Organization","@id":"https:\/\/virtaustekniikka.fi\/#organization","name":"Suomen Virtaustekniikka Oy","url":"https:\/\/virtaustekniikka.fi\/","logo":{"@type":"ImageObject","inLanguage":"en-GB","@id":"https:\/\/virtaustekniikka.fi\/#\/schema\/logo\/image\/","url":"https:\/\/virtaustekniikka.fi\/wp-content\/uploads\/2022\/05\/LOGO2.jpg","contentUrl":"https:\/\/virtaustekniikka.fi\/wp-content\/uploads\/2022\/05\/LOGO2.jpg","width":1000,"height":185,"caption":"Suomen Virtaustekniikka Oy"},"image":{"@id":"https:\/\/virtaustekniikka.fi\/#\/schema\/logo\/image\/"},"sameAs":["https:\/\/www.facebook.com\/Virtaustekniikka","https:\/\/x.com\/Virtaustekniikk","https:\/\/www.instagram.com\/virtaustekniikka\/","https:\/\/www.linkedin.com\/company\/16270124","https:\/\/www.youtube.com\/channel\/UCe0JNbsWIp8_ve7R2i8_egA"]}]}},"jetpack_sharing_enabled":true,"_links":{"self":[{"href":"https:\/\/virtaustekniikka.fi\/en\/wp-json\/wp\/v2\/product\/1669","targetHints":{"allow":["GET"]}}],"collection":[{"href":"https:\/\/virtaustekniikka.fi\/en\/wp-json\/wp\/v2\/product"}],"about":[{"href":"https:\/\/virtaustekniikka.fi\/en\/wp-json\/wp\/v2\/types\/product"}],"wp:featuredmedia":[{"embeddable":true,"href":"https:\/\/virtaustekniikka.fi\/en\/wp-json\/wp\/v2\/media\/1670"}],"wp:attachment":[{"href":"https:\/\/virtaustekniikka.fi\/en\/wp-json\/wp\/v2\/media?parent=1669"}],"wp:term":[{"taxonomy":"product_brand","embeddable":true,"href":"https:\/\/virtaustekniikka.fi\/en\/wp-json\/wp\/v2\/product_brand?post=1669"},{"taxonomy":"product_cat","embeddable":true,"href":"https:\/\/virtaustekniikka.fi\/en\/wp-json\/wp\/v2\/product_cat?post=1669"},{"taxonomy":"product_tag","embeddable":true,"href":"https:\/\/virtaustekniikka.fi\/en\/wp-json\/wp\/v2\/product_tag?post=1669"},{"taxonomy":"berocket_brand","embeddable":true,"href":"https:\/\/virtaustekniikka.fi\/en\/wp-json\/wp\/v2\/berocket_brand?post=1669"}],"curies":[{"name":"wp","href":"https:\/\/api.w.org\/{rel}","templated":true}]}}