{"id":230,"date":"2021-04-20T13:28:49","date_gmt":"2021-04-20T13:28:49","guid":{"rendered":"https:\/\/virtaustekniikka.fi\/testi_wp_fi\/?post_type=product&#038;p=230"},"modified":"2026-02-25T07:04:23","modified_gmt":"2026-02-25T07:04:23","slug":"pyorea-ilmaveitsi-tankojen-ja-kaapeleiden-puhdistukseen","status":"publish","type":"product","link":"https:\/\/virtaustekniikka.fi\/en\/product\/pyorea-ilmaveitsi-tankojen-ja-kaapeleiden-puhdistukseen\/","title":{"rendered":"Ring Blade Air knife"},"content":{"rendered":"<p>Py\u00f6re\u00e4 ilmaveitsi putkien ja kaapeleiden puhdistukseen ja j\u00e4\u00e4hdytt\u00e4miseen!<\/p>\n<p><a href=\"https:\/\/virtaustekniikka.fi\/wp-admin\/PDFs\/Pyorea_ilmaveitsi.pdf\" target=\"_blank\" rel=\"noopener\"><button class=\"btn btn-warning btn-xs\">Brochure PDF<\/button><\/a>\u00a0 <a href=\"https:\/\/virtaustekniikka.fi\/en\/hinnasto\/\" target=\"_blank\" rel=\"noopener\"><button class=\"btn btn-primary btn-xs\">Price List<\/button><\/a><\/p>\n<p>AIRMASTERS Ring Blade produces a \u201claminar\u201d flow of air along its 360\u00ba angle using the \u201cCoanda\u201d effect. Ring Blade entrains a large volume of air from the surrounding area along with the small amount of compressed air to produce an output flow up to 30 times the compressed air input.  The blow-off is angled against the direction of flow of the part to shear off moisture and dirt effectively, even for irregular shaped parts.<\/p>\n<p>AIRMASTERS Ring blades are made of anodized aluminum or 304\/316L stainless steel. The design and use of the quick-open structure are fast and easy.<\/p>\n<p><img loading=\"lazy\" decoding=\"async\" class=\"alignnone size-medium wp-image-231\" src=\"https:\/\/virtaustekniikka.fi\/wp-content\/uploads\/2021\/04\/DImension-for-Air-Wipe-300x207.png\" alt=\"Py\u00f6re\u00e4 ilmaveitsi putkien ja kaapeleiden puhdistukseen ja j\u00e4\u00e4hdytt\u00e4miseen. Py\u00f6re\u00e4n ilmaveitsen mittakuva\" width=\"600\" height=\"414\" srcset=\"https:\/\/virtaustekniikka.fi\/wp-content\/uploads\/2021\/04\/DImension-for-Air-Wipe-300x207.png 300w, https:\/\/virtaustekniikka.fi\/wp-content\/uploads\/2021\/04\/DImension-for-Air-Wipe-600x414.png 600w, https:\/\/virtaustekniikka.fi\/wp-content\/uploads\/2021\/04\/DImension-for-Air-Wipe.png 638w\" sizes=\"auto, (max-width: 600px) 100vw, 600px\" \/><\/p>\n<p>REFERENCE<\/p>\n<table>\n<thead>\n<tr>\n<th>\u00a0ALUMIINI 66\u00b0C<\/th>\n<th>304 STAINLESS 430\u00b0C<\/th>\n<th>316L STAINLESS 430\u00b0C<\/th>\n<th>INTERNAL DIAM.<br \/>\nMM\/INCHES<\/th>\n<th>AIR CONSUMPTION<br \/>\nNl\/min (5 bar)<\/th>\n<\/tr>\n<\/thead>\n<tbody>\n<tr>\n<td>AIR-AW038<\/td>\n<td>&#8211;<\/td>\n<td>&#8211;<\/td>\n<td style=\"text-align: center;\">9 \/ 3\/8&#8221;<\/td>\n<td style=\"text-align: center;\">212<\/td>\n<\/tr>\n<tr>\n<td>AIR-AW00<\/td>\n<td>AIR-AW00S<\/td>\n<td>AIR-AW00-316L<\/td>\n<td style=\"text-align: center;\">12,5 \/ 0,5&#8221;<\/td>\n<td style=\"text-align: center;\">249<\/td>\n<\/tr>\n<tr>\n<td>AIR-AW01<\/td>\n<td>AIR-AW01S<\/td>\n<td>AIR-AW01-316L<\/td>\n<td style=\"text-align: center;\">25 \/ 1&#8221;<\/td>\n<td style=\"text-align: center;\">533<\/td>\n<\/tr>\n<tr>\n<td>AIR-AW15<\/td>\n<td>&#8211;<\/td>\n<td>&#8211;<\/td>\n<td style=\"text-align: center;\">40 \/ 1,6&#8221;<\/td>\n<td style=\"text-align: center;\">633<\/td>\n<\/tr>\n<tr>\n<td>AIR-AW02<\/td>\n<td>AIR-AW02S<\/td>\n<td>AIR-AW02-316L<\/td>\n<td style=\"text-align: center;\">51 \/ 2&#8221;<\/td>\n<td style=\"text-align: center;\">700<\/td>\n<\/tr>\n<tr>\n<td>AIR-AW03<\/td>\n<td>AIR-AW03S<\/td>\n<td>AIR-AW03-316L<\/td>\n<td style=\"text-align: center;\">76 \/ 3&#8221;<\/td>\n<td style=\"text-align: center;\">833<\/td>\n<\/tr>\n<tr>\n<td>AIR-AW04<\/td>\n<td>AIR-AW04S<\/td>\n<td>AIR-AW04-316L<\/td>\n<td style=\"text-align: center;\">102 \/ 4&#8221;<\/td>\n<td style=\"text-align: center;\">1249<\/td>\n<\/tr>\n<tr>\n<td>AIR-AW05<\/td>\n<td>AIR-AW05S<\/td>\n<td>AIR-AW05-316L<\/td>\n<td style=\"text-align: center;\">125 \/ 5&#8221;<\/td>\n<td style=\"text-align: center;\">1500<\/td>\n<\/tr>\n<tr>\n<td>AIR-AW06<\/td>\n<td>AIR-AW06S<\/td>\n<td>AIR-AW06-316L<\/td>\n<td style=\"text-align: center;\">152 \/ 6&#8221;<\/td>\n<td style=\"text-align: center;\">2000<\/td>\n<\/tr>\n<tr>\n<td>AIR-AW07<\/td>\n<td>AIR-AW07S<\/td>\n<td>AIR-AW07-316L<\/td>\n<td style=\"text-align: center;\">178 \/ 7&#8221;<\/td>\n<td style=\"text-align: center;\">2167<\/td>\n<\/tr>\n<tr>\n<td>AIR-AW09<\/td>\n<td>AIR-AW09S<\/td>\n<td>AIR-AW09-316L<\/td>\n<td style=\"text-align: center;\">229 \/ 9&#8221;<\/td>\n<td style=\"text-align: center;\">2749<\/td>\n<\/tr>\n<tr>\n<td>AIR-AW11<\/td>\n<td>AIR-AW11S<\/td>\n<td>AIR-AW11-316L<\/td>\n<td style=\"text-align: center;\">279 \/ 11&#8221;<\/td>\n<td style=\"text-align: center;\">3382<\/td>\n<\/tr>\n<\/tbody>\n<\/table>\n<div class=\"sfsi_widget sfsi_shortcode_container\"><div class=\"norm_row sfsi_wDiv\"  style=\"width:250px;text-align:left;\"><div style='width:40px; height:40px;margin-left:10px;margin-bottom:5px; ' class='sfsi_wicons shuffeldiv' ><div class='inerCnt'><a class='sficn' data-effect='' target='_blank'  href='https:\/\/www.youtube.com\/channel\/UCe0JNbsWIp8_ve7R2i8_egA' id='sfsiid_youtube_icon' style='width:40px;height:40px;opacity:1;'  ><img data-pin-nopin='true' alt='YouTube' title='YouTube' src='https:\/\/virtaustekniikka.fi\/wp-content\/plugins\/ultimate-social-media-icons\/images\/icons_theme\/default\/default_youtube.png' width='40' height='40' style='' class='sfcm sfsi_wicon' data-effect=''   \/><\/a><\/div><\/div><div style='width:40px; height:40px;margin-left:10px;margin-bottom:5px; ' class='sfsi_wicons shuffeldiv' ><div class='inerCnt'><a class='sficn' data-effect='' target='_blank'  href='https:\/\/www.facebook.com\/Virtaustekniikka' id='sfsiid_facebook_icon' style='width:40px;height:40px;opacity:1;'  ><img data-pin-nopin='true' alt='Facebook' title='Facebook' src='https:\/\/virtaustekniikka.fi\/wp-content\/plugins\/ultimate-social-media-icons\/images\/icons_theme\/default\/default_facebook.png' width='40' height='40' style='' class='sfcm sfsi_wicon' data-effect=''   \/><\/a><div class=\"sfsi_tool_tip_2 fb_tool_bdr sfsiTlleft\" style=\"opacity:0;z-index:-1;\" id=\"sfsiid_facebook\"><span class=\"bot_arow bot_fb_arow\"><\/span><div class=\"sfsi_inside\"><div  class='icon1'><a href='https:\/\/www.facebook.com\/Virtaustekniikka' target='_blank'><img data-pin-nopin='true' class='sfsi_wicon' alt='Facebook' title='Facebook' src='https:\/\/virtaustekniikka.fi\/wp-content\/plugins\/ultimate-social-media-icons\/images\/visit_icons\/Visit_us_fb\/icon_Visit_us_en_US.png' \/><\/a><\/div><div  class='icon2'><div class=\"fb-like\" width=\"200\" data-href=\"https:\/\/virtaustekniikka.fi\/en\/product\/pyorea-ilmaveitsi-tankojen-ja-kaapeleiden-puhdistukseen\/\"  data-send=\"false\" data-layout=\"button_count\" data-action=\"like\"><\/div><\/div><div  class='icon3'><a target='_blank' href='https:\/\/www.facebook.com\/sharer\/sharer.php?u=https%3A%2F%2Fvirtaustekniikka.fi%2Fen%2Fwp-json%2Fwp%2Fv2%2Fproduct%2F230' style='display:inline-block;'  > <img class='sfsi_wicon'  data-pin-nopin='true' alt='fb-share-icon' title='Facebook Share' src='https:\/\/virtaustekniikka.fi\/wp-content\/plugins\/ultimate-social-media-icons\/images\/share_icons\/fb_icons\/en_US.svg' \/><\/a><\/div><\/div><\/div><\/div><\/div><div style='width:40px; height:40px;margin-left:10px;margin-bottom:5px; ' class='sfsi_wicons shuffeldiv' ><div class='inerCnt'><a class='sficn' data-effect='' target='_blank'  href='https:\/\/www.instagram.com\/virtaustekniikka\/' id='sfsiid_instagram_icon' style='width:40px;height:40px;opacity:1;'  ><img data-pin-nopin='true' alt='Instagram' title='Instagram' src='https:\/\/virtaustekniikka.fi\/wp-content\/plugins\/ultimate-social-media-icons\/images\/icons_theme\/default\/default_instagram.png' width='40' height='40' style='' class='sfcm sfsi_wicon' data-effect=''   \/><\/a><\/div><\/div><\/div><div id=\"sfsi_holder\" class=\"sfsi_holders\" style=\"position: relative; float: left;width:100%;z-index:-1;\"><\/div><script>window.addEventListener(\"sfsi_functions_loaded\", function()\n\t\t\t{\n\t\t\t\tif (typeof sfsi_widget_set == \"function\") {\n\t\t\t\t\tsfsi_widget_set();\n\t\t\t\t}\n\t\t\t}); <\/script><div style=\"clear: both;\"><\/div><\/div>\n<p>&nbsp;<\/p>\n<p>&nbsp;<\/p>\n<h4><span style=\"color: #d0121a;\"><strong>Air knives, 6 different models<\/strong><\/span><\/h4>\n<p>AIRMASTERS Air knife<\/p>\n<ul>\n<li>Basic model Air knife<\/li>\n<li>Air amplification ratio 40:1<\/li>\n<li>Material gold color anodized aluminium<\/li>\n<li>Our most popular model<\/li>\n<li>Standard lengths 51 - 1372 mm<\/li>\n<li>Heat resistance up to 430\u00b0C (stainless)<\/li>\n<li>In stock.<\/li>\n<\/ul>\n<p>AIRMASTERS+ Air knife<\/p>\n<ul>\n<li>Extremelly powerful blowing power<\/li>\n<li>Air amplification ratio 50:1<\/li>\n<li>Material blue color anodized aluminium<\/li>\n<li>Standard lengths 51 - 1372 mm<\/li>\n<li>Most sold lengths in stock at the factory.<\/li>\n<\/ul>\n<p>Standard Air Knife<\/p>\n<ul>\n<li>Older model Air knife<\/li>\n<li>Air amplification ratio 30:1<\/li>\n<li>Material anodized aluminium or 304 stainless steel<\/li>\n<li>Lower cost model Air knife<\/li>\n<li>Standard lengths 76 \u2013 914 mm<\/li>\n<li>Manufactured only to order.<\/li>\n<\/ul>\n<p>Manifold mounted air nozzles<\/p>\n<ul>\n<li>For extreme blowing force<\/li>\n<li>Can be applied with any model of our air nozzles<\/li>\n<li>Standard models up to 4 nozzles, longer models by special order<\/li>\n<li>Material anodized aluminium or 304\/316L stainless steel<\/li>\n<li>Heat resistance up to 430\u00b0C (depending of the model)<\/li>\n<\/ul>\n<p>Hard anodized Air knife<\/p>\n<ul>\n<li>For mechanically abrasive applications<\/li>\n<li>Air amplification ratio 40:1<\/li>\n<li>Material black hard anodized 6061-T6 aluminium<\/li>\n<li>Available with R1\/4\u201d or 1\/4\u201d NPT air inlets<\/li>\n<li>Special order. Ask for a quote!<\/li>\n<\/ul>\n<p>Ring Blade Air knife<\/p>\n<ul>\n<li>Uniform 360\u00b0 blow around the object<\/li>\n<li>For cleaning and cooling of cables and tubes<\/li>\n<li>Material anodized aluminium or 304\/316L stainless steel<\/li>\n<li>Heat resistance up to 430\u00b0C (stainless)<\/li>\n<li>Py\u00f6re\u00e4 ilmaveitsi putkien ja kaapeleiden puhdistukseen ja j\u00e4\u00e4hdytt\u00e4miseen!<\/li>\n<\/ul>\n<p>&nbsp;<\/p>\n<p>More reading about improving the energy efficiency of compressed air systems<\/p>\n<p><a href=\"https:\/\/www.sarlin.com\/ajankohtaista\/paineilman-energiatehokkuus-kuntoon-kokonaisuuden-hallinnalla\">https:\/\/www.sarlin.com\/ajankohtaista\/paineilman-energiatehokkuus-kuntoon-kokonaisuuden-hallinnalla<\/a><br \/>\n<a href=\"https:\/\/www.atlascopco.com\/fi-fi\/compressors\/paineilman-perusteet\/paineilmalaitteisto-energiatehokkuus\">https:\/\/www.atlascopco.com\/fi-fi\/compressors\/paineilman-perusteet\/paineilmalaitteisto-energiatehokkuus<\/a><br \/>\n<a href=\"https:\/\/www.theseus.fi\/bitstream\/handle\/10024\/341634\/Piilonen_Maija.pdf;jsessionid=6C415F25ADC6563A5A24246AAA3A364B?sequence=3\">https:\/\/www.theseus.fi\/bitstream\/handle\/10024\/341634\/Piilonen_Maija.pdf;jsessionid=6C415F25ADC6563A5A24246AAA3A364B?sequence=3<\/a><\/p>\n<p>&nbsp;<\/p>","protected":false},"excerpt":{"rendered":"<p>AIRMASTERS py\u00f6re\u00e4ll\u00e4 ilmaveitsell\u00e4 saadaan aikaan tasainen puhallusteho 360\u00b0 koko kappaleen ymp\u00e4rille. Saatavana 12 vakiokoossa: 9,5 mm &#8211; 279 mm sis\u00e4halkaisijalla. Materiaaleina anodisoitu alumiini tai kuumankest\u00e4v\u00e4 ruostumaton ter\u00e4s. L\u00e4mm\u00f6nkesto 66\u00b0C &#8211; 430\u00b0C mallista riippuen.<\/p>\n<p>Py\u00f6re\u00e4 ilmaveitsi putkien ja kaapeleiden puhdistukseen ja j\u00e4\u00e4hdytt\u00e4miseen!<\/p>","protected":false},"featured_media":2262,"template":"","meta":[],"product_brand":[],"product_cat":[22,61],"product_tag":[53,41],"berocket_brand":[58],"class_list":{"0":"post-230","1":"product","2":"type-product","3":"status-publish","6":"product_cat-puhallus","7":"product_cat-ilmaveitsi-puhdistaa-kuivaa-ja-jaahdyttaa","8":"product_tag-air-wipe","9":"product_tag-ilmaveitsi","10":"berocket_brand-nexflow","12":"first","13":"instock","14":"taxable","15":"shipping-taxable","16":"product-type-variable"},"yoast_head":"<!-- This site is optimized with the Yoast SEO plugin v27.1.1 - https:\/\/yoast.com\/product\/yoast-seo-wordpress\/ -->\n<title>Py\u00f6re\u00e4 ilmaveitsi putkien ja kaapeleiden puhdistukseen<\/title>\n<meta name=\"description\" content=\"AIRMASTERS Py\u00f6re\u00e4 ilmaveitsi putkien ja kaapeleiden puhdistukseen ja j\u00e4\u00e4hdytt\u00e4mIseen. Puhallus saadaan 360 astetta kohteen ymp\u00e4rille.\" \/>\n<meta name=\"robots\" content=\"index, follow, max-snippet:-1, max-image-preview:large, max-video-preview:-1\" \/>\n<link rel=\"canonical\" href=\"https:\/\/virtaustekniikka.fi\/en\/product\/pyorea-ilmaveitsi-tankojen-ja-kaapeleiden-puhdistukseen\/\" \/>\n<meta property=\"og:locale\" content=\"en_GB\" \/>\n<meta property=\"og:type\" content=\"article\" \/>\n<meta property=\"og:title\" content=\"Py\u00f6re\u00e4 ilmaveitsi putkien ja kaapeleiden puhdistukseen\" \/>\n<meta property=\"og:description\" content=\"AIRMASTERS Py\u00f6re\u00e4 ilmaveitsi putkien ja kaapeleiden puhdistukseen ja j\u00e4\u00e4hdytt\u00e4mIseen. Puhallus saadaan 360 astetta kohteen ymp\u00e4rille.\" \/>\n<meta property=\"og:url\" content=\"https:\/\/virtaustekniikka.fi\/en\/product\/pyorea-ilmaveitsi-tankojen-ja-kaapeleiden-puhdistukseen\/\" \/>\n<meta property=\"og:site_name\" content=\"Suomen Virtaustekniikka Oy\" \/>\n<meta property=\"article:publisher\" content=\"https:\/\/www.facebook.com\/Virtaustekniikka\" \/>\n<meta property=\"article:modified_time\" content=\"2026-02-25T07:04:23+00:00\" \/>\n<meta property=\"og:image\" content=\"https:\/\/virtaustekniikka.fi\/wp-content\/uploads\/2021\/04\/Pyorea-ilmaveitsi.png\" \/>\n\t<meta property=\"og:image:width\" content=\"900\" \/>\n\t<meta property=\"og:image:height\" content=\"900\" \/>\n\t<meta property=\"og:image:type\" content=\"image\/png\" \/>\n<meta name=\"twitter:card\" content=\"summary_large_image\" \/>\n<meta name=\"twitter:site\" content=\"@Virtaustekniikk\" \/>\n<meta name=\"twitter:label1\" content=\"Estimated reading time\" \/>\n\t<meta name=\"twitter:data1\" content=\"2 minutes\" \/>\n<script type=\"application\/ld+json\" class=\"yoast-schema-graph\">{\"@context\":\"https:\/\/schema.org\",\"@graph\":[{\"@type\":\"WebPage\",\"@id\":\"https:\/\/virtaustekniikka.fi\/tuote\/pyorea-ilmaveitsi-tankojen-ja-kaapeleiden-puhdistukseen\/\",\"url\":\"https:\/\/virtaustekniikka.fi\/tuote\/pyorea-ilmaveitsi-tankojen-ja-kaapeleiden-puhdistukseen\/\",\"name\":\"Py\u00f6re\u00e4 ilmaveitsi putkien ja kaapeleiden puhdistukseen\",\"isPartOf\":{\"@id\":\"https:\/\/virtaustekniikka.fi\/#website\"},\"primaryImageOfPage\":{\"@id\":\"https:\/\/virtaustekniikka.fi\/tuote\/pyorea-ilmaveitsi-tankojen-ja-kaapeleiden-puhdistukseen\/#primaryimage\"},\"image\":{\"@id\":\"https:\/\/virtaustekniikka.fi\/tuote\/pyorea-ilmaveitsi-tankojen-ja-kaapeleiden-puhdistukseen\/#primaryimage\"},\"thumbnailUrl\":\"https:\/\/virtaustekniikka.fi\/wp-content\/uploads\/2021\/04\/Pyorea-ilmaveitsi.png\",\"datePublished\":\"2021-04-20T13:28:49+00:00\",\"dateModified\":\"2026-02-25T07:04:23+00:00\",\"description\":\"AIRMASTERS Py\u00f6re\u00e4 ilmaveitsi putkien ja kaapeleiden puhdistukseen ja j\u00e4\u00e4hdytt\u00e4mIseen. Puhallus saadaan 360 astetta kohteen ymp\u00e4rille.\",\"breadcrumb\":{\"@id\":\"https:\/\/virtaustekniikka.fi\/tuote\/pyorea-ilmaveitsi-tankojen-ja-kaapeleiden-puhdistukseen\/#breadcrumb\"},\"inLanguage\":\"en-GB\",\"potentialAction\":[{\"@type\":\"ReadAction\",\"target\":[\"https:\/\/virtaustekniikka.fi\/tuote\/pyorea-ilmaveitsi-tankojen-ja-kaapeleiden-puhdistukseen\/\"]}]},{\"@type\":\"ImageObject\",\"inLanguage\":\"en-GB\",\"@id\":\"https:\/\/virtaustekniikka.fi\/tuote\/pyorea-ilmaveitsi-tankojen-ja-kaapeleiden-puhdistukseen\/#primaryimage\",\"url\":\"https:\/\/virtaustekniikka.fi\/wp-content\/uploads\/2021\/04\/Pyorea-ilmaveitsi.png\",\"contentUrl\":\"https:\/\/virtaustekniikka.fi\/wp-content\/uploads\/2021\/04\/Pyorea-ilmaveitsi.png\",\"width\":900,\"height\":900,\"caption\":\"Py\u00f6re\u00e4 ilmaveitsi putkien ja kaapeleiden puhdistukseen ja j\u00e4\u00e4hdytt\u00e4miseen\"},{\"@type\":\"BreadcrumbList\",\"@id\":\"https:\/\/virtaustekniikka.fi\/tuote\/pyorea-ilmaveitsi-tankojen-ja-kaapeleiden-puhdistukseen\/#breadcrumb\",\"itemListElement\":[{\"@type\":\"ListItem\",\"position\":1,\"name\":\"Etusivu\",\"item\":\"https:\/\/virtaustekniikka.fi\/\"},{\"@type\":\"ListItem\",\"position\":2,\"name\":\"Etusivu\",\"item\":\"https:\/\/virtaustekniikka.fi\/etusivu\/\"},{\"@type\":\"ListItem\",\"position\":3,\"name\":\"Py\u00f6re\u00e4 ilmaveitsi\"}]},{\"@type\":\"WebSite\",\"@id\":\"https:\/\/virtaustekniikka.fi\/#website\",\"url\":\"https:\/\/virtaustekniikka.fi\/\",\"name\":\"Suomen Virtaustekniikka Oy\",\"description\":\"Paineilmatuotteita tuotannon tehostamiseen\",\"publisher\":{\"@id\":\"https:\/\/virtaustekniikka.fi\/#organization\"},\"potentialAction\":[{\"@type\":\"SearchAction\",\"target\":{\"@type\":\"EntryPoint\",\"urlTemplate\":\"https:\/\/virtaustekniikka.fi\/?s={search_term_string}\"},\"query-input\":{\"@type\":\"PropertyValueSpecification\",\"valueRequired\":true,\"valueName\":\"search_term_string\"}}],\"inLanguage\":\"en-GB\"},{\"@type\":\"Organization\",\"@id\":\"https:\/\/virtaustekniikka.fi\/#organization\",\"name\":\"Suomen Virtaustekniikka Oy\",\"url\":\"https:\/\/virtaustekniikka.fi\/\",\"logo\":{\"@type\":\"ImageObject\",\"inLanguage\":\"en-GB\",\"@id\":\"https:\/\/virtaustekniikka.fi\/#\/schema\/logo\/image\/\",\"url\":\"https:\/\/virtaustekniikka.fi\/wp-content\/uploads\/2022\/05\/LOGO2.jpg\",\"contentUrl\":\"https:\/\/virtaustekniikka.fi\/wp-content\/uploads\/2022\/05\/LOGO2.jpg\",\"width\":1000,\"height\":185,\"caption\":\"Suomen Virtaustekniikka Oy\"},\"image\":{\"@id\":\"https:\/\/virtaustekniikka.fi\/#\/schema\/logo\/image\/\"},\"sameAs\":[\"https:\/\/www.facebook.com\/Virtaustekniikka\",\"https:\/\/x.com\/Virtaustekniikk\",\"https:\/\/www.instagram.com\/virtaustekniikka\/\",\"https:\/\/www.linkedin.com\/company\/16270124\",\"https:\/\/www.youtube.com\/channel\/UCe0JNbsWIp8_ve7R2i8_egA\"]}]}<\/script>\n<!-- \/ Yoast SEO plugin. -->","yoast_head_json":{"title":"Py\u00f6re\u00e4 ilmaveitsi putkien ja kaapeleiden puhdistukseen","description":"AIRMASTERS Py\u00f6re\u00e4 ilmaveitsi putkien ja kaapeleiden puhdistukseen ja j\u00e4\u00e4hdytt\u00e4mIseen. Puhallus saadaan 360 astetta kohteen ymp\u00e4rille.","robots":{"index":"index","follow":"follow","max-snippet":"max-snippet:-1","max-image-preview":"max-image-preview:large","max-video-preview":"max-video-preview:-1"},"canonical":"https:\/\/virtaustekniikka.fi\/en\/product\/pyorea-ilmaveitsi-tankojen-ja-kaapeleiden-puhdistukseen\/","og_locale":"en_GB","og_type":"article","og_title":"Py\u00f6re\u00e4 ilmaveitsi putkien ja kaapeleiden puhdistukseen","og_description":"AIRMASTERS Py\u00f6re\u00e4 ilmaveitsi putkien ja kaapeleiden puhdistukseen ja j\u00e4\u00e4hdytt\u00e4mIseen. Puhallus saadaan 360 astetta kohteen ymp\u00e4rille.","og_url":"https:\/\/virtaustekniikka.fi\/en\/product\/pyorea-ilmaveitsi-tankojen-ja-kaapeleiden-puhdistukseen\/","og_site_name":"Suomen Virtaustekniikka Oy","article_publisher":"https:\/\/www.facebook.com\/Virtaustekniikka","article_modified_time":"2026-02-25T07:04:23+00:00","og_image":[{"width":900,"height":900,"url":"https:\/\/virtaustekniikka.fi\/wp-content\/uploads\/2021\/04\/Pyorea-ilmaveitsi.png","type":"image\/png"}],"twitter_card":"summary_large_image","twitter_site":"@Virtaustekniikk","twitter_misc":{"Estimated reading time":"2 minutes"},"schema":{"@context":"https:\/\/schema.org","@graph":[{"@type":"WebPage","@id":"https:\/\/virtaustekniikka.fi\/tuote\/pyorea-ilmaveitsi-tankojen-ja-kaapeleiden-puhdistukseen\/","url":"https:\/\/virtaustekniikka.fi\/tuote\/pyorea-ilmaveitsi-tankojen-ja-kaapeleiden-puhdistukseen\/","name":"Py\u00f6re\u00e4 ilmaveitsi putkien ja kaapeleiden puhdistukseen","isPartOf":{"@id":"https:\/\/virtaustekniikka.fi\/#website"},"primaryImageOfPage":{"@id":"https:\/\/virtaustekniikka.fi\/tuote\/pyorea-ilmaveitsi-tankojen-ja-kaapeleiden-puhdistukseen\/#primaryimage"},"image":{"@id":"https:\/\/virtaustekniikka.fi\/tuote\/pyorea-ilmaveitsi-tankojen-ja-kaapeleiden-puhdistukseen\/#primaryimage"},"thumbnailUrl":"https:\/\/virtaustekniikka.fi\/wp-content\/uploads\/2021\/04\/Pyorea-ilmaveitsi.png","datePublished":"2021-04-20T13:28:49+00:00","dateModified":"2026-02-25T07:04:23+00:00","description":"AIRMASTERS Py\u00f6re\u00e4 ilmaveitsi putkien ja kaapeleiden puhdistukseen ja j\u00e4\u00e4hdytt\u00e4mIseen. Puhallus saadaan 360 astetta kohteen ymp\u00e4rille.","breadcrumb":{"@id":"https:\/\/virtaustekniikka.fi\/tuote\/pyorea-ilmaveitsi-tankojen-ja-kaapeleiden-puhdistukseen\/#breadcrumb"},"inLanguage":"en-GB","potentialAction":[{"@type":"ReadAction","target":["https:\/\/virtaustekniikka.fi\/tuote\/pyorea-ilmaveitsi-tankojen-ja-kaapeleiden-puhdistukseen\/"]}]},{"@type":"ImageObject","inLanguage":"en-GB","@id":"https:\/\/virtaustekniikka.fi\/tuote\/pyorea-ilmaveitsi-tankojen-ja-kaapeleiden-puhdistukseen\/#primaryimage","url":"https:\/\/virtaustekniikka.fi\/wp-content\/uploads\/2021\/04\/Pyorea-ilmaveitsi.png","contentUrl":"https:\/\/virtaustekniikka.fi\/wp-content\/uploads\/2021\/04\/Pyorea-ilmaveitsi.png","width":900,"height":900,"caption":"Py\u00f6re\u00e4 ilmaveitsi putkien ja kaapeleiden puhdistukseen ja j\u00e4\u00e4hdytt\u00e4miseen"},{"@type":"BreadcrumbList","@id":"https:\/\/virtaustekniikka.fi\/tuote\/pyorea-ilmaveitsi-tankojen-ja-kaapeleiden-puhdistukseen\/#breadcrumb","itemListElement":[{"@type":"ListItem","position":1,"name":"Etusivu","item":"https:\/\/virtaustekniikka.fi\/"},{"@type":"ListItem","position":2,"name":"Etusivu","item":"https:\/\/virtaustekniikka.fi\/etusivu\/"},{"@type":"ListItem","position":3,"name":"Py\u00f6re\u00e4 ilmaveitsi"}]},{"@type":"WebSite","@id":"https:\/\/virtaustekniikka.fi\/#website","url":"https:\/\/virtaustekniikka.fi\/","name":"Suomen Virtaustekniikka Oy","description":"Paineilmatuotteita tuotannon tehostamiseen","publisher":{"@id":"https:\/\/virtaustekniikka.fi\/#organization"},"potentialAction":[{"@type":"SearchAction","target":{"@type":"EntryPoint","urlTemplate":"https:\/\/virtaustekniikka.fi\/?s={search_term_string}"},"query-input":{"@type":"PropertyValueSpecification","valueRequired":true,"valueName":"search_term_string"}}],"inLanguage":"en-GB"},{"@type":"Organization","@id":"https:\/\/virtaustekniikka.fi\/#organization","name":"Suomen Virtaustekniikka Oy","url":"https:\/\/virtaustekniikka.fi\/","logo":{"@type":"ImageObject","inLanguage":"en-GB","@id":"https:\/\/virtaustekniikka.fi\/#\/schema\/logo\/image\/","url":"https:\/\/virtaustekniikka.fi\/wp-content\/uploads\/2022\/05\/LOGO2.jpg","contentUrl":"https:\/\/virtaustekniikka.fi\/wp-content\/uploads\/2022\/05\/LOGO2.jpg","width":1000,"height":185,"caption":"Suomen Virtaustekniikka Oy"},"image":{"@id":"https:\/\/virtaustekniikka.fi\/#\/schema\/logo\/image\/"},"sameAs":["https:\/\/www.facebook.com\/Virtaustekniikka","https:\/\/x.com\/Virtaustekniikk","https:\/\/www.instagram.com\/virtaustekniikka\/","https:\/\/www.linkedin.com\/company\/16270124","https:\/\/www.youtube.com\/channel\/UCe0JNbsWIp8_ve7R2i8_egA"]}]}},"jetpack_sharing_enabled":true,"_links":{"self":[{"href":"https:\/\/virtaustekniikka.fi\/en\/wp-json\/wp\/v2\/product\/230","targetHints":{"allow":["GET"]}}],"collection":[{"href":"https:\/\/virtaustekniikka.fi\/en\/wp-json\/wp\/v2\/product"}],"about":[{"href":"https:\/\/virtaustekniikka.fi\/en\/wp-json\/wp\/v2\/types\/product"}],"wp:featuredmedia":[{"embeddable":true,"href":"https:\/\/virtaustekniikka.fi\/en\/wp-json\/wp\/v2\/media\/2262"}],"wp:attachment":[{"href":"https:\/\/virtaustekniikka.fi\/en\/wp-json\/wp\/v2\/media?parent=230"}],"wp:term":[{"taxonomy":"product_brand","embeddable":true,"href":"https:\/\/virtaustekniikka.fi\/en\/wp-json\/wp\/v2\/product_brand?post=230"},{"taxonomy":"product_cat","embeddable":true,"href":"https:\/\/virtaustekniikka.fi\/en\/wp-json\/wp\/v2\/product_cat?post=230"},{"taxonomy":"product_tag","embeddable":true,"href":"https:\/\/virtaustekniikka.fi\/en\/wp-json\/wp\/v2\/product_tag?post=230"},{"taxonomy":"berocket_brand","embeddable":true,"href":"https:\/\/virtaustekniikka.fi\/en\/wp-json\/wp\/v2\/berocket_brand?post=230"}],"curies":[{"name":"wp","href":"https:\/\/api.w.org\/{rel}","templated":true}]}}