{"id":256,"date":"2021-04-20T18:32:34","date_gmt":"2021-04-20T18:32:34","guid":{"rendered":"https:\/\/virtaustekniikka.fi\/testi_wp_fi\/?post_type=product&#038;p=256"},"modified":"2025-03-26T11:50:22","modified_gmt":"2025-03-26T11:50:22","slug":"luftniv-med-blasmunstycken","status":"publish","type":"product","link":"https:\/\/virtaustekniikka.fi\/en\/product\/luftniv-med-blasmunstycken\/","title":{"rendered":"Manifold Mounted Nozzles"},"content":{"rendered":"","protected":false},"excerpt":{"rendered":"<p>AIRMASTERS manifold mounted nozzles for very effective blowing, when the blowing power of a regular air knife is not enough. Suitable for cleaning oily or sticky products and even moving small products. Available with 2-6 pcs of pre-installed blow nozzles. Compressed air can be supplied from the back or from the ends of the connecting pipe.<\/p>\n<p>Contact us and request a quote!<\/p>","protected":false},"featured_media":2815,"template":"","meta":[],"product_brand":[],"product_cat":[22,61],"product_tag":[],"berocket_brand":[58],"class_list":{"0":"post-256","1":"product","2":"type-product","3":"status-publish","6":"product_cat-puhallus","7":"product_cat-ilmaveitsi-puhdistaa-kuivaa-ja-jaahdyttaa","8":"berocket_brand-nexflow","10":"first","11":"instock","12":"taxable","13":"shipping-taxable","14":"product-type-simple"},"yoast_head":"<!-- This site is optimized with the Yoast SEO plugin v27.1.1 - https:\/\/yoast.com\/product\/yoast-seo-wordpress\/ -->\n<title>Ilmaveitset puhallussuuttimilla - Suomen Virtaustekniikka Oy<\/title>\n<meta name=\"robots\" content=\"index, follow, max-snippet:-1, max-image-preview:large, max-video-preview:-1\" \/>\n<link rel=\"canonical\" href=\"https:\/\/virtaustekniikka.fi\/en\/product\/luftniv-med-blasmunstycken\/\" \/>\n<meta property=\"og:locale\" content=\"en_GB\" \/>\n<meta property=\"og:type\" content=\"article\" \/>\n<meta property=\"og:title\" content=\"Ilmaveitset puhallussuuttimilla - Suomen Virtaustekniikka Oy\" \/>\n<meta property=\"og:description\" content=\"AIRMASTERS ilmaveitset puhallussuuttimilla eritt\u00e4in tehokkaaseen puhallukseen, silloin kun tavallisen ilmaveitsen puhallusteho ei riit\u00e4. Sopii \u00f6ljyisten tai tahmeiden tuotteiden puhdistukseen ja jopa pienten tuotteiden siirt\u00e4miseen. Satavana 2-6 kpl valmiiksi asennetulla puhallussuuttimella. Paineilma voidaan sy\u00f6tt\u00e4\u00e4 takaa tai yhdysputken p\u00e4ist\u00e4.  Ota yhteytt\u00e4 ja pyyd\u00e4 tarjous!\" \/>\n<meta property=\"og:url\" content=\"https:\/\/virtaustekniikka.fi\/en\/product\/luftniv-med-blasmunstycken\/\" \/>\n<meta property=\"og:site_name\" content=\"Suomen Virtaustekniikka Oy\" \/>\n<meta property=\"article:publisher\" content=\"https:\/\/www.facebook.com\/Virtaustekniikka\" \/>\n<meta property=\"article:modified_time\" content=\"2025-03-26T11:50:22+00:00\" \/>\n<meta property=\"og:image\" content=\"https:\/\/virtaustekniikka.fi\/wp-content\/uploads\/2021\/04\/2355-339-Cuchilla-de-aire-Extra-GM04.jpg\" \/>\n\t<meta property=\"og:image:width\" content=\"800\" \/>\n\t<meta property=\"og:image:height\" content=\"800\" \/>\n\t<meta property=\"og:image:type\" content=\"image\/jpeg\" \/>\n<meta name=\"twitter:card\" content=\"summary_large_image\" \/>\n<meta name=\"twitter:site\" content=\"@Virtaustekniikk\" \/>\n<meta name=\"twitter:label1\" content=\"Estimated reading time\" \/>\n\t<meta name=\"twitter:data1\" content=\"1 minute\" \/>\n<script type=\"application\/ld+json\" class=\"yoast-schema-graph\">{\"@context\":\"https:\/\/schema.org\",\"@graph\":[{\"@type\":\"WebPage\",\"@id\":\"https:\/\/virtaustekniikka.fi\/tuote\/luftniv-med-blasmunstycken\/\",\"url\":\"https:\/\/virtaustekniikka.fi\/tuote\/luftniv-med-blasmunstycken\/\",\"name\":\"Ilmaveitset puhallussuuttimilla - Suomen Virtaustekniikka Oy\",\"isPartOf\":{\"@id\":\"https:\/\/virtaustekniikka.fi\/#website\"},\"primaryImageOfPage\":{\"@id\":\"https:\/\/virtaustekniikka.fi\/tuote\/luftniv-med-blasmunstycken\/#primaryimage\"},\"image\":{\"@id\":\"https:\/\/virtaustekniikka.fi\/tuote\/luftniv-med-blasmunstycken\/#primaryimage\"},\"thumbnailUrl\":\"https:\/\/virtaustekniikka.fi\/wp-content\/uploads\/2021\/04\/2355-339-Cuchilla-de-aire-Extra-GM04.jpg\",\"datePublished\":\"2021-04-20T18:32:34+00:00\",\"dateModified\":\"2025-03-26T11:50:22+00:00\",\"breadcrumb\":{\"@id\":\"https:\/\/virtaustekniikka.fi\/tuote\/luftniv-med-blasmunstycken\/#breadcrumb\"},\"inLanguage\":\"en-GB\",\"potentialAction\":[{\"@type\":\"ReadAction\",\"target\":[\"https:\/\/virtaustekniikka.fi\/tuote\/luftniv-med-blasmunstycken\/\"]}]},{\"@type\":\"ImageObject\",\"inLanguage\":\"en-GB\",\"@id\":\"https:\/\/virtaustekniikka.fi\/tuote\/luftniv-med-blasmunstycken\/#primaryimage\",\"url\":\"https:\/\/virtaustekniikka.fi\/wp-content\/uploads\/2021\/04\/2355-339-Cuchilla-de-aire-Extra-GM04.jpg\",\"contentUrl\":\"https:\/\/virtaustekniikka.fi\/wp-content\/uploads\/2021\/04\/2355-339-Cuchilla-de-aire-Extra-GM04.jpg\",\"width\":800,\"height\":800},{\"@type\":\"BreadcrumbList\",\"@id\":\"https:\/\/virtaustekniikka.fi\/tuote\/luftniv-med-blasmunstycken\/#breadcrumb\",\"itemListElement\":[{\"@type\":\"ListItem\",\"position\":1,\"name\":\"Etusivu\",\"item\":\"https:\/\/virtaustekniikka.fi\/\"},{\"@type\":\"ListItem\",\"position\":2,\"name\":\"Etusivu\",\"item\":\"https:\/\/virtaustekniikka.fi\/etusivu\/\"},{\"@type\":\"ListItem\",\"position\":3,\"name\":\"Ilmaveitset puhallussuuttimilla\"}]},{\"@type\":\"WebSite\",\"@id\":\"https:\/\/virtaustekniikka.fi\/#website\",\"url\":\"https:\/\/virtaustekniikka.fi\/\",\"name\":\"Suomen Virtaustekniikka Oy\",\"description\":\"Paineilmatuotteita tuotannon tehostamiseen\",\"publisher\":{\"@id\":\"https:\/\/virtaustekniikka.fi\/#organization\"},\"potentialAction\":[{\"@type\":\"SearchAction\",\"target\":{\"@type\":\"EntryPoint\",\"urlTemplate\":\"https:\/\/virtaustekniikka.fi\/?s={search_term_string}\"},\"query-input\":{\"@type\":\"PropertyValueSpecification\",\"valueRequired\":true,\"valueName\":\"search_term_string\"}}],\"inLanguage\":\"en-GB\"},{\"@type\":\"Organization\",\"@id\":\"https:\/\/virtaustekniikka.fi\/#organization\",\"name\":\"Suomen Virtaustekniikka Oy\",\"url\":\"https:\/\/virtaustekniikka.fi\/\",\"logo\":{\"@type\":\"ImageObject\",\"inLanguage\":\"en-GB\",\"@id\":\"https:\/\/virtaustekniikka.fi\/#\/schema\/logo\/image\/\",\"url\":\"https:\/\/virtaustekniikka.fi\/wp-content\/uploads\/2022\/05\/LOGO2.jpg\",\"contentUrl\":\"https:\/\/virtaustekniikka.fi\/wp-content\/uploads\/2022\/05\/LOGO2.jpg\",\"width\":1000,\"height\":185,\"caption\":\"Suomen Virtaustekniikka Oy\"},\"image\":{\"@id\":\"https:\/\/virtaustekniikka.fi\/#\/schema\/logo\/image\/\"},\"sameAs\":[\"https:\/\/www.facebook.com\/Virtaustekniikka\",\"https:\/\/x.com\/Virtaustekniikk\",\"https:\/\/www.instagram.com\/virtaustekniikka\/\",\"https:\/\/www.linkedin.com\/company\/16270124\",\"https:\/\/www.youtube.com\/channel\/UCe0JNbsWIp8_ve7R2i8_egA\"]}]}<\/script>\n<!-- \/ Yoast SEO plugin. -->","yoast_head_json":{"title":"Ilmaveitset puhallussuuttimilla - Suomen Virtaustekniikka Oy","robots":{"index":"index","follow":"follow","max-snippet":"max-snippet:-1","max-image-preview":"max-image-preview:large","max-video-preview":"max-video-preview:-1"},"canonical":"https:\/\/virtaustekniikka.fi\/en\/product\/luftniv-med-blasmunstycken\/","og_locale":"en_GB","og_type":"article","og_title":"Ilmaveitset puhallussuuttimilla - Suomen Virtaustekniikka Oy","og_description":"AIRMASTERS ilmaveitset puhallussuuttimilla eritt\u00e4in tehokkaaseen puhallukseen, silloin kun tavallisen ilmaveitsen puhallusteho ei riit\u00e4. Sopii \u00f6ljyisten tai tahmeiden tuotteiden puhdistukseen ja jopa pienten tuotteiden siirt\u00e4miseen. Satavana 2-6 kpl valmiiksi asennetulla puhallussuuttimella. Paineilma voidaan sy\u00f6tt\u00e4\u00e4 takaa tai yhdysputken p\u00e4ist\u00e4.  Ota yhteytt\u00e4 ja pyyd\u00e4 tarjous!","og_url":"https:\/\/virtaustekniikka.fi\/en\/product\/luftniv-med-blasmunstycken\/","og_site_name":"Suomen Virtaustekniikka Oy","article_publisher":"https:\/\/www.facebook.com\/Virtaustekniikka","article_modified_time":"2025-03-26T11:50:22+00:00","og_image":[{"width":800,"height":800,"url":"https:\/\/virtaustekniikka.fi\/wp-content\/uploads\/2021\/04\/2355-339-Cuchilla-de-aire-Extra-GM04.jpg","type":"image\/jpeg"}],"twitter_card":"summary_large_image","twitter_site":"@Virtaustekniikk","twitter_misc":{"Estimated reading time":"1 minute"},"schema":{"@context":"https:\/\/schema.org","@graph":[{"@type":"WebPage","@id":"https:\/\/virtaustekniikka.fi\/tuote\/luftniv-med-blasmunstycken\/","url":"https:\/\/virtaustekniikka.fi\/tuote\/luftniv-med-blasmunstycken\/","name":"Ilmaveitset puhallussuuttimilla - Suomen Virtaustekniikka Oy","isPartOf":{"@id":"https:\/\/virtaustekniikka.fi\/#website"},"primaryImageOfPage":{"@id":"https:\/\/virtaustekniikka.fi\/tuote\/luftniv-med-blasmunstycken\/#primaryimage"},"image":{"@id":"https:\/\/virtaustekniikka.fi\/tuote\/luftniv-med-blasmunstycken\/#primaryimage"},"thumbnailUrl":"https:\/\/virtaustekniikka.fi\/wp-content\/uploads\/2021\/04\/2355-339-Cuchilla-de-aire-Extra-GM04.jpg","datePublished":"2021-04-20T18:32:34+00:00","dateModified":"2025-03-26T11:50:22+00:00","breadcrumb":{"@id":"https:\/\/virtaustekniikka.fi\/tuote\/luftniv-med-blasmunstycken\/#breadcrumb"},"inLanguage":"en-GB","potentialAction":[{"@type":"ReadAction","target":["https:\/\/virtaustekniikka.fi\/tuote\/luftniv-med-blasmunstycken\/"]}]},{"@type":"ImageObject","inLanguage":"en-GB","@id":"https:\/\/virtaustekniikka.fi\/tuote\/luftniv-med-blasmunstycken\/#primaryimage","url":"https:\/\/virtaustekniikka.fi\/wp-content\/uploads\/2021\/04\/2355-339-Cuchilla-de-aire-Extra-GM04.jpg","contentUrl":"https:\/\/virtaustekniikka.fi\/wp-content\/uploads\/2021\/04\/2355-339-Cuchilla-de-aire-Extra-GM04.jpg","width":800,"height":800},{"@type":"BreadcrumbList","@id":"https:\/\/virtaustekniikka.fi\/tuote\/luftniv-med-blasmunstycken\/#breadcrumb","itemListElement":[{"@type":"ListItem","position":1,"name":"Etusivu","item":"https:\/\/virtaustekniikka.fi\/"},{"@type":"ListItem","position":2,"name":"Etusivu","item":"https:\/\/virtaustekniikka.fi\/etusivu\/"},{"@type":"ListItem","position":3,"name":"Ilmaveitset puhallussuuttimilla"}]},{"@type":"WebSite","@id":"https:\/\/virtaustekniikka.fi\/#website","url":"https:\/\/virtaustekniikka.fi\/","name":"Suomen Virtaustekniikka Oy","description":"Paineilmatuotteita tuotannon tehostamiseen","publisher":{"@id":"https:\/\/virtaustekniikka.fi\/#organization"},"potentialAction":[{"@type":"SearchAction","target":{"@type":"EntryPoint","urlTemplate":"https:\/\/virtaustekniikka.fi\/?s={search_term_string}"},"query-input":{"@type":"PropertyValueSpecification","valueRequired":true,"valueName":"search_term_string"}}],"inLanguage":"en-GB"},{"@type":"Organization","@id":"https:\/\/virtaustekniikka.fi\/#organization","name":"Suomen Virtaustekniikka Oy","url":"https:\/\/virtaustekniikka.fi\/","logo":{"@type":"ImageObject","inLanguage":"en-GB","@id":"https:\/\/virtaustekniikka.fi\/#\/schema\/logo\/image\/","url":"https:\/\/virtaustekniikka.fi\/wp-content\/uploads\/2022\/05\/LOGO2.jpg","contentUrl":"https:\/\/virtaustekniikka.fi\/wp-content\/uploads\/2022\/05\/LOGO2.jpg","width":1000,"height":185,"caption":"Suomen Virtaustekniikka Oy"},"image":{"@id":"https:\/\/virtaustekniikka.fi\/#\/schema\/logo\/image\/"},"sameAs":["https:\/\/www.facebook.com\/Virtaustekniikka","https:\/\/x.com\/Virtaustekniikk","https:\/\/www.instagram.com\/virtaustekniikka\/","https:\/\/www.linkedin.com\/company\/16270124","https:\/\/www.youtube.com\/channel\/UCe0JNbsWIp8_ve7R2i8_egA"]}]}},"jetpack_sharing_enabled":true,"_links":{"self":[{"href":"https:\/\/virtaustekniikka.fi\/en\/wp-json\/wp\/v2\/product\/256","targetHints":{"allow":["GET"]}}],"collection":[{"href":"https:\/\/virtaustekniikka.fi\/en\/wp-json\/wp\/v2\/product"}],"about":[{"href":"https:\/\/virtaustekniikka.fi\/en\/wp-json\/wp\/v2\/types\/product"}],"wp:featuredmedia":[{"embeddable":true,"href":"https:\/\/virtaustekniikka.fi\/en\/wp-json\/wp\/v2\/media\/2815"}],"wp:attachment":[{"href":"https:\/\/virtaustekniikka.fi\/en\/wp-json\/wp\/v2\/media?parent=256"}],"wp:term":[{"taxonomy":"product_brand","embeddable":true,"href":"https:\/\/virtaustekniikka.fi\/en\/wp-json\/wp\/v2\/product_brand?post=256"},{"taxonomy":"product_cat","embeddable":true,"href":"https:\/\/virtaustekniikka.fi\/en\/wp-json\/wp\/v2\/product_cat?post=256"},{"taxonomy":"product_tag","embeddable":true,"href":"https:\/\/virtaustekniikka.fi\/en\/wp-json\/wp\/v2\/product_tag?post=256"},{"taxonomy":"berocket_brand","embeddable":true,"href":"https:\/\/virtaustekniikka.fi\/en\/wp-json\/wp\/v2\/berocket_brand?post=256"}],"curies":[{"name":"wp","href":"https:\/\/api.w.org\/{rel}","templated":true}]}}