{"id":260,"date":"2021-04-20T18:43:51","date_gmt":"2021-04-20T18:43:51","guid":{"rendered":"https:\/\/virtaustekniikka.fi\/testi_wp_fi\/?post_type=product&#038;p=260"},"modified":"2025-03-06T17:56:08","modified_gmt":"2025-03-06T17:56:08","slug":"virtausvahvistin","status":"publish","type":"product","link":"https:\/\/virtaustekniikka.fi\/en\/product\/virtausvahvistin\/","title":{"rendered":"Air Amplifier"},"content":{"rendered":"<p><a href=\"https:\/\/virtaustekniikka.fi\/wp-admin\/PDFs\/virtausvahvistin.pdf\" target=\"_blank\" rel=\"noopener\"><button class=\"btn btn-warning btn-xs\">Brochure PDF<\/button><\/a>\u00a0 <a href=\"https:\/\/virtaustekniikka.fi\/en\/hinnasto\/\" target=\"_blank\" rel=\"noopener\"><button class=\"btn btn-primary btn-xs\">Price List<\/button><\/a><\/p>\n<p>AIRMASTERS air amplifiers utilize the \u201cCoanda\u201d effect, which draws in outside air from the surrounding space to the compressed air supply. This provides efficient ventilation with low compressed air consumption. AIRMASTERS air amplifiers are simple, affordable and maintenance-free.<\/p>\n<p>&nbsp;<\/p>\n<table>\n<thead>\n<tr>\n<td>\n<div><strong>Reference<\/strong><\/div>\n<\/td>\n<td style=\"text-align: left;\">\n<div><strong>\u00a0 Inner diam.<\/strong><\/div>\n<\/td>\n<td>\n<div><strong>Air Consumption (5,5 bar)<\/strong><\/div>\n<\/td>\n<td>\n<div><strong>Amplification ratio<\/strong><\/div>\n<\/td>\n<td>\n<div><strong>Input thread<\/strong><\/div>\n<\/td>\n<\/tr>\n<\/thead>\n<tbody>\n<tr>\n<td>\n<div>AIRMASTERS10<\/div>\n<\/td>\n<td style=\"text-align: center;\">\n<div>10 mm<\/div>\n<\/td>\n<td style=\"text-align: center;\">166 Nl\/min<\/td>\n<td style=\"text-align: center;\">12:1<\/td>\n<td style=\"text-align: center;\">1\/8&#8221;<\/td>\n<\/tr>\n<tr>\n<td>\n<div>AIRMASTERS20<\/div>\n<\/td>\n<td style=\"text-align: center;\">\n<div>20 mm<\/div>\n<\/td>\n<td style=\"text-align: center;\">250 Nl\/min<\/td>\n<td style=\"text-align: center;\">\n<div>22:1<\/div>\n<\/td>\n<td style=\"text-align: center;\">\n<div>1\/4&#8221;<\/div>\n<\/td>\n<\/tr>\n<tr>\n<td>AIRMASTERS40<\/td>\n<td style=\"text-align: center;\">40 mm<\/td>\n<td style=\"text-align: center;\">533 Nl\/min<\/td>\n<td style=\"text-align: center;\">\n<div>30:1<\/div>\n<\/td>\n<td style=\"text-align: center;\">\n<div>3\/8&#8221;<\/div>\n<\/td>\n<\/tr>\n<tr>\n<td>\n<div>AIRMASTERS75<\/div>\n<\/td>\n<td style=\"text-align: center;\">\n<div>75 mm<\/div>\n<\/td>\n<td style=\"text-align: center;\">1066 Nl\/min<\/td>\n<td style=\"text-align: center;\">\n<div>15:1<\/div>\n<\/td>\n<td style=\"text-align: center;\">\n<div>1\/2&#8221;<\/div>\n<\/td>\n<\/tr>\n<tr>\n<td>\n<div>AIRMASTERS125<\/div>\n<\/td>\n<td style=\"text-align: center;\">\n<div>125 mm<\/div>\n<\/td>\n<td style=\"text-align: center;\">5080 Nl\/min<\/td>\n<td style=\"text-align: center;\">\n<div>16:1<\/div>\n<\/td>\n<td style=\"text-align: center;\">\n<div>3\/4&#8221;<\/div>\n<\/td>\n<\/tr>\n<\/tbody>\n<\/table>\n<p>&nbsp;<\/p>\n<div class=\"sfsi_widget sfsi_shortcode_container\"><div class=\"norm_row sfsi_wDiv\"  style=\"width:250px;text-align:left;\"><div style='width:40px; height:40px;margin-left:10px;margin-bottom:5px; ' class='sfsi_wicons shuffeldiv' ><div class='inerCnt'><a class='sficn' data-effect='' target='_blank'  href='https:\/\/www.youtube.com\/channel\/UCe0JNbsWIp8_ve7R2i8_egA' id='sfsiid_youtube_icon' style='width:40px;height:40px;opacity:1;'  ><img data-pin-nopin='true' alt='YouTube' title='YouTube' src='https:\/\/virtaustekniikka.fi\/wp-content\/plugins\/ultimate-social-media-icons\/images\/icons_theme\/default\/default_youtube.png' width='40' height='40' style='' class='sfcm sfsi_wicon' data-effect=''   \/><\/a><\/div><\/div><div style='width:40px; height:40px;margin-left:10px;margin-bottom:5px; ' class='sfsi_wicons shuffeldiv' ><div class='inerCnt'><a class='sficn' data-effect='' target='_blank'  href='https:\/\/www.facebook.com\/Virtaustekniikka' id='sfsiid_facebook_icon' style='width:40px;height:40px;opacity:1;'  ><img data-pin-nopin='true' alt='Facebook' title='Facebook' src='https:\/\/virtaustekniikka.fi\/wp-content\/plugins\/ultimate-social-media-icons\/images\/icons_theme\/default\/default_facebook.png' width='40' height='40' style='' class='sfcm sfsi_wicon' data-effect=''   \/><\/a><div class=\"sfsi_tool_tip_2 fb_tool_bdr sfsiTlleft\" style=\"opacity:0;z-index:-1;\" id=\"sfsiid_facebook\"><span class=\"bot_arow bot_fb_arow\"><\/span><div class=\"sfsi_inside\"><div  class='icon1'><a href='https:\/\/www.facebook.com\/Virtaustekniikka' target='_blank'><img data-pin-nopin='true' class='sfsi_wicon' alt='Facebook' title='Facebook' src='https:\/\/virtaustekniikka.fi\/wp-content\/plugins\/ultimate-social-media-icons\/images\/visit_icons\/Visit_us_fb\/icon_Visit_us_en_US.png' \/><\/a><\/div><div  class='icon2'><div class=\"fb-like\" width=\"200\" data-href=\"https:\/\/virtaustekniikka.fi\/en\/product\/virtausvahvistin\/\"  data-send=\"false\" data-layout=\"button_count\" data-action=\"like\"><\/div><\/div><div  class='icon3'><a target='_blank' href='https:\/\/www.facebook.com\/sharer\/sharer.php?u=https%3A%2F%2Fvirtaustekniikka.fi%2Fen%2Fwp-json%2Fwp%2Fv2%2Fproduct%2F260' style='display:inline-block;'  > <img class='sfsi_wicon'  data-pin-nopin='true' alt='fb-share-icon' title='Facebook Share' src='https:\/\/virtaustekniikka.fi\/wp-content\/plugins\/ultimate-social-media-icons\/images\/share_icons\/fb_icons\/en_US.svg' \/><\/a><\/div><\/div><\/div><\/div><\/div><div style='width:40px; height:40px;margin-left:10px;margin-bottom:5px; ' class='sfsi_wicons shuffeldiv' ><div class='inerCnt'><a class='sficn' data-effect='' target='_blank'  href='https:\/\/www.instagram.com\/virtaustekniikka\/' id='sfsiid_instagram_icon' style='width:40px;height:40px;opacity:1;'  ><img data-pin-nopin='true' alt='Instagram' title='Instagram' src='https:\/\/virtaustekniikka.fi\/wp-content\/plugins\/ultimate-social-media-icons\/images\/icons_theme\/default\/default_instagram.png' width='40' height='40' style='' class='sfcm sfsi_wicon' data-effect=''   \/><\/a><\/div><\/div><\/div><div id=\"sfsi_holder\" class=\"sfsi_holders\" style=\"position: relative; float: left;width:100%;z-index:-1;\"><\/div><script>window.addEventListener(\"sfsi_functions_loaded\", function()\n\t\t\t{\n\t\t\t\tif (typeof sfsi_widget_set == \"function\") {\n\t\t\t\t\tsfsi_widget_set();\n\t\t\t\t}\n\t\t\t}); <\/script><div style=\"clear: both;\"><\/div><\/div>","protected":false},"excerpt":{"rendered":"<p>AIRMASTERS air amplifiers can be used for blowing, ventilating and drying. They can also be used to transport light materials. The flow amplifier has an amplification ratio of up to 30 (depending on the model), meaning that one liter of compressed air can produce 30 liters of air flow.<\/p>","protected":false},"featured_media":2680,"template":"","meta":[],"product_brand":[],"product_cat":[22,64],"product_tag":[36,35],"berocket_brand":[68],"class_list":{"0":"post-260","1":"product","2":"type-product","3":"status-publish","6":"product_cat-puhallus","7":"product_cat-virtausvahvistimet","8":"product_tag-paineima","9":"product_tag-virtausvahvistin","10":"berocket_brand-airmasters","12":"first","13":"instock","14":"taxable","15":"shipping-taxable","16":"product-type-variable"},"yoast_head":"<!-- This site is optimized with the Yoast SEO plugin v27.1.1 - https:\/\/yoast.com\/product\/yoast-seo-wordpress\/ -->\n<title>Virtausvahvistin - Suomen Virtaustekniikka Oy<\/title>\n<meta name=\"description\" content=\"AIRMASTERS virtausvahvistimilla voidaan tuulettaa ja kuivata. Niill\u00e4 voidaan my\u00f6s kuljettaa kevyit\u00e4 materiaaleja.\" \/>\n<meta name=\"robots\" content=\"index, follow, max-snippet:-1, max-image-preview:large, max-video-preview:-1\" \/>\n<link rel=\"canonical\" href=\"https:\/\/virtaustekniikka.fi\/en\/product\/virtausvahvistin\/\" \/>\n<meta property=\"og:locale\" content=\"en_GB\" \/>\n<meta property=\"og:type\" content=\"article\" \/>\n<meta property=\"og:title\" content=\"Virtausvahvistin - Suomen Virtaustekniikka Oy\" \/>\n<meta property=\"og:description\" content=\"AIRMASTERS virtausvahvistimilla voidaan tuulettaa ja kuivata. Niill\u00e4 voidaan my\u00f6s kuljettaa kevyit\u00e4 materiaaleja.\" \/>\n<meta property=\"og:url\" content=\"https:\/\/virtaustekniikka.fi\/en\/product\/virtausvahvistin\/\" \/>\n<meta property=\"og:site_name\" content=\"Suomen Virtaustekniikka Oy\" \/>\n<meta property=\"article:publisher\" content=\"https:\/\/www.facebook.com\/Virtaustekniikka\" \/>\n<meta property=\"article:modified_time\" content=\"2025-03-06T17:56:08+00:00\" \/>\n<meta property=\"og:image\" content=\"https:\/\/virtaustekniikka.fi\/wp-content\/uploads\/2021\/04\/Virtausvahvistin-40.jpg\" \/>\n\t<meta property=\"og:image:width\" content=\"900\" \/>\n\t<meta property=\"og:image:height\" content=\"900\" \/>\n\t<meta property=\"og:image:type\" content=\"image\/jpeg\" \/>\n<meta name=\"twitter:card\" content=\"summary_large_image\" \/>\n<meta name=\"twitter:site\" content=\"@Virtaustekniikk\" \/>\n<meta name=\"twitter:label1\" content=\"Estimated reading time\" \/>\n\t<meta name=\"twitter:data1\" content=\"3 minutes\" \/>\n<script type=\"application\/ld+json\" class=\"yoast-schema-graph\">{\"@context\":\"https:\/\/schema.org\",\"@graph\":[{\"@type\":\"WebPage\",\"@id\":\"https:\/\/virtaustekniikka.fi\/tuote\/virtausvahvistin\/\",\"url\":\"https:\/\/virtaustekniikka.fi\/tuote\/virtausvahvistin\/\",\"name\":\"Virtausvahvistin - Suomen Virtaustekniikka Oy\",\"isPartOf\":{\"@id\":\"https:\/\/virtaustekniikka.fi\/#website\"},\"primaryImageOfPage\":{\"@id\":\"https:\/\/virtaustekniikka.fi\/tuote\/virtausvahvistin\/#primaryimage\"},\"image\":{\"@id\":\"https:\/\/virtaustekniikka.fi\/tuote\/virtausvahvistin\/#primaryimage\"},\"thumbnailUrl\":\"https:\/\/virtaustekniikka.fi\/wp-content\/uploads\/2021\/04\/Virtausvahvistin-40.jpg\",\"datePublished\":\"2021-04-20T18:43:51+00:00\",\"dateModified\":\"2025-03-06T17:56:08+00:00\",\"description\":\"AIRMASTERS virtausvahvistimilla voidaan tuulettaa ja kuivata. Niill\u00e4 voidaan my\u00f6s kuljettaa kevyit\u00e4 materiaaleja.\",\"breadcrumb\":{\"@id\":\"https:\/\/virtaustekniikka.fi\/tuote\/virtausvahvistin\/#breadcrumb\"},\"inLanguage\":\"en-GB\",\"potentialAction\":[{\"@type\":\"ReadAction\",\"target\":[\"https:\/\/virtaustekniikka.fi\/tuote\/virtausvahvistin\/\"]}]},{\"@type\":\"ImageObject\",\"inLanguage\":\"en-GB\",\"@id\":\"https:\/\/virtaustekniikka.fi\/tuote\/virtausvahvistin\/#primaryimage\",\"url\":\"https:\/\/virtaustekniikka.fi\/wp-content\/uploads\/2021\/04\/Virtausvahvistin-40.jpg\",\"contentUrl\":\"https:\/\/virtaustekniikka.fi\/wp-content\/uploads\/2021\/04\/Virtausvahvistin-40.jpg\",\"width\":900,\"height\":900},{\"@type\":\"BreadcrumbList\",\"@id\":\"https:\/\/virtaustekniikka.fi\/tuote\/virtausvahvistin\/#breadcrumb\",\"itemListElement\":[{\"@type\":\"ListItem\",\"position\":1,\"name\":\"Etusivu\",\"item\":\"https:\/\/virtaustekniikka.fi\/\"},{\"@type\":\"ListItem\",\"position\":2,\"name\":\"Etusivu\",\"item\":\"https:\/\/virtaustekniikka.fi\/etusivu\/\"},{\"@type\":\"ListItem\",\"position\":3,\"name\":\"Virtausvahvistin\"}]},{\"@type\":\"WebSite\",\"@id\":\"https:\/\/virtaustekniikka.fi\/#website\",\"url\":\"https:\/\/virtaustekniikka.fi\/\",\"name\":\"Suomen Virtaustekniikka Oy\",\"description\":\"Paineilmatuotteita tuotannon tehostamiseen\",\"publisher\":{\"@id\":\"https:\/\/virtaustekniikka.fi\/#organization\"},\"potentialAction\":[{\"@type\":\"SearchAction\",\"target\":{\"@type\":\"EntryPoint\",\"urlTemplate\":\"https:\/\/virtaustekniikka.fi\/?s={search_term_string}\"},\"query-input\":{\"@type\":\"PropertyValueSpecification\",\"valueRequired\":true,\"valueName\":\"search_term_string\"}}],\"inLanguage\":\"en-GB\"},{\"@type\":\"Organization\",\"@id\":\"https:\/\/virtaustekniikka.fi\/#organization\",\"name\":\"Suomen Virtaustekniikka Oy\",\"url\":\"https:\/\/virtaustekniikka.fi\/\",\"logo\":{\"@type\":\"ImageObject\",\"inLanguage\":\"en-GB\",\"@id\":\"https:\/\/virtaustekniikka.fi\/#\/schema\/logo\/image\/\",\"url\":\"https:\/\/virtaustekniikka.fi\/wp-content\/uploads\/2022\/05\/LOGO2.jpg\",\"contentUrl\":\"https:\/\/virtaustekniikka.fi\/wp-content\/uploads\/2022\/05\/LOGO2.jpg\",\"width\":1000,\"height\":185,\"caption\":\"Suomen Virtaustekniikka Oy\"},\"image\":{\"@id\":\"https:\/\/virtaustekniikka.fi\/#\/schema\/logo\/image\/\"},\"sameAs\":[\"https:\/\/www.facebook.com\/Virtaustekniikka\",\"https:\/\/x.com\/Virtaustekniikk\",\"https:\/\/www.instagram.com\/virtaustekniikka\/\",\"https:\/\/www.linkedin.com\/company\/16270124\",\"https:\/\/www.youtube.com\/channel\/UCe0JNbsWIp8_ve7R2i8_egA\"]}]}<\/script>\n<!-- \/ Yoast SEO plugin. -->","yoast_head_json":{"title":"Virtausvahvistin - Suomen Virtaustekniikka Oy","description":"AIRMASTERS virtausvahvistimilla voidaan tuulettaa ja kuivata. Niill\u00e4 voidaan my\u00f6s kuljettaa kevyit\u00e4 materiaaleja.","robots":{"index":"index","follow":"follow","max-snippet":"max-snippet:-1","max-image-preview":"max-image-preview:large","max-video-preview":"max-video-preview:-1"},"canonical":"https:\/\/virtaustekniikka.fi\/en\/product\/virtausvahvistin\/","og_locale":"en_GB","og_type":"article","og_title":"Virtausvahvistin - Suomen Virtaustekniikka Oy","og_description":"AIRMASTERS virtausvahvistimilla voidaan tuulettaa ja kuivata. Niill\u00e4 voidaan my\u00f6s kuljettaa kevyit\u00e4 materiaaleja.","og_url":"https:\/\/virtaustekniikka.fi\/en\/product\/virtausvahvistin\/","og_site_name":"Suomen Virtaustekniikka Oy","article_publisher":"https:\/\/www.facebook.com\/Virtaustekniikka","article_modified_time":"2025-03-06T17:56:08+00:00","og_image":[{"width":900,"height":900,"url":"https:\/\/virtaustekniikka.fi\/wp-content\/uploads\/2021\/04\/Virtausvahvistin-40.jpg","type":"image\/jpeg"}],"twitter_card":"summary_large_image","twitter_site":"@Virtaustekniikk","twitter_misc":{"Estimated reading time":"3 minutes"},"schema":{"@context":"https:\/\/schema.org","@graph":[{"@type":"WebPage","@id":"https:\/\/virtaustekniikka.fi\/tuote\/virtausvahvistin\/","url":"https:\/\/virtaustekniikka.fi\/tuote\/virtausvahvistin\/","name":"Virtausvahvistin - Suomen Virtaustekniikka Oy","isPartOf":{"@id":"https:\/\/virtaustekniikka.fi\/#website"},"primaryImageOfPage":{"@id":"https:\/\/virtaustekniikka.fi\/tuote\/virtausvahvistin\/#primaryimage"},"image":{"@id":"https:\/\/virtaustekniikka.fi\/tuote\/virtausvahvistin\/#primaryimage"},"thumbnailUrl":"https:\/\/virtaustekniikka.fi\/wp-content\/uploads\/2021\/04\/Virtausvahvistin-40.jpg","datePublished":"2021-04-20T18:43:51+00:00","dateModified":"2025-03-06T17:56:08+00:00","description":"AIRMASTERS virtausvahvistimilla voidaan tuulettaa ja kuivata. Niill\u00e4 voidaan my\u00f6s kuljettaa kevyit\u00e4 materiaaleja.","breadcrumb":{"@id":"https:\/\/virtaustekniikka.fi\/tuote\/virtausvahvistin\/#breadcrumb"},"inLanguage":"en-GB","potentialAction":[{"@type":"ReadAction","target":["https:\/\/virtaustekniikka.fi\/tuote\/virtausvahvistin\/"]}]},{"@type":"ImageObject","inLanguage":"en-GB","@id":"https:\/\/virtaustekniikka.fi\/tuote\/virtausvahvistin\/#primaryimage","url":"https:\/\/virtaustekniikka.fi\/wp-content\/uploads\/2021\/04\/Virtausvahvistin-40.jpg","contentUrl":"https:\/\/virtaustekniikka.fi\/wp-content\/uploads\/2021\/04\/Virtausvahvistin-40.jpg","width":900,"height":900},{"@type":"BreadcrumbList","@id":"https:\/\/virtaustekniikka.fi\/tuote\/virtausvahvistin\/#breadcrumb","itemListElement":[{"@type":"ListItem","position":1,"name":"Etusivu","item":"https:\/\/virtaustekniikka.fi\/"},{"@type":"ListItem","position":2,"name":"Etusivu","item":"https:\/\/virtaustekniikka.fi\/etusivu\/"},{"@type":"ListItem","position":3,"name":"Virtausvahvistin"}]},{"@type":"WebSite","@id":"https:\/\/virtaustekniikka.fi\/#website","url":"https:\/\/virtaustekniikka.fi\/","name":"Suomen Virtaustekniikka Oy","description":"Paineilmatuotteita tuotannon tehostamiseen","publisher":{"@id":"https:\/\/virtaustekniikka.fi\/#organization"},"potentialAction":[{"@type":"SearchAction","target":{"@type":"EntryPoint","urlTemplate":"https:\/\/virtaustekniikka.fi\/?s={search_term_string}"},"query-input":{"@type":"PropertyValueSpecification","valueRequired":true,"valueName":"search_term_string"}}],"inLanguage":"en-GB"},{"@type":"Organization","@id":"https:\/\/virtaustekniikka.fi\/#organization","name":"Suomen Virtaustekniikka Oy","url":"https:\/\/virtaustekniikka.fi\/","logo":{"@type":"ImageObject","inLanguage":"en-GB","@id":"https:\/\/virtaustekniikka.fi\/#\/schema\/logo\/image\/","url":"https:\/\/virtaustekniikka.fi\/wp-content\/uploads\/2022\/05\/LOGO2.jpg","contentUrl":"https:\/\/virtaustekniikka.fi\/wp-content\/uploads\/2022\/05\/LOGO2.jpg","width":1000,"height":185,"caption":"Suomen Virtaustekniikka Oy"},"image":{"@id":"https:\/\/virtaustekniikka.fi\/#\/schema\/logo\/image\/"},"sameAs":["https:\/\/www.facebook.com\/Virtaustekniikka","https:\/\/x.com\/Virtaustekniikk","https:\/\/www.instagram.com\/virtaustekniikka\/","https:\/\/www.linkedin.com\/company\/16270124","https:\/\/www.youtube.com\/channel\/UCe0JNbsWIp8_ve7R2i8_egA"]}]}},"jetpack_sharing_enabled":true,"_links":{"self":[{"href":"https:\/\/virtaustekniikka.fi\/en\/wp-json\/wp\/v2\/product\/260","targetHints":{"allow":["GET"]}}],"collection":[{"href":"https:\/\/virtaustekniikka.fi\/en\/wp-json\/wp\/v2\/product"}],"about":[{"href":"https:\/\/virtaustekniikka.fi\/en\/wp-json\/wp\/v2\/types\/product"}],"wp:featuredmedia":[{"embeddable":true,"href":"https:\/\/virtaustekniikka.fi\/en\/wp-json\/wp\/v2\/media\/2680"}],"wp:attachment":[{"href":"https:\/\/virtaustekniikka.fi\/en\/wp-json\/wp\/v2\/media?parent=260"}],"wp:term":[{"taxonomy":"product_brand","embeddable":true,"href":"https:\/\/virtaustekniikka.fi\/en\/wp-json\/wp\/v2\/product_brand?post=260"},{"taxonomy":"product_cat","embeddable":true,"href":"https:\/\/virtaustekniikka.fi\/en\/wp-json\/wp\/v2\/product_cat?post=260"},{"taxonomy":"product_tag","embeddable":true,"href":"https:\/\/virtaustekniikka.fi\/en\/wp-json\/wp\/v2\/product_tag?post=260"},{"taxonomy":"berocket_brand","embeddable":true,"href":"https:\/\/virtaustekniikka.fi\/en\/wp-json\/wp\/v2\/berocket_brand?post=260"}],"curies":[{"name":"wp","href":"https:\/\/api.w.org\/{rel}","templated":true}]}}