{"id":268,"date":"2021-04-20T19:27:24","date_gmt":"2021-04-20T19:27:24","guid":{"rendered":"https:\/\/virtaustekniikka.fi\/testi_wp_fi\/?post_type=product&#038;p=268"},"modified":"2025-04-03T05:43:15","modified_gmt":"2025-04-03T05:43:15","slug":"littea-puhallussuutin","status":"publish","type":"product","link":"https:\/\/virtaustekniikka.fi\/en\/product\/littea-puhallussuutin\/","title":{"rendered":"Flat Nozzles"},"content":{"rendered":"<p><a href=\"https:\/\/virtaustekniikka.fi\/wp-admin\/PDFs\/littea_puhallussuutin.pdf\" target=\"_blank\" rel=\"noopener\"><button class=\"btn btn-success btn-xs\">Brochure PDF<\/button><\/a>\u00a0 <a href=\"https:\/\/virtaustekniikka.fi\/en\/hinnasto\/\" target=\"_blank\" rel=\"noopener\"><button class=\"btn btn-primary btn-xs\">Price List<\/button><\/a><\/p>\n<div class=\"wpb_column vc_column_container vc_col-sm-10 mpc-column\">\n<div class=\"vc_column-inner\">\n<div class=\"wpb_wrapper\">\n<p>AIRMASTERS flat nozzle is easy to install and use. The nozzle is 51 mm wide and is available with different air gaps that affect the blowing force. The air gap can be changed with shims if necessary, and thus the blowing force can be adjusted to suit the application.<\/p>\n<table>\n<thead>\n<tr>\n<th>REFERENCE<br \/>\n(aluminium)<\/th>\n<th>REFERENCE<br \/>\n(316L stainless)<\/th>\n<th>AIR GAP<\/th>\n<th>AIR CONSUMPTION (5 bar)<\/th>\n<th>BLOW FORCE<\/th>\n<\/tr>\n<\/thead>\n<tbody>\n<tr>\n<td>AIR-M200-4<\/td>\n<td>AIR-M200-316L-4<\/td>\n<td>0,1 mm<\/td>\n<td>\u00a0581 Nl\/min<\/td>\n<td>3,3 N<\/td>\n<\/tr>\n<tr>\n<td>AIR-M200-8<\/td>\n<td>AIR-M200-316L-8<\/td>\n<td>0,2 mm<\/td>\n<td>887 Nl\/min<\/td>\n<td>5,8 N<\/td>\n<\/tr>\n<tr>\n<td>AIR-M200-12<\/td>\n<td>AIR-M200-316L-12<\/td>\n<td>0,3 mm<\/td>\n<td>1091 Nl\/min<\/td>\n<td>7,5 N<\/td>\n<\/tr>\n<tr>\n<td>AIR-M200-16<\/td>\n<td>AIR-M200-316L-16<\/td>\n<td>0,4 mm<\/td>\n<td>1161 Nl\/min<\/td>\n<td>8,3 N<\/td>\n<\/tr>\n<tr>\n<td>AIR-M200-20<\/td>\n<td>AIR-M200-316L-20<\/td>\n<td>0,5 mm<\/td>\n<td>\u00a01261 Nl\/min<\/td>\n<td>9,2 N<\/td>\n<\/tr>\n<tr>\n<td>AIR-M200-24<\/td>\n<td>AIR-M200-316L-24<\/td>\n<td>0,6 mm<\/td>\n<td>1331 Nl\/min<\/td>\n<td>10,0 N<\/td>\n<\/tr>\n<tr>\n<td>AIR-M200-28<\/td>\n<td>AIR-M200-316L-28<\/td>\n<td>0,7 mm<\/td>\n<td>\u00a01445 Nl\/min<\/td>\n<td>10,8 N<\/td>\n<\/tr>\n<\/tbody>\n<\/table>\n<\/div>\n<\/div>\n<\/div>","protected":false},"excerpt":{"rendered":"<p>AIRMASTERS flat nozzle produces a powerful blow. It is well suited for applications where the blowing power produced by an air knife is not enough. Flat blow nozzles can also reduce compressed air consumption and workplace noise.<\/p>","protected":false},"featured_media":2711,"template":"","meta":[],"product_brand":[],"product_cat":[22],"product_tag":[],"berocket_brand":[68],"class_list":{"0":"post-268","1":"product","2":"type-product","3":"status-publish","6":"product_cat-puhallus","7":"berocket_brand-airmasters","9":"first","10":"instock","11":"taxable","12":"shipping-taxable","13":"product-type-variable"},"yoast_head":"<!-- This site is optimized with the Yoast SEO plugin v27.3 - https:\/\/yoast.com\/product\/yoast-seo-wordpress\/ -->\n<title>AIRMASTERS litte\u00e4 puhallussuutin tuottaa voimakkaan puhalluksen<\/title>\n<meta name=\"description\" content=\"Litte\u00e4 puhallussuutin sopii hyvin kohteisiin miss\u00e4 ilmaveitsen tuottama puhallusteho ei ole riitt\u00e4v\u00e4.\" \/>\n<meta name=\"robots\" content=\"index, follow, max-snippet:-1, max-image-preview:large, max-video-preview:-1\" \/>\n<link rel=\"canonical\" href=\"https:\/\/virtaustekniikka.fi\/en\/product\/littea-puhallussuutin\/\" \/>\n<meta property=\"og:locale\" content=\"en_GB\" \/>\n<meta property=\"og:type\" content=\"article\" \/>\n<meta property=\"og:title\" content=\"AIRMASTERS litte\u00e4 puhallussuutin tuottaa voimakkaan puhalluksen\" \/>\n<meta property=\"og:description\" content=\"Litte\u00e4 puhallussuutin sopii hyvin kohteisiin miss\u00e4 ilmaveitsen tuottama puhallusteho ei ole riitt\u00e4v\u00e4.\" \/>\n<meta property=\"og:url\" content=\"https:\/\/virtaustekniikka.fi\/en\/product\/littea-puhallussuutin\/\" \/>\n<meta property=\"og:site_name\" content=\"Suomen Virtaustekniikka Oy\" \/>\n<meta property=\"article:publisher\" content=\"https:\/\/www.facebook.com\/Virtaustekniikka\" \/>\n<meta property=\"article:modified_time\" content=\"2025-04-03T05:43:15+00:00\" \/>\n<meta property=\"og:image\" content=\"https:\/\/virtaustekniikka.fi\/wp-content\/uploads\/2021\/04\/Littea-puhallussuutin-1.png\" \/>\n\t<meta property=\"og:image:width\" content=\"900\" \/>\n\t<meta property=\"og:image:height\" content=\"900\" \/>\n\t<meta property=\"og:image:type\" content=\"image\/png\" \/>\n<meta name=\"twitter:card\" content=\"summary_large_image\" \/>\n<meta name=\"twitter:site\" content=\"@Virtaustekniikk\" \/>\n<meta name=\"twitter:label1\" content=\"Estimated reading time\" \/>\n\t<meta name=\"twitter:data1\" content=\"1 minute\" \/>\n<script type=\"application\/ld+json\" class=\"yoast-schema-graph\">{\"@context\":\"https:\\\/\\\/schema.org\",\"@graph\":[{\"@type\":\"WebPage\",\"@id\":\"https:\\\/\\\/virtaustekniikka.fi\\\/tuote\\\/littea-puhallussuutin\\\/\",\"url\":\"https:\\\/\\\/virtaustekniikka.fi\\\/tuote\\\/littea-puhallussuutin\\\/\",\"name\":\"AIRMASTERS litte\u00e4 puhallussuutin tuottaa voimakkaan puhalluksen\",\"isPartOf\":{\"@id\":\"https:\\\/\\\/virtaustekniikka.fi\\\/#website\"},\"primaryImageOfPage\":{\"@id\":\"https:\\\/\\\/virtaustekniikka.fi\\\/tuote\\\/littea-puhallussuutin\\\/#primaryimage\"},\"image\":{\"@id\":\"https:\\\/\\\/virtaustekniikka.fi\\\/tuote\\\/littea-puhallussuutin\\\/#primaryimage\"},\"thumbnailUrl\":\"https:\\\/\\\/virtaustekniikka.fi\\\/wp-content\\\/uploads\\\/2021\\\/04\\\/Littea-puhallussuutin-1.png\",\"datePublished\":\"2021-04-20T19:27:24+00:00\",\"dateModified\":\"2025-04-03T05:43:15+00:00\",\"description\":\"Litte\u00e4 puhallussuutin sopii hyvin kohteisiin miss\u00e4 ilmaveitsen tuottama puhallusteho ei ole riitt\u00e4v\u00e4.\",\"breadcrumb\":{\"@id\":\"https:\\\/\\\/virtaustekniikka.fi\\\/tuote\\\/littea-puhallussuutin\\\/#breadcrumb\"},\"inLanguage\":\"en-GB\",\"potentialAction\":[{\"@type\":\"ReadAction\",\"target\":[\"https:\\\/\\\/virtaustekniikka.fi\\\/tuote\\\/littea-puhallussuutin\\\/\"]}]},{\"@type\":\"ImageObject\",\"inLanguage\":\"en-GB\",\"@id\":\"https:\\\/\\\/virtaustekniikka.fi\\\/tuote\\\/littea-puhallussuutin\\\/#primaryimage\",\"url\":\"https:\\\/\\\/virtaustekniikka.fi\\\/wp-content\\\/uploads\\\/2021\\\/04\\\/Littea-puhallussuutin-1.png\",\"contentUrl\":\"https:\\\/\\\/virtaustekniikka.fi\\\/wp-content\\\/uploads\\\/2021\\\/04\\\/Littea-puhallussuutin-1.png\",\"width\":900,\"height\":900},{\"@type\":\"BreadcrumbList\",\"@id\":\"https:\\\/\\\/virtaustekniikka.fi\\\/tuote\\\/littea-puhallussuutin\\\/#breadcrumb\",\"itemListElement\":[{\"@type\":\"ListItem\",\"position\":1,\"name\":\"Etusivu\",\"item\":\"https:\\\/\\\/virtaustekniikka.fi\\\/\"},{\"@type\":\"ListItem\",\"position\":2,\"name\":\"Etusivu\",\"item\":\"https:\\\/\\\/virtaustekniikka.fi\\\/etusivu\\\/\"},{\"@type\":\"ListItem\",\"position\":3,\"name\":\"Litte\u00e4t puhallussuuttimet\"}]},{\"@type\":\"WebSite\",\"@id\":\"https:\\\/\\\/virtaustekniikka.fi\\\/#website\",\"url\":\"https:\\\/\\\/virtaustekniikka.fi\\\/\",\"name\":\"Suomen Virtaustekniikka Oy\",\"description\":\"Paineilmatuotteita tuotannon tehostamiseen\",\"publisher\":{\"@id\":\"https:\\\/\\\/virtaustekniikka.fi\\\/#organization\"},\"potentialAction\":[{\"@type\":\"SearchAction\",\"target\":{\"@type\":\"EntryPoint\",\"urlTemplate\":\"https:\\\/\\\/virtaustekniikka.fi\\\/?s={search_term_string}\"},\"query-input\":{\"@type\":\"PropertyValueSpecification\",\"valueRequired\":true,\"valueName\":\"search_term_string\"}}],\"inLanguage\":\"en-GB\"},{\"@type\":\"Organization\",\"@id\":\"https:\\\/\\\/virtaustekniikka.fi\\\/#organization\",\"name\":\"Suomen Virtaustekniikka Oy\",\"url\":\"https:\\\/\\\/virtaustekniikka.fi\\\/\",\"logo\":{\"@type\":\"ImageObject\",\"inLanguage\":\"en-GB\",\"@id\":\"https:\\\/\\\/virtaustekniikka.fi\\\/#\\\/schema\\\/logo\\\/image\\\/\",\"url\":\"https:\\\/\\\/virtaustekniikka.fi\\\/wp-content\\\/uploads\\\/2022\\\/05\\\/LOGO2.jpg\",\"contentUrl\":\"https:\\\/\\\/virtaustekniikka.fi\\\/wp-content\\\/uploads\\\/2022\\\/05\\\/LOGO2.jpg\",\"width\":1000,\"height\":185,\"caption\":\"Suomen Virtaustekniikka Oy\"},\"image\":{\"@id\":\"https:\\\/\\\/virtaustekniikka.fi\\\/#\\\/schema\\\/logo\\\/image\\\/\"},\"sameAs\":[\"https:\\\/\\\/www.facebook.com\\\/Virtaustekniikka\",\"https:\\\/\\\/x.com\\\/Virtaustekniikk\",\"https:\\\/\\\/www.instagram.com\\\/virtaustekniikka\\\/\",\"https:\\\/\\\/www.linkedin.com\\\/company\\\/16270124\",\"https:\\\/\\\/www.youtube.com\\\/channel\\\/UCe0JNbsWIp8_ve7R2i8_egA\"]}]}<\/script>\n<!-- \/ Yoast SEO plugin. -->","yoast_head_json":{"title":"AIRMASTERS litte\u00e4 puhallussuutin tuottaa voimakkaan puhalluksen","description":"Litte\u00e4 puhallussuutin sopii hyvin kohteisiin miss\u00e4 ilmaveitsen tuottama puhallusteho ei ole riitt\u00e4v\u00e4.","robots":{"index":"index","follow":"follow","max-snippet":"max-snippet:-1","max-image-preview":"max-image-preview:large","max-video-preview":"max-video-preview:-1"},"canonical":"https:\/\/virtaustekniikka.fi\/en\/product\/littea-puhallussuutin\/","og_locale":"en_GB","og_type":"article","og_title":"AIRMASTERS litte\u00e4 puhallussuutin tuottaa voimakkaan puhalluksen","og_description":"Litte\u00e4 puhallussuutin sopii hyvin kohteisiin miss\u00e4 ilmaveitsen tuottama puhallusteho ei ole riitt\u00e4v\u00e4.","og_url":"https:\/\/virtaustekniikka.fi\/en\/product\/littea-puhallussuutin\/","og_site_name":"Suomen Virtaustekniikka Oy","article_publisher":"https:\/\/www.facebook.com\/Virtaustekniikka","article_modified_time":"2025-04-03T05:43:15+00:00","og_image":[{"width":900,"height":900,"url":"https:\/\/virtaustekniikka.fi\/wp-content\/uploads\/2021\/04\/Littea-puhallussuutin-1.png","type":"image\/png"}],"twitter_card":"summary_large_image","twitter_site":"@Virtaustekniikk","twitter_misc":{"Estimated reading time":"1 minute"},"schema":{"@context":"https:\/\/schema.org","@graph":[{"@type":"WebPage","@id":"https:\/\/virtaustekniikka.fi\/tuote\/littea-puhallussuutin\/","url":"https:\/\/virtaustekniikka.fi\/tuote\/littea-puhallussuutin\/","name":"AIRMASTERS litte\u00e4 puhallussuutin tuottaa voimakkaan puhalluksen","isPartOf":{"@id":"https:\/\/virtaustekniikka.fi\/#website"},"primaryImageOfPage":{"@id":"https:\/\/virtaustekniikka.fi\/tuote\/littea-puhallussuutin\/#primaryimage"},"image":{"@id":"https:\/\/virtaustekniikka.fi\/tuote\/littea-puhallussuutin\/#primaryimage"},"thumbnailUrl":"https:\/\/virtaustekniikka.fi\/wp-content\/uploads\/2021\/04\/Littea-puhallussuutin-1.png","datePublished":"2021-04-20T19:27:24+00:00","dateModified":"2025-04-03T05:43:15+00:00","description":"Litte\u00e4 puhallussuutin sopii hyvin kohteisiin miss\u00e4 ilmaveitsen tuottama puhallusteho ei ole riitt\u00e4v\u00e4.","breadcrumb":{"@id":"https:\/\/virtaustekniikka.fi\/tuote\/littea-puhallussuutin\/#breadcrumb"},"inLanguage":"en-GB","potentialAction":[{"@type":"ReadAction","target":["https:\/\/virtaustekniikka.fi\/tuote\/littea-puhallussuutin\/"]}]},{"@type":"ImageObject","inLanguage":"en-GB","@id":"https:\/\/virtaustekniikka.fi\/tuote\/littea-puhallussuutin\/#primaryimage","url":"https:\/\/virtaustekniikka.fi\/wp-content\/uploads\/2021\/04\/Littea-puhallussuutin-1.png","contentUrl":"https:\/\/virtaustekniikka.fi\/wp-content\/uploads\/2021\/04\/Littea-puhallussuutin-1.png","width":900,"height":900},{"@type":"BreadcrumbList","@id":"https:\/\/virtaustekniikka.fi\/tuote\/littea-puhallussuutin\/#breadcrumb","itemListElement":[{"@type":"ListItem","position":1,"name":"Etusivu","item":"https:\/\/virtaustekniikka.fi\/"},{"@type":"ListItem","position":2,"name":"Etusivu","item":"https:\/\/virtaustekniikka.fi\/etusivu\/"},{"@type":"ListItem","position":3,"name":"Litte\u00e4t puhallussuuttimet"}]},{"@type":"WebSite","@id":"https:\/\/virtaustekniikka.fi\/#website","url":"https:\/\/virtaustekniikka.fi\/","name":"Suomen Virtaustekniikka Oy","description":"Paineilmatuotteita tuotannon tehostamiseen","publisher":{"@id":"https:\/\/virtaustekniikka.fi\/#organization"},"potentialAction":[{"@type":"SearchAction","target":{"@type":"EntryPoint","urlTemplate":"https:\/\/virtaustekniikka.fi\/?s={search_term_string}"},"query-input":{"@type":"PropertyValueSpecification","valueRequired":true,"valueName":"search_term_string"}}],"inLanguage":"en-GB"},{"@type":"Organization","@id":"https:\/\/virtaustekniikka.fi\/#organization","name":"Suomen Virtaustekniikka Oy","url":"https:\/\/virtaustekniikka.fi\/","logo":{"@type":"ImageObject","inLanguage":"en-GB","@id":"https:\/\/virtaustekniikka.fi\/#\/schema\/logo\/image\/","url":"https:\/\/virtaustekniikka.fi\/wp-content\/uploads\/2022\/05\/LOGO2.jpg","contentUrl":"https:\/\/virtaustekniikka.fi\/wp-content\/uploads\/2022\/05\/LOGO2.jpg","width":1000,"height":185,"caption":"Suomen Virtaustekniikka Oy"},"image":{"@id":"https:\/\/virtaustekniikka.fi\/#\/schema\/logo\/image\/"},"sameAs":["https:\/\/www.facebook.com\/Virtaustekniikka","https:\/\/x.com\/Virtaustekniikk","https:\/\/www.instagram.com\/virtaustekniikka\/","https:\/\/www.linkedin.com\/company\/16270124","https:\/\/www.youtube.com\/channel\/UCe0JNbsWIp8_ve7R2i8_egA"]}]}},"jetpack_sharing_enabled":true,"_links":{"self":[{"href":"https:\/\/virtaustekniikka.fi\/en\/wp-json\/wp\/v2\/product\/268","targetHints":{"allow":["GET"]}}],"collection":[{"href":"https:\/\/virtaustekniikka.fi\/en\/wp-json\/wp\/v2\/product"}],"about":[{"href":"https:\/\/virtaustekniikka.fi\/en\/wp-json\/wp\/v2\/types\/product"}],"wp:featuredmedia":[{"embeddable":true,"href":"https:\/\/virtaustekniikka.fi\/en\/wp-json\/wp\/v2\/media\/2711"}],"wp:attachment":[{"href":"https:\/\/virtaustekniikka.fi\/en\/wp-json\/wp\/v2\/media?parent=268"}],"wp:term":[{"taxonomy":"product_brand","embeddable":true,"href":"https:\/\/virtaustekniikka.fi\/en\/wp-json\/wp\/v2\/product_brand?post=268"},{"taxonomy":"product_cat","embeddable":true,"href":"https:\/\/virtaustekniikka.fi\/en\/wp-json\/wp\/v2\/product_cat?post=268"},{"taxonomy":"product_tag","embeddable":true,"href":"https:\/\/virtaustekniikka.fi\/en\/wp-json\/wp\/v2\/product_tag?post=268"},{"taxonomy":"berocket_brand","embeddable":true,"href":"https:\/\/virtaustekniikka.fi\/en\/wp-json\/wp\/v2\/berocket_brand?post=268"}],"curies":[{"name":"wp","href":"https:\/\/api.w.org\/{rel}","templated":true}]}}