{"id":279,"date":"2021-04-21T08:18:28","date_gmt":"2021-04-21T08:18:28","guid":{"rendered":"https:\/\/virtaustekniikka.fi\/testi_wp_fi\/?post_type=product&#038;p=279"},"modified":"2025-06-27T06:55:47","modified_gmt":"2025-06-27T06:55:47","slug":"vortex-putki-jaahdyttaa-paineilman-tehokkaasti-ja-edullisesti","status":"publish","type":"product","link":"https:\/\/virtaustekniikka.fi\/en\/product\/vortex-putki-jaahdyttaa-paineilman-tehokkaasti-ja-edullisesti\/","title":{"rendered":"Vortex Tube"},"content":{"rendered":"<p>AIRMASTERS Vortex tube for efficient cooling.<\/p>\n<p><a href=\"https:\/\/virtaustekniikka.fi\/en\/hinnasto\/\" target=\"_blank\" rel=\"noopener\"><button class=\"btn btn-primary btn-xs\">Price List<\/button><\/a><\/p>\n<p>AIRMASTERS Vortex tubes can withstand high temperatures. The external parts are made of 304 stainless steel and the internal parts are made of brass. Vortex tubes have no moving parts and are completely maintenance-free. They are available in three external sizes to suit your application. Silencers are available as an option for both ends. Applications include cooling of machine tools, blades, electronics, equipment cabinets and castings\u2026<\/p>\n<table border=\"1\" width=\"100%\">\n<tbody>\n<tr>\n<td>\n<div><strong>REFERENCE<br \/>\n<\/strong><\/div>\n<\/td>\n<td>\n<div><strong>AIR CONSUMPTION<\/strong><br \/>\n<strong>(7 bar)<\/strong><\/div>\n<\/td>\n<td>\n<div>\n<p id=\"tw-target-text\" class=\"tw-data-text tw-text-large XcVN5d tw-ta\" dir=\"ltr\" data-placeholder=\"K\u00e4\u00e4nn\u00f6s\"><span class=\"Y2IQFc\" lang=\"sv\"><strong>COOLING POWER<br \/>\n<\/strong><\/span><strong>(7 bar)<\/strong><\/p>\n<\/div>\n<\/td>\n<td>\n<div><strong>SIZE<br \/>\n<\/strong><\/div>\n<\/td>\n<\/tr>\n<tr>\n<td bgcolor=\"#E2E7EE\">AIR-M2H<\/td>\n<td bgcolor=\"#E2E7EE\">57 l\/Nmin<\/td>\n<td bgcolor=\"#E2E7EE\">42 W<\/td>\n<td bgcolor=\"#E2E7EE\">small<\/td>\n<\/tr>\n<tr>\n<td>AIR-M4H<\/td>\n<td>113 Nl\/min<\/td>\n<td>85 W<\/td>\n<td>small<\/td>\n<\/tr>\n<tr>\n<td bgcolor=\"#E2E7EE\">AIR-M8H<\/td>\n<td bgcolor=\"#E2E7EE\">227 Nl\/min<\/td>\n<td bgcolor=\"#E2E7EE\">170 W<\/td>\n<td bgcolor=\"#E2E7EE\">small<\/td>\n<\/tr>\n<tr>\n<td>\n<div>AIR-M10H<\/div>\n<\/td>\n<td>\n<div>283 Nl\/min<\/div>\n<\/td>\n<td>\n<div>214 W<\/div>\n<\/td>\n<td>\n<div>medium<\/div>\n<\/td>\n<\/tr>\n<tr>\n<td bgcolor=\"#E2E7EE\">\n<div>AIR-M15H<\/div>\n<\/td>\n<td bgcolor=\"#E2E7EE\">\n<div>425 Nl\/min<\/div>\n<\/td>\n<td bgcolor=\"#E2E7EE\">\n<div>322 W<\/div>\n<\/td>\n<td bgcolor=\"#E2E7EE\">\n<div>medium<\/div>\n<\/td>\n<\/tr>\n<tr>\n<td>\n<div>AIR-M25H<\/div>\n<\/td>\n<td>\n<div>708 Nl\/min<\/div>\n<\/td>\n<td>\n<div>527 W<\/div>\n<\/td>\n<td>\n<div>medium<\/div>\n<\/td>\n<\/tr>\n<tr>\n<td bgcolor=\"#E2E7EE\">\n<div>AIR-M30H<\/div>\n<\/td>\n<td bgcolor=\"#E2E7EE\">\n<div>850 Nl\/min<\/div>\n<\/td>\n<td bgcolor=\"#E2E7EE\">\n<div>615 W<\/div>\n<\/td>\n<td bgcolor=\"#E2E7EE\">medium<\/td>\n<\/tr>\n<tr>\n<td>\n<div>AIR-M40H<\/div>\n<\/td>\n<td>\n<div>1133 Nl\/min<\/div>\n<\/td>\n<td>\n<div>849 W<\/div>\n<\/td>\n<td>\n<div>medium<\/div>\n<\/td>\n<\/tr>\n<tr>\n<td bgcolor=\"#E2E7EE\">\n<div>AIR-M50H<\/div>\n<\/td>\n<td bgcolor=\"#E2E7EE\">\n<div>1370 Nl\/min<\/div>\n<\/td>\n<td bgcolor=\"#E2E7EE\">\n<div>1025 W<\/div>\n<\/td>\n<td bgcolor=\"#E2E7EE\">\n<div>large<\/div>\n<\/td>\n<\/tr>\n<tr>\n<td>AIR-M75H<\/td>\n<td>2018 Nl\/min<\/td>\n<td>1523 W<\/td>\n<td>large<\/td>\n<\/tr>\n<tr>\n<td bgcolor=\"#E2E7EE\">AIR-M100H<\/td>\n<td bgcolor=\"#E2E7EE\">2700 Nl\/min<\/td>\n<td bgcolor=\"#E2E7EE\">2022 W<\/td>\n<td bgcolor=\"#E2E7EE\">large<\/td>\n<\/tr>\n<tr>\n<td>AIR-M150H<\/td>\n<td>4150 Nl\/min<\/td>\n<td>3018 W<\/td>\n<td>large<\/td>\n<\/tr>\n<\/tbody>\n<\/table>\n<h4><strong>Features<\/strong><\/h4>\n<ul>\n<li>No moving parts, reliable, maintenance free<\/li>\n<li>Low cost application<\/li>\n<li>Instant cold air in environmental chambers<\/li>\n<li>No spark or explosion hazard.<\/li>\n<\/ul>\n<h4><strong>Applications<\/strong><\/h4>\n<ul>\n<li>Cool machine operations\/tooling<\/li>\n<li>Cool soldered parts<\/li>\n<li>Cool CCTV cameras<\/li>\n<li>Set hot melt adhesives<\/li>\n<li>Cool electronic and electrical control.<\/li>\n<\/ul>\n<div class=\"sfsi_widget sfsi_shortcode_container\"><div class=\"norm_row sfsi_wDiv\"  style=\"width:250px;text-align:left;\"><div style='width:40px; height:40px;margin-left:10px;margin-bottom:5px; ' class='sfsi_wicons shuffeldiv' ><div class='inerCnt'><a class='sficn' data-effect='' target='_blank'  href='https:\/\/www.youtube.com\/channel\/UCe0JNbsWIp8_ve7R2i8_egA' id='sfsiid_youtube_icon' style='width:40px;height:40px;opacity:1;'  ><img data-pin-nopin='true' alt='YouTube' title='YouTube' src='https:\/\/virtaustekniikka.fi\/wp-content\/plugins\/ultimate-social-media-icons\/images\/icons_theme\/default\/default_youtube.png' width='40' height='40' style='' class='sfcm sfsi_wicon' data-effect=''   \/><\/a><\/div><\/div><div style='width:40px; height:40px;margin-left:10px;margin-bottom:5px; ' class='sfsi_wicons shuffeldiv' ><div class='inerCnt'><a class='sficn' data-effect='' target='_blank'  href='https:\/\/www.facebook.com\/Virtaustekniikka' id='sfsiid_facebook_icon' style='width:40px;height:40px;opacity:1;'  ><img data-pin-nopin='true' alt='Facebook' title='Facebook' src='https:\/\/virtaustekniikka.fi\/wp-content\/plugins\/ultimate-social-media-icons\/images\/icons_theme\/default\/default_facebook.png' width='40' height='40' style='' class='sfcm sfsi_wicon' data-effect=''   \/><\/a><div class=\"sfsi_tool_tip_2 fb_tool_bdr sfsiTlleft\" style=\"opacity:0;z-index:-1;\" id=\"sfsiid_facebook\"><span class=\"bot_arow bot_fb_arow\"><\/span><div class=\"sfsi_inside\"><div  class='icon1'><a href='https:\/\/www.facebook.com\/Virtaustekniikka' target='_blank'><img data-pin-nopin='true' class='sfsi_wicon' alt='Facebook' title='Facebook' src='https:\/\/virtaustekniikka.fi\/wp-content\/plugins\/ultimate-social-media-icons\/images\/visit_icons\/Visit_us_fb\/icon_Visit_us_en_US.png' \/><\/a><\/div><div  class='icon2'><div class=\"fb-like\" width=\"200\" data-href=\"https:\/\/virtaustekniikka.fi\/en\/product\/vortex-putki-jaahdyttaa-paineilman-tehokkaasti-ja-edullisesti\/\"  data-send=\"false\" data-layout=\"button_count\" data-action=\"like\"><\/div><\/div><div  class='icon3'><a target='_blank' href='https:\/\/www.facebook.com\/sharer\/sharer.php?u=https%3A%2F%2Fvirtaustekniikka.fi%2Fen%2Fwp-json%2Fwp%2Fv2%2Fproduct%2F279' style='display:inline-block;'  > <img class='sfsi_wicon'  data-pin-nopin='true' alt='fb-share-icon' title='Facebook Share' src='https:\/\/virtaustekniikka.fi\/wp-content\/plugins\/ultimate-social-media-icons\/images\/share_icons\/fb_icons\/en_US.svg' \/><\/a><\/div><\/div><\/div><\/div><\/div><div style='width:40px; height:40px;margin-left:10px;margin-bottom:5px; ' class='sfsi_wicons shuffeldiv' ><div class='inerCnt'><a class='sficn' data-effect='' target='_blank'  href='https:\/\/www.instagram.com\/virtaustekniikka\/' id='sfsiid_instagram_icon' style='width:40px;height:40px;opacity:1;'  ><img data-pin-nopin='true' alt='Instagram' title='Instagram' src='https:\/\/virtaustekniikka.fi\/wp-content\/plugins\/ultimate-social-media-icons\/images\/icons_theme\/default\/default_instagram.png' width='40' height='40' style='' class='sfcm sfsi_wicon' data-effect=''   \/><\/a><\/div><\/div><\/div><div id=\"sfsi_holder\" class=\"sfsi_holders\" style=\"position: relative; float: left;width:100%;z-index:-1;\"><\/div><script>window.addEventListener(\"sfsi_functions_loaded\", function()\n\t\t\t{\n\t\t\t\tif (typeof sfsi_widget_set == \"function\") {\n\t\t\t\t\tsfsi_widget_set();\n\t\t\t\t}\n\t\t\t}); <\/script><div style=\"clear: both;\"><\/div><\/div>","protected":false},"excerpt":{"rendered":"<p>AIRMASTERS Vortex tube for efficient and economical cooling. The vortex tube divides the compressed air into cold and hot air streams. The temperature of the cold air can be reduced to -46\u00b0C, the hot air stream can be up to +121\u00b0C, the temperature can be adjusted as needed. The recommended operating pressure of the compressed air is 7 bar.<\/p>","protected":false},"featured_media":2388,"template":"","meta":[],"product_brand":[],"product_cat":[21],"product_tag":[57,40],"berocket_brand":[68],"class_list":{"0":"post-279","1":"product","2":"type-product","3":"status-publish","6":"product_cat-jaahdytys","7":"product_tag-vortex","8":"product_tag-vortex-putki","9":"berocket_brand-airmasters","11":"first","12":"instock","13":"taxable","14":"shipping-taxable","15":"product-type-variable"},"yoast_head":"<!-- This site is optimized with the Yoast SEO plugin v27.1.1 - https:\/\/yoast.com\/product\/yoast-seo-wordpress\/ -->\n<title>Vortex-putki j\u00e4\u00e4hdytykseen - Suomen Virtaustekniikka Oy<\/title>\n<meta name=\"description\" content=\"Airmasters Vortex-putki tehokkaaseen j\u00e4\u00e4hdytykseen. Vortex-putki j\u00e4\u00e4hdytt\u00e4\u00e4 ty\u00f6kalut ja laitteet tehokkaasti ja edullisesti.\" \/>\n<meta name=\"robots\" content=\"index, follow, max-snippet:-1, max-image-preview:large, max-video-preview:-1\" \/>\n<link rel=\"canonical\" href=\"https:\/\/virtaustekniikka.fi\/en\/product\/vortex-putki-jaahdyttaa-paineilman-tehokkaasti-ja-edullisesti\/\" \/>\n<meta property=\"og:locale\" content=\"en_GB\" \/>\n<meta property=\"og:type\" content=\"article\" \/>\n<meta property=\"og:title\" content=\"Vortex-putki j\u00e4\u00e4hdytykseen - Suomen Virtaustekniikka Oy\" \/>\n<meta property=\"og:description\" content=\"Airmasters Vortex-putki tehokkaaseen j\u00e4\u00e4hdytykseen. Vortex-putki j\u00e4\u00e4hdytt\u00e4\u00e4 ty\u00f6kalut ja laitteet tehokkaasti ja edullisesti.\" \/>\n<meta property=\"og:url\" content=\"https:\/\/virtaustekniikka.fi\/en\/product\/vortex-putki-jaahdyttaa-paineilman-tehokkaasti-ja-edullisesti\/\" \/>\n<meta property=\"og:site_name\" content=\"Suomen Virtaustekniikka Oy\" \/>\n<meta property=\"article:publisher\" content=\"https:\/\/www.facebook.com\/Virtaustekniikka\" \/>\n<meta property=\"article:modified_time\" content=\"2025-06-27T06:55:47+00:00\" \/>\n<meta property=\"og:image\" content=\"https:\/\/virtaustekniikka.fi\/wp-content\/uploads\/2021\/04\/Vortex-putki-keskikoko.jpg\" \/>\n\t<meta property=\"og:image:width\" content=\"900\" \/>\n\t<meta property=\"og:image:height\" content=\"900\" \/>\n\t<meta property=\"og:image:type\" content=\"image\/jpeg\" \/>\n<meta name=\"twitter:card\" content=\"summary_large_image\" \/>\n<meta name=\"twitter:site\" content=\"@Virtaustekniikk\" \/>\n<meta name=\"twitter:label1\" content=\"Estimated reading time\" \/>\n\t<meta name=\"twitter:data1\" content=\"2 minutes\" \/>\n<script type=\"application\/ld+json\" class=\"yoast-schema-graph\">{\"@context\":\"https:\/\/schema.org\",\"@graph\":[{\"@type\":\"WebPage\",\"@id\":\"https:\/\/virtaustekniikka.fi\/tuote\/vortex-putki-jaahdyttaa-paineilman-tehokkaasti-ja-edullisesti\/\",\"url\":\"https:\/\/virtaustekniikka.fi\/tuote\/vortex-putki-jaahdyttaa-paineilman-tehokkaasti-ja-edullisesti\/\",\"name\":\"Vortex-putki j\u00e4\u00e4hdytykseen - Suomen Virtaustekniikka Oy\",\"isPartOf\":{\"@id\":\"https:\/\/virtaustekniikka.fi\/#website\"},\"primaryImageOfPage\":{\"@id\":\"https:\/\/virtaustekniikka.fi\/tuote\/vortex-putki-jaahdyttaa-paineilman-tehokkaasti-ja-edullisesti\/#primaryimage\"},\"image\":{\"@id\":\"https:\/\/virtaustekniikka.fi\/tuote\/vortex-putki-jaahdyttaa-paineilman-tehokkaasti-ja-edullisesti\/#primaryimage\"},\"thumbnailUrl\":\"https:\/\/virtaustekniikka.fi\/wp-content\/uploads\/2021\/04\/Vortex-putki-keskikoko.jpg\",\"datePublished\":\"2021-04-21T08:18:28+00:00\",\"dateModified\":\"2025-06-27T06:55:47+00:00\",\"description\":\"Airmasters Vortex-putki tehokkaaseen j\u00e4\u00e4hdytykseen. Vortex-putki j\u00e4\u00e4hdytt\u00e4\u00e4 ty\u00f6kalut ja laitteet tehokkaasti ja edullisesti.\",\"breadcrumb\":{\"@id\":\"https:\/\/virtaustekniikka.fi\/tuote\/vortex-putki-jaahdyttaa-paineilman-tehokkaasti-ja-edullisesti\/#breadcrumb\"},\"inLanguage\":\"en-GB\",\"potentialAction\":[{\"@type\":\"ReadAction\",\"target\":[\"https:\/\/virtaustekniikka.fi\/tuote\/vortex-putki-jaahdyttaa-paineilman-tehokkaasti-ja-edullisesti\/\"]}]},{\"@type\":\"ImageObject\",\"inLanguage\":\"en-GB\",\"@id\":\"https:\/\/virtaustekniikka.fi\/tuote\/vortex-putki-jaahdyttaa-paineilman-tehokkaasti-ja-edullisesti\/#primaryimage\",\"url\":\"https:\/\/virtaustekniikka.fi\/wp-content\/uploads\/2021\/04\/Vortex-putki-keskikoko.jpg\",\"contentUrl\":\"https:\/\/virtaustekniikka.fi\/wp-content\/uploads\/2021\/04\/Vortex-putki-keskikoko.jpg\",\"width\":900,\"height\":900,\"caption\":\"Keskikokoinen Vortex-putki j\u00e4\u00e4hdytykseen\"},{\"@type\":\"BreadcrumbList\",\"@id\":\"https:\/\/virtaustekniikka.fi\/tuote\/vortex-putki-jaahdyttaa-paineilman-tehokkaasti-ja-edullisesti\/#breadcrumb\",\"itemListElement\":[{\"@type\":\"ListItem\",\"position\":1,\"name\":\"Etusivu\",\"item\":\"https:\/\/virtaustekniikka.fi\/\"},{\"@type\":\"ListItem\",\"position\":2,\"name\":\"Etusivu\",\"item\":\"https:\/\/virtaustekniikka.fi\/etusivu\/\"},{\"@type\":\"ListItem\",\"position\":3,\"name\":\"Vortex-putki\"}]},{\"@type\":\"WebSite\",\"@id\":\"https:\/\/virtaustekniikka.fi\/#website\",\"url\":\"https:\/\/virtaustekniikka.fi\/\",\"name\":\"Suomen Virtaustekniikka Oy\",\"description\":\"Paineilmatuotteita tuotannon tehostamiseen\",\"publisher\":{\"@id\":\"https:\/\/virtaustekniikka.fi\/#organization\"},\"potentialAction\":[{\"@type\":\"SearchAction\",\"target\":{\"@type\":\"EntryPoint\",\"urlTemplate\":\"https:\/\/virtaustekniikka.fi\/?s={search_term_string}\"},\"query-input\":{\"@type\":\"PropertyValueSpecification\",\"valueRequired\":true,\"valueName\":\"search_term_string\"}}],\"inLanguage\":\"en-GB\"},{\"@type\":\"Organization\",\"@id\":\"https:\/\/virtaustekniikka.fi\/#organization\",\"name\":\"Suomen Virtaustekniikka Oy\",\"url\":\"https:\/\/virtaustekniikka.fi\/\",\"logo\":{\"@type\":\"ImageObject\",\"inLanguage\":\"en-GB\",\"@id\":\"https:\/\/virtaustekniikka.fi\/#\/schema\/logo\/image\/\",\"url\":\"https:\/\/virtaustekniikka.fi\/wp-content\/uploads\/2022\/05\/LOGO2.jpg\",\"contentUrl\":\"https:\/\/virtaustekniikka.fi\/wp-content\/uploads\/2022\/05\/LOGO2.jpg\",\"width\":1000,\"height\":185,\"caption\":\"Suomen Virtaustekniikka Oy\"},\"image\":{\"@id\":\"https:\/\/virtaustekniikka.fi\/#\/schema\/logo\/image\/\"},\"sameAs\":[\"https:\/\/www.facebook.com\/Virtaustekniikka\",\"https:\/\/x.com\/Virtaustekniikk\",\"https:\/\/www.instagram.com\/virtaustekniikka\/\",\"https:\/\/www.linkedin.com\/company\/16270124\",\"https:\/\/www.youtube.com\/channel\/UCe0JNbsWIp8_ve7R2i8_egA\"]}]}<\/script>\n<!-- \/ Yoast SEO plugin. -->","yoast_head_json":{"title":"Vortex-putki j\u00e4\u00e4hdytykseen - Suomen Virtaustekniikka Oy","description":"Airmasters Vortex-putki tehokkaaseen j\u00e4\u00e4hdytykseen. Vortex-putki j\u00e4\u00e4hdytt\u00e4\u00e4 ty\u00f6kalut ja laitteet tehokkaasti ja edullisesti.","robots":{"index":"index","follow":"follow","max-snippet":"max-snippet:-1","max-image-preview":"max-image-preview:large","max-video-preview":"max-video-preview:-1"},"canonical":"https:\/\/virtaustekniikka.fi\/en\/product\/vortex-putki-jaahdyttaa-paineilman-tehokkaasti-ja-edullisesti\/","og_locale":"en_GB","og_type":"article","og_title":"Vortex-putki j\u00e4\u00e4hdytykseen - Suomen Virtaustekniikka Oy","og_description":"Airmasters Vortex-putki tehokkaaseen j\u00e4\u00e4hdytykseen. Vortex-putki j\u00e4\u00e4hdytt\u00e4\u00e4 ty\u00f6kalut ja laitteet tehokkaasti ja edullisesti.","og_url":"https:\/\/virtaustekniikka.fi\/en\/product\/vortex-putki-jaahdyttaa-paineilman-tehokkaasti-ja-edullisesti\/","og_site_name":"Suomen Virtaustekniikka Oy","article_publisher":"https:\/\/www.facebook.com\/Virtaustekniikka","article_modified_time":"2025-06-27T06:55:47+00:00","og_image":[{"width":900,"height":900,"url":"https:\/\/virtaustekniikka.fi\/wp-content\/uploads\/2021\/04\/Vortex-putki-keskikoko.jpg","type":"image\/jpeg"}],"twitter_card":"summary_large_image","twitter_site":"@Virtaustekniikk","twitter_misc":{"Estimated reading time":"2 minutes"},"schema":{"@context":"https:\/\/schema.org","@graph":[{"@type":"WebPage","@id":"https:\/\/virtaustekniikka.fi\/tuote\/vortex-putki-jaahdyttaa-paineilman-tehokkaasti-ja-edullisesti\/","url":"https:\/\/virtaustekniikka.fi\/tuote\/vortex-putki-jaahdyttaa-paineilman-tehokkaasti-ja-edullisesti\/","name":"Vortex-putki j\u00e4\u00e4hdytykseen - Suomen Virtaustekniikka Oy","isPartOf":{"@id":"https:\/\/virtaustekniikka.fi\/#website"},"primaryImageOfPage":{"@id":"https:\/\/virtaustekniikka.fi\/tuote\/vortex-putki-jaahdyttaa-paineilman-tehokkaasti-ja-edullisesti\/#primaryimage"},"image":{"@id":"https:\/\/virtaustekniikka.fi\/tuote\/vortex-putki-jaahdyttaa-paineilman-tehokkaasti-ja-edullisesti\/#primaryimage"},"thumbnailUrl":"https:\/\/virtaustekniikka.fi\/wp-content\/uploads\/2021\/04\/Vortex-putki-keskikoko.jpg","datePublished":"2021-04-21T08:18:28+00:00","dateModified":"2025-06-27T06:55:47+00:00","description":"Airmasters Vortex-putki tehokkaaseen j\u00e4\u00e4hdytykseen. Vortex-putki j\u00e4\u00e4hdytt\u00e4\u00e4 ty\u00f6kalut ja laitteet tehokkaasti ja edullisesti.","breadcrumb":{"@id":"https:\/\/virtaustekniikka.fi\/tuote\/vortex-putki-jaahdyttaa-paineilman-tehokkaasti-ja-edullisesti\/#breadcrumb"},"inLanguage":"en-GB","potentialAction":[{"@type":"ReadAction","target":["https:\/\/virtaustekniikka.fi\/tuote\/vortex-putki-jaahdyttaa-paineilman-tehokkaasti-ja-edullisesti\/"]}]},{"@type":"ImageObject","inLanguage":"en-GB","@id":"https:\/\/virtaustekniikka.fi\/tuote\/vortex-putki-jaahdyttaa-paineilman-tehokkaasti-ja-edullisesti\/#primaryimage","url":"https:\/\/virtaustekniikka.fi\/wp-content\/uploads\/2021\/04\/Vortex-putki-keskikoko.jpg","contentUrl":"https:\/\/virtaustekniikka.fi\/wp-content\/uploads\/2021\/04\/Vortex-putki-keskikoko.jpg","width":900,"height":900,"caption":"Keskikokoinen Vortex-putki j\u00e4\u00e4hdytykseen"},{"@type":"BreadcrumbList","@id":"https:\/\/virtaustekniikka.fi\/tuote\/vortex-putki-jaahdyttaa-paineilman-tehokkaasti-ja-edullisesti\/#breadcrumb","itemListElement":[{"@type":"ListItem","position":1,"name":"Etusivu","item":"https:\/\/virtaustekniikka.fi\/"},{"@type":"ListItem","position":2,"name":"Etusivu","item":"https:\/\/virtaustekniikka.fi\/etusivu\/"},{"@type":"ListItem","position":3,"name":"Vortex-putki"}]},{"@type":"WebSite","@id":"https:\/\/virtaustekniikka.fi\/#website","url":"https:\/\/virtaustekniikka.fi\/","name":"Suomen Virtaustekniikka Oy","description":"Paineilmatuotteita tuotannon tehostamiseen","publisher":{"@id":"https:\/\/virtaustekniikka.fi\/#organization"},"potentialAction":[{"@type":"SearchAction","target":{"@type":"EntryPoint","urlTemplate":"https:\/\/virtaustekniikka.fi\/?s={search_term_string}"},"query-input":{"@type":"PropertyValueSpecification","valueRequired":true,"valueName":"search_term_string"}}],"inLanguage":"en-GB"},{"@type":"Organization","@id":"https:\/\/virtaustekniikka.fi\/#organization","name":"Suomen Virtaustekniikka Oy","url":"https:\/\/virtaustekniikka.fi\/","logo":{"@type":"ImageObject","inLanguage":"en-GB","@id":"https:\/\/virtaustekniikka.fi\/#\/schema\/logo\/image\/","url":"https:\/\/virtaustekniikka.fi\/wp-content\/uploads\/2022\/05\/LOGO2.jpg","contentUrl":"https:\/\/virtaustekniikka.fi\/wp-content\/uploads\/2022\/05\/LOGO2.jpg","width":1000,"height":185,"caption":"Suomen Virtaustekniikka Oy"},"image":{"@id":"https:\/\/virtaustekniikka.fi\/#\/schema\/logo\/image\/"},"sameAs":["https:\/\/www.facebook.com\/Virtaustekniikka","https:\/\/x.com\/Virtaustekniikk","https:\/\/www.instagram.com\/virtaustekniikka\/","https:\/\/www.linkedin.com\/company\/16270124","https:\/\/www.youtube.com\/channel\/UCe0JNbsWIp8_ve7R2i8_egA"]}]}},"jetpack_sharing_enabled":true,"_links":{"self":[{"href":"https:\/\/virtaustekniikka.fi\/en\/wp-json\/wp\/v2\/product\/279","targetHints":{"allow":["GET"]}}],"collection":[{"href":"https:\/\/virtaustekniikka.fi\/en\/wp-json\/wp\/v2\/product"}],"about":[{"href":"https:\/\/virtaustekniikka.fi\/en\/wp-json\/wp\/v2\/types\/product"}],"wp:featuredmedia":[{"embeddable":true,"href":"https:\/\/virtaustekniikka.fi\/en\/wp-json\/wp\/v2\/media\/2388"}],"wp:attachment":[{"href":"https:\/\/virtaustekniikka.fi\/en\/wp-json\/wp\/v2\/media?parent=279"}],"wp:term":[{"taxonomy":"product_brand","embeddable":true,"href":"https:\/\/virtaustekniikka.fi\/en\/wp-json\/wp\/v2\/product_brand?post=279"},{"taxonomy":"product_cat","embeddable":true,"href":"https:\/\/virtaustekniikka.fi\/en\/wp-json\/wp\/v2\/product_cat?post=279"},{"taxonomy":"product_tag","embeddable":true,"href":"https:\/\/virtaustekniikka.fi\/en\/wp-json\/wp\/v2\/product_tag?post=279"},{"taxonomy":"berocket_brand","embeddable":true,"href":"https:\/\/virtaustekniikka.fi\/en\/wp-json\/wp\/v2\/berocket_brand?post=279"}],"curies":[{"name":"wp","href":"https:\/\/api.w.org\/{rel}","templated":true}]}}