{"id":287,"date":"2021-04-21T08:27:39","date_gmt":"2021-04-21T08:27:39","guid":{"rendered":"https:\/\/virtaustekniikka.fi\/testi_wp_fi\/?post_type=product&#038;p=287"},"modified":"2026-03-10T09:16:55","modified_gmt":"2026-03-10T09:16:55","slug":"saadettava-virtausvahvistin","status":"publish","type":"product","link":"https:\/\/virtaustekniikka.fi\/en\/product\/saadettava-virtausvahvistin\/","title":{"rendered":"Adjustable Air Amplifier"},"content":{"rendered":"<p><a href=\"https:\/\/virtaustekniikka.fi\/en\/hinnasto\/\" target=\"_blank\" rel=\"noopener\"><button class=\"btn btn-primary btn-xs\">Price List<\/button><\/a><\/p>\n<p>AIRMASTERS air amplifiers utilize the \u201cCoanda\u201d effect, which allows the external air from the surrounding space to be included in the compressed air blowing. This provides efficient blowing with a low compressed air consumption. The amplifier is up to 17 (depending on the model), meaning that one liter of compressed air can produce 17 liters of air flow. AIRMASTERS adjustable air amplifiers are made of anodized aluminum or stainless steel. The aluminum model is lightweight, compact and affordable. The stainless steel model can be used in high temperatures, corrosive environments and in food and pharmaceutical applications.<\/p>\n<p>&nbsp;<\/p>\n<p>&nbsp;<\/p>\n<table>\n<thead>\n<tr>\n<td>\n<div><strong>Reference<br \/>\n(aluminium)<\/strong><\/div>\n<\/td>\n<td style=\"text-align: left;\">\n<div><strong>Outlet C<\/strong><\/div>\n<\/td>\n<td>\n<div><strong>Intake D<\/strong><\/div>\n<\/td>\n<td>\n<div style=\"text-align: center;\"><strong>Internal diameter<\/strong><\/div>\n<\/td>\n<td>\n<div style=\"text-align: center;\"><strong>Air consumption<br \/>\n(5,5 bar)<\/strong><\/div>\n<\/td>\n<td>\n<div><strong>Amplification ratio<\/strong><\/div>\n<\/td>\n<\/tr>\n<\/thead>\n<tbody>\n<tr>\n<td>\n<div>AIR-AMP00<\/div>\n<\/td>\n<td style=\"text-align: center;\">\n<div>19,0 mm<\/div>\n<\/td>\n<td style=\"text-align: center;\">38,0 mm<\/td>\n<td style=\"text-align: center;\">10,0 mm<\/td>\n<td style=\"text-align: center;\">166 l\/min<\/td>\n<td style=\"text-align: center;\">15:1<\/td>\n<\/tr>\n<tr>\n<td>\n<div>AIR-AMP01<\/div>\n<\/td>\n<td style=\"text-align: center;\">\n<div>31,8 mm<\/div>\n<\/td>\n<td style=\"text-align: center;\">50,3 mm<\/td>\n<td style=\"text-align: center;\">\n<div>19,0 mm<\/div>\n<\/td>\n<td style=\"text-align: center;\">\n<div>333 l\/min<\/div>\n<\/td>\n<td style=\"text-align: center;\">15:1<\/td>\n<\/tr>\n<tr>\n<td>AIR-AMP02<\/td>\n<td style=\"text-align: center;\">50,8 mm<\/td>\n<td style=\"text-align: center;\">75,7 mm<\/td>\n<td style=\"text-align: center;\">\n<div>41,7 mm<\/div>\n<\/td>\n<td style=\"text-align: center;\">\n<div>616 l\/min<\/div>\n<\/td>\n<td style=\"text-align: center;\">16:1<\/td>\n<\/tr>\n<tr>\n<td>\n<div>AIR-AMP03<\/div>\n<\/td>\n<td style=\"text-align: center;\">\n<div>101,6 mm<\/div>\n<\/td>\n<td style=\"text-align: center;\">140,0 mm<\/td>\n<td style=\"text-align: center;\">\n<div>76,7 mm<\/div>\n<\/td>\n<td style=\"text-align: center;\">\n<div>1066 l\/min<\/div>\n<\/td>\n<td style=\"text-align: center;\">17:1<\/td>\n<\/tr>\n<\/tbody>\n<\/table>\n<p><img loading=\"lazy\" decoding=\"async\" class=\"alignnone wp-image-2891\" src=\"https:\/\/virtaustekniikka.fi\/wp-content\/uploads\/2021\/04\/airamp-300x131.png\" alt=\"\" width=\"706\" height=\"308\" srcset=\"https:\/\/virtaustekniikka.fi\/wp-content\/uploads\/2021\/04\/airamp-300x131.png 300w, https:\/\/virtaustekniikka.fi\/wp-content\/uploads\/2021\/04\/airamp-18x8.png 18w, https:\/\/virtaustekniikka.fi\/wp-content\/uploads\/2021\/04\/airamp-600x262.png 600w, https:\/\/virtaustekniikka.fi\/wp-content\/uploads\/2021\/04\/airamp.png 617w\" sizes=\"auto, (max-width: 706px) 100vw, 706px\" \/><br \/>\n<div class=\"sfsi_widget sfsi_shortcode_container\"><div class=\"norm_row sfsi_wDiv\"  style=\"width:250px;text-align:left;\"><div style='width:40px; height:40px;margin-left:10px;margin-bottom:5px; ' class='sfsi_wicons shuffeldiv' ><div class='inerCnt'><a class='sficn' data-effect='' target='_blank'  href='https:\/\/www.youtube.com\/channel\/UCe0JNbsWIp8_ve7R2i8_egA' id='sfsiid_youtube_icon' style='width:40px;height:40px;opacity:1;'  ><img data-pin-nopin='true' alt='YouTube' title='YouTube' src='https:\/\/virtaustekniikka.fi\/wp-content\/plugins\/ultimate-social-media-icons\/images\/icons_theme\/default\/default_youtube.png' width='40' height='40' style='' class='sfcm sfsi_wicon' data-effect=''   \/><\/a><\/div><\/div><div style='width:40px; height:40px;margin-left:10px;margin-bottom:5px; ' class='sfsi_wicons shuffeldiv' ><div class='inerCnt'><a class='sficn' data-effect='' target='_blank'  href='https:\/\/www.facebook.com\/Virtaustekniikka' id='sfsiid_facebook_icon' style='width:40px;height:40px;opacity:1;'  ><img data-pin-nopin='true' alt='Facebook' title='Facebook' src='https:\/\/virtaustekniikka.fi\/wp-content\/plugins\/ultimate-social-media-icons\/images\/icons_theme\/default\/default_facebook.png' width='40' height='40' style='' class='sfcm sfsi_wicon' data-effect=''   \/><\/a><div class=\"sfsi_tool_tip_2 fb_tool_bdr sfsiTlleft\" style=\"opacity:0;z-index:-1;\" id=\"sfsiid_facebook\"><span class=\"bot_arow bot_fb_arow\"><\/span><div class=\"sfsi_inside\"><div  class='icon1'><a href='https:\/\/www.facebook.com\/Virtaustekniikka' target='_blank'><img data-pin-nopin='true' class='sfsi_wicon' alt='Facebook' title='Facebook' src='https:\/\/virtaustekniikka.fi\/wp-content\/plugins\/ultimate-social-media-icons\/images\/visit_icons\/Visit_us_fb\/icon_Visit_us_en_US.png' \/><\/a><\/div><div  class='icon2'><div class=\"fb-like\" width=\"200\" data-href=\"https:\/\/virtaustekniikka.fi\/en\/product\/saadettava-virtausvahvistin\/\"  data-send=\"false\" data-layout=\"button_count\" data-action=\"like\"><\/div><\/div><div  class='icon3'><a target='_blank' href='https:\/\/www.facebook.com\/sharer\/sharer.php?u=https%3A%2F%2Fvirtaustekniikka.fi%2Fen%2Fwp-json%2Fwp%2Fv2%2Fproduct%2F287' style='display:inline-block;'  > <img class='sfsi_wicon'  data-pin-nopin='true' alt='fb-share-icon' title='Facebook Share' src='https:\/\/virtaustekniikka.fi\/wp-content\/plugins\/ultimate-social-media-icons\/images\/share_icons\/fb_icons\/en_US.svg' \/><\/a><\/div><\/div><\/div><\/div><\/div><div style='width:40px; height:40px;margin-left:10px;margin-bottom:5px; ' class='sfsi_wicons shuffeldiv' ><div class='inerCnt'><a class='sficn' data-effect='' target='_blank'  href='https:\/\/www.instagram.com\/virtaustekniikka\/' id='sfsiid_instagram_icon' style='width:40px;height:40px;opacity:1;'  ><img data-pin-nopin='true' alt='Instagram' title='Instagram' src='https:\/\/virtaustekniikka.fi\/wp-content\/plugins\/ultimate-social-media-icons\/images\/icons_theme\/default\/default_instagram.png' width='40' height='40' style='' class='sfcm sfsi_wicon' data-effect=''   \/><\/a><\/div><\/div><\/div><div id=\"sfsi_holder\" class=\"sfsi_holders\" style=\"position: relative; float: left;width:100%;z-index:-1;\"><\/div><script>window.addEventListener(\"sfsi_functions_loaded\", function()\n\t\t\t{\n\t\t\t\tif (typeof sfsi_widget_set == \"function\") {\n\t\t\t\t\tsfsi_widget_set();\n\t\t\t\t}\n\t\t\t}); <\/script><div style=\"clear: both;\"><\/div><\/div><\/p>","protected":false},"excerpt":{"rendered":"<p>AIRMASTERS adjustable air amplifiers can be used for blowing, ventilating and drying. They can also be used to transport light materials. The adjustable airflow amplifiers are made of anodized aluminum or stainless steel. The air gap that controls the blowing force is easily adjustable.<\/p>","protected":false},"featured_media":2726,"template":"","meta":[],"product_brand":[],"product_cat":[22,64],"product_tag":[],"berocket_brand":[68],"class_list":{"0":"post-287","1":"product","2":"type-product","3":"status-publish","6":"product_cat-puhallus","7":"product_cat-virtausvahvistimet","8":"berocket_brand-airmasters","10":"first","11":"instock","12":"taxable","13":"shipping-taxable","14":"product-type-variable"},"yoast_head":"<!-- This site is optimized with the Yoast SEO plugin v27.1.1 - https:\/\/yoast.com\/product\/yoast-seo-wordpress\/ -->\n<title>S\u00e4\u00e4dett\u00e4v\u00e4 virtausvahvistin - Suomen Virtaustekniikka Oy<\/title>\n<meta name=\"description\" content=\"AIRMASTERS s\u00e4\u00e4dett\u00e4vill\u00e4 virtausvahvistimilla voidaan puhaltaa, tuulettaa ja kuivata. Niill\u00e4 voidaan my\u00f6s kuljettaa kevyit\u00e4 materiaaleja. S\u00e4\u00e4dett\u00e4v\u00e4t virtausvahvistimet on valmistettu anodisoidusta alumiinista tai ruostumattomasta ter\u00e4ksest\u00e4.\" \/>\n<meta name=\"robots\" content=\"index, follow, max-snippet:-1, max-image-preview:large, max-video-preview:-1\" \/>\n<link rel=\"canonical\" href=\"https:\/\/virtaustekniikka.fi\/en\/product\/saadettava-virtausvahvistin\/\" \/>\n<meta property=\"og:locale\" content=\"en_GB\" \/>\n<meta property=\"og:type\" content=\"article\" \/>\n<meta property=\"og:title\" content=\"S\u00e4\u00e4dett\u00e4v\u00e4 virtausvahvistin - Suomen Virtaustekniikka Oy\" \/>\n<meta property=\"og:description\" content=\"AIRMASTERS s\u00e4\u00e4dett\u00e4vill\u00e4 virtausvahvistimilla voidaan puhaltaa, tuulettaa ja kuivata. Niill\u00e4 voidaan my\u00f6s kuljettaa kevyit\u00e4 materiaaleja. S\u00e4\u00e4dett\u00e4v\u00e4t virtausvahvistimet on valmistettu anodisoidusta alumiinista tai ruostumattomasta ter\u00e4ksest\u00e4.\" \/>\n<meta property=\"og:url\" content=\"https:\/\/virtaustekniikka.fi\/en\/product\/saadettava-virtausvahvistin\/\" \/>\n<meta property=\"og:site_name\" content=\"Suomen Virtaustekniikka Oy\" \/>\n<meta property=\"article:publisher\" content=\"https:\/\/www.facebook.com\/Virtaustekniikka\" \/>\n<meta property=\"article:modified_time\" content=\"2026-03-10T09:16:55+00:00\" \/>\n<meta property=\"og:image\" content=\"https:\/\/virtaustekniikka.fi\/wp-content\/uploads\/2021\/04\/Saadettava-virtausvahvistin.jpg\" \/>\n\t<meta property=\"og:image:width\" content=\"900\" \/>\n\t<meta property=\"og:image:height\" content=\"900\" \/>\n\t<meta property=\"og:image:type\" content=\"image\/jpeg\" \/>\n<meta name=\"twitter:card\" content=\"summary_large_image\" \/>\n<meta name=\"twitter:site\" content=\"@Virtaustekniikk\" \/>\n<meta name=\"twitter:label1\" content=\"Estimated reading time\" \/>\n\t<meta name=\"twitter:data1\" content=\"2 minutes\" \/>\n<script type=\"application\/ld+json\" class=\"yoast-schema-graph\">{\"@context\":\"https:\/\/schema.org\",\"@graph\":[{\"@type\":\"WebPage\",\"@id\":\"https:\/\/virtaustekniikka.fi\/tuote\/saadettava-virtausvahvistin\/\",\"url\":\"https:\/\/virtaustekniikka.fi\/tuote\/saadettava-virtausvahvistin\/\",\"name\":\"S\u00e4\u00e4dett\u00e4v\u00e4 virtausvahvistin - Suomen Virtaustekniikka Oy\",\"isPartOf\":{\"@id\":\"https:\/\/virtaustekniikka.fi\/#website\"},\"primaryImageOfPage\":{\"@id\":\"https:\/\/virtaustekniikka.fi\/tuote\/saadettava-virtausvahvistin\/#primaryimage\"},\"image\":{\"@id\":\"https:\/\/virtaustekniikka.fi\/tuote\/saadettava-virtausvahvistin\/#primaryimage\"},\"thumbnailUrl\":\"https:\/\/virtaustekniikka.fi\/wp-content\/uploads\/2021\/04\/Saadettava-virtausvahvistin.jpg\",\"datePublished\":\"2021-04-21T08:27:39+00:00\",\"dateModified\":\"2026-03-10T09:16:55+00:00\",\"description\":\"AIRMASTERS s\u00e4\u00e4dett\u00e4vill\u00e4 virtausvahvistimilla voidaan puhaltaa, tuulettaa ja kuivata. Niill\u00e4 voidaan my\u00f6s kuljettaa kevyit\u00e4 materiaaleja. S\u00e4\u00e4dett\u00e4v\u00e4t virtausvahvistimet on valmistettu anodisoidusta alumiinista tai ruostumattomasta ter\u00e4ksest\u00e4.\",\"breadcrumb\":{\"@id\":\"https:\/\/virtaustekniikka.fi\/tuote\/saadettava-virtausvahvistin\/#breadcrumb\"},\"inLanguage\":\"en-GB\",\"potentialAction\":[{\"@type\":\"ReadAction\",\"target\":[\"https:\/\/virtaustekniikka.fi\/tuote\/saadettava-virtausvahvistin\/\"]}]},{\"@type\":\"ImageObject\",\"inLanguage\":\"en-GB\",\"@id\":\"https:\/\/virtaustekniikka.fi\/tuote\/saadettava-virtausvahvistin\/#primaryimage\",\"url\":\"https:\/\/virtaustekniikka.fi\/wp-content\/uploads\/2021\/04\/Saadettava-virtausvahvistin.jpg\",\"contentUrl\":\"https:\/\/virtaustekniikka.fi\/wp-content\/uploads\/2021\/04\/Saadettava-virtausvahvistin.jpg\",\"width\":900,\"height\":900},{\"@type\":\"BreadcrumbList\",\"@id\":\"https:\/\/virtaustekniikka.fi\/tuote\/saadettava-virtausvahvistin\/#breadcrumb\",\"itemListElement\":[{\"@type\":\"ListItem\",\"position\":1,\"name\":\"Etusivu\",\"item\":\"https:\/\/virtaustekniikka.fi\/\"},{\"@type\":\"ListItem\",\"position\":2,\"name\":\"Etusivu\",\"item\":\"https:\/\/virtaustekniikka.fi\/etusivu\/\"},{\"@type\":\"ListItem\",\"position\":3,\"name\":\"S\u00e4\u00e4dett\u00e4v\u00e4 virtausvahvistin\"}]},{\"@type\":\"WebSite\",\"@id\":\"https:\/\/virtaustekniikka.fi\/#website\",\"url\":\"https:\/\/virtaustekniikka.fi\/\",\"name\":\"Suomen Virtaustekniikka Oy\",\"description\":\"Paineilmatuotteita tuotannon tehostamiseen\",\"publisher\":{\"@id\":\"https:\/\/virtaustekniikka.fi\/#organization\"},\"potentialAction\":[{\"@type\":\"SearchAction\",\"target\":{\"@type\":\"EntryPoint\",\"urlTemplate\":\"https:\/\/virtaustekniikka.fi\/?s={search_term_string}\"},\"query-input\":{\"@type\":\"PropertyValueSpecification\",\"valueRequired\":true,\"valueName\":\"search_term_string\"}}],\"inLanguage\":\"en-GB\"},{\"@type\":\"Organization\",\"@id\":\"https:\/\/virtaustekniikka.fi\/#organization\",\"name\":\"Suomen Virtaustekniikka Oy\",\"url\":\"https:\/\/virtaustekniikka.fi\/\",\"logo\":{\"@type\":\"ImageObject\",\"inLanguage\":\"en-GB\",\"@id\":\"https:\/\/virtaustekniikka.fi\/#\/schema\/logo\/image\/\",\"url\":\"https:\/\/virtaustekniikka.fi\/wp-content\/uploads\/2022\/05\/LOGO2.jpg\",\"contentUrl\":\"https:\/\/virtaustekniikka.fi\/wp-content\/uploads\/2022\/05\/LOGO2.jpg\",\"width\":1000,\"height\":185,\"caption\":\"Suomen Virtaustekniikka Oy\"},\"image\":{\"@id\":\"https:\/\/virtaustekniikka.fi\/#\/schema\/logo\/image\/\"},\"sameAs\":[\"https:\/\/www.facebook.com\/Virtaustekniikka\",\"https:\/\/x.com\/Virtaustekniikk\",\"https:\/\/www.instagram.com\/virtaustekniikka\/\",\"https:\/\/www.linkedin.com\/company\/16270124\",\"https:\/\/www.youtube.com\/channel\/UCe0JNbsWIp8_ve7R2i8_egA\"]}]}<\/script>\n<!-- \/ Yoast SEO plugin. -->","yoast_head_json":{"title":"S\u00e4\u00e4dett\u00e4v\u00e4 virtausvahvistin - Suomen Virtaustekniikka Oy","description":"AIRMASTERS s\u00e4\u00e4dett\u00e4vill\u00e4 virtausvahvistimilla voidaan puhaltaa, tuulettaa ja kuivata. Niill\u00e4 voidaan my\u00f6s kuljettaa kevyit\u00e4 materiaaleja. S\u00e4\u00e4dett\u00e4v\u00e4t virtausvahvistimet on valmistettu anodisoidusta alumiinista tai ruostumattomasta ter\u00e4ksest\u00e4.","robots":{"index":"index","follow":"follow","max-snippet":"max-snippet:-1","max-image-preview":"max-image-preview:large","max-video-preview":"max-video-preview:-1"},"canonical":"https:\/\/virtaustekniikka.fi\/en\/product\/saadettava-virtausvahvistin\/","og_locale":"en_GB","og_type":"article","og_title":"S\u00e4\u00e4dett\u00e4v\u00e4 virtausvahvistin - Suomen Virtaustekniikka Oy","og_description":"AIRMASTERS s\u00e4\u00e4dett\u00e4vill\u00e4 virtausvahvistimilla voidaan puhaltaa, tuulettaa ja kuivata. Niill\u00e4 voidaan my\u00f6s kuljettaa kevyit\u00e4 materiaaleja. S\u00e4\u00e4dett\u00e4v\u00e4t virtausvahvistimet on valmistettu anodisoidusta alumiinista tai ruostumattomasta ter\u00e4ksest\u00e4.","og_url":"https:\/\/virtaustekniikka.fi\/en\/product\/saadettava-virtausvahvistin\/","og_site_name":"Suomen Virtaustekniikka Oy","article_publisher":"https:\/\/www.facebook.com\/Virtaustekniikka","article_modified_time":"2026-03-10T09:16:55+00:00","og_image":[{"width":900,"height":900,"url":"https:\/\/virtaustekniikka.fi\/wp-content\/uploads\/2021\/04\/Saadettava-virtausvahvistin.jpg","type":"image\/jpeg"}],"twitter_card":"summary_large_image","twitter_site":"@Virtaustekniikk","twitter_misc":{"Estimated reading time":"2 minutes"},"schema":{"@context":"https:\/\/schema.org","@graph":[{"@type":"WebPage","@id":"https:\/\/virtaustekniikka.fi\/tuote\/saadettava-virtausvahvistin\/","url":"https:\/\/virtaustekniikka.fi\/tuote\/saadettava-virtausvahvistin\/","name":"S\u00e4\u00e4dett\u00e4v\u00e4 virtausvahvistin - Suomen Virtaustekniikka Oy","isPartOf":{"@id":"https:\/\/virtaustekniikka.fi\/#website"},"primaryImageOfPage":{"@id":"https:\/\/virtaustekniikka.fi\/tuote\/saadettava-virtausvahvistin\/#primaryimage"},"image":{"@id":"https:\/\/virtaustekniikka.fi\/tuote\/saadettava-virtausvahvistin\/#primaryimage"},"thumbnailUrl":"https:\/\/virtaustekniikka.fi\/wp-content\/uploads\/2021\/04\/Saadettava-virtausvahvistin.jpg","datePublished":"2021-04-21T08:27:39+00:00","dateModified":"2026-03-10T09:16:55+00:00","description":"AIRMASTERS s\u00e4\u00e4dett\u00e4vill\u00e4 virtausvahvistimilla voidaan puhaltaa, tuulettaa ja kuivata. Niill\u00e4 voidaan my\u00f6s kuljettaa kevyit\u00e4 materiaaleja. S\u00e4\u00e4dett\u00e4v\u00e4t virtausvahvistimet on valmistettu anodisoidusta alumiinista tai ruostumattomasta ter\u00e4ksest\u00e4.","breadcrumb":{"@id":"https:\/\/virtaustekniikka.fi\/tuote\/saadettava-virtausvahvistin\/#breadcrumb"},"inLanguage":"en-GB","potentialAction":[{"@type":"ReadAction","target":["https:\/\/virtaustekniikka.fi\/tuote\/saadettava-virtausvahvistin\/"]}]},{"@type":"ImageObject","inLanguage":"en-GB","@id":"https:\/\/virtaustekniikka.fi\/tuote\/saadettava-virtausvahvistin\/#primaryimage","url":"https:\/\/virtaustekniikka.fi\/wp-content\/uploads\/2021\/04\/Saadettava-virtausvahvistin.jpg","contentUrl":"https:\/\/virtaustekniikka.fi\/wp-content\/uploads\/2021\/04\/Saadettava-virtausvahvistin.jpg","width":900,"height":900},{"@type":"BreadcrumbList","@id":"https:\/\/virtaustekniikka.fi\/tuote\/saadettava-virtausvahvistin\/#breadcrumb","itemListElement":[{"@type":"ListItem","position":1,"name":"Etusivu","item":"https:\/\/virtaustekniikka.fi\/"},{"@type":"ListItem","position":2,"name":"Etusivu","item":"https:\/\/virtaustekniikka.fi\/etusivu\/"},{"@type":"ListItem","position":3,"name":"S\u00e4\u00e4dett\u00e4v\u00e4 virtausvahvistin"}]},{"@type":"WebSite","@id":"https:\/\/virtaustekniikka.fi\/#website","url":"https:\/\/virtaustekniikka.fi\/","name":"Suomen Virtaustekniikka Oy","description":"Paineilmatuotteita tuotannon tehostamiseen","publisher":{"@id":"https:\/\/virtaustekniikka.fi\/#organization"},"potentialAction":[{"@type":"SearchAction","target":{"@type":"EntryPoint","urlTemplate":"https:\/\/virtaustekniikka.fi\/?s={search_term_string}"},"query-input":{"@type":"PropertyValueSpecification","valueRequired":true,"valueName":"search_term_string"}}],"inLanguage":"en-GB"},{"@type":"Organization","@id":"https:\/\/virtaustekniikka.fi\/#organization","name":"Suomen Virtaustekniikka Oy","url":"https:\/\/virtaustekniikka.fi\/","logo":{"@type":"ImageObject","inLanguage":"en-GB","@id":"https:\/\/virtaustekniikka.fi\/#\/schema\/logo\/image\/","url":"https:\/\/virtaustekniikka.fi\/wp-content\/uploads\/2022\/05\/LOGO2.jpg","contentUrl":"https:\/\/virtaustekniikka.fi\/wp-content\/uploads\/2022\/05\/LOGO2.jpg","width":1000,"height":185,"caption":"Suomen Virtaustekniikka Oy"},"image":{"@id":"https:\/\/virtaustekniikka.fi\/#\/schema\/logo\/image\/"},"sameAs":["https:\/\/www.facebook.com\/Virtaustekniikka","https:\/\/x.com\/Virtaustekniikk","https:\/\/www.instagram.com\/virtaustekniikka\/","https:\/\/www.linkedin.com\/company\/16270124","https:\/\/www.youtube.com\/channel\/UCe0JNbsWIp8_ve7R2i8_egA"]}]}},"jetpack_sharing_enabled":true,"_links":{"self":[{"href":"https:\/\/virtaustekniikka.fi\/en\/wp-json\/wp\/v2\/product\/287","targetHints":{"allow":["GET"]}}],"collection":[{"href":"https:\/\/virtaustekniikka.fi\/en\/wp-json\/wp\/v2\/product"}],"about":[{"href":"https:\/\/virtaustekniikka.fi\/en\/wp-json\/wp\/v2\/types\/product"}],"wp:featuredmedia":[{"embeddable":true,"href":"https:\/\/virtaustekniikka.fi\/en\/wp-json\/wp\/v2\/media\/2726"}],"wp:attachment":[{"href":"https:\/\/virtaustekniikka.fi\/en\/wp-json\/wp\/v2\/media?parent=287"}],"wp:term":[{"taxonomy":"product_brand","embeddable":true,"href":"https:\/\/virtaustekniikka.fi\/en\/wp-json\/wp\/v2\/product_brand?post=287"},{"taxonomy":"product_cat","embeddable":true,"href":"https:\/\/virtaustekniikka.fi\/en\/wp-json\/wp\/v2\/product_cat?post=287"},{"taxonomy":"product_tag","embeddable":true,"href":"https:\/\/virtaustekniikka.fi\/en\/wp-json\/wp\/v2\/product_tag?post=287"},{"taxonomy":"berocket_brand","embeddable":true,"href":"https:\/\/virtaustekniikka.fi\/en\/wp-json\/wp\/v2\/berocket_brand?post=287"}],"curies":[{"name":"wp","href":"https:\/\/api.w.org\/{rel}","templated":true}]}}