{"id":300,"date":"2021-04-21T19:27:11","date_gmt":"2021-04-21T19:27:11","guid":{"rendered":"https:\/\/virtaustekniikka.fi\/testi_wp_fi\/?post_type=product&#038;p=300"},"modified":"2026-04-06T17:21:17","modified_gmt":"2026-04-06T17:21:17","slug":"kotelojaahdytin","status":"publish","type":"product","link":"https:\/\/virtaustekniikka.fi\/en\/product\/kotelojaahdytin\/","title":{"rendered":"Cabinet Cooler"},"content":{"rendered":"<p><a href=\"https:\/\/virtaustekniikka.fi\/en\/hinnasto\/\" target=\"_blank\" rel=\"noopener\"><button class=\"btn btn-primary btn-xs\">Price List<\/button><\/a><\/p>\n<p>AIRMASTERS cabinet cooler is small size and can be mounted on the case through a hole. Side mounting is possible with an optional side mounting kit. Cabinet coolers are made of stainless steel (303\/304 or 316L), this ensures a long service life and suitability for even the most demanding operating conditions. Models with four different IP ratings are available. Panel coolers come in two different sizes: small one is for cooling power range 42W - 170W and large for range 214W - 849W.<\/p>\n<p><strong>NEMA Type 12 (IP-52) <\/strong>For general use in industrial environments where no direct liquid spray is applied to the unit. 303\/304 Stainless steel.<\/p>\n<p><strong>NEMA Type 3R (IP-24) <\/strong>For electronic control panels for outdoor use. 303\/304 Stainless steel.<strong><br \/>\n<\/strong><\/p>\n<p><strong>NEMA Type 4-4X (IP-66) <\/strong>For electronic control panels \u2013 splash resistant, for use in washdown environments as well as outdoor use. 303\/304 Stainless steel.\u00a0<strong><br \/>\n<\/strong><\/p>\n<p><strong>NEMA Type 4-4X-316L (IP-66) <\/strong>316L Stainless steel model. Dust, oil-tight, spray resistant and used in environments where there are liquids and for food service and corrosive environments where 316L Stainless steel is needed.<\/p>\n<table>\n<thead>\n<tr>\n<th><strong>REFERENCE<br \/>\n<\/strong><\/th>\n<th style=\"text-align: left;\"><strong>MODEL<\/strong><\/th>\n<th><strong>POWER<\/strong><\/th>\n<th><strong>AIR CONSUMPTION<br \/>\n(7 bar)<br \/>\n<\/strong><\/th>\n<\/tr>\n<\/thead>\n<tbody>\n<tr>\n<td>CC2-IP54<\/td>\n<td>NEMA Type 12 (IP-54)<\/td>\n<td>42<\/td>\n<td style=\"text-align: center;\">57 Nl\/min<\/td>\n<\/tr>\n<tr>\n<td>CC4-IP54<\/td>\n<td>NEMA Type 12 (IP-54)<\/td>\n<td>85<\/td>\n<td style=\"text-align: center;\">113 Nl\/min<\/td>\n<\/tr>\n<tr>\n<td>CC8-IP54<\/td>\n<td>NEMA Type 12 (IP-54)<\/td>\n<td>170<\/td>\n<td style=\"text-align: center;\">227 Nl\/min<\/td>\n<\/tr>\n<tr>\n<td>CC10-IP54<\/td>\n<td>NEMA Type 12 (IP-54)<\/td>\n<td>214<\/td>\n<td style=\"text-align: center;\">283 Nl\/min<\/td>\n<\/tr>\n<tr>\n<td>CC15-IP54<\/td>\n<td>NEMA Type 12 (IP-54)<\/td>\n<td>322<\/td>\n<td style=\"text-align: center;\">425 Nl\/min<\/td>\n<\/tr>\n<tr>\n<td>CC25-IP54<\/td>\n<td>NEMA Type 12 (IP-54)<\/td>\n<td>527<\/td>\n<td style=\"text-align: center;\">708 Nl\/min<\/td>\n<\/tr>\n<tr>\n<td>CC30-IP54<\/td>\n<td>NEMA Type 12 (IP-54)<\/td>\n<td>615<\/td>\n<td style=\"text-align: center;\">850 Nl\/min<\/td>\n<\/tr>\n<tr>\n<td>CC40-IP54<\/td>\n<td>NEMA Type 12 (IP-54)<\/td>\n<td>849<\/td>\n<td style=\"text-align: center;\">1133 Nl\/min<\/td>\n<\/tr>\n<tr>\n<td>CC2-IP14<\/td>\n<td>NEMA Type 3R (IP-24)<\/td>\n<td>42<\/td>\n<td style=\"text-align: center;\">57 Nl\/min<\/td>\n<\/tr>\n<tr>\n<td>CC4-IP14<\/td>\n<td>NEMA Type 3R (IP-24)<\/td>\n<td>85<\/td>\n<td style=\"text-align: center;\">113 Nl\/min<\/td>\n<\/tr>\n<tr>\n<td>CC8-IP14<\/td>\n<td>NEMA Type 3R (IP-24)<\/td>\n<td>170<\/td>\n<td style=\"text-align: center;\">227 Nl\/min<\/td>\n<\/tr>\n<tr>\n<td>CC10-IP14<\/td>\n<td>NEMA Type 3R (IP-24)<\/td>\n<td>214<\/td>\n<td style=\"text-align: center;\">283 Nl\/min<\/td>\n<\/tr>\n<tr>\n<td>CC15-IP14<\/td>\n<td>NEMA Type 3R (IP-24)<\/td>\n<td>322<\/td>\n<td style=\"text-align: center;\">425 Nl\/min<\/td>\n<\/tr>\n<tr>\n<td>CC25-IP14<\/td>\n<td>NEMA Type 3R (IP-24)<\/td>\n<td>527<\/td>\n<td style=\"text-align: center;\">708 Nl\/min<\/td>\n<\/tr>\n<tr>\n<td>CC30-IP14<\/td>\n<td>NEMA Type 3R (IP-24)<\/td>\n<td>615<\/td>\n<td style=\"text-align: center;\">850 Nl\/min<\/td>\n<\/tr>\n<tr>\n<td>CC40-IP14<\/td>\n<td>NEMA Type 3R (IP-24)<\/td>\n<td>849<\/td>\n<td style=\"text-align: center;\">1133 Nl\/min<\/td>\n<\/tr>\n<tr>\n<td>CC102-IP66<\/td>\n<td>NEMA Type 4-4X (IP-66)<\/td>\n<td>42<\/td>\n<td style=\"text-align: center;\">57 Nl\/min<\/td>\n<\/tr>\n<tr>\n<td>CC104-IP66<\/td>\n<td>NEMA Type 4-4X (IP-66)<\/td>\n<td>85<\/td>\n<td style=\"text-align: center;\">113 Nl\/min<\/td>\n<\/tr>\n<tr>\n<td>CC108-IP66<\/td>\n<td>NEMA Type 4-4X (IP-66)<\/td>\n<td>170<\/td>\n<td style=\"text-align: center;\">227 Nl\/min<\/td>\n<\/tr>\n<tr>\n<td>CC110-IP66<\/td>\n<td>NEMA Type 4-4X (IP-66)<\/td>\n<td>214<\/td>\n<td style=\"text-align: center;\">283 Nl\/min<\/td>\n<\/tr>\n<tr>\n<td>CC115-IP66<\/td>\n<td>NEMA Type 4-4X (IP-66)<\/td>\n<td>322<\/td>\n<td style=\"text-align: center;\">425 Nl\/min<\/td>\n<\/tr>\n<tr>\n<td>CC125-IP66<\/td>\n<td>NEMA Type 4-4X (IP-66)<\/td>\n<td>527<\/td>\n<td style=\"text-align: center;\">708 Nl\/min<\/td>\n<\/tr>\n<tr>\n<td>CC130-IP66<\/td>\n<td>NEMA Type 4-4X (IP-66)<\/td>\n<td>615<\/td>\n<td style=\"text-align: center;\">850 Nl\/min<\/td>\n<\/tr>\n<tr>\n<td>CC140-IP66<\/td>\n<td>NEMA Type 4-4X (IP-66)<\/td>\n<td>849<\/td>\n<td style=\"text-align: center;\">1133 Nl\/min<\/td>\n<\/tr>\n<tr>\n<td>CC102-IP66-316L<\/td>\n<td>NEMA Type 4-4X (IP-66) 316L rst<\/td>\n<td>42<\/td>\n<td style=\"text-align: center;\">57 Nl\/min<\/td>\n<\/tr>\n<tr>\n<td>CC104-IP66-316L<\/td>\n<td>NEMA Type 4-4X (IP-66) 316L rst<\/td>\n<td>85<\/td>\n<td style=\"text-align: center;\">113 Nl\/min<\/td>\n<\/tr>\n<tr>\n<td>CC108-IP66-316L<\/td>\n<td>NEMA Type 4-4X (IP-66) 316L rst<\/td>\n<td>170<\/td>\n<td style=\"text-align: center;\">227 Nl\/min<\/td>\n<\/tr>\n<tr>\n<td>CC110-IP66-316L<\/td>\n<td>NEMA Type 4-4X (IP-66) 316L rst<\/td>\n<td>214<\/td>\n<td style=\"text-align: center;\">283 Nl\/min<\/td>\n<\/tr>\n<tr>\n<td>CC115-IP66-316L<\/td>\n<td>NEMA Type 4-4X (IP-66) 316L rst<\/td>\n<td>322<\/td>\n<td style=\"text-align: center;\">425 Nl\/min<\/td>\n<\/tr>\n<tr>\n<td>CC115-IP66-316L<\/td>\n<td>NEMA Type 4-4X (IP-66) 316L rst<\/td>\n<td>322<\/td>\n<td style=\"text-align: center;\">425 Nl\/min<\/td>\n<\/tr>\n<tr>\n<td>CC125-IP66-316L<\/td>\n<td>NEMA Type 4-4X (IP-66) 316L rst<\/td>\n<td>527<\/td>\n<td style=\"text-align: center;\">708 Nl\/min<\/td>\n<\/tr>\n<tr>\n<td>CC130-IP66-316L<\/td>\n<td>NEMA Type 4-4X (IP-66) 316L rst<\/td>\n<td>615<\/td>\n<td style=\"text-align: center;\">850 Nl\/min<\/td>\n<\/tr>\n<tr>\n<td>CC140-IP66-316L<\/td>\n<td>NEMA Type 4-4X (IP-66) 316L rst<\/td>\n<td>849<\/td>\n<td style=\"text-align: center;\">1133 Nl\/min<\/td>\n<\/tr>\n<\/tbody>\n<\/table>\n<p>&nbsp;<\/p>\n<div class=\"sfsi_widget sfsi_shortcode_container\"><div class=\"norm_row sfsi_wDiv\"  style=\"width:250px;text-align:left;\"><div style='width:40px; height:40px;margin-left:10px;margin-bottom:5px; ' class='sfsi_wicons shuffeldiv' ><div class='inerCnt'><a class='sficn' data-effect='' target='_blank'  href='https:\/\/www.youtube.com\/channel\/UCe0JNbsWIp8_ve7R2i8_egA' id='sfsiid_youtube_icon' style='width:40px;height:40px;opacity:1;'  ><img data-pin-nopin='true' alt='YouTube' title='YouTube' src='https:\/\/virtaustekniikka.fi\/wp-content\/plugins\/ultimate-social-media-icons\/images\/icons_theme\/default\/default_youtube.png' width='40' height='40' style='' class='sfcm sfsi_wicon' data-effect=''   \/><\/a><\/div><\/div><div style='width:40px; height:40px;margin-left:10px;margin-bottom:5px; ' class='sfsi_wicons shuffeldiv' ><div class='inerCnt'><a class='sficn' data-effect='' target='_blank'  href='https:\/\/www.facebook.com\/Virtaustekniikka' id='sfsiid_facebook_icon' style='width:40px;height:40px;opacity:1;'  ><img data-pin-nopin='true' alt='Facebook' title='Facebook' src='https:\/\/virtaustekniikka.fi\/wp-content\/plugins\/ultimate-social-media-icons\/images\/icons_theme\/default\/default_facebook.png' width='40' height='40' style='' class='sfcm sfsi_wicon' data-effect=''   \/><\/a><div class=\"sfsi_tool_tip_2 fb_tool_bdr sfsiTlleft\" style=\"opacity:0;z-index:-1;\" id=\"sfsiid_facebook\"><span class=\"bot_arow bot_fb_arow\"><\/span><div class=\"sfsi_inside\"><div  class='icon1'><a href='https:\/\/www.facebook.com\/Virtaustekniikka' target='_blank'><img data-pin-nopin='true' class='sfsi_wicon' alt='Facebook' title='Facebook' src='https:\/\/virtaustekniikka.fi\/wp-content\/plugins\/ultimate-social-media-icons\/images\/visit_icons\/Visit_us_fb\/icon_Visit_us_en_US.png' \/><\/a><\/div><div  class='icon2'><div class=\"fb-like\" width=\"200\" data-href=\"https:\/\/virtaustekniikka.fi\/en\/product\/kotelojaahdytin\/\"  data-send=\"false\" data-layout=\"button_count\" data-action=\"like\"><\/div><\/div><div  class='icon3'><a target='_blank' href='https:\/\/www.facebook.com\/sharer\/sharer.php?u=https%3A%2F%2Fvirtaustekniikka.fi%2Fen%2Fwp-json%2Fwp%2Fv2%2Fproduct%2F300' style='display:inline-block;'  > <img class='sfsi_wicon'  data-pin-nopin='true' alt='fb-share-icon' title='Facebook Share' src='https:\/\/virtaustekniikka.fi\/wp-content\/plugins\/ultimate-social-media-icons\/images\/share_icons\/fb_icons\/en_US.svg' \/><\/a><\/div><\/div><\/div><\/div><\/div><div style='width:40px; height:40px;margin-left:10px;margin-bottom:5px; ' class='sfsi_wicons shuffeldiv' ><div class='inerCnt'><a class='sficn' data-effect='' target='_blank'  href='https:\/\/www.instagram.com\/virtaustekniikka\/' id='sfsiid_instagram_icon' style='width:40px;height:40px;opacity:1;'  ><img data-pin-nopin='true' alt='Instagram' title='Instagram' src='https:\/\/virtaustekniikka.fi\/wp-content\/plugins\/ultimate-social-media-icons\/images\/icons_theme\/default\/default_instagram.png' width='40' height='40' style='' class='sfcm sfsi_wicon' data-effect=''   \/><\/a><\/div><\/div><\/div><div id=\"sfsi_holder\" class=\"sfsi_holders\" style=\"position: relative; float: left;width:100%;z-index:-1;\"><\/div><script>window.addEventListener(\"sfsi_functions_loaded\", function()\n\t\t\t{\n\t\t\t\tif (typeof sfsi_widget_set == \"function\") {\n\t\t\t\t\tsfsi_widget_set();\n\t\t\t\t}\n\t\t\t}); <\/script><div style=\"clear: both;\"><\/div><\/div>","protected":false},"excerpt":{"rendered":"<p class=\"style10\" align=\"left\">The AIRMASTERS cabinet cooler can be used to effectively cool electronic control boxes and hardware cabinets. The cabinet cooler operates based on Vortex tube technology, it produces cold air from normal compressed air without moving parts and is completely maintenance-free.<\/p>\n<p class=\"vc_custom_heading\" style=\"text-align: left;\">","protected":false},"featured_media":2409,"template":"","meta":[],"product_brand":[],"product_cat":[21],"product_tag":[45,44],"berocket_brand":[68],"class_list":{"0":"post-300","1":"product","2":"type-product","3":"status-publish","6":"product_cat-jaahdytys","7":"product_tag-kotelojaahdytin","8":"product_tag-kotelojaahdytys","9":"berocket_brand-airmasters","11":"first","12":"instock","13":"taxable","14":"shipping-taxable","15":"product-type-variable"},"yoast_head":"<!-- This site is optimized with the Yoast SEO plugin v27.1.1 - https:\/\/yoast.com\/product\/yoast-seo-wordpress\/ -->\n<title>Koteloj\u00e4\u00e4hdyttimell\u00e4 j\u00e4\u00e4hdyt\u00e4t tehokkaasti - Suomen Virtaustekniikka Oy<\/title>\n<meta name=\"description\" content=\"Koteloj\u00e4\u00e4hdyttimell\u00e4 j\u00e4\u00e4hdyt\u00e4t tehokkaasti elektroniikan ohjauskotelot ja laitteistokaapit vain paineilmaa k\u00e4ytt\u00e4m\u00e4ll\u00e4.\" \/>\n<meta name=\"robots\" content=\"index, follow, max-snippet:-1, max-image-preview:large, max-video-preview:-1\" \/>\n<link rel=\"canonical\" href=\"https:\/\/virtaustekniikka.fi\/en\/product\/kotelojaahdytin\/\" \/>\n<meta property=\"og:locale\" content=\"en_GB\" \/>\n<meta property=\"og:type\" content=\"article\" \/>\n<meta property=\"og:title\" content=\"Koteloj\u00e4\u00e4hdyttimell\u00e4 j\u00e4\u00e4hdyt\u00e4t tehokkaasti - Suomen Virtaustekniikka Oy\" \/>\n<meta property=\"og:description\" content=\"Koteloj\u00e4\u00e4hdyttimell\u00e4 j\u00e4\u00e4hdyt\u00e4t tehokkaasti elektroniikan ohjauskotelot ja laitteistokaapit vain paineilmaa k\u00e4ytt\u00e4m\u00e4ll\u00e4.\" \/>\n<meta property=\"og:url\" content=\"https:\/\/virtaustekniikka.fi\/en\/product\/kotelojaahdytin\/\" \/>\n<meta property=\"og:site_name\" content=\"Suomen Virtaustekniikka Oy\" \/>\n<meta property=\"article:publisher\" content=\"https:\/\/www.facebook.com\/Virtaustekniikka\" \/>\n<meta property=\"article:modified_time\" content=\"2026-04-06T17:21:17+00:00\" \/>\n<meta property=\"og:image\" content=\"https:\/\/virtaustekniikka.fi\/wp-content\/uploads\/2021\/04\/Kotelojaahdytin-iso.jpg\" \/>\n\t<meta property=\"og:image:width\" content=\"800\" \/>\n\t<meta property=\"og:image:height\" content=\"800\" \/>\n\t<meta property=\"og:image:type\" content=\"image\/jpeg\" \/>\n<meta name=\"twitter:card\" content=\"summary_large_image\" \/>\n<meta name=\"twitter:site\" content=\"@Virtaustekniikk\" \/>\n<meta name=\"twitter:label1\" content=\"Estimated reading time\" \/>\n\t<meta name=\"twitter:data1\" content=\"3 minutes\" \/>\n<script type=\"application\/ld+json\" class=\"yoast-schema-graph\">{\"@context\":\"https:\/\/schema.org\",\"@graph\":[{\"@type\":\"WebPage\",\"@id\":\"https:\/\/virtaustekniikka.fi\/tuote\/kotelojaahdytin\/\",\"url\":\"https:\/\/virtaustekniikka.fi\/tuote\/kotelojaahdytin\/\",\"name\":\"Koteloj\u00e4\u00e4hdyttimell\u00e4 j\u00e4\u00e4hdyt\u00e4t tehokkaasti - Suomen Virtaustekniikka Oy\",\"isPartOf\":{\"@id\":\"https:\/\/virtaustekniikka.fi\/#website\"},\"primaryImageOfPage\":{\"@id\":\"https:\/\/virtaustekniikka.fi\/tuote\/kotelojaahdytin\/#primaryimage\"},\"image\":{\"@id\":\"https:\/\/virtaustekniikka.fi\/tuote\/kotelojaahdytin\/#primaryimage\"},\"thumbnailUrl\":\"https:\/\/virtaustekniikka.fi\/wp-content\/uploads\/2021\/04\/Kotelojaahdytin-iso.jpg\",\"datePublished\":\"2021-04-21T19:27:11+00:00\",\"dateModified\":\"2026-04-06T17:21:17+00:00\",\"description\":\"Koteloj\u00e4\u00e4hdyttimell\u00e4 j\u00e4\u00e4hdyt\u00e4t tehokkaasti elektroniikan ohjauskotelot ja laitteistokaapit vain paineilmaa k\u00e4ytt\u00e4m\u00e4ll\u00e4.\",\"breadcrumb\":{\"@id\":\"https:\/\/virtaustekniikka.fi\/tuote\/kotelojaahdytin\/#breadcrumb\"},\"inLanguage\":\"en-GB\",\"potentialAction\":[{\"@type\":\"ReadAction\",\"target\":[\"https:\/\/virtaustekniikka.fi\/tuote\/kotelojaahdytin\/\"]}]},{\"@type\":\"ImageObject\",\"inLanguage\":\"en-GB\",\"@id\":\"https:\/\/virtaustekniikka.fi\/tuote\/kotelojaahdytin\/#primaryimage\",\"url\":\"https:\/\/virtaustekniikka.fi\/wp-content\/uploads\/2021\/04\/Kotelojaahdytin-iso.jpg\",\"contentUrl\":\"https:\/\/virtaustekniikka.fi\/wp-content\/uploads\/2021\/04\/Kotelojaahdytin-iso.jpg\",\"width\":800,\"height\":800},{\"@type\":\"BreadcrumbList\",\"@id\":\"https:\/\/virtaustekniikka.fi\/tuote\/kotelojaahdytin\/#breadcrumb\",\"itemListElement\":[{\"@type\":\"ListItem\",\"position\":1,\"name\":\"Etusivu\",\"item\":\"https:\/\/virtaustekniikka.fi\/\"},{\"@type\":\"ListItem\",\"position\":2,\"name\":\"Etusivu\",\"item\":\"https:\/\/virtaustekniikka.fi\/etusivu\/\"},{\"@type\":\"ListItem\",\"position\":3,\"name\":\"Koteloj\u00e4\u00e4hdytin\"}]},{\"@type\":\"WebSite\",\"@id\":\"https:\/\/virtaustekniikka.fi\/#website\",\"url\":\"https:\/\/virtaustekniikka.fi\/\",\"name\":\"Suomen Virtaustekniikka Oy\",\"description\":\"Paineilmatuotteita tuotannon tehostamiseen\",\"publisher\":{\"@id\":\"https:\/\/virtaustekniikka.fi\/#organization\"},\"potentialAction\":[{\"@type\":\"SearchAction\",\"target\":{\"@type\":\"EntryPoint\",\"urlTemplate\":\"https:\/\/virtaustekniikka.fi\/?s={search_term_string}\"},\"query-input\":{\"@type\":\"PropertyValueSpecification\",\"valueRequired\":true,\"valueName\":\"search_term_string\"}}],\"inLanguage\":\"en-GB\"},{\"@type\":\"Organization\",\"@id\":\"https:\/\/virtaustekniikka.fi\/#organization\",\"name\":\"Suomen Virtaustekniikka Oy\",\"url\":\"https:\/\/virtaustekniikka.fi\/\",\"logo\":{\"@type\":\"ImageObject\",\"inLanguage\":\"en-GB\",\"@id\":\"https:\/\/virtaustekniikka.fi\/#\/schema\/logo\/image\/\",\"url\":\"https:\/\/virtaustekniikka.fi\/wp-content\/uploads\/2022\/05\/LOGO2.jpg\",\"contentUrl\":\"https:\/\/virtaustekniikka.fi\/wp-content\/uploads\/2022\/05\/LOGO2.jpg\",\"width\":1000,\"height\":185,\"caption\":\"Suomen Virtaustekniikka Oy\"},\"image\":{\"@id\":\"https:\/\/virtaustekniikka.fi\/#\/schema\/logo\/image\/\"},\"sameAs\":[\"https:\/\/www.facebook.com\/Virtaustekniikka\",\"https:\/\/x.com\/Virtaustekniikk\",\"https:\/\/www.instagram.com\/virtaustekniikka\/\",\"https:\/\/www.linkedin.com\/company\/16270124\",\"https:\/\/www.youtube.com\/channel\/UCe0JNbsWIp8_ve7R2i8_egA\"]}]}<\/script>\n<!-- \/ Yoast SEO plugin. -->","yoast_head_json":{"title":"Koteloj\u00e4\u00e4hdyttimell\u00e4 j\u00e4\u00e4hdyt\u00e4t tehokkaasti - Suomen Virtaustekniikka Oy","description":"Koteloj\u00e4\u00e4hdyttimell\u00e4 j\u00e4\u00e4hdyt\u00e4t tehokkaasti elektroniikan ohjauskotelot ja laitteistokaapit vain paineilmaa k\u00e4ytt\u00e4m\u00e4ll\u00e4.","robots":{"index":"index","follow":"follow","max-snippet":"max-snippet:-1","max-image-preview":"max-image-preview:large","max-video-preview":"max-video-preview:-1"},"canonical":"https:\/\/virtaustekniikka.fi\/en\/product\/kotelojaahdytin\/","og_locale":"en_GB","og_type":"article","og_title":"Koteloj\u00e4\u00e4hdyttimell\u00e4 j\u00e4\u00e4hdyt\u00e4t tehokkaasti - Suomen Virtaustekniikka Oy","og_description":"Koteloj\u00e4\u00e4hdyttimell\u00e4 j\u00e4\u00e4hdyt\u00e4t tehokkaasti elektroniikan ohjauskotelot ja laitteistokaapit vain paineilmaa k\u00e4ytt\u00e4m\u00e4ll\u00e4.","og_url":"https:\/\/virtaustekniikka.fi\/en\/product\/kotelojaahdytin\/","og_site_name":"Suomen Virtaustekniikka Oy","article_publisher":"https:\/\/www.facebook.com\/Virtaustekniikka","article_modified_time":"2026-04-06T17:21:17+00:00","og_image":[{"width":800,"height":800,"url":"https:\/\/virtaustekniikka.fi\/wp-content\/uploads\/2021\/04\/Kotelojaahdytin-iso.jpg","type":"image\/jpeg"}],"twitter_card":"summary_large_image","twitter_site":"@Virtaustekniikk","twitter_misc":{"Estimated reading time":"3 minutes"},"schema":{"@context":"https:\/\/schema.org","@graph":[{"@type":"WebPage","@id":"https:\/\/virtaustekniikka.fi\/tuote\/kotelojaahdytin\/","url":"https:\/\/virtaustekniikka.fi\/tuote\/kotelojaahdytin\/","name":"Koteloj\u00e4\u00e4hdyttimell\u00e4 j\u00e4\u00e4hdyt\u00e4t tehokkaasti - Suomen Virtaustekniikka Oy","isPartOf":{"@id":"https:\/\/virtaustekniikka.fi\/#website"},"primaryImageOfPage":{"@id":"https:\/\/virtaustekniikka.fi\/tuote\/kotelojaahdytin\/#primaryimage"},"image":{"@id":"https:\/\/virtaustekniikka.fi\/tuote\/kotelojaahdytin\/#primaryimage"},"thumbnailUrl":"https:\/\/virtaustekniikka.fi\/wp-content\/uploads\/2021\/04\/Kotelojaahdytin-iso.jpg","datePublished":"2021-04-21T19:27:11+00:00","dateModified":"2026-04-06T17:21:17+00:00","description":"Koteloj\u00e4\u00e4hdyttimell\u00e4 j\u00e4\u00e4hdyt\u00e4t tehokkaasti elektroniikan ohjauskotelot ja laitteistokaapit vain paineilmaa k\u00e4ytt\u00e4m\u00e4ll\u00e4.","breadcrumb":{"@id":"https:\/\/virtaustekniikka.fi\/tuote\/kotelojaahdytin\/#breadcrumb"},"inLanguage":"en-GB","potentialAction":[{"@type":"ReadAction","target":["https:\/\/virtaustekniikka.fi\/tuote\/kotelojaahdytin\/"]}]},{"@type":"ImageObject","inLanguage":"en-GB","@id":"https:\/\/virtaustekniikka.fi\/tuote\/kotelojaahdytin\/#primaryimage","url":"https:\/\/virtaustekniikka.fi\/wp-content\/uploads\/2021\/04\/Kotelojaahdytin-iso.jpg","contentUrl":"https:\/\/virtaustekniikka.fi\/wp-content\/uploads\/2021\/04\/Kotelojaahdytin-iso.jpg","width":800,"height":800},{"@type":"BreadcrumbList","@id":"https:\/\/virtaustekniikka.fi\/tuote\/kotelojaahdytin\/#breadcrumb","itemListElement":[{"@type":"ListItem","position":1,"name":"Etusivu","item":"https:\/\/virtaustekniikka.fi\/"},{"@type":"ListItem","position":2,"name":"Etusivu","item":"https:\/\/virtaustekniikka.fi\/etusivu\/"},{"@type":"ListItem","position":3,"name":"Koteloj\u00e4\u00e4hdytin"}]},{"@type":"WebSite","@id":"https:\/\/virtaustekniikka.fi\/#website","url":"https:\/\/virtaustekniikka.fi\/","name":"Suomen Virtaustekniikka Oy","description":"Paineilmatuotteita tuotannon tehostamiseen","publisher":{"@id":"https:\/\/virtaustekniikka.fi\/#organization"},"potentialAction":[{"@type":"SearchAction","target":{"@type":"EntryPoint","urlTemplate":"https:\/\/virtaustekniikka.fi\/?s={search_term_string}"},"query-input":{"@type":"PropertyValueSpecification","valueRequired":true,"valueName":"search_term_string"}}],"inLanguage":"en-GB"},{"@type":"Organization","@id":"https:\/\/virtaustekniikka.fi\/#organization","name":"Suomen Virtaustekniikka Oy","url":"https:\/\/virtaustekniikka.fi\/","logo":{"@type":"ImageObject","inLanguage":"en-GB","@id":"https:\/\/virtaustekniikka.fi\/#\/schema\/logo\/image\/","url":"https:\/\/virtaustekniikka.fi\/wp-content\/uploads\/2022\/05\/LOGO2.jpg","contentUrl":"https:\/\/virtaustekniikka.fi\/wp-content\/uploads\/2022\/05\/LOGO2.jpg","width":1000,"height":185,"caption":"Suomen Virtaustekniikka Oy"},"image":{"@id":"https:\/\/virtaustekniikka.fi\/#\/schema\/logo\/image\/"},"sameAs":["https:\/\/www.facebook.com\/Virtaustekniikka","https:\/\/x.com\/Virtaustekniikk","https:\/\/www.instagram.com\/virtaustekniikka\/","https:\/\/www.linkedin.com\/company\/16270124","https:\/\/www.youtube.com\/channel\/UCe0JNbsWIp8_ve7R2i8_egA"]}]}},"jetpack_sharing_enabled":true,"_links":{"self":[{"href":"https:\/\/virtaustekniikka.fi\/en\/wp-json\/wp\/v2\/product\/300","targetHints":{"allow":["GET"]}}],"collection":[{"href":"https:\/\/virtaustekniikka.fi\/en\/wp-json\/wp\/v2\/product"}],"about":[{"href":"https:\/\/virtaustekniikka.fi\/en\/wp-json\/wp\/v2\/types\/product"}],"wp:featuredmedia":[{"embeddable":true,"href":"https:\/\/virtaustekniikka.fi\/en\/wp-json\/wp\/v2\/media\/2409"}],"wp:attachment":[{"href":"https:\/\/virtaustekniikka.fi\/en\/wp-json\/wp\/v2\/media?parent=300"}],"wp:term":[{"taxonomy":"product_brand","embeddable":true,"href":"https:\/\/virtaustekniikka.fi\/en\/wp-json\/wp\/v2\/product_brand?post=300"},{"taxonomy":"product_cat","embeddable":true,"href":"https:\/\/virtaustekniikka.fi\/en\/wp-json\/wp\/v2\/product_cat?post=300"},{"taxonomy":"product_tag","embeddable":true,"href":"https:\/\/virtaustekniikka.fi\/en\/wp-json\/wp\/v2\/product_tag?post=300"},{"taxonomy":"berocket_brand","embeddable":true,"href":"https:\/\/virtaustekniikka.fi\/en\/wp-json\/wp\/v2\/berocket_brand?post=300"}],"curies":[{"name":"wp","href":"https:\/\/api.w.org\/{rel}","templated":true}]}}