{"id":305,"date":"2021-04-21T19:42:48","date_gmt":"2021-04-21T19:42:48","guid":{"rendered":"https:\/\/virtaustekniikka.fi\/testi_wp_fi\/?post_type=product&#038;p=305"},"modified":"2025-03-11T06:51:19","modified_gmt":"2025-03-11T06:51:19","slug":"saadettava-pistejaahdytin","status":"publish","type":"product","link":"https:\/\/virtaustekniikka.fi\/en\/product\/saadettava-pistejaahdytin\/","title":{"rendered":"Adjustable Spot Cooler"},"content":{"rendered":"<p><a href=\"https:\/\/virtaustekniikka.fi\/en\/hinnasto\/\" target=\"_blank\" rel=\"noopener\"><button class=\"btn btn-primary btn-xs\">Price List<\/button><\/a><\/p>\n<p>The temperature of the cold air produced by the adjustable spot cooler can be easily adjusted by turning the adjustment knob on the hot end of the Vortex tube. The cooling power is 322 W. Recommended operating pressure is 5-7 bar.<\/p>\n<p>&nbsp;<\/p>\n<table>\n<tbody>\n<tr>\n<th>PRESSURE (bar)<\/th>\n<th>COOLING POWER (W)<\/th>\n<th>AIR CONSUMPTION (Nl\/min)<\/th>\n<th>SOUND LEVEL (dB)<\/th>\n<\/tr>\n<tr>\n<td style=\"text-align: center;\">7<\/td>\n<td style=\"text-align: center;\">322<\/td>\n<td style=\"text-align: center;\">425<\/td>\n<td style=\"text-align: center;\">73<\/td>\n<\/tr>\n<\/tbody>\n<\/table>\n<p>&nbsp;<\/p>","protected":false},"excerpt":{"rendered":"<p>AIRMASTERS adjustable spot cooler produces cold air from normal compressed air. Easy to install and adjust. The adjustable spot cooler uses an aluminum Vortex tube to produce cold air. The package includes a magnetic mount and a silencer. An optional single or dual outlet cooling tube kit is available for directing the cold air. The adjustable spot cooler is an affordable and completely maintenance-free cooling system.<\/p>","protected":false},"featured_media":2757,"template":"","meta":[],"product_brand":[],"product_cat":[21],"product_tag":[40],"berocket_brand":[68],"class_list":{"0":"post-305","1":"product","2":"type-product","3":"status-publish","6":"product_cat-jaahdytys","7":"product_tag-vortex-putki","8":"berocket_brand-airmasters","10":"first","11":"instock","12":"taxable","13":"shipping-taxable","14":"product-type-variable"},"yoast_head":"<!-- This site is optimized with the Yoast SEO plugin v27.3 - https:\/\/yoast.com\/product\/yoast-seo-wordpress\/ -->\n<title>S\u00e4\u00e4dett\u00e4v\u00e4 pistej\u00e4\u00e4hdytin - Suomen Virtaustekniikka Oy<\/title>\n<meta name=\"description\" content=\"Airmasters s\u00e4\u00e4dett\u00e4v\u00e4 pistej\u00e4\u00e4hdytin tuottaa normaalista paineilmasta jopa -34\u00baC kylm\u00e4\u00e4 ilmaa. Helposti asennettava ja s\u00e4\u00e4dett\u00e4v\u00e4.\" \/>\n<meta name=\"robots\" content=\"index, follow, max-snippet:-1, max-image-preview:large, max-video-preview:-1\" \/>\n<link rel=\"canonical\" href=\"https:\/\/virtaustekniikka.fi\/en\/product\/saadettava-pistejaahdytin\/\" \/>\n<meta property=\"og:locale\" content=\"en_GB\" \/>\n<meta property=\"og:type\" content=\"article\" \/>\n<meta property=\"og:title\" content=\"S\u00e4\u00e4dett\u00e4v\u00e4 pistej\u00e4\u00e4hdytin - Suomen Virtaustekniikka Oy\" \/>\n<meta property=\"og:description\" content=\"Airmasters s\u00e4\u00e4dett\u00e4v\u00e4 pistej\u00e4\u00e4hdytin tuottaa normaalista paineilmasta jopa -34\u00baC kylm\u00e4\u00e4 ilmaa. Helposti asennettava ja s\u00e4\u00e4dett\u00e4v\u00e4.\" \/>\n<meta property=\"og:url\" content=\"https:\/\/virtaustekniikka.fi\/en\/product\/saadettava-pistejaahdytin\/\" \/>\n<meta property=\"og:site_name\" content=\"Suomen Virtaustekniikka Oy\" \/>\n<meta property=\"article:publisher\" content=\"https:\/\/www.facebook.com\/Virtaustekniikka\" \/>\n<meta property=\"article:modified_time\" content=\"2025-03-11T06:51:19+00:00\" \/>\n<meta property=\"og:image\" content=\"https:\/\/virtaustekniikka.fi\/wp-content\/uploads\/2021\/04\/Saadettava-pistejaahytin.jpg\" \/>\n\t<meta property=\"og:image:width\" content=\"900\" \/>\n\t<meta property=\"og:image:height\" content=\"900\" \/>\n\t<meta property=\"og:image:type\" content=\"image\/jpeg\" \/>\n<meta name=\"twitter:card\" content=\"summary_large_image\" \/>\n<meta name=\"twitter:site\" content=\"@Virtaustekniikk\" \/>\n<meta name=\"twitter:label1\" content=\"Estimated reading time\" \/>\n\t<meta name=\"twitter:data1\" content=\"1 minute\" \/>\n<script type=\"application\/ld+json\" class=\"yoast-schema-graph\">{\"@context\":\"https:\\\/\\\/schema.org\",\"@graph\":[{\"@type\":\"WebPage\",\"@id\":\"https:\\\/\\\/virtaustekniikka.fi\\\/tuote\\\/saadettava-pistejaahdytin\\\/\",\"url\":\"https:\\\/\\\/virtaustekniikka.fi\\\/tuote\\\/saadettava-pistejaahdytin\\\/\",\"name\":\"S\u00e4\u00e4dett\u00e4v\u00e4 pistej\u00e4\u00e4hdytin - Suomen Virtaustekniikka Oy\",\"isPartOf\":{\"@id\":\"https:\\\/\\\/virtaustekniikka.fi\\\/#website\"},\"primaryImageOfPage\":{\"@id\":\"https:\\\/\\\/virtaustekniikka.fi\\\/tuote\\\/saadettava-pistejaahdytin\\\/#primaryimage\"},\"image\":{\"@id\":\"https:\\\/\\\/virtaustekniikka.fi\\\/tuote\\\/saadettava-pistejaahdytin\\\/#primaryimage\"},\"thumbnailUrl\":\"https:\\\/\\\/virtaustekniikka.fi\\\/wp-content\\\/uploads\\\/2021\\\/04\\\/Saadettava-pistejaahytin.jpg\",\"datePublished\":\"2021-04-21T19:42:48+00:00\",\"dateModified\":\"2025-03-11T06:51:19+00:00\",\"description\":\"Airmasters s\u00e4\u00e4dett\u00e4v\u00e4 pistej\u00e4\u00e4hdytin tuottaa normaalista paineilmasta jopa -34\u00baC kylm\u00e4\u00e4 ilmaa. Helposti asennettava ja s\u00e4\u00e4dett\u00e4v\u00e4.\",\"breadcrumb\":{\"@id\":\"https:\\\/\\\/virtaustekniikka.fi\\\/tuote\\\/saadettava-pistejaahdytin\\\/#breadcrumb\"},\"inLanguage\":\"en-GB\",\"potentialAction\":[{\"@type\":\"ReadAction\",\"target\":[\"https:\\\/\\\/virtaustekniikka.fi\\\/tuote\\\/saadettava-pistejaahdytin\\\/\"]}]},{\"@type\":\"ImageObject\",\"inLanguage\":\"en-GB\",\"@id\":\"https:\\\/\\\/virtaustekniikka.fi\\\/tuote\\\/saadettava-pistejaahdytin\\\/#primaryimage\",\"url\":\"https:\\\/\\\/virtaustekniikka.fi\\\/wp-content\\\/uploads\\\/2021\\\/04\\\/Saadettava-pistejaahytin.jpg\",\"contentUrl\":\"https:\\\/\\\/virtaustekniikka.fi\\\/wp-content\\\/uploads\\\/2021\\\/04\\\/Saadettava-pistejaahytin.jpg\",\"width\":900,\"height\":900},{\"@type\":\"BreadcrumbList\",\"@id\":\"https:\\\/\\\/virtaustekniikka.fi\\\/tuote\\\/saadettava-pistejaahdytin\\\/#breadcrumb\",\"itemListElement\":[{\"@type\":\"ListItem\",\"position\":1,\"name\":\"Etusivu\",\"item\":\"https:\\\/\\\/virtaustekniikka.fi\\\/\"},{\"@type\":\"ListItem\",\"position\":2,\"name\":\"Etusivu\",\"item\":\"https:\\\/\\\/virtaustekniikka.fi\\\/etusivu\\\/\"},{\"@type\":\"ListItem\",\"position\":3,\"name\":\"S\u00e4\u00e4dett\u00e4v\u00e4 pistej\u00e4\u00e4hdytin\"}]},{\"@type\":\"WebSite\",\"@id\":\"https:\\\/\\\/virtaustekniikka.fi\\\/#website\",\"url\":\"https:\\\/\\\/virtaustekniikka.fi\\\/\",\"name\":\"Suomen Virtaustekniikka Oy\",\"description\":\"Paineilmatuotteita tuotannon tehostamiseen\",\"publisher\":{\"@id\":\"https:\\\/\\\/virtaustekniikka.fi\\\/#organization\"},\"potentialAction\":[{\"@type\":\"SearchAction\",\"target\":{\"@type\":\"EntryPoint\",\"urlTemplate\":\"https:\\\/\\\/virtaustekniikka.fi\\\/?s={search_term_string}\"},\"query-input\":{\"@type\":\"PropertyValueSpecification\",\"valueRequired\":true,\"valueName\":\"search_term_string\"}}],\"inLanguage\":\"en-GB\"},{\"@type\":\"Organization\",\"@id\":\"https:\\\/\\\/virtaustekniikka.fi\\\/#organization\",\"name\":\"Suomen Virtaustekniikka Oy\",\"url\":\"https:\\\/\\\/virtaustekniikka.fi\\\/\",\"logo\":{\"@type\":\"ImageObject\",\"inLanguage\":\"en-GB\",\"@id\":\"https:\\\/\\\/virtaustekniikka.fi\\\/#\\\/schema\\\/logo\\\/image\\\/\",\"url\":\"https:\\\/\\\/virtaustekniikka.fi\\\/wp-content\\\/uploads\\\/2022\\\/05\\\/LOGO2.jpg\",\"contentUrl\":\"https:\\\/\\\/virtaustekniikka.fi\\\/wp-content\\\/uploads\\\/2022\\\/05\\\/LOGO2.jpg\",\"width\":1000,\"height\":185,\"caption\":\"Suomen Virtaustekniikka Oy\"},\"image\":{\"@id\":\"https:\\\/\\\/virtaustekniikka.fi\\\/#\\\/schema\\\/logo\\\/image\\\/\"},\"sameAs\":[\"https:\\\/\\\/www.facebook.com\\\/Virtaustekniikka\",\"https:\\\/\\\/x.com\\\/Virtaustekniikk\",\"https:\\\/\\\/www.instagram.com\\\/virtaustekniikka\\\/\",\"https:\\\/\\\/www.linkedin.com\\\/company\\\/16270124\",\"https:\\\/\\\/www.youtube.com\\\/channel\\\/UCe0JNbsWIp8_ve7R2i8_egA\"]}]}<\/script>\n<!-- \/ Yoast SEO plugin. -->","yoast_head_json":{"title":"S\u00e4\u00e4dett\u00e4v\u00e4 pistej\u00e4\u00e4hdytin - Suomen Virtaustekniikka Oy","description":"Airmasters s\u00e4\u00e4dett\u00e4v\u00e4 pistej\u00e4\u00e4hdytin tuottaa normaalista paineilmasta jopa -34\u00baC kylm\u00e4\u00e4 ilmaa. Helposti asennettava ja s\u00e4\u00e4dett\u00e4v\u00e4.","robots":{"index":"index","follow":"follow","max-snippet":"max-snippet:-1","max-image-preview":"max-image-preview:large","max-video-preview":"max-video-preview:-1"},"canonical":"https:\/\/virtaustekniikka.fi\/en\/product\/saadettava-pistejaahdytin\/","og_locale":"en_GB","og_type":"article","og_title":"S\u00e4\u00e4dett\u00e4v\u00e4 pistej\u00e4\u00e4hdytin - Suomen Virtaustekniikka Oy","og_description":"Airmasters s\u00e4\u00e4dett\u00e4v\u00e4 pistej\u00e4\u00e4hdytin tuottaa normaalista paineilmasta jopa -34\u00baC kylm\u00e4\u00e4 ilmaa. Helposti asennettava ja s\u00e4\u00e4dett\u00e4v\u00e4.","og_url":"https:\/\/virtaustekniikka.fi\/en\/product\/saadettava-pistejaahdytin\/","og_site_name":"Suomen Virtaustekniikka Oy","article_publisher":"https:\/\/www.facebook.com\/Virtaustekniikka","article_modified_time":"2025-03-11T06:51:19+00:00","og_image":[{"width":900,"height":900,"url":"https:\/\/virtaustekniikka.fi\/wp-content\/uploads\/2021\/04\/Saadettava-pistejaahytin.jpg","type":"image\/jpeg"}],"twitter_card":"summary_large_image","twitter_site":"@Virtaustekniikk","twitter_misc":{"Estimated reading time":"1 minute"},"schema":{"@context":"https:\/\/schema.org","@graph":[{"@type":"WebPage","@id":"https:\/\/virtaustekniikka.fi\/tuote\/saadettava-pistejaahdytin\/","url":"https:\/\/virtaustekniikka.fi\/tuote\/saadettava-pistejaahdytin\/","name":"S\u00e4\u00e4dett\u00e4v\u00e4 pistej\u00e4\u00e4hdytin - Suomen Virtaustekniikka Oy","isPartOf":{"@id":"https:\/\/virtaustekniikka.fi\/#website"},"primaryImageOfPage":{"@id":"https:\/\/virtaustekniikka.fi\/tuote\/saadettava-pistejaahdytin\/#primaryimage"},"image":{"@id":"https:\/\/virtaustekniikka.fi\/tuote\/saadettava-pistejaahdytin\/#primaryimage"},"thumbnailUrl":"https:\/\/virtaustekniikka.fi\/wp-content\/uploads\/2021\/04\/Saadettava-pistejaahytin.jpg","datePublished":"2021-04-21T19:42:48+00:00","dateModified":"2025-03-11T06:51:19+00:00","description":"Airmasters s\u00e4\u00e4dett\u00e4v\u00e4 pistej\u00e4\u00e4hdytin tuottaa normaalista paineilmasta jopa -34\u00baC kylm\u00e4\u00e4 ilmaa. Helposti asennettava ja s\u00e4\u00e4dett\u00e4v\u00e4.","breadcrumb":{"@id":"https:\/\/virtaustekniikka.fi\/tuote\/saadettava-pistejaahdytin\/#breadcrumb"},"inLanguage":"en-GB","potentialAction":[{"@type":"ReadAction","target":["https:\/\/virtaustekniikka.fi\/tuote\/saadettava-pistejaahdytin\/"]}]},{"@type":"ImageObject","inLanguage":"en-GB","@id":"https:\/\/virtaustekniikka.fi\/tuote\/saadettava-pistejaahdytin\/#primaryimage","url":"https:\/\/virtaustekniikka.fi\/wp-content\/uploads\/2021\/04\/Saadettava-pistejaahytin.jpg","contentUrl":"https:\/\/virtaustekniikka.fi\/wp-content\/uploads\/2021\/04\/Saadettava-pistejaahytin.jpg","width":900,"height":900},{"@type":"BreadcrumbList","@id":"https:\/\/virtaustekniikka.fi\/tuote\/saadettava-pistejaahdytin\/#breadcrumb","itemListElement":[{"@type":"ListItem","position":1,"name":"Etusivu","item":"https:\/\/virtaustekniikka.fi\/"},{"@type":"ListItem","position":2,"name":"Etusivu","item":"https:\/\/virtaustekniikka.fi\/etusivu\/"},{"@type":"ListItem","position":3,"name":"S\u00e4\u00e4dett\u00e4v\u00e4 pistej\u00e4\u00e4hdytin"}]},{"@type":"WebSite","@id":"https:\/\/virtaustekniikka.fi\/#website","url":"https:\/\/virtaustekniikka.fi\/","name":"Suomen Virtaustekniikka Oy","description":"Paineilmatuotteita tuotannon tehostamiseen","publisher":{"@id":"https:\/\/virtaustekniikka.fi\/#organization"},"potentialAction":[{"@type":"SearchAction","target":{"@type":"EntryPoint","urlTemplate":"https:\/\/virtaustekniikka.fi\/?s={search_term_string}"},"query-input":{"@type":"PropertyValueSpecification","valueRequired":true,"valueName":"search_term_string"}}],"inLanguage":"en-GB"},{"@type":"Organization","@id":"https:\/\/virtaustekniikka.fi\/#organization","name":"Suomen Virtaustekniikka Oy","url":"https:\/\/virtaustekniikka.fi\/","logo":{"@type":"ImageObject","inLanguage":"en-GB","@id":"https:\/\/virtaustekniikka.fi\/#\/schema\/logo\/image\/","url":"https:\/\/virtaustekniikka.fi\/wp-content\/uploads\/2022\/05\/LOGO2.jpg","contentUrl":"https:\/\/virtaustekniikka.fi\/wp-content\/uploads\/2022\/05\/LOGO2.jpg","width":1000,"height":185,"caption":"Suomen Virtaustekniikka Oy"},"image":{"@id":"https:\/\/virtaustekniikka.fi\/#\/schema\/logo\/image\/"},"sameAs":["https:\/\/www.facebook.com\/Virtaustekniikka","https:\/\/x.com\/Virtaustekniikk","https:\/\/www.instagram.com\/virtaustekniikka\/","https:\/\/www.linkedin.com\/company\/16270124","https:\/\/www.youtube.com\/channel\/UCe0JNbsWIp8_ve7R2i8_egA"]}]}},"jetpack_sharing_enabled":true,"_links":{"self":[{"href":"https:\/\/virtaustekniikka.fi\/en\/wp-json\/wp\/v2\/product\/305","targetHints":{"allow":["GET"]}}],"collection":[{"href":"https:\/\/virtaustekniikka.fi\/en\/wp-json\/wp\/v2\/product"}],"about":[{"href":"https:\/\/virtaustekniikka.fi\/en\/wp-json\/wp\/v2\/types\/product"}],"wp:featuredmedia":[{"embeddable":true,"href":"https:\/\/virtaustekniikka.fi\/en\/wp-json\/wp\/v2\/media\/2757"}],"wp:attachment":[{"href":"https:\/\/virtaustekniikka.fi\/en\/wp-json\/wp\/v2\/media?parent=305"}],"wp:term":[{"taxonomy":"product_brand","embeddable":true,"href":"https:\/\/virtaustekniikka.fi\/en\/wp-json\/wp\/v2\/product_brand?post=305"},{"taxonomy":"product_cat","embeddable":true,"href":"https:\/\/virtaustekniikka.fi\/en\/wp-json\/wp\/v2\/product_cat?post=305"},{"taxonomy":"product_tag","embeddable":true,"href":"https:\/\/virtaustekniikka.fi\/en\/wp-json\/wp\/v2\/product_tag?post=305"},{"taxonomy":"berocket_brand","embeddable":true,"href":"https:\/\/virtaustekniikka.fi\/en\/wp-json\/wp\/v2\/berocket_brand?post=305"}],"curies":[{"name":"wp","href":"https:\/\/api.w.org\/{rel}","templated":true}]}}