{"id":309,"date":"2021-04-21T19:48:35","date_gmt":"2021-04-21T19:48:35","guid":{"rendered":"https:\/\/virtaustekniikka.fi\/testi_wp_fi\/?post_type=product&#038;p=309"},"modified":"2025-05-30T05:56:35","modified_gmt":"2025-05-30T05:56:35","slug":"minijaahdytin","status":"publish","type":"product","link":"https:\/\/virtaustekniikka.fi\/en\/product\/minijaahdytin\/","title":{"rendered":"MIni Cooler"},"content":{"rendered":"<p><a href=\"https:\/\/virtaustekniikka.fi\/en\/hinnasto\/\" target=\"_blank\" rel=\"noopener\"><button class=\"btn btn-primary btn-xs\">Price List<\/button><\/a><\/p>\n<p>Minij\u00e4\u00e4hdyttimess\u00e4 k\u00e4ytett\u00e4v\u00e4ll\u00e4 Vortex-putki -teknologialla tuotetaan normaalista paineilmasta noin -7 \u00baC kylm\u00e4\u00e4 ilmaa (riippuu k\u00e4ytett\u00e4v\u00e4n paineilman l\u00e4mp\u00f6tilasta). Kylm\u00e4 ilma ohjataan kohteeseen taipuisalla putkella. Minij\u00e4\u00e4hdytin on helppo asentaa ja siirt\u00e4\u00e4 pakettiin kuuluvan magneettijalustan avulla. Lis\u00e4varusteena on saatavana melutasoa laskeva \u00e4\u00e4nenvaimennin j\u00e4\u00e4hdyttimen ja ilmanohjausputken v\u00e4liin. K\u00e4ytt\u00f6paineeksi suositellaan 5 &#8211; 7 bar.<\/p>\n<table class=\"tb-prices\">\n<tbody>\n<tr>\n<td><strong>REFERENCE<\/strong><\/td>\n<td><\/td>\n<td><strong>COOLING POWER<\/strong><\/td>\n<\/tr>\n<tr>\n<td>MTC-K MINI<\/td>\n<td style=\"text-align: left;\">MIni Cooler<\/td>\n<td style=\"text-align: center;\">170 W<\/td>\n<\/tr>\n<tr>\n<td>AIR-MTC-K MINI-SIL<\/td>\n<td style=\"text-align: left;\">MIni Cooler with silencer<\/td>\n<td style=\"text-align: center;\">170 W<\/td>\n<\/tr>\n<\/tbody>\n<\/table>\n<div class=\"sfsi_widget sfsi_shortcode_container\"><div class=\"norm_row sfsi_wDiv\"  style=\"width:250px;text-align:left;\"><div style='width:40px; height:40px;margin-left:10px;margin-bottom:5px; ' class='sfsi_wicons shuffeldiv' ><div class='inerCnt'><a class='sficn' data-effect='' target='_blank'  href='https:\/\/www.youtube.com\/channel\/UCe0JNbsWIp8_ve7R2i8_egA' id='sfsiid_youtube_icon' style='width:40px;height:40px;opacity:1;'  ><img data-pin-nopin='true' alt='YouTube' title='YouTube' src='https:\/\/virtaustekniikka.fi\/wp-content\/plugins\/ultimate-social-media-icons\/images\/icons_theme\/default\/default_youtube.png' width='40' height='40' style='' class='sfcm sfsi_wicon' data-effect=''   \/><\/a><\/div><\/div><div style='width:40px; height:40px;margin-left:10px;margin-bottom:5px; ' class='sfsi_wicons shuffeldiv' ><div class='inerCnt'><a class='sficn' data-effect='' target='_blank'  href='https:\/\/www.facebook.com\/Virtaustekniikka' id='sfsiid_facebook_icon' style='width:40px;height:40px;opacity:1;'  ><img data-pin-nopin='true' alt='Facebook' title='Facebook' src='https:\/\/virtaustekniikka.fi\/wp-content\/plugins\/ultimate-social-media-icons\/images\/icons_theme\/default\/default_facebook.png' width='40' height='40' style='' class='sfcm sfsi_wicon' data-effect=''   \/><\/a><div class=\"sfsi_tool_tip_2 fb_tool_bdr sfsiTlleft\" style=\"opacity:0;z-index:-1;\" id=\"sfsiid_facebook\"><span class=\"bot_arow bot_fb_arow\"><\/span><div class=\"sfsi_inside\"><div  class='icon1'><a href='https:\/\/www.facebook.com\/Virtaustekniikka' target='_blank'><img data-pin-nopin='true' class='sfsi_wicon' alt='Facebook' title='Facebook' src='https:\/\/virtaustekniikka.fi\/wp-content\/plugins\/ultimate-social-media-icons\/images\/visit_icons\/Visit_us_fb\/icon_Visit_us_en_US.png' \/><\/a><\/div><div  class='icon2'><div class=\"fb-like\" width=\"200\" data-href=\"https:\/\/virtaustekniikka.fi\/en\/product\/minijaahdytin\/\"  data-send=\"false\" data-layout=\"button_count\" data-action=\"like\"><\/div><\/div><div  class='icon3'><a target='_blank' href='https:\/\/www.facebook.com\/sharer\/sharer.php?u=https%3A%2F%2Fvirtaustekniikka.fi%2Fen%2Fwp-json%2Fwp%2Fv2%2Fproduct%2F309' style='display:inline-block;'  > <img class='sfsi_wicon'  data-pin-nopin='true' alt='fb-share-icon' title='Facebook Share' src='https:\/\/virtaustekniikka.fi\/wp-content\/plugins\/ultimate-social-media-icons\/images\/share_icons\/fb_icons\/en_US.svg' \/><\/a><\/div><\/div><\/div><\/div><\/div><div style='width:40px; height:40px;margin-left:10px;margin-bottom:5px; ' class='sfsi_wicons shuffeldiv' ><div class='inerCnt'><a class='sficn' data-effect='' target='_blank'  href='https:\/\/www.instagram.com\/virtaustekniikka\/' id='sfsiid_instagram_icon' style='width:40px;height:40px;opacity:1;'  ><img data-pin-nopin='true' alt='Instagram' title='Instagram' src='https:\/\/virtaustekniikka.fi\/wp-content\/plugins\/ultimate-social-media-icons\/images\/icons_theme\/default\/default_instagram.png' width='40' height='40' style='' class='sfcm sfsi_wicon' data-effect=''   \/><\/a><\/div><\/div><\/div><div id=\"sfsi_holder\" class=\"sfsi_holders\" style=\"position: relative; float: left;width:100%;z-index:-1;\"><\/div><script>window.addEventListener(\"sfsi_functions_loaded\", function()\n\t\t\t{\n\t\t\t\tif (typeof sfsi_widget_set == \"function\") {\n\t\t\t\t\tsfsi_widget_set();\n\t\t\t\t}\n\t\t\t}); <\/script><div style=\"clear: both;\"><\/div><\/div>","protected":false},"excerpt":{"rendered":"<p>AIRMASTERS mini cooler is an affordable and maintenance-free spot cooling system that can be used to cool small parts and tools. The mini cooler is easy to install and moved with the included magnetic base.<\/p>","protected":false},"featured_media":2753,"template":"","meta":[],"product_brand":[],"product_cat":[21],"product_tag":[40],"berocket_brand":[68],"class_list":{"0":"post-309","1":"product","2":"type-product","3":"status-publish","6":"product_cat-jaahdytys","7":"product_tag-vortex-putki","8":"berocket_brand-airmasters","10":"first","11":"instock","12":"taxable","13":"shipping-taxable","14":"product-type-variable"},"yoast_head":"<!-- This site is optimized with the Yoast SEO plugin v27.1.1 - https:\/\/yoast.com\/product\/yoast-seo-wordpress\/ -->\n<title>Minij\u00e4\u00e4hdytin - Suomen Virtaustekniikka Oy<\/title>\n<meta name=\"description\" content=\"Nex Flow minij\u00e4\u00e4hdytin on edullinen ja huoltovapaa pistej\u00e4\u00e4hdytysj\u00e4rjestelm\u00e4, jonka avulla voidaan j\u00e4\u00e4hdytt\u00e4\u00e4 pieni\u00e4 osia ja ty\u00f6kaluja.\" \/>\n<meta name=\"robots\" content=\"index, follow, max-snippet:-1, max-image-preview:large, max-video-preview:-1\" \/>\n<link rel=\"canonical\" href=\"https:\/\/virtaustekniikka.fi\/en\/product\/minijaahdytin\/\" \/>\n<meta property=\"og:locale\" content=\"en_GB\" \/>\n<meta property=\"og:type\" content=\"article\" \/>\n<meta property=\"og:title\" content=\"Minij\u00e4\u00e4hdytin - Suomen Virtaustekniikka Oy\" \/>\n<meta property=\"og:description\" content=\"Nex Flow minij\u00e4\u00e4hdytin on edullinen ja huoltovapaa pistej\u00e4\u00e4hdytysj\u00e4rjestelm\u00e4, jonka avulla voidaan j\u00e4\u00e4hdytt\u00e4\u00e4 pieni\u00e4 osia ja ty\u00f6kaluja.\" \/>\n<meta property=\"og:url\" content=\"https:\/\/virtaustekniikka.fi\/en\/product\/minijaahdytin\/\" \/>\n<meta property=\"og:site_name\" content=\"Suomen Virtaustekniikka Oy\" \/>\n<meta property=\"article:publisher\" content=\"https:\/\/www.facebook.com\/Virtaustekniikka\" \/>\n<meta property=\"article:modified_time\" content=\"2025-05-30T05:56:35+00:00\" \/>\n<meta property=\"og:image\" content=\"https:\/\/virtaustekniikka.fi\/wp-content\/uploads\/2021\/04\/Minijaahdytin.png\" \/>\n\t<meta property=\"og:image:width\" content=\"900\" \/>\n\t<meta property=\"og:image:height\" content=\"900\" \/>\n\t<meta property=\"og:image:type\" content=\"image\/png\" \/>\n<meta name=\"twitter:card\" content=\"summary_large_image\" \/>\n<meta name=\"twitter:site\" content=\"@Virtaustekniikk\" \/>\n<script type=\"application\/ld+json\" class=\"yoast-schema-graph\">{\"@context\":\"https:\/\/schema.org\",\"@graph\":[{\"@type\":\"WebPage\",\"@id\":\"https:\/\/virtaustekniikka.fi\/tuote\/minijaahdytin\/\",\"url\":\"https:\/\/virtaustekniikka.fi\/tuote\/minijaahdytin\/\",\"name\":\"Minij\u00e4\u00e4hdytin - Suomen Virtaustekniikka Oy\",\"isPartOf\":{\"@id\":\"https:\/\/virtaustekniikka.fi\/#website\"},\"primaryImageOfPage\":{\"@id\":\"https:\/\/virtaustekniikka.fi\/tuote\/minijaahdytin\/#primaryimage\"},\"image\":{\"@id\":\"https:\/\/virtaustekniikka.fi\/tuote\/minijaahdytin\/#primaryimage\"},\"thumbnailUrl\":\"https:\/\/virtaustekniikka.fi\/wp-content\/uploads\/2021\/04\/Minijaahdytin.png\",\"datePublished\":\"2021-04-21T19:48:35+00:00\",\"dateModified\":\"2025-05-30T05:56:35+00:00\",\"description\":\"Nex Flow minij\u00e4\u00e4hdytin on edullinen ja huoltovapaa pistej\u00e4\u00e4hdytysj\u00e4rjestelm\u00e4, jonka avulla voidaan j\u00e4\u00e4hdytt\u00e4\u00e4 pieni\u00e4 osia ja ty\u00f6kaluja.\",\"breadcrumb\":{\"@id\":\"https:\/\/virtaustekniikka.fi\/tuote\/minijaahdytin\/#breadcrumb\"},\"inLanguage\":\"en-GB\",\"potentialAction\":[{\"@type\":\"ReadAction\",\"target\":[\"https:\/\/virtaustekniikka.fi\/tuote\/minijaahdytin\/\"]}]},{\"@type\":\"ImageObject\",\"inLanguage\":\"en-GB\",\"@id\":\"https:\/\/virtaustekniikka.fi\/tuote\/minijaahdytin\/#primaryimage\",\"url\":\"https:\/\/virtaustekniikka.fi\/wp-content\/uploads\/2021\/04\/Minijaahdytin.png\",\"contentUrl\":\"https:\/\/virtaustekniikka.fi\/wp-content\/uploads\/2021\/04\/Minijaahdytin.png\",\"width\":900,\"height\":900},{\"@type\":\"BreadcrumbList\",\"@id\":\"https:\/\/virtaustekniikka.fi\/tuote\/minijaahdytin\/#breadcrumb\",\"itemListElement\":[{\"@type\":\"ListItem\",\"position\":1,\"name\":\"Etusivu\",\"item\":\"https:\/\/virtaustekniikka.fi\/\"},{\"@type\":\"ListItem\",\"position\":2,\"name\":\"Etusivu\",\"item\":\"https:\/\/virtaustekniikka.fi\/etusivu\/\"},{\"@type\":\"ListItem\",\"position\":3,\"name\":\"Minij\u00e4\u00e4hdytin\"}]},{\"@type\":\"WebSite\",\"@id\":\"https:\/\/virtaustekniikka.fi\/#website\",\"url\":\"https:\/\/virtaustekniikka.fi\/\",\"name\":\"Suomen Virtaustekniikka Oy\",\"description\":\"Paineilmatuotteita tuotannon tehostamiseen\",\"publisher\":{\"@id\":\"https:\/\/virtaustekniikka.fi\/#organization\"},\"potentialAction\":[{\"@type\":\"SearchAction\",\"target\":{\"@type\":\"EntryPoint\",\"urlTemplate\":\"https:\/\/virtaustekniikka.fi\/?s={search_term_string}\"},\"query-input\":{\"@type\":\"PropertyValueSpecification\",\"valueRequired\":true,\"valueName\":\"search_term_string\"}}],\"inLanguage\":\"en-GB\"},{\"@type\":\"Organization\",\"@id\":\"https:\/\/virtaustekniikka.fi\/#organization\",\"name\":\"Suomen Virtaustekniikka Oy\",\"url\":\"https:\/\/virtaustekniikka.fi\/\",\"logo\":{\"@type\":\"ImageObject\",\"inLanguage\":\"en-GB\",\"@id\":\"https:\/\/virtaustekniikka.fi\/#\/schema\/logo\/image\/\",\"url\":\"https:\/\/virtaustekniikka.fi\/wp-content\/uploads\/2022\/05\/LOGO2.jpg\",\"contentUrl\":\"https:\/\/virtaustekniikka.fi\/wp-content\/uploads\/2022\/05\/LOGO2.jpg\",\"width\":1000,\"height\":185,\"caption\":\"Suomen Virtaustekniikka Oy\"},\"image\":{\"@id\":\"https:\/\/virtaustekniikka.fi\/#\/schema\/logo\/image\/\"},\"sameAs\":[\"https:\/\/www.facebook.com\/Virtaustekniikka\",\"https:\/\/x.com\/Virtaustekniikk\",\"https:\/\/www.instagram.com\/virtaustekniikka\/\",\"https:\/\/www.linkedin.com\/company\/16270124\",\"https:\/\/www.youtube.com\/channel\/UCe0JNbsWIp8_ve7R2i8_egA\"]}]}<\/script>\n<!-- \/ Yoast SEO plugin. -->","yoast_head_json":{"title":"Minij\u00e4\u00e4hdytin - Suomen Virtaustekniikka Oy","description":"Nex Flow minij\u00e4\u00e4hdytin on edullinen ja huoltovapaa pistej\u00e4\u00e4hdytysj\u00e4rjestelm\u00e4, jonka avulla voidaan j\u00e4\u00e4hdytt\u00e4\u00e4 pieni\u00e4 osia ja ty\u00f6kaluja.","robots":{"index":"index","follow":"follow","max-snippet":"max-snippet:-1","max-image-preview":"max-image-preview:large","max-video-preview":"max-video-preview:-1"},"canonical":"https:\/\/virtaustekniikka.fi\/en\/product\/minijaahdytin\/","og_locale":"en_GB","og_type":"article","og_title":"Minij\u00e4\u00e4hdytin - Suomen Virtaustekniikka Oy","og_description":"Nex Flow minij\u00e4\u00e4hdytin on edullinen ja huoltovapaa pistej\u00e4\u00e4hdytysj\u00e4rjestelm\u00e4, jonka avulla voidaan j\u00e4\u00e4hdytt\u00e4\u00e4 pieni\u00e4 osia ja ty\u00f6kaluja.","og_url":"https:\/\/virtaustekniikka.fi\/en\/product\/minijaahdytin\/","og_site_name":"Suomen Virtaustekniikka Oy","article_publisher":"https:\/\/www.facebook.com\/Virtaustekniikka","article_modified_time":"2025-05-30T05:56:35+00:00","og_image":[{"width":900,"height":900,"url":"https:\/\/virtaustekniikka.fi\/wp-content\/uploads\/2021\/04\/Minijaahdytin.png","type":"image\/png"}],"twitter_card":"summary_large_image","twitter_site":"@Virtaustekniikk","schema":{"@context":"https:\/\/schema.org","@graph":[{"@type":"WebPage","@id":"https:\/\/virtaustekniikka.fi\/tuote\/minijaahdytin\/","url":"https:\/\/virtaustekniikka.fi\/tuote\/minijaahdytin\/","name":"Minij\u00e4\u00e4hdytin - Suomen Virtaustekniikka Oy","isPartOf":{"@id":"https:\/\/virtaustekniikka.fi\/#website"},"primaryImageOfPage":{"@id":"https:\/\/virtaustekniikka.fi\/tuote\/minijaahdytin\/#primaryimage"},"image":{"@id":"https:\/\/virtaustekniikka.fi\/tuote\/minijaahdytin\/#primaryimage"},"thumbnailUrl":"https:\/\/virtaustekniikka.fi\/wp-content\/uploads\/2021\/04\/Minijaahdytin.png","datePublished":"2021-04-21T19:48:35+00:00","dateModified":"2025-05-30T05:56:35+00:00","description":"Nex Flow minij\u00e4\u00e4hdytin on edullinen ja huoltovapaa pistej\u00e4\u00e4hdytysj\u00e4rjestelm\u00e4, jonka avulla voidaan j\u00e4\u00e4hdytt\u00e4\u00e4 pieni\u00e4 osia ja ty\u00f6kaluja.","breadcrumb":{"@id":"https:\/\/virtaustekniikka.fi\/tuote\/minijaahdytin\/#breadcrumb"},"inLanguage":"en-GB","potentialAction":[{"@type":"ReadAction","target":["https:\/\/virtaustekniikka.fi\/tuote\/minijaahdytin\/"]}]},{"@type":"ImageObject","inLanguage":"en-GB","@id":"https:\/\/virtaustekniikka.fi\/tuote\/minijaahdytin\/#primaryimage","url":"https:\/\/virtaustekniikka.fi\/wp-content\/uploads\/2021\/04\/Minijaahdytin.png","contentUrl":"https:\/\/virtaustekniikka.fi\/wp-content\/uploads\/2021\/04\/Minijaahdytin.png","width":900,"height":900},{"@type":"BreadcrumbList","@id":"https:\/\/virtaustekniikka.fi\/tuote\/minijaahdytin\/#breadcrumb","itemListElement":[{"@type":"ListItem","position":1,"name":"Etusivu","item":"https:\/\/virtaustekniikka.fi\/"},{"@type":"ListItem","position":2,"name":"Etusivu","item":"https:\/\/virtaustekniikka.fi\/etusivu\/"},{"@type":"ListItem","position":3,"name":"Minij\u00e4\u00e4hdytin"}]},{"@type":"WebSite","@id":"https:\/\/virtaustekniikka.fi\/#website","url":"https:\/\/virtaustekniikka.fi\/","name":"Suomen Virtaustekniikka Oy","description":"Paineilmatuotteita tuotannon tehostamiseen","publisher":{"@id":"https:\/\/virtaustekniikka.fi\/#organization"},"potentialAction":[{"@type":"SearchAction","target":{"@type":"EntryPoint","urlTemplate":"https:\/\/virtaustekniikka.fi\/?s={search_term_string}"},"query-input":{"@type":"PropertyValueSpecification","valueRequired":true,"valueName":"search_term_string"}}],"inLanguage":"en-GB"},{"@type":"Organization","@id":"https:\/\/virtaustekniikka.fi\/#organization","name":"Suomen Virtaustekniikka Oy","url":"https:\/\/virtaustekniikka.fi\/","logo":{"@type":"ImageObject","inLanguage":"en-GB","@id":"https:\/\/virtaustekniikka.fi\/#\/schema\/logo\/image\/","url":"https:\/\/virtaustekniikka.fi\/wp-content\/uploads\/2022\/05\/LOGO2.jpg","contentUrl":"https:\/\/virtaustekniikka.fi\/wp-content\/uploads\/2022\/05\/LOGO2.jpg","width":1000,"height":185,"caption":"Suomen Virtaustekniikka Oy"},"image":{"@id":"https:\/\/virtaustekniikka.fi\/#\/schema\/logo\/image\/"},"sameAs":["https:\/\/www.facebook.com\/Virtaustekniikka","https:\/\/x.com\/Virtaustekniikk","https:\/\/www.instagram.com\/virtaustekniikka\/","https:\/\/www.linkedin.com\/company\/16270124","https:\/\/www.youtube.com\/channel\/UCe0JNbsWIp8_ve7R2i8_egA"]}]}},"jetpack_sharing_enabled":true,"_links":{"self":[{"href":"https:\/\/virtaustekniikka.fi\/en\/wp-json\/wp\/v2\/product\/309","targetHints":{"allow":["GET"]}}],"collection":[{"href":"https:\/\/virtaustekniikka.fi\/en\/wp-json\/wp\/v2\/product"}],"about":[{"href":"https:\/\/virtaustekniikka.fi\/en\/wp-json\/wp\/v2\/types\/product"}],"wp:featuredmedia":[{"embeddable":true,"href":"https:\/\/virtaustekniikka.fi\/en\/wp-json\/wp\/v2\/media\/2753"}],"wp:attachment":[{"href":"https:\/\/virtaustekniikka.fi\/en\/wp-json\/wp\/v2\/media?parent=309"}],"wp:term":[{"taxonomy":"product_brand","embeddable":true,"href":"https:\/\/virtaustekniikka.fi\/en\/wp-json\/wp\/v2\/product_brand?post=309"},{"taxonomy":"product_cat","embeddable":true,"href":"https:\/\/virtaustekniikka.fi\/en\/wp-json\/wp\/v2\/product_cat?post=309"},{"taxonomy":"product_tag","embeddable":true,"href":"https:\/\/virtaustekniikka.fi\/en\/wp-json\/wp\/v2\/product_tag?post=309"},{"taxonomy":"berocket_brand","embeddable":true,"href":"https:\/\/virtaustekniikka.fi\/en\/wp-json\/wp\/v2\/berocket_brand?post=309"}],"curies":[{"name":"wp","href":"https:\/\/api.w.org\/{rel}","templated":true}]}}