{"id":313,"date":"2021-04-21T19:55:47","date_gmt":"2021-04-21T19:55:47","guid":{"rendered":"https:\/\/virtaustekniikka.fi\/testi_wp_fi\/?post_type=product&#038;p=313"},"modified":"2025-05-13T12:14:50","modified_gmt":"2025-05-13T12:14:50","slug":"tyokalujaahdytin","status":"publish","type":"product","link":"https:\/\/virtaustekniikka.fi\/en\/product\/tyokalujaahdytin\/","title":{"rendered":"Tool Cooler"},"content":{"rendered":"<p><a href=\"https:\/\/virtaustekniikka.fi\/wp-admin\/PDFs\/Tyokalujaahdytys.pdf\" target=\"_blank\" rel=\"noopener\"><button class=\"btn btn-warning btn-xs\">Brochure PDF<\/button><\/a>\u00a0 <a href=\"https:\/\/virtaustekniikka.fi\/en\/hinnasto\/\" target=\"_blank\" rel=\"noopener\"><button class=\"btn btn-primary btn-xs\">Price List<\/button><\/a><\/p>\n<p>The single output cooling tube model can be used when centralized cooling is desired, for example in drilling or grinding. The dual output cooling tube model is suitable for applications where cooling is required over a wider area, for example in band sawing, turning or hot gluing. The cooling tubes can be easily adjusted, removed or replaced. For most applications, the 322 W model AIR-MTC15 is sufficient, but for harder materials or higher machining speeds, a more powerful model may be required. Our technical support can assist you in choosing the right cooling power tool cooler.<\/p>\n<table class=\"tb-prices\">\n<thead>\n<tr>\n<th>REFERENCE<\/th>\n<th>DESCRIPTION<\/th>\n<th>AIR CONSUMPTION (7 bar)<\/th>\n<\/tr>\n<\/thead>\n<tbody>\n<tr class=\"tableizer-firstrow\">\n<td>AIR-MTC15<\/td>\n<td>Tool Cooler 322 W<\/td>\n<td style=\"text-align: center;\">425 Nl\/min<\/td>\n<\/tr>\n<tr>\n<td>AIR-MTC25<\/td>\n<td>Tool Cooler 527 W<\/td>\n<td style=\"text-align: center;\">708 Nl\/min<\/td>\n<\/tr>\n<tr>\n<td>AIR-MTC30<\/td>\n<td>Tool Cooler 615 W<\/td>\n<td style=\"text-align: center;\">850 Nl\/min<\/td>\n<\/tr>\n<tr>\n<td>AIR-MTC40<\/td>\n<td>Tool Cooler 849 W<\/td>\n<td style=\"text-align: center;\">1133 Nl\/min<\/td>\n<\/tr>\n<tr>\n<td>AIR-MLLL<\/td>\n<td>Hose Kit with one outlet<\/td>\n<td style=\"text-align: center;\">\u2013<\/td>\n<\/tr>\n<tr>\n<td>AIR-MLLD<\/td>\n<td>Hose Kit with two outlets<\/td>\n<td style=\"text-align: center;\">\u2013<\/td>\n<\/tr>\n<\/tbody>\n<\/table>","protected":false},"excerpt":{"rendered":"<p>AIRMASTERS tool cooler can be used for cooling applications, for example, machining, sawing and various grinding processes. The tool cooler is available in 322 W, 527 W, 615 W or 849 W cooling power. The tool cooler comes standard with a magnetic base and a silencer. A single or dual outlet cooling pipe set is available as an option.<\/p>\n<p>&nbsp;<\/p>","protected":false},"featured_media":2665,"template":"","meta":[],"product_brand":[],"product_cat":[21],"product_tag":[],"berocket_brand":[68],"class_list":{"0":"post-313","1":"product","2":"type-product","3":"status-publish","6":"product_cat-jaahdytys","7":"berocket_brand-airmasters","9":"first","10":"instock","11":"taxable","12":"shipping-taxable","13":"product-type-variable"},"yoast_head":"<!-- This site is optimized with the Yoast SEO plugin v27.1.1 - https:\/\/yoast.com\/product\/yoast-seo-wordpress\/ -->\n<title>Ty\u00f6kaluj\u00e4\u00e4hdytin - Suomen Virtaustekniikka Oy<\/title>\n<meta name=\"description\" content=\"AIRMASTERS ty\u00f6kaluj\u00e4\u00e4hdytint\u00e4 voidaan k\u00e4ytt\u00e4\u00e4 j\u00e4\u00e4hdytykseen koneistuksessa, sahauksessa ja hiontaprosesseissa.\" \/>\n<meta name=\"robots\" content=\"index, follow, max-snippet:-1, max-image-preview:large, max-video-preview:-1\" \/>\n<link rel=\"canonical\" href=\"https:\/\/virtaustekniikka.fi\/en\/product\/tyokalujaahdytin\/\" \/>\n<meta property=\"og:locale\" content=\"en_GB\" \/>\n<meta property=\"og:type\" content=\"article\" \/>\n<meta property=\"og:title\" content=\"Ty\u00f6kaluj\u00e4\u00e4hdytin - Suomen Virtaustekniikka Oy\" \/>\n<meta property=\"og:description\" content=\"AIRMASTERS ty\u00f6kaluj\u00e4\u00e4hdytint\u00e4 voidaan k\u00e4ytt\u00e4\u00e4 j\u00e4\u00e4hdytykseen koneistuksessa, sahauksessa ja hiontaprosesseissa.\" \/>\n<meta property=\"og:url\" content=\"https:\/\/virtaustekniikka.fi\/en\/product\/tyokalujaahdytin\/\" \/>\n<meta property=\"og:site_name\" content=\"Suomen Virtaustekniikka Oy\" \/>\n<meta property=\"article:publisher\" content=\"https:\/\/www.facebook.com\/Virtaustekniikka\" \/>\n<meta property=\"article:modified_time\" content=\"2025-05-13T12:14:50+00:00\" \/>\n<meta property=\"og:image\" content=\"https:\/\/virtaustekniikka.fi\/wp-content\/uploads\/2021\/04\/Tyokalujaahdytin-1.jpg\" \/>\n\t<meta property=\"og:image:width\" content=\"900\" \/>\n\t<meta property=\"og:image:height\" content=\"900\" \/>\n\t<meta property=\"og:image:type\" content=\"image\/jpeg\" \/>\n<meta name=\"twitter:card\" content=\"summary_large_image\" \/>\n<meta name=\"twitter:site\" content=\"@Virtaustekniikk\" \/>\n<meta name=\"twitter:label1\" content=\"Estimated reading time\" \/>\n\t<meta name=\"twitter:data1\" content=\"1 minute\" \/>\n<script type=\"application\/ld+json\" class=\"yoast-schema-graph\">{\"@context\":\"https:\/\/schema.org\",\"@graph\":[{\"@type\":\"WebPage\",\"@id\":\"https:\/\/virtaustekniikka.fi\/tuote\/tyokalujaahdytin\/\",\"url\":\"https:\/\/virtaustekniikka.fi\/tuote\/tyokalujaahdytin\/\",\"name\":\"Ty\u00f6kaluj\u00e4\u00e4hdytin - Suomen Virtaustekniikka Oy\",\"isPartOf\":{\"@id\":\"https:\/\/virtaustekniikka.fi\/#website\"},\"primaryImageOfPage\":{\"@id\":\"https:\/\/virtaustekniikka.fi\/tuote\/tyokalujaahdytin\/#primaryimage\"},\"image\":{\"@id\":\"https:\/\/virtaustekniikka.fi\/tuote\/tyokalujaahdytin\/#primaryimage\"},\"thumbnailUrl\":\"https:\/\/virtaustekniikka.fi\/wp-content\/uploads\/2021\/04\/Tyokalujaahdytin-1.jpg\",\"datePublished\":\"2021-04-21T19:55:47+00:00\",\"dateModified\":\"2025-05-13T12:14:50+00:00\",\"description\":\"AIRMASTERS ty\u00f6kaluj\u00e4\u00e4hdytint\u00e4 voidaan k\u00e4ytt\u00e4\u00e4 j\u00e4\u00e4hdytykseen koneistuksessa, sahauksessa ja hiontaprosesseissa.\",\"breadcrumb\":{\"@id\":\"https:\/\/virtaustekniikka.fi\/tuote\/tyokalujaahdytin\/#breadcrumb\"},\"inLanguage\":\"en-GB\",\"potentialAction\":[{\"@type\":\"ReadAction\",\"target\":[\"https:\/\/virtaustekniikka.fi\/tuote\/tyokalujaahdytin\/\"]}]},{\"@type\":\"ImageObject\",\"inLanguage\":\"en-GB\",\"@id\":\"https:\/\/virtaustekniikka.fi\/tuote\/tyokalujaahdytin\/#primaryimage\",\"url\":\"https:\/\/virtaustekniikka.fi\/wp-content\/uploads\/2021\/04\/Tyokalujaahdytin-1.jpg\",\"contentUrl\":\"https:\/\/virtaustekniikka.fi\/wp-content\/uploads\/2021\/04\/Tyokalujaahdytin-1.jpg\",\"width\":900,\"height\":900},{\"@type\":\"BreadcrumbList\",\"@id\":\"https:\/\/virtaustekniikka.fi\/tuote\/tyokalujaahdytin\/#breadcrumb\",\"itemListElement\":[{\"@type\":\"ListItem\",\"position\":1,\"name\":\"Etusivu\",\"item\":\"https:\/\/virtaustekniikka.fi\/\"},{\"@type\":\"ListItem\",\"position\":2,\"name\":\"Etusivu\",\"item\":\"https:\/\/virtaustekniikka.fi\/etusivu\/\"},{\"@type\":\"ListItem\",\"position\":3,\"name\":\"Ty\u00f6kaluj\u00e4\u00e4hdytin\"}]},{\"@type\":\"WebSite\",\"@id\":\"https:\/\/virtaustekniikka.fi\/#website\",\"url\":\"https:\/\/virtaustekniikka.fi\/\",\"name\":\"Suomen Virtaustekniikka Oy\",\"description\":\"Paineilmatuotteita tuotannon tehostamiseen\",\"publisher\":{\"@id\":\"https:\/\/virtaustekniikka.fi\/#organization\"},\"potentialAction\":[{\"@type\":\"SearchAction\",\"target\":{\"@type\":\"EntryPoint\",\"urlTemplate\":\"https:\/\/virtaustekniikka.fi\/?s={search_term_string}\"},\"query-input\":{\"@type\":\"PropertyValueSpecification\",\"valueRequired\":true,\"valueName\":\"search_term_string\"}}],\"inLanguage\":\"en-GB\"},{\"@type\":\"Organization\",\"@id\":\"https:\/\/virtaustekniikka.fi\/#organization\",\"name\":\"Suomen Virtaustekniikka Oy\",\"url\":\"https:\/\/virtaustekniikka.fi\/\",\"logo\":{\"@type\":\"ImageObject\",\"inLanguage\":\"en-GB\",\"@id\":\"https:\/\/virtaustekniikka.fi\/#\/schema\/logo\/image\/\",\"url\":\"https:\/\/virtaustekniikka.fi\/wp-content\/uploads\/2022\/05\/LOGO2.jpg\",\"contentUrl\":\"https:\/\/virtaustekniikka.fi\/wp-content\/uploads\/2022\/05\/LOGO2.jpg\",\"width\":1000,\"height\":185,\"caption\":\"Suomen Virtaustekniikka Oy\"},\"image\":{\"@id\":\"https:\/\/virtaustekniikka.fi\/#\/schema\/logo\/image\/\"},\"sameAs\":[\"https:\/\/www.facebook.com\/Virtaustekniikka\",\"https:\/\/x.com\/Virtaustekniikk\",\"https:\/\/www.instagram.com\/virtaustekniikka\/\",\"https:\/\/www.linkedin.com\/company\/16270124\",\"https:\/\/www.youtube.com\/channel\/UCe0JNbsWIp8_ve7R2i8_egA\"]}]}<\/script>\n<!-- \/ Yoast SEO plugin. -->","yoast_head_json":{"title":"Ty\u00f6kaluj\u00e4\u00e4hdytin - Suomen Virtaustekniikka Oy","description":"AIRMASTERS ty\u00f6kaluj\u00e4\u00e4hdytint\u00e4 voidaan k\u00e4ytt\u00e4\u00e4 j\u00e4\u00e4hdytykseen koneistuksessa, sahauksessa ja hiontaprosesseissa.","robots":{"index":"index","follow":"follow","max-snippet":"max-snippet:-1","max-image-preview":"max-image-preview:large","max-video-preview":"max-video-preview:-1"},"canonical":"https:\/\/virtaustekniikka.fi\/en\/product\/tyokalujaahdytin\/","og_locale":"en_GB","og_type":"article","og_title":"Ty\u00f6kaluj\u00e4\u00e4hdytin - Suomen Virtaustekniikka Oy","og_description":"AIRMASTERS ty\u00f6kaluj\u00e4\u00e4hdytint\u00e4 voidaan k\u00e4ytt\u00e4\u00e4 j\u00e4\u00e4hdytykseen koneistuksessa, sahauksessa ja hiontaprosesseissa.","og_url":"https:\/\/virtaustekniikka.fi\/en\/product\/tyokalujaahdytin\/","og_site_name":"Suomen Virtaustekniikka Oy","article_publisher":"https:\/\/www.facebook.com\/Virtaustekniikka","article_modified_time":"2025-05-13T12:14:50+00:00","og_image":[{"width":900,"height":900,"url":"https:\/\/virtaustekniikka.fi\/wp-content\/uploads\/2021\/04\/Tyokalujaahdytin-1.jpg","type":"image\/jpeg"}],"twitter_card":"summary_large_image","twitter_site":"@Virtaustekniikk","twitter_misc":{"Estimated reading time":"1 minute"},"schema":{"@context":"https:\/\/schema.org","@graph":[{"@type":"WebPage","@id":"https:\/\/virtaustekniikka.fi\/tuote\/tyokalujaahdytin\/","url":"https:\/\/virtaustekniikka.fi\/tuote\/tyokalujaahdytin\/","name":"Ty\u00f6kaluj\u00e4\u00e4hdytin - Suomen Virtaustekniikka Oy","isPartOf":{"@id":"https:\/\/virtaustekniikka.fi\/#website"},"primaryImageOfPage":{"@id":"https:\/\/virtaustekniikka.fi\/tuote\/tyokalujaahdytin\/#primaryimage"},"image":{"@id":"https:\/\/virtaustekniikka.fi\/tuote\/tyokalujaahdytin\/#primaryimage"},"thumbnailUrl":"https:\/\/virtaustekniikka.fi\/wp-content\/uploads\/2021\/04\/Tyokalujaahdytin-1.jpg","datePublished":"2021-04-21T19:55:47+00:00","dateModified":"2025-05-13T12:14:50+00:00","description":"AIRMASTERS ty\u00f6kaluj\u00e4\u00e4hdytint\u00e4 voidaan k\u00e4ytt\u00e4\u00e4 j\u00e4\u00e4hdytykseen koneistuksessa, sahauksessa ja hiontaprosesseissa.","breadcrumb":{"@id":"https:\/\/virtaustekniikka.fi\/tuote\/tyokalujaahdytin\/#breadcrumb"},"inLanguage":"en-GB","potentialAction":[{"@type":"ReadAction","target":["https:\/\/virtaustekniikka.fi\/tuote\/tyokalujaahdytin\/"]}]},{"@type":"ImageObject","inLanguage":"en-GB","@id":"https:\/\/virtaustekniikka.fi\/tuote\/tyokalujaahdytin\/#primaryimage","url":"https:\/\/virtaustekniikka.fi\/wp-content\/uploads\/2021\/04\/Tyokalujaahdytin-1.jpg","contentUrl":"https:\/\/virtaustekniikka.fi\/wp-content\/uploads\/2021\/04\/Tyokalujaahdytin-1.jpg","width":900,"height":900},{"@type":"BreadcrumbList","@id":"https:\/\/virtaustekniikka.fi\/tuote\/tyokalujaahdytin\/#breadcrumb","itemListElement":[{"@type":"ListItem","position":1,"name":"Etusivu","item":"https:\/\/virtaustekniikka.fi\/"},{"@type":"ListItem","position":2,"name":"Etusivu","item":"https:\/\/virtaustekniikka.fi\/etusivu\/"},{"@type":"ListItem","position":3,"name":"Ty\u00f6kaluj\u00e4\u00e4hdytin"}]},{"@type":"WebSite","@id":"https:\/\/virtaustekniikka.fi\/#website","url":"https:\/\/virtaustekniikka.fi\/","name":"Suomen Virtaustekniikka Oy","description":"Paineilmatuotteita tuotannon tehostamiseen","publisher":{"@id":"https:\/\/virtaustekniikka.fi\/#organization"},"potentialAction":[{"@type":"SearchAction","target":{"@type":"EntryPoint","urlTemplate":"https:\/\/virtaustekniikka.fi\/?s={search_term_string}"},"query-input":{"@type":"PropertyValueSpecification","valueRequired":true,"valueName":"search_term_string"}}],"inLanguage":"en-GB"},{"@type":"Organization","@id":"https:\/\/virtaustekniikka.fi\/#organization","name":"Suomen Virtaustekniikka Oy","url":"https:\/\/virtaustekniikka.fi\/","logo":{"@type":"ImageObject","inLanguage":"en-GB","@id":"https:\/\/virtaustekniikka.fi\/#\/schema\/logo\/image\/","url":"https:\/\/virtaustekniikka.fi\/wp-content\/uploads\/2022\/05\/LOGO2.jpg","contentUrl":"https:\/\/virtaustekniikka.fi\/wp-content\/uploads\/2022\/05\/LOGO2.jpg","width":1000,"height":185,"caption":"Suomen Virtaustekniikka Oy"},"image":{"@id":"https:\/\/virtaustekniikka.fi\/#\/schema\/logo\/image\/"},"sameAs":["https:\/\/www.facebook.com\/Virtaustekniikka","https:\/\/x.com\/Virtaustekniikk","https:\/\/www.instagram.com\/virtaustekniikka\/","https:\/\/www.linkedin.com\/company\/16270124","https:\/\/www.youtube.com\/channel\/UCe0JNbsWIp8_ve7R2i8_egA"]}]}},"jetpack_sharing_enabled":true,"_links":{"self":[{"href":"https:\/\/virtaustekniikka.fi\/en\/wp-json\/wp\/v2\/product\/313","targetHints":{"allow":["GET"]}}],"collection":[{"href":"https:\/\/virtaustekniikka.fi\/en\/wp-json\/wp\/v2\/product"}],"about":[{"href":"https:\/\/virtaustekniikka.fi\/en\/wp-json\/wp\/v2\/types\/product"}],"wp:featuredmedia":[{"embeddable":true,"href":"https:\/\/virtaustekniikka.fi\/en\/wp-json\/wp\/v2\/media\/2665"}],"wp:attachment":[{"href":"https:\/\/virtaustekniikka.fi\/en\/wp-json\/wp\/v2\/media?parent=313"}],"wp:term":[{"taxonomy":"product_brand","embeddable":true,"href":"https:\/\/virtaustekniikka.fi\/en\/wp-json\/wp\/v2\/product_brand?post=313"},{"taxonomy":"product_cat","embeddable":true,"href":"https:\/\/virtaustekniikka.fi\/en\/wp-json\/wp\/v2\/product_cat?post=313"},{"taxonomy":"product_tag","embeddable":true,"href":"https:\/\/virtaustekniikka.fi\/en\/wp-json\/wp\/v2\/product_tag?post=313"},{"taxonomy":"berocket_brand","embeddable":true,"href":"https:\/\/virtaustekniikka.fi\/en\/wp-json\/wp\/v2\/berocket_brand?post=313"}],"curies":[{"name":"wp","href":"https:\/\/api.w.org\/{rel}","templated":true}]}}