{"id":323,"date":"2021-04-21T20:11:03","date_gmt":"2021-04-21T20:11:03","guid":{"rendered":"https:\/\/virtaustekniikka.fi\/testi_wp_fi\/?post_type=product&#038;p=323"},"modified":"2025-07-04T04:56:16","modified_gmt":"2025-07-04T04:56:16","slug":"paineilmakayttoinen-alipainekuljetin","status":"publish","type":"product","link":"https:\/\/virtaustekniikka.fi\/en\/product\/paineilmakayttoinen-alipainekuljetin\/","title":{"rendered":"Ring-Vac Conveyor"},"content":{"rendered":"<p><a href=\"https:\/\/virtaustekniikka.fi\/wp-admin\/PDFs\/Alipainekuljettimet.pdf\" target=\"_blank\" rel=\"noopener\"><button class=\"btn btn-warning btn-xs\">Brochure PDF<\/button><\/a>\u00a0 <a href=\"https:\/\/virtaustekniikka.fi\/en\/hinnasto\/\" target=\"_blank\" rel=\"noopener\"><button class=\"btn btn-primary btn-xs\">Price List<\/button><\/a><\/p>\n<p>AIRMASTERS Ring-Vacs use compressed air to create an effective vacuum on the suction side and accelerate the transported products into the outlet flow. Durable and maintenance-free, no moving parts. Made of anodized aluminum. Easy to install between a hose or pipe thread. Models with an internal diameter of 9.5 - 125 mm are available as standard sizes.<\/p>\n<table>\n<thead>\n<tr>\n<th>REFERENCE (hose clamp)<\/th>\n<th>HOSE internal diam. mm (inches)<\/th>\n<th>INTERNAL DIAMETER (mm)<\/th>\n<th>AIR CONSUMPTION (5 bar)<\/th>\n<th>VACUUM (kPa)<\/th>\n<\/tr>\n<\/thead>\n<tbody>\n<tr>\n<td>AIR-CONV038<\/td>\n<td style=\"text-align: left;\">9,5 (0.375\u201d)<\/td>\n<td>0.19\u2033 (5.0)<\/td>\n<td style=\"text-align: center;\">150 Nl\/min<\/td>\n<td style=\"text-align: center;\">-30<\/td>\n<\/tr>\n<tr>\n<td>AIR-CONV012<\/td>\n<td style=\"text-align: left;\">12,7 (0.50\u2033)<\/td>\n<td>0.31\u2033 (8.0)<\/td>\n<td style=\"text-align: center;\">190 Nl\/min<\/td>\n<td style=\"text-align: center;\">-25<\/td>\n<\/tr>\n<tr>\n<td>AIR-CONV00<\/td>\n<td style=\"text-align: left;\">19,0 (0.75\u2033)<\/td>\n<td>0.55\u2033 (14.0)<\/td>\n<td style=\"text-align: center;\">301 Nl\/min<\/td>\n<td style=\"text-align: center;\">-17<\/td>\n<\/tr>\n<tr>\n<td>AIR-CONV01<\/td>\n<td style=\"text-align: left;\">25,4 (1.00\u201d)<\/td>\n<td>0.75\u201d (19.0)<\/td>\n<td style=\"text-align: center;\">413 Nl\/min<\/td>\n<td style=\"text-align: center;\">-12<\/td>\n<\/tr>\n<tr>\n<td>AIR-CONV02<\/td>\n<td style=\"text-align: left;\">31,8 (1.25\u201d)<\/td>\n<td>1.00\u201d (25.4)<\/td>\n<td style=\"text-align: center;\">728 Nl\/min<\/td>\n<td style=\"text-align: center;\">-13<\/td>\n<\/tr>\n<tr>\n<td>AIR-CONV03<\/td>\n<td>38,1 (1.50\u201d)<\/td>\n<td>1.125\u201d (28.6)<\/td>\n<td style=\"text-align: center;\">930 Nl\/min<\/td>\n<td style=\"text-align: center;\">-11<\/td>\n<\/tr>\n<tr>\n<td>AIR-CONV04<\/td>\n<td>50,8 (2.00\u201d)<\/td>\n<td>1.75\u201d (44.5)<\/td>\n<td style=\"text-align: center;\">1220 Nl\/min<\/td>\n<td style=\"text-align: center;\">-8<\/td>\n<\/tr>\n<tr>\n<td>AIR-CONV05<\/td>\n<td>63,5 (2.5\u201d)<\/td>\n<td>2.19\u201d (55.6)<\/td>\n<td style=\"text-align: center;\">1630 Nl\/min<\/td>\n<td style=\"text-align: center;\">-7<\/td>\n<\/tr>\n<tr>\n<td>AIR-CONV06<\/td>\n<td>76,2 (3.0\u201d)<\/td>\n<td>2.68\u201d (68.0)<\/td>\n<td style=\"text-align: center;\">1910 Nl\/min<\/td>\n<td style=\"text-align: center;\">-5<\/td>\n<\/tr>\n<tr>\n<td>AIR-CONV07<\/td>\n<td>101,6 (4.0\u201d)<\/td>\n<td>3.7\u201d (93.6)<\/td>\n<td style=\"text-align: center;\">2690 Nl\/min<\/td>\n<td style=\"text-align: center;\">-3,4<\/td>\n<\/tr>\n<tr>\n<td>AIR-CONV08<\/td>\n<td>127,0 (5.0\u201d)<\/td>\n<td>4.7\u201d (119.0)<\/td>\n<td style=\"text-align: center;\">3570 Nl\/min<\/td>\n<td style=\"text-align: center;\">-2,6<\/td>\n<\/tr>\n<\/tbody>\n<\/table>\n<p><img loading=\"lazy\" decoding=\"async\" class=\"alignnone size-medium wp-image-324\" src=\"https:\/\/virtaustekniikka.fi\/testi_wp_fi\/wp-content\/uploads\/2021\/04\/Alipainekuljettimet-mitat_1-300x202.png\" alt=\"\" width=\"600\" height=\"404\" srcset=\"https:\/\/virtaustekniikka.fi\/wp-content\/uploads\/2021\/04\/Alipainekuljettimet-mitat_1-300x202.png 300w, https:\/\/virtaustekniikka.fi\/wp-content\/uploads\/2021\/04\/Alipainekuljettimet-mitat_1-600x404.png 600w, https:\/\/virtaustekniikka.fi\/wp-content\/uploads\/2021\/04\/Alipainekuljettimet-mitat_1-768x517.png 768w, https:\/\/virtaustekniikka.fi\/wp-content\/uploads\/2021\/04\/Alipainekuljettimet-mitat_1.png 800w\" sizes=\"auto, (max-width: 600px) 100vw, 600px\" \/><\/p>","protected":false},"excerpt":{"rendered":"<p>AIRMASTERS compressed air operated Ring-Vacs can be used to move large quantities of light, small or granular products over long distances quickly and effortlessly. Examples of applications: plastic granules, bottle caps, dry food, screws, machining waste, pills, tablets\u2026<\/p>","protected":false},"featured_media":2464,"template":"","meta":[],"product_brand":[],"product_cat":[20],"product_tag":[42,43],"berocket_brand":[68],"class_list":{"0":"post-323","1":"product","2":"type-product","3":"status-publish","6":"product_cat-kuljetus","7":"product_tag-alipainekuljetin","8":"product_tag-line-vac","9":"berocket_brand-airmasters","11":"first","12":"instock","13":"taxable","14":"shipping-taxable","15":"product-type-variable"},"yoast_head":"<!-- This site is optimized with the Yoast SEO plugin v27.1.1 - https:\/\/yoast.com\/product\/yoast-seo-wordpress\/ -->\n<title>Paineilmak\u00e4ytt\u00f6inen alipainekuljetin - Suomen Virtaustekniikka Oy<\/title>\n<meta name=\"description\" content=\"AIRMASTERS paineilmak\u00e4ytt\u00f6isill\u00e4 alipainekuljettimilla voidaan siirt\u00e4\u00e4 suuria m\u00e4\u00e4ri\u00e4 kevyit\u00e4, pienikokoisia tai raemaisia tuotteita pitkienkin et\u00e4isyyksien p\u00e4\u00e4h\u00e4n nopeasti ja vaivattomasti.\" \/>\n<meta name=\"robots\" content=\"index, follow, max-snippet:-1, max-image-preview:large, max-video-preview:-1\" \/>\n<link rel=\"canonical\" href=\"https:\/\/virtaustekniikka.fi\/en\/product\/paineilmakayttoinen-alipainekuljetin\/\" \/>\n<meta property=\"og:locale\" content=\"en_GB\" \/>\n<meta property=\"og:type\" content=\"article\" \/>\n<meta property=\"og:title\" content=\"Paineilmak\u00e4ytt\u00f6inen alipainekuljetin - Suomen Virtaustekniikka Oy\" \/>\n<meta property=\"og:description\" content=\"AIRMASTERS paineilmak\u00e4ytt\u00f6isill\u00e4 alipainekuljettimilla voidaan siirt\u00e4\u00e4 suuria m\u00e4\u00e4ri\u00e4 kevyit\u00e4, pienikokoisia tai raemaisia tuotteita pitkienkin et\u00e4isyyksien p\u00e4\u00e4h\u00e4n nopeasti ja vaivattomasti.\" \/>\n<meta property=\"og:url\" content=\"https:\/\/virtaustekniikka.fi\/en\/product\/paineilmakayttoinen-alipainekuljetin\/\" \/>\n<meta property=\"og:site_name\" content=\"Suomen Virtaustekniikka Oy\" \/>\n<meta property=\"article:publisher\" content=\"https:\/\/www.facebook.com\/Virtaustekniikka\" \/>\n<meta property=\"article:modified_time\" content=\"2025-07-04T04:56:16+00:00\" \/>\n<meta property=\"og:image\" content=\"https:\/\/virtaustekniikka.fi\/wp-content\/uploads\/2021\/04\/Alipainekuljetin-letkuliitos.jpg\" \/>\n\t<meta property=\"og:image:width\" content=\"900\" \/>\n\t<meta property=\"og:image:height\" content=\"900\" \/>\n\t<meta property=\"og:image:type\" content=\"image\/jpeg\" \/>\n<meta name=\"twitter:card\" content=\"summary_large_image\" \/>\n<meta name=\"twitter:site\" content=\"@Virtaustekniikk\" \/>\n<meta name=\"twitter:label1\" content=\"Estimated reading time\" \/>\n\t<meta name=\"twitter:data1\" content=\"2 minutes\" \/>\n<script type=\"application\/ld+json\" class=\"yoast-schema-graph\">{\"@context\":\"https:\/\/schema.org\",\"@graph\":[{\"@type\":\"WebPage\",\"@id\":\"https:\/\/virtaustekniikka.fi\/tuote\/paineilmakayttoinen-alipainekuljetin\/\",\"url\":\"https:\/\/virtaustekniikka.fi\/tuote\/paineilmakayttoinen-alipainekuljetin\/\",\"name\":\"Paineilmak\u00e4ytt\u00f6inen alipainekuljetin - Suomen Virtaustekniikka Oy\",\"isPartOf\":{\"@id\":\"https:\/\/virtaustekniikka.fi\/#website\"},\"primaryImageOfPage\":{\"@id\":\"https:\/\/virtaustekniikka.fi\/tuote\/paineilmakayttoinen-alipainekuljetin\/#primaryimage\"},\"image\":{\"@id\":\"https:\/\/virtaustekniikka.fi\/tuote\/paineilmakayttoinen-alipainekuljetin\/#primaryimage\"},\"thumbnailUrl\":\"https:\/\/virtaustekniikka.fi\/wp-content\/uploads\/2021\/04\/Alipainekuljetin-letkuliitos.jpg\",\"datePublished\":\"2021-04-21T20:11:03+00:00\",\"dateModified\":\"2025-07-04T04:56:16+00:00\",\"description\":\"AIRMASTERS paineilmak\u00e4ytt\u00f6isill\u00e4 alipainekuljettimilla voidaan siirt\u00e4\u00e4 suuria m\u00e4\u00e4ri\u00e4 kevyit\u00e4, pienikokoisia tai raemaisia tuotteita pitkienkin et\u00e4isyyksien p\u00e4\u00e4h\u00e4n nopeasti ja vaivattomasti.\",\"breadcrumb\":{\"@id\":\"https:\/\/virtaustekniikka.fi\/tuote\/paineilmakayttoinen-alipainekuljetin\/#breadcrumb\"},\"inLanguage\":\"en-GB\",\"potentialAction\":[{\"@type\":\"ReadAction\",\"target\":[\"https:\/\/virtaustekniikka.fi\/tuote\/paineilmakayttoinen-alipainekuljetin\/\"]}]},{\"@type\":\"ImageObject\",\"inLanguage\":\"en-GB\",\"@id\":\"https:\/\/virtaustekniikka.fi\/tuote\/paineilmakayttoinen-alipainekuljetin\/#primaryimage\",\"url\":\"https:\/\/virtaustekniikka.fi\/wp-content\/uploads\/2021\/04\/Alipainekuljetin-letkuliitos.jpg\",\"contentUrl\":\"https:\/\/virtaustekniikka.fi\/wp-content\/uploads\/2021\/04\/Alipainekuljetin-letkuliitos.jpg\",\"width\":900,\"height\":900},{\"@type\":\"BreadcrumbList\",\"@id\":\"https:\/\/virtaustekniikka.fi\/tuote\/paineilmakayttoinen-alipainekuljetin\/#breadcrumb\",\"itemListElement\":[{\"@type\":\"ListItem\",\"position\":1,\"name\":\"Etusivu\",\"item\":\"https:\/\/virtaustekniikka.fi\/\"},{\"@type\":\"ListItem\",\"position\":2,\"name\":\"Etusivu\",\"item\":\"https:\/\/virtaustekniikka.fi\/etusivu\/\"},{\"@type\":\"ListItem\",\"position\":3,\"name\":\"Paineilmak\u00e4ytt\u00f6inen alipainekuljetin\"}]},{\"@type\":\"WebSite\",\"@id\":\"https:\/\/virtaustekniikka.fi\/#website\",\"url\":\"https:\/\/virtaustekniikka.fi\/\",\"name\":\"Suomen Virtaustekniikka Oy\",\"description\":\"Paineilmatuotteita tuotannon tehostamiseen\",\"publisher\":{\"@id\":\"https:\/\/virtaustekniikka.fi\/#organization\"},\"potentialAction\":[{\"@type\":\"SearchAction\",\"target\":{\"@type\":\"EntryPoint\",\"urlTemplate\":\"https:\/\/virtaustekniikka.fi\/?s={search_term_string}\"},\"query-input\":{\"@type\":\"PropertyValueSpecification\",\"valueRequired\":true,\"valueName\":\"search_term_string\"}}],\"inLanguage\":\"en-GB\"},{\"@type\":\"Organization\",\"@id\":\"https:\/\/virtaustekniikka.fi\/#organization\",\"name\":\"Suomen Virtaustekniikka Oy\",\"url\":\"https:\/\/virtaustekniikka.fi\/\",\"logo\":{\"@type\":\"ImageObject\",\"inLanguage\":\"en-GB\",\"@id\":\"https:\/\/virtaustekniikka.fi\/#\/schema\/logo\/image\/\",\"url\":\"https:\/\/virtaustekniikka.fi\/wp-content\/uploads\/2022\/05\/LOGO2.jpg\",\"contentUrl\":\"https:\/\/virtaustekniikka.fi\/wp-content\/uploads\/2022\/05\/LOGO2.jpg\",\"width\":1000,\"height\":185,\"caption\":\"Suomen Virtaustekniikka Oy\"},\"image\":{\"@id\":\"https:\/\/virtaustekniikka.fi\/#\/schema\/logo\/image\/\"},\"sameAs\":[\"https:\/\/www.facebook.com\/Virtaustekniikka\",\"https:\/\/x.com\/Virtaustekniikk\",\"https:\/\/www.instagram.com\/virtaustekniikka\/\",\"https:\/\/www.linkedin.com\/company\/16270124\",\"https:\/\/www.youtube.com\/channel\/UCe0JNbsWIp8_ve7R2i8_egA\"]}]}<\/script>\n<!-- \/ Yoast SEO plugin. -->","yoast_head_json":{"title":"Paineilmak\u00e4ytt\u00f6inen alipainekuljetin - Suomen Virtaustekniikka Oy","description":"AIRMASTERS paineilmak\u00e4ytt\u00f6isill\u00e4 alipainekuljettimilla voidaan siirt\u00e4\u00e4 suuria m\u00e4\u00e4ri\u00e4 kevyit\u00e4, pienikokoisia tai raemaisia tuotteita pitkienkin et\u00e4isyyksien p\u00e4\u00e4h\u00e4n nopeasti ja vaivattomasti.","robots":{"index":"index","follow":"follow","max-snippet":"max-snippet:-1","max-image-preview":"max-image-preview:large","max-video-preview":"max-video-preview:-1"},"canonical":"https:\/\/virtaustekniikka.fi\/en\/product\/paineilmakayttoinen-alipainekuljetin\/","og_locale":"en_GB","og_type":"article","og_title":"Paineilmak\u00e4ytt\u00f6inen alipainekuljetin - Suomen Virtaustekniikka Oy","og_description":"AIRMASTERS paineilmak\u00e4ytt\u00f6isill\u00e4 alipainekuljettimilla voidaan siirt\u00e4\u00e4 suuria m\u00e4\u00e4ri\u00e4 kevyit\u00e4, pienikokoisia tai raemaisia tuotteita pitkienkin et\u00e4isyyksien p\u00e4\u00e4h\u00e4n nopeasti ja vaivattomasti.","og_url":"https:\/\/virtaustekniikka.fi\/en\/product\/paineilmakayttoinen-alipainekuljetin\/","og_site_name":"Suomen Virtaustekniikka Oy","article_publisher":"https:\/\/www.facebook.com\/Virtaustekniikka","article_modified_time":"2025-07-04T04:56:16+00:00","og_image":[{"width":900,"height":900,"url":"https:\/\/virtaustekniikka.fi\/wp-content\/uploads\/2021\/04\/Alipainekuljetin-letkuliitos.jpg","type":"image\/jpeg"}],"twitter_card":"summary_large_image","twitter_site":"@Virtaustekniikk","twitter_misc":{"Estimated reading time":"2 minutes"},"schema":{"@context":"https:\/\/schema.org","@graph":[{"@type":"WebPage","@id":"https:\/\/virtaustekniikka.fi\/tuote\/paineilmakayttoinen-alipainekuljetin\/","url":"https:\/\/virtaustekniikka.fi\/tuote\/paineilmakayttoinen-alipainekuljetin\/","name":"Paineilmak\u00e4ytt\u00f6inen alipainekuljetin - Suomen Virtaustekniikka Oy","isPartOf":{"@id":"https:\/\/virtaustekniikka.fi\/#website"},"primaryImageOfPage":{"@id":"https:\/\/virtaustekniikka.fi\/tuote\/paineilmakayttoinen-alipainekuljetin\/#primaryimage"},"image":{"@id":"https:\/\/virtaustekniikka.fi\/tuote\/paineilmakayttoinen-alipainekuljetin\/#primaryimage"},"thumbnailUrl":"https:\/\/virtaustekniikka.fi\/wp-content\/uploads\/2021\/04\/Alipainekuljetin-letkuliitos.jpg","datePublished":"2021-04-21T20:11:03+00:00","dateModified":"2025-07-04T04:56:16+00:00","description":"AIRMASTERS paineilmak\u00e4ytt\u00f6isill\u00e4 alipainekuljettimilla voidaan siirt\u00e4\u00e4 suuria m\u00e4\u00e4ri\u00e4 kevyit\u00e4, pienikokoisia tai raemaisia tuotteita pitkienkin et\u00e4isyyksien p\u00e4\u00e4h\u00e4n nopeasti ja vaivattomasti.","breadcrumb":{"@id":"https:\/\/virtaustekniikka.fi\/tuote\/paineilmakayttoinen-alipainekuljetin\/#breadcrumb"},"inLanguage":"en-GB","potentialAction":[{"@type":"ReadAction","target":["https:\/\/virtaustekniikka.fi\/tuote\/paineilmakayttoinen-alipainekuljetin\/"]}]},{"@type":"ImageObject","inLanguage":"en-GB","@id":"https:\/\/virtaustekniikka.fi\/tuote\/paineilmakayttoinen-alipainekuljetin\/#primaryimage","url":"https:\/\/virtaustekniikka.fi\/wp-content\/uploads\/2021\/04\/Alipainekuljetin-letkuliitos.jpg","contentUrl":"https:\/\/virtaustekniikka.fi\/wp-content\/uploads\/2021\/04\/Alipainekuljetin-letkuliitos.jpg","width":900,"height":900},{"@type":"BreadcrumbList","@id":"https:\/\/virtaustekniikka.fi\/tuote\/paineilmakayttoinen-alipainekuljetin\/#breadcrumb","itemListElement":[{"@type":"ListItem","position":1,"name":"Etusivu","item":"https:\/\/virtaustekniikka.fi\/"},{"@type":"ListItem","position":2,"name":"Etusivu","item":"https:\/\/virtaustekniikka.fi\/etusivu\/"},{"@type":"ListItem","position":3,"name":"Paineilmak\u00e4ytt\u00f6inen alipainekuljetin"}]},{"@type":"WebSite","@id":"https:\/\/virtaustekniikka.fi\/#website","url":"https:\/\/virtaustekniikka.fi\/","name":"Suomen Virtaustekniikka Oy","description":"Paineilmatuotteita tuotannon tehostamiseen","publisher":{"@id":"https:\/\/virtaustekniikka.fi\/#organization"},"potentialAction":[{"@type":"SearchAction","target":{"@type":"EntryPoint","urlTemplate":"https:\/\/virtaustekniikka.fi\/?s={search_term_string}"},"query-input":{"@type":"PropertyValueSpecification","valueRequired":true,"valueName":"search_term_string"}}],"inLanguage":"en-GB"},{"@type":"Organization","@id":"https:\/\/virtaustekniikka.fi\/#organization","name":"Suomen Virtaustekniikka Oy","url":"https:\/\/virtaustekniikka.fi\/","logo":{"@type":"ImageObject","inLanguage":"en-GB","@id":"https:\/\/virtaustekniikka.fi\/#\/schema\/logo\/image\/","url":"https:\/\/virtaustekniikka.fi\/wp-content\/uploads\/2022\/05\/LOGO2.jpg","contentUrl":"https:\/\/virtaustekniikka.fi\/wp-content\/uploads\/2022\/05\/LOGO2.jpg","width":1000,"height":185,"caption":"Suomen Virtaustekniikka Oy"},"image":{"@id":"https:\/\/virtaustekniikka.fi\/#\/schema\/logo\/image\/"},"sameAs":["https:\/\/www.facebook.com\/Virtaustekniikka","https:\/\/x.com\/Virtaustekniikk","https:\/\/www.instagram.com\/virtaustekniikka\/","https:\/\/www.linkedin.com\/company\/16270124","https:\/\/www.youtube.com\/channel\/UCe0JNbsWIp8_ve7R2i8_egA"]}]}},"jetpack_sharing_enabled":true,"_links":{"self":[{"href":"https:\/\/virtaustekniikka.fi\/en\/wp-json\/wp\/v2\/product\/323","targetHints":{"allow":["GET"]}}],"collection":[{"href":"https:\/\/virtaustekniikka.fi\/en\/wp-json\/wp\/v2\/product"}],"about":[{"href":"https:\/\/virtaustekniikka.fi\/en\/wp-json\/wp\/v2\/types\/product"}],"wp:featuredmedia":[{"embeddable":true,"href":"https:\/\/virtaustekniikka.fi\/en\/wp-json\/wp\/v2\/media\/2464"}],"wp:attachment":[{"href":"https:\/\/virtaustekniikka.fi\/en\/wp-json\/wp\/v2\/media?parent=323"}],"wp:term":[{"taxonomy":"product_brand","embeddable":true,"href":"https:\/\/virtaustekniikka.fi\/en\/wp-json\/wp\/v2\/product_brand?post=323"},{"taxonomy":"product_cat","embeddable":true,"href":"https:\/\/virtaustekniikka.fi\/en\/wp-json\/wp\/v2\/product_cat?post=323"},{"taxonomy":"product_tag","embeddable":true,"href":"https:\/\/virtaustekniikka.fi\/en\/wp-json\/wp\/v2\/product_tag?post=323"},{"taxonomy":"berocket_brand","embeddable":true,"href":"https:\/\/virtaustekniikka.fi\/en\/wp-json\/wp\/v2\/berocket_brand?post=323"}],"curies":[{"name":"wp","href":"https:\/\/api.w.org\/{rel}","templated":true}]}}