{"id":369,"date":"2021-04-22T21:06:46","date_gmt":"2021-04-22T21:06:46","guid":{"rendered":"https:\/\/virtaustekniikka.fi\/testi_wp_fi\/?post_type=product&#038;p=369"},"modified":"2025-03-11T09:46:29","modified_gmt":"2025-03-11T09:46:29","slug":"saadettava-kiinnike","status":"publish","type":"product","link":"https:\/\/virtaustekniikka.fi\/en\/product\/saadettava-kiinnike\/","title":{"rendered":"Adjustable fasteners"},"content":{"rendered":"<p><a href=\"http:\/\/virtaustekniikka.fi\/en\/content\/11-hinnasto\/\" target=\"_blank\" rel=\"noopener\"><button class=\"btn btn-primary btn-xs\">Price List<\/button><\/a><\/p>\n<p>Made of stainless steel. Available in 1\/8\u201d, \u00bc\u201d, \u00bd\u201d and 3\/8\u201d threads.<\/p>\n<table>\n<thead>\n<tr>\n<th>REFERENCE<\/th>\n<th>DESCRIPTION<\/th>\n<\/tr>\n<\/thead>\n<tbody>\n<tr>\n<td>\u00a090052<\/td>\n<td>\u00a01\/8'' swivel bracket<\/td>\n<\/tr>\n<tr>\n<td>\u00a090053<\/td>\n<td>\u00a01\/4'' swivel bracket<\/td>\n<\/tr>\n<tr>\n<td>\u00a090068<\/td>\n<td>\u00a03\/8'' swivel bracket<\/td>\n<\/tr>\n<tr>\n<td>\u00a090069<\/td>\n<td>\u00a01\/2'' swivel bracket<\/td>\n<\/tr>\n<\/tbody>\n<\/table>","protected":false},"excerpt":{"rendered":"<p>High-quality stainless steel swivel brackets allow a precise mounting of air nozzles, small air knives or air amplifiers. The swivel brackets allow the exact angle for the supply air connection. The adjustment range is 25 degrees from the centerline (total movement 50 degrees).<\/p>","protected":false},"featured_media":2764,"template":"","meta":[],"product_brand":[],"product_cat":[15],"product_tag":[],"berocket_brand":[68],"class_list":{"0":"post-369","1":"product","2":"type-product","3":"status-publish","6":"product_cat-lisavarusteet","7":"berocket_brand-airmasters","9":"first","10":"instock","11":"taxable","12":"shipping-taxable","13":"product-type-variable"},"yoast_head":"<!-- This site is optimized with the Yoast SEO plugin v27.4 - https:\/\/yoast.com\/product\/yoast-seo-wordpress\/ -->\n<title>K\u00e4\u00e4ntyv\u00e4t kiinnikkeet - Suomen Virtaustekniikka Oy<\/title>\n<meta name=\"robots\" content=\"index, follow, max-snippet:-1, max-image-preview:large, max-video-preview:-1\" \/>\n<link rel=\"canonical\" href=\"https:\/\/virtaustekniikka.fi\/en\/product\/saadettava-kiinnike\/\" \/>\n<meta property=\"og:locale\" content=\"en_GB\" \/>\n<meta property=\"og:type\" content=\"article\" \/>\n<meta property=\"og:title\" content=\"K\u00e4\u00e4ntyv\u00e4t kiinnikkeet - Suomen Virtaustekniikka Oy\" \/>\n<meta property=\"og:description\" content=\"Laadukkailla ruostumattomasta ter\u00e4ksest\u00e4 valmistetuilla k\u00e4\u00e4ntyvill\u00e4 kiinnikkeill\u00e4 mahdollistetaan kohdistettava asennus puhallussuuttimille, pienille ilmaveitsille tai virtausvahvistimille. K\u00e4\u00e4ntyvill\u00e4 kiinnikkeill\u00e4 saadaan tuloilmaliitoksen kulma tarkalleen oikeaksi. S\u00e4\u00e4t\u00f6vara on 25 astetta keskilinjasta (kokonaisliike 50 astetta).\" \/>\n<meta property=\"og:url\" content=\"https:\/\/virtaustekniikka.fi\/en\/product\/saadettava-kiinnike\/\" \/>\n<meta property=\"og:site_name\" content=\"Suomen Virtaustekniikka Oy\" \/>\n<meta property=\"article:publisher\" content=\"https:\/\/www.facebook.com\/Virtaustekniikka\" \/>\n<meta property=\"article:modified_time\" content=\"2025-03-11T09:46:29+00:00\" \/>\n<meta property=\"og:image\" content=\"https:\/\/virtaustekniikka.fi\/wp-content\/uploads\/2021\/04\/Kaantyva-kiinnike.jpg\" \/>\n\t<meta property=\"og:image:width\" content=\"800\" \/>\n\t<meta property=\"og:image:height\" content=\"800\" \/>\n\t<meta property=\"og:image:type\" content=\"image\/jpeg\" \/>\n<meta name=\"twitter:card\" content=\"summary_large_image\" \/>\n<meta name=\"twitter:site\" content=\"@Virtaustekniikk\" \/>\n<meta name=\"twitter:label1\" content=\"Estimated reading time\" \/>\n\t<meta name=\"twitter:data1\" content=\"1 minute\" \/>\n<script type=\"application\/ld+json\" class=\"yoast-schema-graph\">{\"@context\":\"https:\\\/\\\/schema.org\",\"@graph\":[{\"@type\":\"WebPage\",\"@id\":\"https:\\\/\\\/virtaustekniikka.fi\\\/tuote\\\/saadettava-kiinnike\\\/\",\"url\":\"https:\\\/\\\/virtaustekniikka.fi\\\/tuote\\\/saadettava-kiinnike\\\/\",\"name\":\"K\u00e4\u00e4ntyv\u00e4t kiinnikkeet - Suomen Virtaustekniikka Oy\",\"isPartOf\":{\"@id\":\"https:\\\/\\\/virtaustekniikka.fi\\\/#website\"},\"primaryImageOfPage\":{\"@id\":\"https:\\\/\\\/virtaustekniikka.fi\\\/tuote\\\/saadettava-kiinnike\\\/#primaryimage\"},\"image\":{\"@id\":\"https:\\\/\\\/virtaustekniikka.fi\\\/tuote\\\/saadettava-kiinnike\\\/#primaryimage\"},\"thumbnailUrl\":\"https:\\\/\\\/virtaustekniikka.fi\\\/wp-content\\\/uploads\\\/2021\\\/04\\\/Kaantyva-kiinnike.jpg\",\"datePublished\":\"2021-04-22T21:06:46+00:00\",\"dateModified\":\"2025-03-11T09:46:29+00:00\",\"breadcrumb\":{\"@id\":\"https:\\\/\\\/virtaustekniikka.fi\\\/tuote\\\/saadettava-kiinnike\\\/#breadcrumb\"},\"inLanguage\":\"en-GB\",\"potentialAction\":[{\"@type\":\"ReadAction\",\"target\":[\"https:\\\/\\\/virtaustekniikka.fi\\\/tuote\\\/saadettava-kiinnike\\\/\"]}]},{\"@type\":\"ImageObject\",\"inLanguage\":\"en-GB\",\"@id\":\"https:\\\/\\\/virtaustekniikka.fi\\\/tuote\\\/saadettava-kiinnike\\\/#primaryimage\",\"url\":\"https:\\\/\\\/virtaustekniikka.fi\\\/wp-content\\\/uploads\\\/2021\\\/04\\\/Kaantyva-kiinnike.jpg\",\"contentUrl\":\"https:\\\/\\\/virtaustekniikka.fi\\\/wp-content\\\/uploads\\\/2021\\\/04\\\/Kaantyva-kiinnike.jpg\",\"width\":800,\"height\":800},{\"@type\":\"BreadcrumbList\",\"@id\":\"https:\\\/\\\/virtaustekniikka.fi\\\/tuote\\\/saadettava-kiinnike\\\/#breadcrumb\",\"itemListElement\":[{\"@type\":\"ListItem\",\"position\":1,\"name\":\"Etusivu\",\"item\":\"https:\\\/\\\/virtaustekniikka.fi\\\/\"},{\"@type\":\"ListItem\",\"position\":2,\"name\":\"Etusivu\",\"item\":\"https:\\\/\\\/virtaustekniikka.fi\\\/etusivu\\\/\"},{\"@type\":\"ListItem\",\"position\":3,\"name\":\"K\u00e4\u00e4ntyv\u00e4t kiinnikkeet\"}]},{\"@type\":\"WebSite\",\"@id\":\"https:\\\/\\\/virtaustekniikka.fi\\\/#website\",\"url\":\"https:\\\/\\\/virtaustekniikka.fi\\\/\",\"name\":\"Suomen Virtaustekniikka Oy\",\"description\":\"Paineilmatuotteita tuotannon tehostamiseen\",\"publisher\":{\"@id\":\"https:\\\/\\\/virtaustekniikka.fi\\\/#organization\"},\"potentialAction\":[{\"@type\":\"SearchAction\",\"target\":{\"@type\":\"EntryPoint\",\"urlTemplate\":\"https:\\\/\\\/virtaustekniikka.fi\\\/?s={search_term_string}\"},\"query-input\":{\"@type\":\"PropertyValueSpecification\",\"valueRequired\":true,\"valueName\":\"search_term_string\"}}],\"inLanguage\":\"en-GB\"},{\"@type\":\"Organization\",\"@id\":\"https:\\\/\\\/virtaustekniikka.fi\\\/#organization\",\"name\":\"Suomen Virtaustekniikka Oy\",\"url\":\"https:\\\/\\\/virtaustekniikka.fi\\\/\",\"logo\":{\"@type\":\"ImageObject\",\"inLanguage\":\"en-GB\",\"@id\":\"https:\\\/\\\/virtaustekniikka.fi\\\/#\\\/schema\\\/logo\\\/image\\\/\",\"url\":\"https:\\\/\\\/virtaustekniikka.fi\\\/wp-content\\\/uploads\\\/2022\\\/05\\\/LOGO2.jpg\",\"contentUrl\":\"https:\\\/\\\/virtaustekniikka.fi\\\/wp-content\\\/uploads\\\/2022\\\/05\\\/LOGO2.jpg\",\"width\":1000,\"height\":185,\"caption\":\"Suomen Virtaustekniikka Oy\"},\"image\":{\"@id\":\"https:\\\/\\\/virtaustekniikka.fi\\\/#\\\/schema\\\/logo\\\/image\\\/\"},\"sameAs\":[\"https:\\\/\\\/www.facebook.com\\\/Virtaustekniikka\",\"https:\\\/\\\/x.com\\\/Virtaustekniikk\",\"https:\\\/\\\/www.instagram.com\\\/virtaustekniikka\\\/\",\"https:\\\/\\\/www.linkedin.com\\\/company\\\/16270124\",\"https:\\\/\\\/www.youtube.com\\\/channel\\\/UCe0JNbsWIp8_ve7R2i8_egA\"]}]}<\/script>\n<!-- \/ Yoast SEO plugin. -->","yoast_head_json":{"title":"K\u00e4\u00e4ntyv\u00e4t kiinnikkeet - Suomen Virtaustekniikka Oy","robots":{"index":"index","follow":"follow","max-snippet":"max-snippet:-1","max-image-preview":"max-image-preview:large","max-video-preview":"max-video-preview:-1"},"canonical":"https:\/\/virtaustekniikka.fi\/en\/product\/saadettava-kiinnike\/","og_locale":"en_GB","og_type":"article","og_title":"K\u00e4\u00e4ntyv\u00e4t kiinnikkeet - Suomen Virtaustekniikka Oy","og_description":"Laadukkailla ruostumattomasta ter\u00e4ksest\u00e4 valmistetuilla k\u00e4\u00e4ntyvill\u00e4 kiinnikkeill\u00e4 mahdollistetaan kohdistettava asennus puhallussuuttimille, pienille ilmaveitsille tai virtausvahvistimille. K\u00e4\u00e4ntyvill\u00e4 kiinnikkeill\u00e4 saadaan tuloilmaliitoksen kulma tarkalleen oikeaksi. S\u00e4\u00e4t\u00f6vara on 25 astetta keskilinjasta (kokonaisliike 50 astetta).","og_url":"https:\/\/virtaustekniikka.fi\/en\/product\/saadettava-kiinnike\/","og_site_name":"Suomen Virtaustekniikka Oy","article_publisher":"https:\/\/www.facebook.com\/Virtaustekniikka","article_modified_time":"2025-03-11T09:46:29+00:00","og_image":[{"width":800,"height":800,"url":"https:\/\/virtaustekniikka.fi\/wp-content\/uploads\/2021\/04\/Kaantyva-kiinnike.jpg","type":"image\/jpeg"}],"twitter_card":"summary_large_image","twitter_site":"@Virtaustekniikk","twitter_misc":{"Estimated reading time":"1 minute"},"schema":{"@context":"https:\/\/schema.org","@graph":[{"@type":"WebPage","@id":"https:\/\/virtaustekniikka.fi\/tuote\/saadettava-kiinnike\/","url":"https:\/\/virtaustekniikka.fi\/tuote\/saadettava-kiinnike\/","name":"K\u00e4\u00e4ntyv\u00e4t kiinnikkeet - Suomen Virtaustekniikka Oy","isPartOf":{"@id":"https:\/\/virtaustekniikka.fi\/#website"},"primaryImageOfPage":{"@id":"https:\/\/virtaustekniikka.fi\/tuote\/saadettava-kiinnike\/#primaryimage"},"image":{"@id":"https:\/\/virtaustekniikka.fi\/tuote\/saadettava-kiinnike\/#primaryimage"},"thumbnailUrl":"https:\/\/virtaustekniikka.fi\/wp-content\/uploads\/2021\/04\/Kaantyva-kiinnike.jpg","datePublished":"2021-04-22T21:06:46+00:00","dateModified":"2025-03-11T09:46:29+00:00","breadcrumb":{"@id":"https:\/\/virtaustekniikka.fi\/tuote\/saadettava-kiinnike\/#breadcrumb"},"inLanguage":"en-GB","potentialAction":[{"@type":"ReadAction","target":["https:\/\/virtaustekniikka.fi\/tuote\/saadettava-kiinnike\/"]}]},{"@type":"ImageObject","inLanguage":"en-GB","@id":"https:\/\/virtaustekniikka.fi\/tuote\/saadettava-kiinnike\/#primaryimage","url":"https:\/\/virtaustekniikka.fi\/wp-content\/uploads\/2021\/04\/Kaantyva-kiinnike.jpg","contentUrl":"https:\/\/virtaustekniikka.fi\/wp-content\/uploads\/2021\/04\/Kaantyva-kiinnike.jpg","width":800,"height":800},{"@type":"BreadcrumbList","@id":"https:\/\/virtaustekniikka.fi\/tuote\/saadettava-kiinnike\/#breadcrumb","itemListElement":[{"@type":"ListItem","position":1,"name":"Etusivu","item":"https:\/\/virtaustekniikka.fi\/"},{"@type":"ListItem","position":2,"name":"Etusivu","item":"https:\/\/virtaustekniikka.fi\/etusivu\/"},{"@type":"ListItem","position":3,"name":"K\u00e4\u00e4ntyv\u00e4t kiinnikkeet"}]},{"@type":"WebSite","@id":"https:\/\/virtaustekniikka.fi\/#website","url":"https:\/\/virtaustekniikka.fi\/","name":"Suomen Virtaustekniikka Oy","description":"Paineilmatuotteita tuotannon tehostamiseen","publisher":{"@id":"https:\/\/virtaustekniikka.fi\/#organization"},"potentialAction":[{"@type":"SearchAction","target":{"@type":"EntryPoint","urlTemplate":"https:\/\/virtaustekniikka.fi\/?s={search_term_string}"},"query-input":{"@type":"PropertyValueSpecification","valueRequired":true,"valueName":"search_term_string"}}],"inLanguage":"en-GB"},{"@type":"Organization","@id":"https:\/\/virtaustekniikka.fi\/#organization","name":"Suomen Virtaustekniikka Oy","url":"https:\/\/virtaustekniikka.fi\/","logo":{"@type":"ImageObject","inLanguage":"en-GB","@id":"https:\/\/virtaustekniikka.fi\/#\/schema\/logo\/image\/","url":"https:\/\/virtaustekniikka.fi\/wp-content\/uploads\/2022\/05\/LOGO2.jpg","contentUrl":"https:\/\/virtaustekniikka.fi\/wp-content\/uploads\/2022\/05\/LOGO2.jpg","width":1000,"height":185,"caption":"Suomen Virtaustekniikka Oy"},"image":{"@id":"https:\/\/virtaustekniikka.fi\/#\/schema\/logo\/image\/"},"sameAs":["https:\/\/www.facebook.com\/Virtaustekniikka","https:\/\/x.com\/Virtaustekniikk","https:\/\/www.instagram.com\/virtaustekniikka\/","https:\/\/www.linkedin.com\/company\/16270124","https:\/\/www.youtube.com\/channel\/UCe0JNbsWIp8_ve7R2i8_egA"]}]}},"jetpack_sharing_enabled":true,"_links":{"self":[{"href":"https:\/\/virtaustekniikka.fi\/en\/wp-json\/wp\/v2\/product\/369","targetHints":{"allow":["GET"]}}],"collection":[{"href":"https:\/\/virtaustekniikka.fi\/en\/wp-json\/wp\/v2\/product"}],"about":[{"href":"https:\/\/virtaustekniikka.fi\/en\/wp-json\/wp\/v2\/types\/product"}],"wp:featuredmedia":[{"embeddable":true,"href":"https:\/\/virtaustekniikka.fi\/en\/wp-json\/wp\/v2\/media\/2764"}],"wp:attachment":[{"href":"https:\/\/virtaustekniikka.fi\/en\/wp-json\/wp\/v2\/media?parent=369"}],"wp:term":[{"taxonomy":"product_brand","embeddable":true,"href":"https:\/\/virtaustekniikka.fi\/en\/wp-json\/wp\/v2\/product_brand?post=369"},{"taxonomy":"product_cat","embeddable":true,"href":"https:\/\/virtaustekniikka.fi\/en\/wp-json\/wp\/v2\/product_cat?post=369"},{"taxonomy":"product_tag","embeddable":true,"href":"https:\/\/virtaustekniikka.fi\/en\/wp-json\/wp\/v2\/product_tag?post=369"},{"taxonomy":"berocket_brand","embeddable":true,"href":"https:\/\/virtaustekniikka.fi\/en\/wp-json\/wp\/v2\/berocket_brand?post=369"}],"curies":[{"name":"wp","href":"https:\/\/api.w.org\/{rel}","templated":true}]}}