{"id":375,"date":"2021-04-22T21:21:46","date_gmt":"2021-04-22T21:21:46","guid":{"rendered":"https:\/\/virtaustekniikka.fi\/testi_wp_fi\/?post_type=product&#038;p=375"},"modified":"2025-03-14T11:56:12","modified_gmt":"2025-03-14T11:56:12","slug":"muotoiltava-paineletku","status":"publish","type":"product","link":"https:\/\/virtaustekniikka.fi\/en\/product\/muotoiltava-paineletku\/","title":{"rendered":"Rigid Flex hoses"},"content":{"rendered":"<p><a href=\"https:\/\/virtaustekniikka.fi\/en\/hinnasto\/\" target=\"_blank\" rel=\"noopener\"><button class=\"btn btn-primary btn-xs\">Price List<\/button><\/a><\/p>\n<p>Rigid Flex hose is made of stainless steel and will not break after a few bends like copper-reinforced rubber hoses. Rigid Flex hose can be bent and directed. It keeps air nozzles, air blowers and other small air products aligned to the target. Can also be used for fluid nozzles.<\/p>\n<table>\n<tbody>\n<tr>\n<th>REFERENCE<\/th>\n<th>DESCRIPTION<\/th>\n<\/tr>\n<tr>\n<td>AIRFLEX150<\/td>\n<td>150 mm, 1\/4&#8243;M to 1\/4: M, 1\/4&#8243;M to 1\/4: F, 3\/8&#8243; to 3\/8&#8243;<\/td>\n<\/tr>\n<tr>\n<td>AIRFLEX200<\/td>\n<td>200 mm, 1\/4&#8243;M to 1\/4: M, 1\/4&#8243;M to 1\/4: F, 3\/8&#8243; to 3\/8&#8243;<\/td>\n<\/tr>\n<tr>\n<td>AIRFLEX250<\/td>\n<td>250 mm, 1\/4&#8243;M to 1\/4: M, 1\/4&#8243;M to 1\/4: F, 3\/8&#8243; to 3\/8&#8243;<\/td>\n<\/tr>\n<tr>\n<td>AIRFLEX300<\/td>\n<td>300 mm, 1\/4&#8243;M to 1\/4: M, 1\/4&#8243;M to 1\/4: F, 3\/8&#8243; to 3\/8&#8243;<\/td>\n<\/tr>\n<tr>\n<td>AIRFLEX350<\/td>\n<td>350 mm, 1\/4&#8243;M to 1\/4: M, 1\/4&#8243;M to 1\/4: F, 3\/8&#8243; to 3\/8&#8243;<\/td>\n<\/tr>\n<tr>\n<td>AIRFLEX450<\/td>\n<td>450 mm, 1\/4&#8243;M to 1\/4: M, 1\/4&#8243;M to 1\/4: F, 3\/8&#8243; to 3\/8&#8243;<\/td>\n<\/tr>\n<tr>\n<td>AIRFLEX500<\/td>\n<td>500 mm, 1\/4&#8243;M to 1\/4: M, 1\/4&#8243;M to 1\/4: F, 3\/8&#8243; to 3\/8&#8243;<\/td>\n<\/tr>\n<\/tbody>\n<\/table>","protected":false},"excerpt":{"rendered":"<p>The stainless steel Rigid Flex pressure hose can be used in demanding environments. It is available in seven different lengths: 150 mm, 200 mm, 250 mm, 300 mm, 350 mm, 450 mm, 500 mm, and two connection thread options: 1\/4\u2033 or 3\/8\u201d.<\/p>\n<p>&nbsp;<\/p>","protected":false},"featured_media":2789,"template":"","meta":[],"product_brand":[],"product_cat":[15],"product_tag":[],"berocket_brand":[68],"class_list":{"0":"post-375","1":"product","2":"type-product","3":"status-publish","6":"product_cat-lisavarusteet","7":"berocket_brand-airmasters","9":"first","10":"instock","11":"taxable","12":"shipping-taxable","13":"product-type-simple"},"yoast_head":"<!-- This site is optimized with the Yoast SEO plugin v27.4 - https:\/\/yoast.com\/product\/yoast-seo-wordpress\/ -->\n<title>Muotoiltava paineletku - Suomen Virtaustekniikka Oy<\/title>\n<meta name=\"description\" content=\"Muotoiltava paineletku pit\u00e4\u00e4 paikoilleen kohdistettuina paineilmasuuttimia, ilmapuhaltimia ja muita pienikokoisia paineilmatuotteita. Voidaan k\u00e4ytt\u00e4\u00e4 my\u00f6s nestesuuttimiin.\" \/>\n<meta name=\"robots\" content=\"index, follow, max-snippet:-1, max-image-preview:large, max-video-preview:-1\" \/>\n<link rel=\"canonical\" href=\"https:\/\/virtaustekniikka.fi\/en\/product\/muotoiltava-paineletku\/\" \/>\n<meta property=\"og:locale\" content=\"en_GB\" \/>\n<meta property=\"og:type\" content=\"article\" \/>\n<meta property=\"og:title\" content=\"Muotoiltava paineletku - Suomen Virtaustekniikka Oy\" \/>\n<meta property=\"og:description\" content=\"Muotoiltava paineletku pit\u00e4\u00e4 paikoilleen kohdistettuina paineilmasuuttimia, ilmapuhaltimia ja muita pienikokoisia paineilmatuotteita. Voidaan k\u00e4ytt\u00e4\u00e4 my\u00f6s nestesuuttimiin.\" \/>\n<meta property=\"og:url\" content=\"https:\/\/virtaustekniikka.fi\/en\/product\/muotoiltava-paineletku\/\" \/>\n<meta property=\"og:site_name\" content=\"Suomen Virtaustekniikka Oy\" \/>\n<meta property=\"article:publisher\" content=\"https:\/\/www.facebook.com\/Virtaustekniikka\" \/>\n<meta property=\"article:modified_time\" content=\"2025-03-14T11:56:12+00:00\" \/>\n<meta property=\"og:image\" content=\"https:\/\/virtaustekniikka.fi\/wp-content\/uploads\/2021\/04\/Muotoitavat-paineletkut.jpg\" \/>\n\t<meta property=\"og:image:width\" content=\"800\" \/>\n\t<meta property=\"og:image:height\" content=\"800\" \/>\n\t<meta property=\"og:image:type\" content=\"image\/jpeg\" \/>\n<meta name=\"twitter:card\" content=\"summary_large_image\" \/>\n<meta name=\"twitter:site\" content=\"@Virtaustekniikk\" \/>\n<meta name=\"twitter:label1\" content=\"Estimated reading time\" \/>\n\t<meta name=\"twitter:data1\" content=\"1 minute\" \/>\n<script type=\"application\/ld+json\" class=\"yoast-schema-graph\">{\"@context\":\"https:\\\/\\\/schema.org\",\"@graph\":[{\"@type\":\"WebPage\",\"@id\":\"https:\\\/\\\/virtaustekniikka.fi\\\/tuote\\\/muotoiltava-paineletku\\\/\",\"url\":\"https:\\\/\\\/virtaustekniikka.fi\\\/tuote\\\/muotoiltava-paineletku\\\/\",\"name\":\"Muotoiltava paineletku - Suomen Virtaustekniikka Oy\",\"isPartOf\":{\"@id\":\"https:\\\/\\\/virtaustekniikka.fi\\\/#website\"},\"primaryImageOfPage\":{\"@id\":\"https:\\\/\\\/virtaustekniikka.fi\\\/tuote\\\/muotoiltava-paineletku\\\/#primaryimage\"},\"image\":{\"@id\":\"https:\\\/\\\/virtaustekniikka.fi\\\/tuote\\\/muotoiltava-paineletku\\\/#primaryimage\"},\"thumbnailUrl\":\"https:\\\/\\\/virtaustekniikka.fi\\\/wp-content\\\/uploads\\\/2021\\\/04\\\/Muotoitavat-paineletkut.jpg\",\"datePublished\":\"2021-04-22T21:21:46+00:00\",\"dateModified\":\"2025-03-14T11:56:12+00:00\",\"description\":\"Muotoiltava paineletku pit\u00e4\u00e4 paikoilleen kohdistettuina paineilmasuuttimia, ilmapuhaltimia ja muita pienikokoisia paineilmatuotteita. Voidaan k\u00e4ytt\u00e4\u00e4 my\u00f6s nestesuuttimiin.\",\"breadcrumb\":{\"@id\":\"https:\\\/\\\/virtaustekniikka.fi\\\/tuote\\\/muotoiltava-paineletku\\\/#breadcrumb\"},\"inLanguage\":\"en-GB\",\"potentialAction\":[{\"@type\":\"ReadAction\",\"target\":[\"https:\\\/\\\/virtaustekniikka.fi\\\/tuote\\\/muotoiltava-paineletku\\\/\"]}]},{\"@type\":\"ImageObject\",\"inLanguage\":\"en-GB\",\"@id\":\"https:\\\/\\\/virtaustekniikka.fi\\\/tuote\\\/muotoiltava-paineletku\\\/#primaryimage\",\"url\":\"https:\\\/\\\/virtaustekniikka.fi\\\/wp-content\\\/uploads\\\/2021\\\/04\\\/Muotoitavat-paineletkut.jpg\",\"contentUrl\":\"https:\\\/\\\/virtaustekniikka.fi\\\/wp-content\\\/uploads\\\/2021\\\/04\\\/Muotoitavat-paineletkut.jpg\",\"width\":800,\"height\":800},{\"@type\":\"BreadcrumbList\",\"@id\":\"https:\\\/\\\/virtaustekniikka.fi\\\/tuote\\\/muotoiltava-paineletku\\\/#breadcrumb\",\"itemListElement\":[{\"@type\":\"ListItem\",\"position\":1,\"name\":\"Etusivu\",\"item\":\"https:\\\/\\\/virtaustekniikka.fi\\\/\"},{\"@type\":\"ListItem\",\"position\":2,\"name\":\"Etusivu\",\"item\":\"https:\\\/\\\/virtaustekniikka.fi\\\/etusivu\\\/\"},{\"@type\":\"ListItem\",\"position\":3,\"name\":\"Muotoiltava paineletku\"}]},{\"@type\":\"WebSite\",\"@id\":\"https:\\\/\\\/virtaustekniikka.fi\\\/#website\",\"url\":\"https:\\\/\\\/virtaustekniikka.fi\\\/\",\"name\":\"Suomen Virtaustekniikka Oy\",\"description\":\"Paineilmatuotteita tuotannon tehostamiseen\",\"publisher\":{\"@id\":\"https:\\\/\\\/virtaustekniikka.fi\\\/#organization\"},\"potentialAction\":[{\"@type\":\"SearchAction\",\"target\":{\"@type\":\"EntryPoint\",\"urlTemplate\":\"https:\\\/\\\/virtaustekniikka.fi\\\/?s={search_term_string}\"},\"query-input\":{\"@type\":\"PropertyValueSpecification\",\"valueRequired\":true,\"valueName\":\"search_term_string\"}}],\"inLanguage\":\"en-GB\"},{\"@type\":\"Organization\",\"@id\":\"https:\\\/\\\/virtaustekniikka.fi\\\/#organization\",\"name\":\"Suomen Virtaustekniikka Oy\",\"url\":\"https:\\\/\\\/virtaustekniikka.fi\\\/\",\"logo\":{\"@type\":\"ImageObject\",\"inLanguage\":\"en-GB\",\"@id\":\"https:\\\/\\\/virtaustekniikka.fi\\\/#\\\/schema\\\/logo\\\/image\\\/\",\"url\":\"https:\\\/\\\/virtaustekniikka.fi\\\/wp-content\\\/uploads\\\/2022\\\/05\\\/LOGO2.jpg\",\"contentUrl\":\"https:\\\/\\\/virtaustekniikka.fi\\\/wp-content\\\/uploads\\\/2022\\\/05\\\/LOGO2.jpg\",\"width\":1000,\"height\":185,\"caption\":\"Suomen Virtaustekniikka Oy\"},\"image\":{\"@id\":\"https:\\\/\\\/virtaustekniikka.fi\\\/#\\\/schema\\\/logo\\\/image\\\/\"},\"sameAs\":[\"https:\\\/\\\/www.facebook.com\\\/Virtaustekniikka\",\"https:\\\/\\\/x.com\\\/Virtaustekniikk\",\"https:\\\/\\\/www.instagram.com\\\/virtaustekniikka\\\/\",\"https:\\\/\\\/www.linkedin.com\\\/company\\\/16270124\",\"https:\\\/\\\/www.youtube.com\\\/channel\\\/UCe0JNbsWIp8_ve7R2i8_egA\"]}]}<\/script>\n<!-- \/ Yoast SEO plugin. -->","yoast_head_json":{"title":"Muotoiltava paineletku - Suomen Virtaustekniikka Oy","description":"Muotoiltava paineletku pit\u00e4\u00e4 paikoilleen kohdistettuina paineilmasuuttimia, ilmapuhaltimia ja muita pienikokoisia paineilmatuotteita. Voidaan k\u00e4ytt\u00e4\u00e4 my\u00f6s nestesuuttimiin.","robots":{"index":"index","follow":"follow","max-snippet":"max-snippet:-1","max-image-preview":"max-image-preview:large","max-video-preview":"max-video-preview:-1"},"canonical":"https:\/\/virtaustekniikka.fi\/en\/product\/muotoiltava-paineletku\/","og_locale":"en_GB","og_type":"article","og_title":"Muotoiltava paineletku - Suomen Virtaustekniikka Oy","og_description":"Muotoiltava paineletku pit\u00e4\u00e4 paikoilleen kohdistettuina paineilmasuuttimia, ilmapuhaltimia ja muita pienikokoisia paineilmatuotteita. Voidaan k\u00e4ytt\u00e4\u00e4 my\u00f6s nestesuuttimiin.","og_url":"https:\/\/virtaustekniikka.fi\/en\/product\/muotoiltava-paineletku\/","og_site_name":"Suomen Virtaustekniikka Oy","article_publisher":"https:\/\/www.facebook.com\/Virtaustekniikka","article_modified_time":"2025-03-14T11:56:12+00:00","og_image":[{"width":800,"height":800,"url":"https:\/\/virtaustekniikka.fi\/wp-content\/uploads\/2021\/04\/Muotoitavat-paineletkut.jpg","type":"image\/jpeg"}],"twitter_card":"summary_large_image","twitter_site":"@Virtaustekniikk","twitter_misc":{"Estimated reading time":"1 minute"},"schema":{"@context":"https:\/\/schema.org","@graph":[{"@type":"WebPage","@id":"https:\/\/virtaustekniikka.fi\/tuote\/muotoiltava-paineletku\/","url":"https:\/\/virtaustekniikka.fi\/tuote\/muotoiltava-paineletku\/","name":"Muotoiltava paineletku - Suomen Virtaustekniikka Oy","isPartOf":{"@id":"https:\/\/virtaustekniikka.fi\/#website"},"primaryImageOfPage":{"@id":"https:\/\/virtaustekniikka.fi\/tuote\/muotoiltava-paineletku\/#primaryimage"},"image":{"@id":"https:\/\/virtaustekniikka.fi\/tuote\/muotoiltava-paineletku\/#primaryimage"},"thumbnailUrl":"https:\/\/virtaustekniikka.fi\/wp-content\/uploads\/2021\/04\/Muotoitavat-paineletkut.jpg","datePublished":"2021-04-22T21:21:46+00:00","dateModified":"2025-03-14T11:56:12+00:00","description":"Muotoiltava paineletku pit\u00e4\u00e4 paikoilleen kohdistettuina paineilmasuuttimia, ilmapuhaltimia ja muita pienikokoisia paineilmatuotteita. Voidaan k\u00e4ytt\u00e4\u00e4 my\u00f6s nestesuuttimiin.","breadcrumb":{"@id":"https:\/\/virtaustekniikka.fi\/tuote\/muotoiltava-paineletku\/#breadcrumb"},"inLanguage":"en-GB","potentialAction":[{"@type":"ReadAction","target":["https:\/\/virtaustekniikka.fi\/tuote\/muotoiltava-paineletku\/"]}]},{"@type":"ImageObject","inLanguage":"en-GB","@id":"https:\/\/virtaustekniikka.fi\/tuote\/muotoiltava-paineletku\/#primaryimage","url":"https:\/\/virtaustekniikka.fi\/wp-content\/uploads\/2021\/04\/Muotoitavat-paineletkut.jpg","contentUrl":"https:\/\/virtaustekniikka.fi\/wp-content\/uploads\/2021\/04\/Muotoitavat-paineletkut.jpg","width":800,"height":800},{"@type":"BreadcrumbList","@id":"https:\/\/virtaustekniikka.fi\/tuote\/muotoiltava-paineletku\/#breadcrumb","itemListElement":[{"@type":"ListItem","position":1,"name":"Etusivu","item":"https:\/\/virtaustekniikka.fi\/"},{"@type":"ListItem","position":2,"name":"Etusivu","item":"https:\/\/virtaustekniikka.fi\/etusivu\/"},{"@type":"ListItem","position":3,"name":"Muotoiltava paineletku"}]},{"@type":"WebSite","@id":"https:\/\/virtaustekniikka.fi\/#website","url":"https:\/\/virtaustekniikka.fi\/","name":"Suomen Virtaustekniikka Oy","description":"Paineilmatuotteita tuotannon tehostamiseen","publisher":{"@id":"https:\/\/virtaustekniikka.fi\/#organization"},"potentialAction":[{"@type":"SearchAction","target":{"@type":"EntryPoint","urlTemplate":"https:\/\/virtaustekniikka.fi\/?s={search_term_string}"},"query-input":{"@type":"PropertyValueSpecification","valueRequired":true,"valueName":"search_term_string"}}],"inLanguage":"en-GB"},{"@type":"Organization","@id":"https:\/\/virtaustekniikka.fi\/#organization","name":"Suomen Virtaustekniikka Oy","url":"https:\/\/virtaustekniikka.fi\/","logo":{"@type":"ImageObject","inLanguage":"en-GB","@id":"https:\/\/virtaustekniikka.fi\/#\/schema\/logo\/image\/","url":"https:\/\/virtaustekniikka.fi\/wp-content\/uploads\/2022\/05\/LOGO2.jpg","contentUrl":"https:\/\/virtaustekniikka.fi\/wp-content\/uploads\/2022\/05\/LOGO2.jpg","width":1000,"height":185,"caption":"Suomen Virtaustekniikka Oy"},"image":{"@id":"https:\/\/virtaustekniikka.fi\/#\/schema\/logo\/image\/"},"sameAs":["https:\/\/www.facebook.com\/Virtaustekniikka","https:\/\/x.com\/Virtaustekniikk","https:\/\/www.instagram.com\/virtaustekniikka\/","https:\/\/www.linkedin.com\/company\/16270124","https:\/\/www.youtube.com\/channel\/UCe0JNbsWIp8_ve7R2i8_egA"]}]}},"jetpack_sharing_enabled":true,"_links":{"self":[{"href":"https:\/\/virtaustekniikka.fi\/en\/wp-json\/wp\/v2\/product\/375","targetHints":{"allow":["GET"]}}],"collection":[{"href":"https:\/\/virtaustekniikka.fi\/en\/wp-json\/wp\/v2\/product"}],"about":[{"href":"https:\/\/virtaustekniikka.fi\/en\/wp-json\/wp\/v2\/types\/product"}],"wp:featuredmedia":[{"embeddable":true,"href":"https:\/\/virtaustekniikka.fi\/en\/wp-json\/wp\/v2\/media\/2789"}],"wp:attachment":[{"href":"https:\/\/virtaustekniikka.fi\/en\/wp-json\/wp\/v2\/media?parent=375"}],"wp:term":[{"taxonomy":"product_brand","embeddable":true,"href":"https:\/\/virtaustekniikka.fi\/en\/wp-json\/wp\/v2\/product_brand?post=375"},{"taxonomy":"product_cat","embeddable":true,"href":"https:\/\/virtaustekniikka.fi\/en\/wp-json\/wp\/v2\/product_cat?post=375"},{"taxonomy":"product_tag","embeddable":true,"href":"https:\/\/virtaustekniikka.fi\/en\/wp-json\/wp\/v2\/product_tag?post=375"},{"taxonomy":"berocket_brand","embeddable":true,"href":"https:\/\/virtaustekniikka.fi\/en\/wp-json\/wp\/v2\/berocket_brand?post=375"}],"curies":[{"name":"wp","href":"https:\/\/api.w.org\/{rel}","templated":true}]}}