{"id":382,"date":"2021-04-23T11:26:55","date_gmt":"2021-04-23T11:26:55","guid":{"rendered":"https:\/\/virtaustekniikka.fi\/testi_wp_fi\/?post_type=product&#038;p=382"},"modified":"2025-03-05T15:55:35","modified_gmt":"2025-03-05T15:55:35","slug":"x-stream-suppreme-alipainekuljetin","status":"publish","type":"product","link":"https:\/\/virtaustekniikka.fi\/en\/product\/x-stream-suppreme-alipainekuljetin\/","title":{"rendered":"AIRMASTERS Suppreme Ring-Vac Conveyor"},"content":{"rendered":"<p><a href=\"https:\/\/virtaustekniikka.fi\/wp-admin\/PDFs\/X-stream%20suppreme.pdf\" target=\"_blank\" rel=\"noopener\"><button class=\"btn btn-warning btn-xs\">Brochure PDF<\/button><\/a>\u00a0 <a href=\"https:\/\/virtaustekniikka.fi\/en\/hinnasto\/\" target=\"_blank\" rel=\"noopener\"><button class=\"btn btn-primary btn-xs\">Price List<\/button><\/a><\/p>\n<p>AIRMASTERS Suppreme Ring-Vac is more efficient than the basic models, as it can transport materials over longer distances horizontally and also vertically.<\/p>\n<p>X-Stream Suppreme Conveyors are made in hard anodized aluminum to be able to handle also abrasive materials. When clogging could be a concern, these low cost conveyors are an ideal choice.<\/p>\n<table>\n<tbody>\n<tr>\n<th>Reference<br \/>\n(aluminium)<\/th>\n<th>Internal Diameter mm (inches)<\/th>\n<th>Hose Diameter mm (inches)<\/th>\n<th>Air Consumption (5,5 bar)<\/th>\n<th>Vacuum (kPa)<\/th>\n<\/tr>\n<tr>\n<td>CONVAC25<\/td>\n<td>25 (1&#8221;)<\/td>\n<td>38 (1,5)<\/td>\n<td>1302 l\/min<\/td>\n<td>-21<\/td>\n<\/tr>\n<tr>\n<td>CONVAC32<\/td>\n<td>32 (1,25&#8221;)<\/td>\n<td>44 (1,75)<\/td>\n<td>1331 l\/min<\/td>\n<td>-16<\/td>\n<\/tr>\n<tr>\n<td>CONVAC38<\/td>\n<td>38 (1,5&#8221;)<\/td>\n<td>51 (2)<\/td>\n<td>1359 l\/min<\/td>\n<td>-8,5<\/td>\n<\/tr>\n<tr>\n<td>CONVAC50<\/td>\n<td>51 (2&#8221;)<\/td>\n<td>64 (2,5)<\/td>\n<td>1416 l\/min<\/td>\n<td>-5,3<\/td>\n<\/tr>\n<\/tbody>\n<\/table>\n<p><img loading=\"lazy\" decoding=\"async\" class=\"alignnone size-medium wp-image-383\" src=\"https:\/\/virtaustekniikka.fi\/testi_wp_fi\/wp-content\/uploads\/2021\/04\/X-Stream-Suppreme-dimensions-300x108.jpg\" alt=\"\" width=\"600\" height=\"216\" srcset=\"https:\/\/virtaustekniikka.fi\/wp-content\/uploads\/2021\/04\/X-Stream-Suppreme-dimensions-300x108.jpg 300w, https:\/\/virtaustekniikka.fi\/wp-content\/uploads\/2021\/04\/X-Stream-Suppreme-dimensions-600x215.jpg 600w, https:\/\/virtaustekniikka.fi\/wp-content\/uploads\/2021\/04\/X-Stream-Suppreme-dimensions.jpg 724w\" sizes=\"auto, (max-width: 600px) 100vw, 600px\" \/><\/p>","protected":false},"excerpt":{"rendered":"<p>AIRMASTERS Suppreme Ring-Vac is designed to be as streamlined as possible and is virtually clog-free. Available in internal dimensions of 25 \u2013 51 mm. The materials used are anodized aluminum and 304 or 316L stainless steel.<\/p>","protected":false},"featured_media":2449,"template":"","meta":[],"product_brand":[],"product_cat":[20],"product_tag":[42,43],"berocket_brand":[68],"class_list":{"0":"post-382","1":"product","2":"type-product","3":"status-publish","6":"product_cat-kuljetus","7":"product_tag-alipainekuljetin","8":"product_tag-line-vac","9":"berocket_brand-airmasters","11":"first","12":"instock","13":"taxable","14":"shipping-taxable","15":"product-type-variable"},"yoast_head":"<!-- This site is optimized with the Yoast SEO plugin v27.1.1 - https:\/\/yoast.com\/product\/yoast-seo-wordpress\/ -->\n<title>AIRMASTERS Suppreme paineilmak\u00e4ytt\u00f6inen alipainekuljetin - Suomen Virtaustekniikka Oy<\/title>\n<meta name=\"description\" content=\"AIRMASTERS Suppreme alipainekuljetin on muotoiltu mahdollisimman virtaviivaiseksi ja se on k\u00e4yt\u00e4nn\u00f6ss\u00e4 tukkeentumaton. Saatavissa 25 - 51 mm sis\u00e4mitoissa.\" \/>\n<meta name=\"robots\" content=\"index, follow, max-snippet:-1, max-image-preview:large, max-video-preview:-1\" \/>\n<link rel=\"canonical\" href=\"https:\/\/virtaustekniikka.fi\/en\/product\/x-stream-suppreme-alipainekuljetin\/\" \/>\n<meta property=\"og:locale\" content=\"en_GB\" \/>\n<meta property=\"og:type\" content=\"article\" \/>\n<meta property=\"og:title\" content=\"AIRMASTERS Suppreme paineilmak\u00e4ytt\u00f6inen alipainekuljetin - Suomen Virtaustekniikka Oy\" \/>\n<meta property=\"og:description\" content=\"AIRMASTERS Suppreme alipainekuljetin on muotoiltu mahdollisimman virtaviivaiseksi ja se on k\u00e4yt\u00e4nn\u00f6ss\u00e4 tukkeentumaton. Saatavissa 25 - 51 mm sis\u00e4mitoissa.\" \/>\n<meta property=\"og:url\" content=\"https:\/\/virtaustekniikka.fi\/en\/product\/x-stream-suppreme-alipainekuljetin\/\" \/>\n<meta property=\"og:site_name\" content=\"Suomen Virtaustekniikka Oy\" \/>\n<meta property=\"article:publisher\" content=\"https:\/\/www.facebook.com\/Virtaustekniikka\" \/>\n<meta property=\"article:modified_time\" content=\"2025-03-05T15:55:35+00:00\" \/>\n<meta property=\"og:image\" content=\"https:\/\/virtaustekniikka.fi\/wp-content\/uploads\/2021\/04\/Alipainekuljetin-Suppreme.jpg\" \/>\n\t<meta property=\"og:image:width\" content=\"900\" \/>\n\t<meta property=\"og:image:height\" content=\"900\" \/>\n\t<meta property=\"og:image:type\" content=\"image\/jpeg\" \/>\n<meta name=\"twitter:card\" content=\"summary_large_image\" \/>\n<meta name=\"twitter:site\" content=\"@Virtaustekniikk\" \/>\n<meta name=\"twitter:label1\" content=\"Estimated reading time\" \/>\n\t<meta name=\"twitter:data1\" content=\"1 minute\" \/>\n<script type=\"application\/ld+json\" class=\"yoast-schema-graph\">{\"@context\":\"https:\/\/schema.org\",\"@graph\":[{\"@type\":\"WebPage\",\"@id\":\"https:\/\/virtaustekniikka.fi\/tuote\/x-stream-suppreme-alipainekuljetin\/\",\"url\":\"https:\/\/virtaustekniikka.fi\/tuote\/x-stream-suppreme-alipainekuljetin\/\",\"name\":\"AIRMASTERS Suppreme paineilmak\u00e4ytt\u00f6inen alipainekuljetin - Suomen Virtaustekniikka Oy\",\"isPartOf\":{\"@id\":\"https:\/\/virtaustekniikka.fi\/#website\"},\"primaryImageOfPage\":{\"@id\":\"https:\/\/virtaustekniikka.fi\/tuote\/x-stream-suppreme-alipainekuljetin\/#primaryimage\"},\"image\":{\"@id\":\"https:\/\/virtaustekniikka.fi\/tuote\/x-stream-suppreme-alipainekuljetin\/#primaryimage\"},\"thumbnailUrl\":\"https:\/\/virtaustekniikka.fi\/wp-content\/uploads\/2021\/04\/Alipainekuljetin-Suppreme.jpg\",\"datePublished\":\"2021-04-23T11:26:55+00:00\",\"dateModified\":\"2025-03-05T15:55:35+00:00\",\"description\":\"AIRMASTERS Suppreme alipainekuljetin on muotoiltu mahdollisimman virtaviivaiseksi ja se on k\u00e4yt\u00e4nn\u00f6ss\u00e4 tukkeentumaton. Saatavissa 25 - 51 mm sis\u00e4mitoissa.\",\"breadcrumb\":{\"@id\":\"https:\/\/virtaustekniikka.fi\/tuote\/x-stream-suppreme-alipainekuljetin\/#breadcrumb\"},\"inLanguage\":\"en-GB\",\"potentialAction\":[{\"@type\":\"ReadAction\",\"target\":[\"https:\/\/virtaustekniikka.fi\/tuote\/x-stream-suppreme-alipainekuljetin\/\"]}]},{\"@type\":\"ImageObject\",\"inLanguage\":\"en-GB\",\"@id\":\"https:\/\/virtaustekniikka.fi\/tuote\/x-stream-suppreme-alipainekuljetin\/#primaryimage\",\"url\":\"https:\/\/virtaustekniikka.fi\/wp-content\/uploads\/2021\/04\/Alipainekuljetin-Suppreme.jpg\",\"contentUrl\":\"https:\/\/virtaustekniikka.fi\/wp-content\/uploads\/2021\/04\/Alipainekuljetin-Suppreme.jpg\",\"width\":900,\"height\":900},{\"@type\":\"BreadcrumbList\",\"@id\":\"https:\/\/virtaustekniikka.fi\/tuote\/x-stream-suppreme-alipainekuljetin\/#breadcrumb\",\"itemListElement\":[{\"@type\":\"ListItem\",\"position\":1,\"name\":\"Etusivu\",\"item\":\"https:\/\/virtaustekniikka.fi\/\"},{\"@type\":\"ListItem\",\"position\":2,\"name\":\"Etusivu\",\"item\":\"https:\/\/virtaustekniikka.fi\/etusivu\/\"},{\"@type\":\"ListItem\",\"position\":3,\"name\":\"AIRMASTERS Suppreme paineilmak\u00e4ytt\u00f6inen alipainekuljetin\"}]},{\"@type\":\"WebSite\",\"@id\":\"https:\/\/virtaustekniikka.fi\/#website\",\"url\":\"https:\/\/virtaustekniikka.fi\/\",\"name\":\"Suomen Virtaustekniikka Oy\",\"description\":\"Paineilmatuotteita tuotannon tehostamiseen\",\"publisher\":{\"@id\":\"https:\/\/virtaustekniikka.fi\/#organization\"},\"potentialAction\":[{\"@type\":\"SearchAction\",\"target\":{\"@type\":\"EntryPoint\",\"urlTemplate\":\"https:\/\/virtaustekniikka.fi\/?s={search_term_string}\"},\"query-input\":{\"@type\":\"PropertyValueSpecification\",\"valueRequired\":true,\"valueName\":\"search_term_string\"}}],\"inLanguage\":\"en-GB\"},{\"@type\":\"Organization\",\"@id\":\"https:\/\/virtaustekniikka.fi\/#organization\",\"name\":\"Suomen Virtaustekniikka Oy\",\"url\":\"https:\/\/virtaustekniikka.fi\/\",\"logo\":{\"@type\":\"ImageObject\",\"inLanguage\":\"en-GB\",\"@id\":\"https:\/\/virtaustekniikka.fi\/#\/schema\/logo\/image\/\",\"url\":\"https:\/\/virtaustekniikka.fi\/wp-content\/uploads\/2022\/05\/LOGO2.jpg\",\"contentUrl\":\"https:\/\/virtaustekniikka.fi\/wp-content\/uploads\/2022\/05\/LOGO2.jpg\",\"width\":1000,\"height\":185,\"caption\":\"Suomen Virtaustekniikka Oy\"},\"image\":{\"@id\":\"https:\/\/virtaustekniikka.fi\/#\/schema\/logo\/image\/\"},\"sameAs\":[\"https:\/\/www.facebook.com\/Virtaustekniikka\",\"https:\/\/x.com\/Virtaustekniikk\",\"https:\/\/www.instagram.com\/virtaustekniikka\/\",\"https:\/\/www.linkedin.com\/company\/16270124\",\"https:\/\/www.youtube.com\/channel\/UCe0JNbsWIp8_ve7R2i8_egA\"]}]}<\/script>\n<!-- \/ Yoast SEO plugin. -->","yoast_head_json":{"title":"AIRMASTERS Suppreme paineilmak\u00e4ytt\u00f6inen alipainekuljetin - Suomen Virtaustekniikka Oy","description":"AIRMASTERS Suppreme alipainekuljetin on muotoiltu mahdollisimman virtaviivaiseksi ja se on k\u00e4yt\u00e4nn\u00f6ss\u00e4 tukkeentumaton. Saatavissa 25 - 51 mm sis\u00e4mitoissa.","robots":{"index":"index","follow":"follow","max-snippet":"max-snippet:-1","max-image-preview":"max-image-preview:large","max-video-preview":"max-video-preview:-1"},"canonical":"https:\/\/virtaustekniikka.fi\/en\/product\/x-stream-suppreme-alipainekuljetin\/","og_locale":"en_GB","og_type":"article","og_title":"AIRMASTERS Suppreme paineilmak\u00e4ytt\u00f6inen alipainekuljetin - Suomen Virtaustekniikka Oy","og_description":"AIRMASTERS Suppreme alipainekuljetin on muotoiltu mahdollisimman virtaviivaiseksi ja se on k\u00e4yt\u00e4nn\u00f6ss\u00e4 tukkeentumaton. Saatavissa 25 - 51 mm sis\u00e4mitoissa.","og_url":"https:\/\/virtaustekniikka.fi\/en\/product\/x-stream-suppreme-alipainekuljetin\/","og_site_name":"Suomen Virtaustekniikka Oy","article_publisher":"https:\/\/www.facebook.com\/Virtaustekniikka","article_modified_time":"2025-03-05T15:55:35+00:00","og_image":[{"width":900,"height":900,"url":"https:\/\/virtaustekniikka.fi\/wp-content\/uploads\/2021\/04\/Alipainekuljetin-Suppreme.jpg","type":"image\/jpeg"}],"twitter_card":"summary_large_image","twitter_site":"@Virtaustekniikk","twitter_misc":{"Estimated reading time":"1 minute"},"schema":{"@context":"https:\/\/schema.org","@graph":[{"@type":"WebPage","@id":"https:\/\/virtaustekniikka.fi\/tuote\/x-stream-suppreme-alipainekuljetin\/","url":"https:\/\/virtaustekniikka.fi\/tuote\/x-stream-suppreme-alipainekuljetin\/","name":"AIRMASTERS Suppreme paineilmak\u00e4ytt\u00f6inen alipainekuljetin - Suomen Virtaustekniikka Oy","isPartOf":{"@id":"https:\/\/virtaustekniikka.fi\/#website"},"primaryImageOfPage":{"@id":"https:\/\/virtaustekniikka.fi\/tuote\/x-stream-suppreme-alipainekuljetin\/#primaryimage"},"image":{"@id":"https:\/\/virtaustekniikka.fi\/tuote\/x-stream-suppreme-alipainekuljetin\/#primaryimage"},"thumbnailUrl":"https:\/\/virtaustekniikka.fi\/wp-content\/uploads\/2021\/04\/Alipainekuljetin-Suppreme.jpg","datePublished":"2021-04-23T11:26:55+00:00","dateModified":"2025-03-05T15:55:35+00:00","description":"AIRMASTERS Suppreme alipainekuljetin on muotoiltu mahdollisimman virtaviivaiseksi ja se on k\u00e4yt\u00e4nn\u00f6ss\u00e4 tukkeentumaton. Saatavissa 25 - 51 mm sis\u00e4mitoissa.","breadcrumb":{"@id":"https:\/\/virtaustekniikka.fi\/tuote\/x-stream-suppreme-alipainekuljetin\/#breadcrumb"},"inLanguage":"en-GB","potentialAction":[{"@type":"ReadAction","target":["https:\/\/virtaustekniikka.fi\/tuote\/x-stream-suppreme-alipainekuljetin\/"]}]},{"@type":"ImageObject","inLanguage":"en-GB","@id":"https:\/\/virtaustekniikka.fi\/tuote\/x-stream-suppreme-alipainekuljetin\/#primaryimage","url":"https:\/\/virtaustekniikka.fi\/wp-content\/uploads\/2021\/04\/Alipainekuljetin-Suppreme.jpg","contentUrl":"https:\/\/virtaustekniikka.fi\/wp-content\/uploads\/2021\/04\/Alipainekuljetin-Suppreme.jpg","width":900,"height":900},{"@type":"BreadcrumbList","@id":"https:\/\/virtaustekniikka.fi\/tuote\/x-stream-suppreme-alipainekuljetin\/#breadcrumb","itemListElement":[{"@type":"ListItem","position":1,"name":"Etusivu","item":"https:\/\/virtaustekniikka.fi\/"},{"@type":"ListItem","position":2,"name":"Etusivu","item":"https:\/\/virtaustekniikka.fi\/etusivu\/"},{"@type":"ListItem","position":3,"name":"AIRMASTERS Suppreme paineilmak\u00e4ytt\u00f6inen alipainekuljetin"}]},{"@type":"WebSite","@id":"https:\/\/virtaustekniikka.fi\/#website","url":"https:\/\/virtaustekniikka.fi\/","name":"Suomen Virtaustekniikka Oy","description":"Paineilmatuotteita tuotannon tehostamiseen","publisher":{"@id":"https:\/\/virtaustekniikka.fi\/#organization"},"potentialAction":[{"@type":"SearchAction","target":{"@type":"EntryPoint","urlTemplate":"https:\/\/virtaustekniikka.fi\/?s={search_term_string}"},"query-input":{"@type":"PropertyValueSpecification","valueRequired":true,"valueName":"search_term_string"}}],"inLanguage":"en-GB"},{"@type":"Organization","@id":"https:\/\/virtaustekniikka.fi\/#organization","name":"Suomen Virtaustekniikka Oy","url":"https:\/\/virtaustekniikka.fi\/","logo":{"@type":"ImageObject","inLanguage":"en-GB","@id":"https:\/\/virtaustekniikka.fi\/#\/schema\/logo\/image\/","url":"https:\/\/virtaustekniikka.fi\/wp-content\/uploads\/2022\/05\/LOGO2.jpg","contentUrl":"https:\/\/virtaustekniikka.fi\/wp-content\/uploads\/2022\/05\/LOGO2.jpg","width":1000,"height":185,"caption":"Suomen Virtaustekniikka Oy"},"image":{"@id":"https:\/\/virtaustekniikka.fi\/#\/schema\/logo\/image\/"},"sameAs":["https:\/\/www.facebook.com\/Virtaustekniikka","https:\/\/x.com\/Virtaustekniikk","https:\/\/www.instagram.com\/virtaustekniikka\/","https:\/\/www.linkedin.com\/company\/16270124","https:\/\/www.youtube.com\/channel\/UCe0JNbsWIp8_ve7R2i8_egA"]}]}},"jetpack_sharing_enabled":true,"_links":{"self":[{"href":"https:\/\/virtaustekniikka.fi\/en\/wp-json\/wp\/v2\/product\/382","targetHints":{"allow":["GET"]}}],"collection":[{"href":"https:\/\/virtaustekniikka.fi\/en\/wp-json\/wp\/v2\/product"}],"about":[{"href":"https:\/\/virtaustekniikka.fi\/en\/wp-json\/wp\/v2\/types\/product"}],"wp:featuredmedia":[{"embeddable":true,"href":"https:\/\/virtaustekniikka.fi\/en\/wp-json\/wp\/v2\/media\/2449"}],"wp:attachment":[{"href":"https:\/\/virtaustekniikka.fi\/en\/wp-json\/wp\/v2\/media?parent=382"}],"wp:term":[{"taxonomy":"product_brand","embeddable":true,"href":"https:\/\/virtaustekniikka.fi\/en\/wp-json\/wp\/v2\/product_brand?post=382"},{"taxonomy":"product_cat","embeddable":true,"href":"https:\/\/virtaustekniikka.fi\/en\/wp-json\/wp\/v2\/product_cat?post=382"},{"taxonomy":"product_tag","embeddable":true,"href":"https:\/\/virtaustekniikka.fi\/en\/wp-json\/wp\/v2\/product_tag?post=382"},{"taxonomy":"berocket_brand","embeddable":true,"href":"https:\/\/virtaustekniikka.fi\/en\/wp-json\/wp\/v2\/berocket_brand?post=382"}],"curies":[{"name":"wp","href":"https:\/\/api.w.org\/{rel}","templated":true}]}}